{"id":98,"date":"2025-04-21T15:42:49","date_gmt":"2025-04-21T15:42:49","guid":{"rendered":"https:\/\/poliklinika-kantrida-dental.com\/ljekarna\/?post_type=product&#038;p=98"},"modified":"2025-11-20T17:12:39","modified_gmt":"2025-11-20T17:12:39","slug":"power-pulse-xxl","status":"publish","type":"product","link":"https:\/\/poliklinika-kantrida-dental.com\/ljekarna\/product\/power-pulse-xxl\/","title":{"rendered":"Power Pulse XXL"},"content":{"rendered":"<p class=\"text-body font-regular leading-[24px] pt-[9px] pb-[2px]\" dir=\"ltr\">Power Pulse XXL je inovativan proizvod dizajniran za mu\u0161karce koji tra\u017ee na\u010din da prirodno pobolj\u0161aju potenciju i pove\u0107aju veli\u010dinu penisa. Dolazi u obliku prakti\u010dnih kapsula koje se lako koriste. Ovaj jedinstveni dodatak prehrani ima za cilj pomo\u0107i korisnicima da postignu bolje performanse i ve\u0107e samopouzdanje, bilo da se radi o intimnim situacijama ili op\u0107em osje\u0107aju mu\u0161ke snage.<\/p>\n<p class=\"text-body font-regular leading-[24px] pt-[9px] pb-[2px]\" dir=\"ltr\">Pored toga, Power Pulse XXL odlikuje se diskretnim pakiranjem, \u010dime korisnicima osigurava privatnost i povjerenje. Kapsule su formulirane koriste\u0107i isklju\u010divo visokokvalitetne sastojke, vode\u0107i ra\u010duna o sigurnosti svakog korisnika. Ovaj proizvod kombinira moderno znanje iz podr\u0161ke mu\u0161kom zdravlju s testiranim rezultatima.<\/p>\n<h2 class=\"font-bold text-h3 leading-[40px] pt-[21px] pb-[2px] [&amp;_a]:underline-offset-[6px] [&amp;_.underline]:underline-offset-[6px]\" dir=\"ltr\">Power Pulse XXL &#8211; Da li zaista djeluje?<\/h2>\n<p class=\"text-body font-regular leading-[24px] pt-[9px] pb-[2px]\" dir=\"ltr\">Da, Power Pulse XXL zaista djeluje! Korisnici izvje\u0161tavaju o impresivnim rezultatima, uklju\u010duju\u0107i zna\u010dajna pobolj\u0161anja u potenciji i sna\u017enijim, trajnijim erekcijama. Kapsule djeluju tako \u0161to pobolj\u0161avaju cirkulaciju krvi u genitalnom podru\u010dju, \u0161to rezultira ve\u0107im performansama i pove\u0107anjem veli\u010dine penisa s vremenom.<\/p>\n<p class=\"text-body font-regular leading-[24px] pt-[9px] pb-[2px]\" dir=\"ltr\">Jedna od glavnih prednosti Power Pulse XXL-a je \u0161to pokazuje brz u\u010dinak. Mnogi korisnici su ve\u0107 nakon nekoliko dana primijetili pozitivne promjene. Tako\u0111er je isplativa opcija s obzirom na izvrsne rezultate u pore\u0111enju s drugim sli\u010dnim proizvodima na tr\u017ei\u0161tu.<\/p>\n<h2 class=\"font-bold text-h3 leading-[40px] pt-[21px] pb-[2px] [&amp;_a]:underline-offset-[6px] [&amp;_.underline]:underline-offset-[6px]\" dir=\"ltr\">Power Pulse XXL &#8211; Iskustva Korisnika u Hrvatskoj<\/h2>\n<p class=\"text-body font-regular leading-[24px] pt-[9px] pb-[2px]\" dir=\"ltr\">Power Pulse XXL je postao izrazito popularan me\u0111u mu\u0161karcima u Hrvatskoj. Korisnici su odu\u0161evljeni rezultatima i rado dijele svoja iskustva.<\/p>\n<ul class=\"pt-[9px] pb-[2px] pl-[24px] list-inside list-disc pt-[5px]\">\n<li class=\"text-body font-regular leading-[24px] my-[5px] [&amp;&gt;ol]:!pt-0 [&amp;&gt;ol]:!pb-0 [&amp;&gt;ul]:!pt-0 [&amp;&gt;ul]:!pb-0\" value=\"1\"><b><strong class=\"font-bold\">Ivan, 43, Zagreb:<\/strong><\/b> &#8220;Nisam bio siguran ho\u0107e li Power Pulse XXL zaista raditi, ali nakon samo dva tjedna primijetio sam zna\u010dajno pobolj\u0161anje. Moja energija se vratila, a samopouzdanje nikad nije bilo ve\u0107e!&#8221;<\/li>\n<li class=\"text-body font-regular leading-[24px] my-[5px] [&amp;&gt;ol]:!pt-0 [&amp;&gt;ol]:!pb-0 [&amp;&gt;ul]:!pt-0 [&amp;&gt;ul]:!pb-0\" value=\"2\"><b><strong class=\"font-bold\">Marko, 37, Split:<\/strong><\/b> &#8220;Probao sam mnogo proizvoda, ali ni\u0161ta se ne mo\u017ee mjeriti s Power Pulse XXL-om. Preporu\u010dujem ga svakome tko \u017eeli prirodna pobolj\u0161anja.&#8221;<\/li>\n<li class=\"text-body font-regular leading-[24px] my-[5px] [&amp;&gt;ol]:!pt-0 [&amp;&gt;ol]:!pb-0 [&amp;&gt;ul]:!pt-0 [&amp;&gt;ul]:!pb-0\" value=\"3\"><b><strong class=\"font-bold\">An\u0111elko, 50, Osijek:<\/strong><\/b> &#8220;Ovaj proizvod je pravo otkri\u0107e! Ne samo \u0161to je ve\u0107 djelovao nego je i vrlo jednostavan za kori\u0161tenje.&#8221;<\/li>\n<\/ul>\n<h2 class=\"font-bold text-h3 leading-[40px] pt-[21px] pb-[2px] [&amp;_a]:underline-offset-[6px] [&amp;_.underline]:underline-offset-[6px]\" dir=\"ltr\">Power Pulse XXL &#8211; Sastav Proizvoda<\/h2>\n<p class=\"text-body font-regular leading-[24px] pt-[9px] pb-[2px]\" dir=\"ltr\">Power Pulse XXL sadr\u017ei pa\u017eljivo odabrane prirodne sastojke koji podr\u017eavaju zdravlje mu\u0161karaca. Svaki sastojak igra klju\u010dnu ulogu u osiguravanju u\u010dinkovitosti proizvoda.<\/p>\n<ul class=\"pt-[9px] pb-[2px] pl-[24px] list-inside list-disc pt-[5px]\">\n<li class=\"text-body font-regular leading-[24px] my-[5px] [&amp;&gt;ol]:!pt-0 [&amp;&gt;ol]:!pb-0 [&amp;&gt;ul]:!pt-0 [&amp;&gt;ul]:!pb-0\" value=\"1\"><b><strong class=\"font-bold\">Ekstrakt korijena Maca:<\/strong><\/b> Poznato po svom pozitivnom utjecaju na energiju, libido i plodnost.<\/li>\n<li class=\"text-body font-regular leading-[24px] my-[5px] [&amp;&gt;ol]:!pt-0 [&amp;&gt;ol]:!pb-0 [&amp;&gt;ul]:!pt-0 [&amp;&gt;ul]:!pb-0\" value=\"2\"><b><strong class=\"font-bold\">Ginseng:<\/strong><\/b> Pobolj\u0161ava cirkulaciju krvi i pove\u0107ava energiju.<\/li>\n<li class=\"text-body font-regular leading-[24px] my-[5px] [&amp;&gt;ol]:!pt-0 [&amp;&gt;ol]:!pb-0 [&amp;&gt;ul]:!pt-0 [&amp;&gt;ul]:!pb-0\" value=\"3\"><b><strong class=\"font-bold\">Tribulus Terrestris:<\/strong><\/b> Biljka koja je \u010desta u suplementima za potenciju, podr\u017eava stvaranje testosterona.<\/li>\n<li class=\"text-body font-regular leading-[24px] my-[5px] [&amp;&gt;ol]:!pt-0 [&amp;&gt;ol]:!pb-0 [&amp;&gt;ul]:!pt-0 [&amp;&gt;ul]:!pb-0\" value=\"4\"><b><strong class=\"font-bold\">L-arginin:<\/strong><\/b> Aminokiselina koja pobolj\u0161ava dotok krvi u tijelo, \u0161to direktno utje\u010de na performanse.<\/li>\n<li class=\"text-body font-regular leading-[24px] my-[5px] [&amp;&gt;ol]:!pt-0 [&amp;&gt;ol]:!pb-0 [&amp;&gt;ul]:!pt-0 [&amp;&gt;ul]:!pb-0\" value=\"5\"><b><strong class=\"font-bold\">Cink:<\/strong><\/b> Miner koji doprinosi zdravlju reproduktivnog sustava.<\/li>\n<\/ul>\n<h2 class=\"font-bold text-h3 leading-[40px] pt-[21px] pb-[2px] [&amp;_a]:underline-offset-[6px] [&amp;_.underline]:underline-offset-[6px]\" dir=\"ltr\">Power Pulse XXL &#8211; Glavne Prednosti<\/h2>\n<p class=\"text-body font-regular leading-[24px] pt-[9px] pb-[2px]\" dir=\"ltr\">Power Pulse XXL nudi brojne prednosti koje ga \u010dine jednim od najtra\u017eenijih proizvoda na tr\u017ei\u0161tu.<\/p>\n<ul class=\"pt-[9px] pb-[2px] pl-[24px] list-inside list-disc pt-[5px]\">\n<li class=\"text-body font-regular leading-[24px] my-[5px] [&amp;&gt;ol]:!pt-0 [&amp;&gt;ol]:!pb-0 [&amp;&gt;ul]:!pt-0 [&amp;&gt;ul]:!pb-0\" value=\"1\"><b><strong class=\"font-bold\">Brzo djelovanje:<\/strong><\/b> Vidljivi rezultati u kratkom vremenskom periodu.<\/li>\n<li class=\"text-body font-regular leading-[24px] my-[5px] [&amp;&gt;ol]:!pt-0 [&amp;&gt;ol]:!pb-0 [&amp;&gt;ul]:!pt-0 [&amp;&gt;ul]:!pb-0\" value=\"2\"><b><strong class=\"font-bold\">Sigurnost:<\/strong><\/b> Prirodni sastojci \u010dine ga sigurnom opcijom za redovnu upotrebu.<\/li>\n<li class=\"text-body font-regular leading-[24px] my-[5px] [&amp;&gt;ol]:!pt-0 [&amp;&gt;ol]:!pb-0 [&amp;&gt;ul]:!pt-0 [&amp;&gt;ul]:!pb-0\" value=\"3\"><b><strong class=\"font-bold\">Diskretnost:<\/strong><\/b> Pakiranje i dostava zadr\u017eavaju privatnost korisnika.<\/li>\n<li class=\"text-body font-regular leading-[24px] my-[5px] [&amp;&gt;ol]:!pt-0 [&amp;&gt;ol]:!pb-0 [&amp;&gt;ul]:!pt-0 [&amp;&gt;ul]:!pb-0\" value=\"4\"><b><strong class=\"font-bold\">Pouzdanost:<\/strong><\/b> Korisnici su zadovoljni rezultatima s dugotrajnim u\u010dincima.<\/li>\n<\/ul>\n<h2 class=\"font-bold text-h3 leading-[40px] pt-[21px] pb-[2px] [&amp;_a]:underline-offset-[6px] [&amp;_.underline]:underline-offset-[6px]\" dir=\"ltr\">Gdje Kupiti Power Pulse XXL? Ljekarna, DM, Nju\u0161kalo<\/h2>\n<p class=\"ds-markdown-paragraph\">Power Pulse XXL trenutno nije dostupan u ljekarnama poput DM-a ili putem oglasnika Nju\u0161kalo. Proizvod je isklju\u010divo dostupan putem slu\u017ebene web stranice proizvo\u0111a\u010da.<\/p>\n<p class=\"ds-markdown-paragraph\">Kako biste osigurali originalni proizvod, preporu\u010dujemo narud\u017ebu putem slu\u017ebene web stranice proizvo\u0111a\u010da. Proces je jednostavan:<\/p>\n<ol start=\"1\">\n<li>\n<p class=\"ds-markdown-paragraph\">Posjetite slu\u017ebenu web stranicu proizvo\u0111a\u010da<\/p>\n<\/li>\n<li>\n<p class=\"ds-markdown-paragraph\">Kliknite na gumb &#8220;Naru\u010di s web stranice proizvo\u0111a\u010da&#8221;<\/p>\n<\/li>\n<li>\n<p class=\"ds-markdown-paragraph\">Ispunite online obrazac<\/p>\n<\/li>\n<li>\n<p class=\"ds-markdown-paragraph\">Odaberite \u017eeljeni na\u010din dostave i pla\u0107anja<\/p>\n<\/li>\n<\/ol>\n<p class=\"ds-markdown-paragraph\">Narud\u017eba \u0107e vam biti dostavljena u roku od 24-72 sata, a pla\u0107anje vr\u0161ite tek po primitku proizvoda.<\/p>\n<h2 class=\"font-bold text-h3 leading-[40px] pt-[21px] pb-[2px] [&amp;_a]:underline-offset-[6px] [&amp;_.underline]:underline-offset-[6px]\" dir=\"ltr\">Koliko ko\u0161ta Power Pulse XXL? Cijena<\/h2>\n<p class=\"ds-markdown-paragraph\">Cijena Power Pulse XXL proizvoda iznosi 78 eura. Trenutno putem slu\u017ebene web stranice proizvo\u0111a\u010da mo\u017eete iskoristiti ograni\u010denu vremensku ponudu s 50% popusta. Proizvod sada mo\u017eete nabaviti za samo 39 eura.<\/p>\n<p class=\"ds-markdown-paragraph\">Zbog iznimne potra\u017enje i ograni\u010denih zaliha, preporu\u010dujemo da ne oklijevate s narud\u017ebom. Ova povoljna cijena vrijedi isklju\u010divo dok traju zalihe namijenjene akciji.<\/p>\n<h2 class=\"font-bold text-h3 leading-[40px] pt-[21px] pb-[2px] [&amp;_a]:underline-offset-[6px] [&amp;_.underline]:underline-offset-[6px]\" dir=\"ltr\">Kako se koristi Power Pulse XXL? Uputstvo za kori\u0161tenje<\/h2>\n<p class=\"text-body font-regular leading-[24px] pt-[9px] pb-[2px]\" dir=\"ltr\">Za najbolje rezultate, slijedite ove smjernice za upotrebu Power Pulse XXL-a:<\/p>\n<ul class=\"pt-[9px] pb-[2px] pl-[24px] list-inside list-disc pt-[5px]\">\n<li class=\"text-body font-regular leading-[24px] my-[5px] [&amp;&gt;ol]:!pt-0 [&amp;&gt;ol]:!pb-0 [&amp;&gt;ul]:!pt-0 [&amp;&gt;ul]:!pb-0\" value=\"1\"><b><strong class=\"font-bold\">Preporu\u010dena doza:<\/strong><\/b> Uzmite dvije kapsule dnevno.<\/li>\n<li class=\"text-body font-regular leading-[24px] my-[5px] [&amp;&gt;ol]:!pt-0 [&amp;&gt;ol]:!pb-0 [&amp;&gt;ul]:!pt-0 [&amp;&gt;ul]:!pb-0\" value=\"2\"><b><strong class=\"font-bold\">Vrijeme kori\u0161tenja:<\/strong><\/b> Jednu kapsulu ujutro, a drugu nave\u010der uz \u010da\u0161u vode.<\/li>\n<li class=\"text-body font-regular leading-[24px] my-[5px] [&amp;&gt;ol]:!pt-0 [&amp;&gt;ol]:!pb-0 [&amp;&gt;ul]:!pt-0 [&amp;&gt;ul]:!pb-0\" value=\"3\"><b><strong class=\"font-bold\">Trajanje kori\u0161tenja:<\/strong><\/b> Preporu\u010duje se kontinuirana primjena od najmanje 30 dana za optimalne rezultate.<\/li>\n<\/ul>\n<h2 class=\"font-bold text-h3 leading-[40px] pt-[21px] pb-[2px] [&amp;_a]:underline-offset-[6px] [&amp;_.underline]:underline-offset-[6px]\" dir=\"ltr\">Power Pulse XXL &#8211; \u010cesto postavljena pitanja<\/h2>\n<ul class=\"pt-[9px] pb-[2px] pl-[24px] list-inside list-disc pt-[5px]\">\n<li class=\"text-body font-regular leading-[24px] my-[5px] [&amp;&gt;ol]:!pt-0 [&amp;&gt;ol]:!pb-0 [&amp;&gt;ul]:!pt-0 [&amp;&gt;ul]:!pb-0\" value=\"1\"><b><strong class=\"font-bold\">Je li Power Pulse XXL siguran za kori\u0161tenje?<\/strong><\/b><\/li>\n<\/ul>\n<p class=\"text-body font-regular leading-[24px] pt-[9px] pb-[2px]\" dir=\"ltr\">Da, proizvod je formuliran s prirodnim sastojcima i sigurno je za redovnu upotrebu.<\/p>\n<ul class=\"pt-[9px] pb-[2px] pl-[24px] list-inside list-disc pt-[5px]\">\n<li class=\"text-body font-regular leading-[24px] my-[5px] [&amp;&gt;ol]:!pt-0 [&amp;&gt;ol]:!pb-0 [&amp;&gt;ul]:!pt-0 [&amp;&gt;ul]:!pb-0\" value=\"1\"><b><strong class=\"font-bold\">Kada mogu o\u010dekivati prve rezultate?<\/strong><\/b><\/li>\n<\/ul>\n<p class=\"text-body font-regular leading-[24px] pt-[9px] pb-[2px]\" dir=\"ltr\">Ve\u010dina korisnika primijeti pozitivne u\u010dinke unutar prvih 5 do 7 dana.<\/p>\n<ul class=\"pt-[9px] pb-[2px] pl-[24px] list-inside list-disc pt-[5px]\">\n<li class=\"text-body font-regular leading-[24px] my-[5px] [&amp;&gt;ol]:!pt-0 [&amp;&gt;ol]:!pb-0 [&amp;&gt;ul]:!pt-0 [&amp;&gt;ul]:!pb-0\" value=\"1\"><b><strong class=\"font-bold\">Mogu li koristiti Power Pulse XXL bez recepta?<\/strong><\/b><\/li>\n<\/ul>\n<p class=\"text-body font-regular leading-[24px] pt-[9px] pb-[2px]\" dir=\"ltr\">Da, proizvod je dostupan bez recepta.<\/p>\n<p class=\"text-body font-regular leading-[24px] pt-[9px] pb-[2px]\" dir=\"ltr\">Dobrodo\u0161li u novu razinu mu\u0161ke snage i samopouzdanja uz Power Pulse XXL!<\/p>\n","protected":false},"excerpt":{"rendered":"<p>Power Pulse XXL je inovativan proizvod dizajniran za mu\u0161karce koji tra\u017ee na\u010din da prirodno pobolj\u0161aju potenciju i pove\u0107aju veli\u010dinu penisa. Dolazi u obliku prakti\u010dnih kapsula koje se lako koriste. Ovaj jedinstveni dodatak prehrani ima za cilj pomo\u0107i korisnicima da postignu bolje performanse i ve\u0107e samopouzdanje, bilo da se radi o intimnim situacijama ili op\u0107em osje\u0107aju [&hellip;]<\/p>\n","protected":false},"featured_media":99,"template":"","meta":{"iawp_total_views":267},"product_brand":[],"product_cat":[17],"product_tag":[],"class_list":{"0":"post-98","1":"product","2":"type-product","3":"status-publish","4":"has-post-thumbnail","6":"product_cat-potencija","8":"entry","9":"has-media","11":"first","12":"instock","13":"sale","14":"shipping-taxable","15":"product-type-external","16":"has-product-nav","17":"col","18":"span_1_of_3","19":"owp-content-center","20":"owp-thumbs-layout-horizontal","21":"owp-btn-normal","22":"owp-tabs-layout-horizontal","23":"has-no-thumbnails"},"yoast_head":"<!-- This site is optimized with the Yoast SEO plugin v27.6 - https:\/\/yoast.com\/product\/yoast-seo-wordpress\/ -->\n<title>Power Pulse XXL - Online Trgovina<\/title>\n<meta name=\"robots\" content=\"index, follow, max-snippet:-1, max-image-preview:large, max-video-preview:-1\" \/>\n<link rel=\"canonical\" href=\"https:\/\/poliklinika-kantrida-dental.com\/ljekarna\/product\/power-pulse-xxl\/\" \/>\n<meta property=\"og:locale\" content=\"hr_HR\" \/>\n<meta property=\"og:type\" content=\"article\" \/>\n<meta property=\"og:title\" content=\"Power Pulse XXL - Online Trgovina\" \/>\n<meta property=\"og:description\" content=\"Power Pulse XXL je inovativan proizvod dizajniran za mu\u0161karce koji tra\u017ee na\u010din da prirodno pobolj\u0161aju potenciju i pove\u0107aju veli\u010dinu penisa. Dolazi u obliku prakti\u010dnih kapsula koje se lako koriste. Ovaj jedinstveni dodatak prehrani ima za cilj pomo\u0107i korisnicima da postignu bolje performanse i ve\u0107e samopouzdanje, bilo da se radi o intimnim situacijama ili op\u0107em osje\u0107aju [&hellip;]\" \/>\n<meta property=\"og:url\" content=\"https:\/\/poliklinika-kantrida-dental.com\/ljekarna\/product\/power-pulse-xxl\/\" \/>\n<meta property=\"og:site_name\" content=\"Online Trgovina\" \/>\n<meta property=\"article:modified_time\" content=\"2025-11-20T17:12:39+00:00\" \/>\n<meta property=\"og:image\" content=\"https:\/\/poliklinika-kantrida-dental.com\/ljekarna\/wp-content\/uploads\/2025\/04\/power-pulse-xxl.jpg\" \/>\n\t<meta property=\"og:image:width\" content=\"250\" \/>\n\t<meta property=\"og:image:height\" content=\"300\" \/>\n\t<meta property=\"og:image:type\" content=\"image\/jpeg\" \/>\n<meta name=\"twitter:card\" content=\"summary_large_image\" \/>\n<meta name=\"twitter:label1\" content=\"Procijenjeno vrijeme \u010ditanja\" \/>\n\t<meta name=\"twitter:data1\" content=\"5 minuta\" \/>\n<script type=\"application\/ld+json\" class=\"yoast-schema-graph\">{\"@context\":\"https:\\\/\\\/schema.org\",\"@graph\":[{\"@type\":\"WebPage\",\"@id\":\"https:\\\/\\\/poliklinika-kantrida-dental.com\\\/ljekarna\\\/product\\\/power-pulse-xxl\\\/\",\"url\":\"https:\\\/\\\/poliklinika-kantrida-dental.com\\\/ljekarna\\\/product\\\/power-pulse-xxl\\\/\",\"name\":\"Power Pulse XXL - Online Trgovina\",\"isPartOf\":{\"@id\":\"https:\\\/\\\/poliklinika-kantrida-dental.com\\\/ljekarna\\\/#website\"},\"primaryImageOfPage\":{\"@id\":\"https:\\\/\\\/poliklinika-kantrida-dental.com\\\/ljekarna\\\/product\\\/power-pulse-xxl\\\/#primaryimage\"},\"image\":{\"@id\":\"https:\\\/\\\/poliklinika-kantrida-dental.com\\\/ljekarna\\\/product\\\/power-pulse-xxl\\\/#primaryimage\"},\"thumbnailUrl\":\"https:\\\/\\\/poliklinika-kantrida-dental.com\\\/ljekarna\\\/wp-content\\\/uploads\\\/2025\\\/04\\\/power-pulse-xxl.jpg\",\"datePublished\":\"2025-04-21T15:42:49+00:00\",\"dateModified\":\"2025-11-20T17:12:39+00:00\",\"breadcrumb\":{\"@id\":\"https:\\\/\\\/poliklinika-kantrida-dental.com\\\/ljekarna\\\/product\\\/power-pulse-xxl\\\/#breadcrumb\"},\"inLanguage\":\"hr\",\"potentialAction\":[{\"@type\":\"ReadAction\",\"target\":[\"https:\\\/\\\/poliklinika-kantrida-dental.com\\\/ljekarna\\\/product\\\/power-pulse-xxl\\\/\"]}]},{\"@type\":\"ImageObject\",\"inLanguage\":\"hr\",\"@id\":\"https:\\\/\\\/poliklinika-kantrida-dental.com\\\/ljekarna\\\/product\\\/power-pulse-xxl\\\/#primaryimage\",\"url\":\"https:\\\/\\\/poliklinika-kantrida-dental.com\\\/ljekarna\\\/wp-content\\\/uploads\\\/2025\\\/04\\\/power-pulse-xxl.jpg\",\"contentUrl\":\"https:\\\/\\\/poliklinika-kantrida-dental.com\\\/ljekarna\\\/wp-content\\\/uploads\\\/2025\\\/04\\\/power-pulse-xxl.jpg\",\"width\":250,\"height\":300,\"caption\":\"power pulse xxl\"},{\"@type\":\"BreadcrumbList\",\"@id\":\"https:\\\/\\\/poliklinika-kantrida-dental.com\\\/ljekarna\\\/product\\\/power-pulse-xxl\\\/#breadcrumb\",\"itemListElement\":[{\"@type\":\"ListItem\",\"position\":1,\"name\":\"Po\u010detna stranica\",\"item\":\"https:\\\/\\\/poliklinika-kantrida-dental.com\\\/ljekarna\\\/\"},{\"@type\":\"ListItem\",\"position\":2,\"name\":\"Proizvodi\",\"item\":\"https:\\\/\\\/poliklinika-kantrida-dental.com\\\/ljekarna\\\/\"},{\"@type\":\"ListItem\",\"position\":3,\"name\":\"Power Pulse XXL\"}]},{\"@type\":\"WebSite\",\"@id\":\"https:\\\/\\\/poliklinika-kantrida-dental.com\\\/ljekarna\\\/#website\",\"url\":\"https:\\\/\\\/poliklinika-kantrida-dental.com\\\/ljekarna\\\/\",\"name\":\"Online Trgovina\",\"description\":\"\",\"potentialAction\":[{\"@type\":\"SearchAction\",\"target\":{\"@type\":\"EntryPoint\",\"urlTemplate\":\"https:\\\/\\\/poliklinika-kantrida-dental.com\\\/ljekarna\\\/?s={search_term_string}\"},\"query-input\":{\"@type\":\"PropertyValueSpecification\",\"valueRequired\":true,\"valueName\":\"search_term_string\"}}],\"inLanguage\":\"hr\"}]}<\/script>\n<!-- \/ Yoast SEO plugin. -->","yoast_head_json":{"title":"Power Pulse XXL - Online Trgovina","robots":{"index":"index","follow":"follow","max-snippet":"max-snippet:-1","max-image-preview":"max-image-preview:large","max-video-preview":"max-video-preview:-1"},"canonical":"https:\/\/poliklinika-kantrida-dental.com\/ljekarna\/product\/power-pulse-xxl\/","og_locale":"hr_HR","og_type":"article","og_title":"Power Pulse XXL - Online Trgovina","og_description":"Power Pulse XXL je inovativan proizvod dizajniran za mu\u0161karce koji tra\u017ee na\u010din da prirodno pobolj\u0161aju potenciju i pove\u0107aju veli\u010dinu penisa. Dolazi u obliku prakti\u010dnih kapsula koje se lako koriste. Ovaj jedinstveni dodatak prehrani ima za cilj pomo\u0107i korisnicima da postignu bolje performanse i ve\u0107e samopouzdanje, bilo da se radi o intimnim situacijama ili op\u0107em osje\u0107aju [&hellip;]","og_url":"https:\/\/poliklinika-kantrida-dental.com\/ljekarna\/product\/power-pulse-xxl\/","og_site_name":"Online Trgovina","article_modified_time":"2025-11-20T17:12:39+00:00","og_image":[{"width":250,"height":300,"url":"https:\/\/poliklinika-kantrida-dental.com\/ljekarna\/wp-content\/uploads\/2025\/04\/power-pulse-xxl.jpg","type":"image\/jpeg"}],"twitter_card":"summary_large_image","twitter_misc":{"Procijenjeno vrijeme \u010ditanja":"5 minuta"},"schema":{"@context":"https:\/\/schema.org","@graph":[{"@type":"WebPage","@id":"https:\/\/poliklinika-kantrida-dental.com\/ljekarna\/product\/power-pulse-xxl\/","url":"https:\/\/poliklinika-kantrida-dental.com\/ljekarna\/product\/power-pulse-xxl\/","name":"Power Pulse XXL - Online Trgovina","isPartOf":{"@id":"https:\/\/poliklinika-kantrida-dental.com\/ljekarna\/#website"},"primaryImageOfPage":{"@id":"https:\/\/poliklinika-kantrida-dental.com\/ljekarna\/product\/power-pulse-xxl\/#primaryimage"},"image":{"@id":"https:\/\/poliklinika-kantrida-dental.com\/ljekarna\/product\/power-pulse-xxl\/#primaryimage"},"thumbnailUrl":"https:\/\/poliklinika-kantrida-dental.com\/ljekarna\/wp-content\/uploads\/2025\/04\/power-pulse-xxl.jpg","datePublished":"2025-04-21T15:42:49+00:00","dateModified":"2025-11-20T17:12:39+00:00","breadcrumb":{"@id":"https:\/\/poliklinika-kantrida-dental.com\/ljekarna\/product\/power-pulse-xxl\/#breadcrumb"},"inLanguage":"hr","potentialAction":[{"@type":"ReadAction","target":["https:\/\/poliklinika-kantrida-dental.com\/ljekarna\/product\/power-pulse-xxl\/"]}]},{"@type":"ImageObject","inLanguage":"hr","@id":"https:\/\/poliklinika-kantrida-dental.com\/ljekarna\/product\/power-pulse-xxl\/#primaryimage","url":"https:\/\/poliklinika-kantrida-dental.com\/ljekarna\/wp-content\/uploads\/2025\/04\/power-pulse-xxl.jpg","contentUrl":"https:\/\/poliklinika-kantrida-dental.com\/ljekarna\/wp-content\/uploads\/2025\/04\/power-pulse-xxl.jpg","width":250,"height":300,"caption":"power pulse xxl"},{"@type":"BreadcrumbList","@id":"https:\/\/poliklinika-kantrida-dental.com\/ljekarna\/product\/power-pulse-xxl\/#breadcrumb","itemListElement":[{"@type":"ListItem","position":1,"name":"Po\u010detna stranica","item":"https:\/\/poliklinika-kantrida-dental.com\/ljekarna\/"},{"@type":"ListItem","position":2,"name":"Proizvodi","item":"https:\/\/poliklinika-kantrida-dental.com\/ljekarna\/"},{"@type":"ListItem","position":3,"name":"Power Pulse XXL"}]},{"@type":"WebSite","@id":"https:\/\/poliklinika-kantrida-dental.com\/ljekarna\/#website","url":"https:\/\/poliklinika-kantrida-dental.com\/ljekarna\/","name":"Online Trgovina","description":"","potentialAction":[{"@type":"SearchAction","target":{"@type":"EntryPoint","urlTemplate":"https:\/\/poliklinika-kantrida-dental.com\/ljekarna\/?s={search_term_string}"},"query-input":{"@type":"PropertyValueSpecification","valueRequired":true,"valueName":"search_term_string"}}],"inLanguage":"hr"}]}},"_links":{"self":[{"href":"https:\/\/poliklinika-kantrida-dental.com\/ljekarna\/wp-json\/wp\/v2\/product\/98","targetHints":{"allow":["GET"]}}],"collection":[{"href":"https:\/\/poliklinika-kantrida-dental.com\/ljekarna\/wp-json\/wp\/v2\/product"}],"about":[{"href":"https:\/\/poliklinika-kantrida-dental.com\/ljekarna\/wp-json\/wp\/v2\/types\/product"}],"wp:featuredmedia":[{"embeddable":true,"href":"https:\/\/poliklinika-kantrida-dental.com\/ljekarna\/wp-json\/wp\/v2\/media\/99"}],"wp:attachment":[{"href":"https:\/\/poliklinika-kantrida-dental.com\/ljekarna\/wp-json\/wp\/v2\/media?parent=98"}],"wp:term":[{"taxonomy":"product_brand","embeddable":true,"href":"https:\/\/poliklinika-kantrida-dental.com\/ljekarna\/wp-json\/wp\/v2\/product_brand?post=98"},{"taxonomy":"product_cat","embeddable":true,"href":"https:\/\/poliklinika-kantrida-dental.com\/ljekarna\/wp-json\/wp\/v2\/product_cat?post=98"},{"taxonomy":"product_tag","embeddable":true,"href":"https:\/\/poliklinika-kantrida-dental.com\/ljekarna\/wp-json\/wp\/v2\/product_tag?post=98"}],"curies":[{"name":"wp","href":"https:\/\/api.w.org\/{rel}","templated":true}]}}