{"id":82,"date":"2025-04-15T15:29:39","date_gmt":"2025-04-15T15:29:39","guid":{"rendered":"https:\/\/poliklinika-kantrida-dental.com\/ljekarna\/?post_type=product&#038;p=82"},"modified":"2025-04-15T15:29:39","modified_gmt":"2025-04-15T15:29:39","slug":"demyxil","status":"publish","type":"product","link":"https:\/\/poliklinika-kantrida-dental.com\/ljekarna\/product\/demyxil\/","title":{"rendered":"Demyxil"},"content":{"rendered":"<p class=\"text-body font-regular leading-[24px] pt-[9px] pb-[2px]\" dir=\"ltr\">Demyxil je specijalizirana krema namijenjena tretmanu gljivi\u010dnih infekcija ko\u017ee i noktiju. Njegova primjena je jednostavna jer dolazi u prakti\u010dnoj kremi koja omogu\u0107ava ciljano nano\u0161enje na zahva\u0107ena podru\u010dja. Zahvaljuju\u0107i svojoj formuli, Demyxil djeluje brzo i efikasno, pru\u017eaju\u0107i olak\u0161anje ve\u0107 u prvim danima upotrebe. Va\u017eno je napomenuti da je proizvod pogodan za sve tipove ko\u017ee, \u010dine\u0107i ga univerzalnim rje\u0161enjem za svakoga tko se suo\u010dava s ovim problemom.<\/p>\n<p class=\"text-body font-regular leading-[24px] pt-[9px] pb-[2px]\" dir=\"ltr\">Ono \u0161to dodatno izdvaja Demyxil je njegov holisti\u010dki pristup &#8211; osim \u0161to uklanja gljivice, poma\u017ee regeneraciji o\u0161te\u0107enog tkiva i vra\u0107a zdravlje ko\u017ei i noktima. Koriste\u0107i se Demyxilom, ne samo da tretirate ve\u0107 postoje\u0107i problem ve\u0107 i sprje\u010davate njegovo ponovno pojavljivanje.<\/p>\n<h2 class=\"font-bold text-h3 leading-[40px] pt-[21px] pb-[2px] [&amp;_a]:underline-offset-[6px] [&amp;_.underline]:underline-offset-[6px]\" dir=\"ltr\">Demyxil &#8211; Da li zaista djeluje?<\/h2>\n<p class=\"text-body font-regular leading-[24px] pt-[9px] pb-[2px]\" dir=\"ltr\">Kada se radi o efikasnosti proizvoda za lije\u010denje gljivica, Demyxil zauzima sam vrh. Njegovo djelovanje je brzo, a rezultati su vidljivi ve\u0107 nakon nekoliko dana redovne upotrebe. Kako funkcionira? Krema prodire u slojeve ko\u017ee, elimini\u0161e spore gljivica i sprje\u010dava njihovo \u0161irenje. Istovremeno umiruje svrbe\u017e, crvenilo i nelagodu, omogu\u0107avaju\u0107i ko\u017ei da se regenerira.<\/p>\n<p class=\"text-body font-regular leading-[24px] pt-[9px] pb-[2px]\" dir=\"ltr\">Kada uzmemo u obzir isplativost, Demyxil se pokazuje kao jedno od najpametnijih ulaganja u zdravlje ko\u017ee. Pored visokih rezultata, njegova formula je sigurna i nje\u017ena, bez agresivnih sastojaka koji bi izazvali iritaciju.<\/p>\n<h2 class=\"font-bold text-h3 leading-[40px] pt-[21px] pb-[2px] [&amp;_a]:underline-offset-[6px] [&amp;_.underline]:underline-offset-[6px]\" dir=\"ltr\">Demyxil &#8211; Iskustva Korisnika u Hrvatskoj<\/h2>\n<p class=\"text-body font-regular leading-[24px] pt-[9px] pb-[2px]\" dir=\"ltr\">Korisnici u Hrvatskoj izrazito su zadovoljni rezultatima koje donosi Demyxil. Evo nekoliko stvarnih recenzija:<\/p>\n<ul class=\"pt-[9px] pb-[2px] pl-[24px] list-inside list-disc pt-[5px]\">\n<li class=\"text-body font-regular leading-[24px] my-[5px] [&amp;&gt;ol]:!pt-0 [&amp;&gt;ol]:!pb-0 [&amp;&gt;ul]:!pt-0 [&amp;&gt;ul]:!pb-0\" value=\"1\"><b><strong class=\"font-bold\">Ana (32) iz Zagreba<\/strong><\/b> ka\u017ee: &#8220;Nisam mogla vjerovati koliko brzo djeluje! Nakon tjedan dana kori\u0161tenja, vidjela sam ogromnu razliku na noktima.&#8221;<\/li>\n<li class=\"text-body font-regular leading-[24px] my-[5px] [&amp;&gt;ol]:!pt-0 [&amp;&gt;ol]:!pb-0 [&amp;&gt;ul]:!pt-0 [&amp;&gt;ul]:!pb-0\" value=\"2\"><b><strong class=\"font-bold\">Marko (45) iz Splita<\/strong><\/b> dijeli svoje iskustvo: &#8220;Probao sam sve mogu\u0107e kreme, ali samo mi je Demyxil stvarno pomogao. Toplo preporu\u010dujem svima koji imaju problem s gljivicama.&#8221;<\/li>\n<li class=\"text-body font-regular leading-[24px] my-[5px] [&amp;&gt;ol]:!pt-0 [&amp;&gt;ol]:!pb-0 [&amp;&gt;ul]:!pt-0 [&amp;&gt;ul]:!pb-0\" value=\"3\"><b><strong class=\"font-bold\">Ivana (29) iz Osijeka<\/strong><\/b> dodaje: &#8220;Osim \u0161to je rije\u0161io moj problem, ko\u017ea mi sada izgleda zdravije nego ikada prije.&#8221;<\/li>\n<\/ul>\n<p class=\"text-body font-regular leading-[24px] pt-[9px] pb-[2px]\" dir=\"ltr\">Ove recenzije potvr\u0111uju popularnost i kvalitetu ovog proizvoda kod hrvatskih potro\u0161a\u010da.<\/p>\n<h2 class=\"font-bold text-h3 leading-[40px] pt-[21px] pb-[2px] [&amp;_a]:underline-offset-[6px] [&amp;_.underline]:underline-offset-[6px]\" dir=\"ltr\">Demyxil &#8211; Sastav Proizvoda<\/h2>\n<p class=\"text-body font-regular leading-[24px] pt-[9px] pb-[2px]\" dir=\"ltr\">Demyxil se izdvaja i svojim pa\u017eljivo odabranim sastojcima koji pru\u017eaju sigurno i efikasno rje\u0161enje:<\/p>\n<ul class=\"pt-[9px] pb-[2px] pl-[24px] list-inside list-disc pt-[5px]\">\n<li class=\"text-body font-regular leading-[24px] my-[5px] [&amp;&gt;ol]:!pt-0 [&amp;&gt;ol]:!pb-0 [&amp;&gt;ul]:!pt-0 [&amp;&gt;ul]:!pb-0\" value=\"1\"><b><strong class=\"font-bold\">Climbazole<\/strong><\/b> &#8211; Aktivno suzbija rast i razmno\u017eavanje gljivica.<\/li>\n<li class=\"text-body font-regular leading-[24px] my-[5px] [&amp;&gt;ol]:!pt-0 [&amp;&gt;ol]:!pb-0 [&amp;&gt;ul]:!pt-0 [&amp;&gt;ul]:!pb-0\" value=\"2\"><b><strong class=\"font-bold\">Vitamin E<\/strong><\/b> &#8211; Poma\u017ee u regeneraciji ko\u017ee, ostavljaju\u0107i je glatkom i zdravom.<\/li>\n<li class=\"text-body font-regular leading-[24px] my-[5px] [&amp;&gt;ol]:!pt-0 [&amp;&gt;ol]:!pb-0 [&amp;&gt;ul]:!pt-0 [&amp;&gt;ul]:!pb-0\" value=\"3\"><b><strong class=\"font-bold\">Alantoin<\/strong><\/b> &#8211; Umiruje iritaciju i smanjuje crvenilo.<\/li>\n<li class=\"text-body font-regular leading-[24px] my-[5px] [&amp;&gt;ol]:!pt-0 [&amp;&gt;ol]:!pb-0 [&amp;&gt;ul]:!pt-0 [&amp;&gt;ul]:!pb-0\" value=\"4\"><b><strong class=\"font-bold\">Prirodni ekstrakti biljaka<\/strong><\/b> &#8211; Pru\u017eaju dodatne blagodati za ko\u017eu poput hidratacije i njege.<\/li>\n<\/ul>\n<p class=\"text-body font-regular leading-[24px] pt-[9px] pb-[2px]\" dir=\"ltr\">Ovaj kombinirani sastav \u010dini Demyxil jedinstvenim proizvodom koji cilja problem iz vi\u0161e uglova istovremeno.<\/p>\n<h2 class=\"font-bold text-h3 leading-[40px] pt-[21px] pb-[2px] [&amp;_a]:underline-offset-[6px] [&amp;_.underline]:underline-offset-[6px]\" dir=\"ltr\">Demyxil &#8211; Glavne Prednosti<\/h2>\n<p class=\"text-body font-regular leading-[24px] pt-[9px] pb-[2px]\" dir=\"ltr\">Kada birate proizvod za borbu protiv gljivica, ove glavne prednosti Demyxila isti\u010du se:<\/p>\n<ul class=\"pt-[9px] pb-[2px] pl-[24px] list-inside list-disc pt-[5px]\">\n<li class=\"text-body font-regular leading-[24px] my-[5px] [&amp;&gt;ol]:!pt-0 [&amp;&gt;ol]:!pb-0 [&amp;&gt;ul]:!pt-0 [&amp;&gt;ul]:!pb-0\" value=\"1\"><b><strong class=\"font-bold\">Brzo djelovanje<\/strong><\/b> &#8211; Vidljivi rezultati ve\u0107 unutar nekoliko dana.<\/li>\n<li class=\"text-body font-regular leading-[24px] my-[5px] [&amp;&gt;ol]:!pt-0 [&amp;&gt;ol]:!pb-0 [&amp;&gt;ul]:!pt-0 [&amp;&gt;ul]:!pb-0\" value=\"2\"><b><strong class=\"font-bold\">Sigurnost<\/strong><\/b> &#8211; Proizvod je testiran i pogodan za sve tipove ko\u017ee.<\/li>\n<li class=\"text-body font-regular leading-[24px] my-[5px] [&amp;&gt;ol]:!pt-0 [&amp;&gt;ol]:!pb-0 [&amp;&gt;ul]:!pt-0 [&amp;&gt;ul]:!pb-0\" value=\"3\"><b><strong class=\"font-bold\">Diskrecija<\/strong><\/b> &#8211; Lako se nanosi i brzo upija bez tragova.<\/li>\n<li class=\"text-body font-regular leading-[24px] my-[5px] [&amp;&gt;ol]:!pt-0 [&amp;&gt;ol]:!pb-0 [&amp;&gt;ul]:!pt-0 [&amp;&gt;ul]:!pb-0\" value=\"4\"><b><strong class=\"font-bold\">Regeneracija ko\u017ee<\/strong><\/b> &#8211; Poma\u017ee oporavak i vra\u0107anje prirodnog izgleda ko\u017ee i noktiju.<\/li>\n<\/ul>\n<h2 class=\"font-bold text-h3 leading-[40px] pt-[21px] pb-[2px] [&amp;_a]:underline-offset-[6px] [&amp;_.underline]:underline-offset-[6px]\" dir=\"ltr\">Gdje Kupiti Demyxil? Ljekarna, DM, Nju\u0161kalo<\/h2>\n<p class=\"text-body font-regular leading-[24px] pt-[9px] pb-[2px]\" dir=\"ltr\">Trenutno, Demyxil nije dostupan u drugim internetskim ljekarnama, DM prodavnicama ili na oglasnicima poput Nju\u0161kala. Dostasan je isklju\u010divo preko odabranih apoteka koje imaju ekskluzivan ugovor s proizvo\u0111a\u010dem. To osigurava originalnost i pouzdanu uslugu.<\/p>\n<p class=\"text-body font-regular leading-[24px] pt-[9px] pb-[2px]\" dir=\"ltr\">Najjednostavniji na\u010din za dobijanje ovog proizvoda je preko na\u0161e web stranice apoteke. Kliknite na gumb &#8220;Naru\u010di&#8221;, popunite obrazac i odaberite na\u010din dostave i pla\u0107anja koji vam odgovara. Dostava je brza &#8211; narud\u017eba sti\u017ee na va\u0161u adresu unutar 24-72 sata, a pla\u0107ate tek kada preuzmete proizvod.<\/p>\n<h2 class=\"font-bold text-h3 leading-[40px] pt-[21px] pb-[2px] [&amp;_a]:underline-offset-[6px] [&amp;_.underline]:underline-offset-[6px]\" dir=\"ltr\">Koliko ko\u0161ta Demyxil? Cijena<\/h2>\n<p class=\"text-body font-regular leading-[24px] pt-[9px] pb-[2px]\" dir=\"ltr\">Standardna cijena Demyxila je 78 eura, ali trenutno nudimo posebnu akciju. Na na\u0161oj web stranici proizvod mo\u017eete kupiti uz <b><strong class=\"font-bold\">50% popusta<\/strong><\/b>! Ovo donosi cijenu na samo <b><strong class=\"font-bold\">39 eura<\/strong><\/b>. Ipak, napominjemo da su zalihe ograni\u010dene s obzirom na ogromnu popularnost.<\/p>\n<p class=\"text-body font-regular leading-[24px] pt-[9px] pb-[2px]\" dir=\"ltr\">Ako ste zainteresirani, preporu\u010dujemo da naru\u010dite \u0161to prije dok traje ova promotivna ponuda.<\/p>\n<h2 class=\"font-bold text-h3 leading-[40px] pt-[21px] pb-[2px] [&amp;_a]:underline-offset-[6px] [&amp;_.underline]:underline-offset-[6px]\" dir=\"ltr\">Kako se koristi Demyxil? Uputstvo za kori\u0161tenje<\/h2>\n<p class=\"text-body font-regular leading-[24px] pt-[9px] pb-[2px]\" dir=\"ltr\">Za najbolje rezultate, slijedite ove jednostavne upute:<\/p>\n<ol class=\"pt-[9px] pb-[2px] pl-[24px] list-inside list-decimal\">\n<li class=\"text-body font-regular leading-[24px] my-[5px] [&amp;&gt;ol]:!pt-0 [&amp;&gt;ol]:!pb-0 [&amp;&gt;ul]:!pt-0 [&amp;&gt;ul]:!pb-0\" value=\"1\">Operite i osu\u0161ite zahva\u0107eno podru\u010dje prije nano\u0161enja.<\/li>\n<li class=\"text-body font-regular leading-[24px] my-[5px] [&amp;&gt;ol]:!pt-0 [&amp;&gt;ol]:!pb-0 [&amp;&gt;ul]:!pt-0 [&amp;&gt;ul]:!pb-0\" value=\"2\">Nanesite tanak sloj kreme na zahva\u0107eno podru\u010dje i nje\u017eno utrljajte.<\/li>\n<li class=\"text-body font-regular leading-[24px] my-[5px] [&amp;&gt;ol]:!pt-0 [&amp;&gt;ol]:!pb-0 [&amp;&gt;ul]:!pt-0 [&amp;&gt;ul]:!pb-0\" value=\"3\">Koristite kremu 2-3 puta dnevno, ovisno o te\u017eini problema.<\/li>\n<li class=\"text-body font-regular leading-[24px] my-[5px] [&amp;&gt;ol]:!pt-0 [&amp;&gt;ol]:!pb-0 [&amp;&gt;ul]:!pt-0 [&amp;&gt;ul]:!pb-0\" value=\"4\">Nastavite s upotrebom \u010dak i nakon \u0161to simptomi nestanu kako biste sprije\u010dili povratak infekcije.<\/li>\n<\/ol>\n<h2 class=\"font-bold text-h3 leading-[40px] pt-[21px] pb-[2px] [&amp;_a]:underline-offset-[6px] [&amp;_.underline]:underline-offset-[6px]\" dir=\"ltr\">Demyxil &#8211; \u010cesto postavljena pitanja<\/h2>\n<p class=\"text-body font-regular leading-[24px] pt-[9px] pb-[2px]\" dir=\"ltr\"><b><strong class=\"font-bold\">1. Da li Demyxil ima nuspojave?<\/strong><\/b><\/p>\n<p class=\"text-body font-regular leading-[24px] pt-[9px] pb-[2px]\" dir=\"ltr\">Ne, proizvod je dermatolo\u0161ki testiran i siguran je za upotrebu.<\/p>\n<p class=\"text-body font-regular leading-[24px] pt-[9px] pb-[2px]\" dir=\"ltr\"><b><strong class=\"font-bold\">2. Mo\u017ee li se koristiti za trudnice i dojilje?<\/strong><\/b><\/p>\n<p class=\"text-body font-regular leading-[24px] pt-[9px] pb-[2px]\" dir=\"ltr\">Da, ali preporu\u010dujemo konzultaciju s lije\u010dnikom prije upotrebe.<\/p>\n<p class=\"text-body font-regular leading-[24px] pt-[9px] pb-[2px]\" dir=\"ltr\"><b><strong class=\"font-bold\">3. Koliko brzo mogu o\u010dekivati rezultate?<\/strong><\/b><\/p>\n<p class=\"text-body font-regular leading-[24px] pt-[9px] pb-[2px]\" dir=\"ltr\">Ve\u0107ina korisnika primje\u0107uje pobolj\u0161anja u roku od nekoliko dana.<\/p>\n<p class=\"text-body font-regular leading-[24px] pt-[9px] pb-[2px]\" dir=\"ltr\"><b><strong class=\"font-bold\">4. Da li je potrebna recept za kupnju Demyxila?<\/strong><\/b><\/p>\n<p class=\"text-body font-regular leading-[24px] pt-[9px] pb-[2px]\" dir=\"ltr\">Ne, mo\u017eete ga naru\u010diti bez recepta direktno preko na\u0161e stranice.<\/p>\n","protected":false},"excerpt":{"rendered":"<p>Demyxil je specijalizirana krema namijenjena tretmanu gljivi\u010dnih infekcija ko\u017ee i noktiju. Njegova primjena je jednostavna jer dolazi u prakti\u010dnoj kremi koja omogu\u0107ava ciljano nano\u0161enje na zahva\u0107ena podru\u010dja. Zahvaljuju\u0107i svojoj formuli, Demyxil djeluje brzo i efikasno, pru\u017eaju\u0107i olak\u0161anje ve\u0107 u prvim danima upotrebe. Va\u017eno je napomenuti da je proizvod pogodan za sve tipove ko\u017ee, \u010dine\u0107i ga [&hellip;]<\/p>\n","protected":false},"featured_media":83,"template":"","meta":{"iawp_total_views":157},"product_brand":[],"product_cat":[15],"product_tag":[],"class_list":{"0":"post-82","1":"product","2":"type-product","3":"status-publish","4":"has-post-thumbnail","6":"product_cat-zdravlje","8":"entry","9":"has-media","11":"first","12":"instock","13":"sale","14":"shipping-taxable","15":"purchasable","16":"product-type-simple","17":"has-product-nav","18":"col","19":"span_1_of_3","20":"owp-content-center","21":"owp-thumbs-layout-horizontal","22":"owp-btn-normal","23":"owp-tabs-layout-horizontal","24":"has-no-thumbnails"},"yoast_head":"<!-- This site is optimized with the Yoast SEO plugin v27.6 - https:\/\/yoast.com\/product\/yoast-seo-wordpress\/ -->\n<title>Demyxil - Online Trgovina<\/title>\n<meta name=\"robots\" content=\"index, follow, max-snippet:-1, max-image-preview:large, max-video-preview:-1\" \/>\n<link rel=\"canonical\" href=\"https:\/\/poliklinika-kantrida-dental.com\/ljekarna\/product\/demyxil\/\" \/>\n<meta property=\"og:locale\" content=\"hr_HR\" \/>\n<meta property=\"og:type\" content=\"article\" \/>\n<meta property=\"og:title\" content=\"Demyxil - Online Trgovina\" \/>\n<meta property=\"og:description\" content=\"Demyxil je specijalizirana krema namijenjena tretmanu gljivi\u010dnih infekcija ko\u017ee i noktiju. Njegova primjena je jednostavna jer dolazi u prakti\u010dnoj kremi koja omogu\u0107ava ciljano nano\u0161enje na zahva\u0107ena podru\u010dja. Zahvaljuju\u0107i svojoj formuli, Demyxil djeluje brzo i efikasno, pru\u017eaju\u0107i olak\u0161anje ve\u0107 u prvim danima upotrebe. Va\u017eno je napomenuti da je proizvod pogodan za sve tipove ko\u017ee, \u010dine\u0107i ga [&hellip;]\" \/>\n<meta property=\"og:url\" content=\"https:\/\/poliklinika-kantrida-dental.com\/ljekarna\/product\/demyxil\/\" \/>\n<meta property=\"og:site_name\" content=\"Online Trgovina\" \/>\n<meta property=\"og:image\" content=\"https:\/\/poliklinika-kantrida-dental.com\/ljekarna\/wp-content\/uploads\/2025\/04\/demyxil.jpg\" \/>\n\t<meta property=\"og:image:width\" content=\"250\" \/>\n\t<meta property=\"og:image:height\" content=\"300\" \/>\n\t<meta property=\"og:image:type\" content=\"image\/jpeg\" \/>\n<meta name=\"twitter:card\" content=\"summary_large_image\" \/>\n<meta name=\"twitter:label1\" content=\"Procijenjeno vrijeme \u010ditanja\" \/>\n\t<meta name=\"twitter:data1\" content=\"5 minuta\" \/>\n<script type=\"application\/ld+json\" class=\"yoast-schema-graph\">{\"@context\":\"https:\\\/\\\/schema.org\",\"@graph\":[{\"@type\":\"WebPage\",\"@id\":\"https:\\\/\\\/poliklinika-kantrida-dental.com\\\/ljekarna\\\/product\\\/demyxil\\\/\",\"url\":\"https:\\\/\\\/poliklinika-kantrida-dental.com\\\/ljekarna\\\/product\\\/demyxil\\\/\",\"name\":\"Demyxil - Online Trgovina\",\"isPartOf\":{\"@id\":\"https:\\\/\\\/poliklinika-kantrida-dental.com\\\/ljekarna\\\/#website\"},\"primaryImageOfPage\":{\"@id\":\"https:\\\/\\\/poliklinika-kantrida-dental.com\\\/ljekarna\\\/product\\\/demyxil\\\/#primaryimage\"},\"image\":{\"@id\":\"https:\\\/\\\/poliklinika-kantrida-dental.com\\\/ljekarna\\\/product\\\/demyxil\\\/#primaryimage\"},\"thumbnailUrl\":\"https:\\\/\\\/poliklinika-kantrida-dental.com\\\/ljekarna\\\/wp-content\\\/uploads\\\/2025\\\/04\\\/demyxil.jpg\",\"datePublished\":\"2025-04-15T15:29:39+00:00\",\"breadcrumb\":{\"@id\":\"https:\\\/\\\/poliklinika-kantrida-dental.com\\\/ljekarna\\\/product\\\/demyxil\\\/#breadcrumb\"},\"inLanguage\":\"hr\",\"potentialAction\":[{\"@type\":\"ReadAction\",\"target\":[\"https:\\\/\\\/poliklinika-kantrida-dental.com\\\/ljekarna\\\/product\\\/demyxil\\\/\"]}]},{\"@type\":\"ImageObject\",\"inLanguage\":\"hr\",\"@id\":\"https:\\\/\\\/poliklinika-kantrida-dental.com\\\/ljekarna\\\/product\\\/demyxil\\\/#primaryimage\",\"url\":\"https:\\\/\\\/poliklinika-kantrida-dental.com\\\/ljekarna\\\/wp-content\\\/uploads\\\/2025\\\/04\\\/demyxil.jpg\",\"contentUrl\":\"https:\\\/\\\/poliklinika-kantrida-dental.com\\\/ljekarna\\\/wp-content\\\/uploads\\\/2025\\\/04\\\/demyxil.jpg\",\"width\":250,\"height\":300,\"caption\":\"demyxil\"},{\"@type\":\"BreadcrumbList\",\"@id\":\"https:\\\/\\\/poliklinika-kantrida-dental.com\\\/ljekarna\\\/product\\\/demyxil\\\/#breadcrumb\",\"itemListElement\":[{\"@type\":\"ListItem\",\"position\":1,\"name\":\"Po\u010detna stranica\",\"item\":\"https:\\\/\\\/poliklinika-kantrida-dental.com\\\/ljekarna\\\/\"},{\"@type\":\"ListItem\",\"position\":2,\"name\":\"Proizvodi\",\"item\":\"https:\\\/\\\/poliklinika-kantrida-dental.com\\\/ljekarna\\\/\"},{\"@type\":\"ListItem\",\"position\":3,\"name\":\"Demyxil\"}]},{\"@type\":\"WebSite\",\"@id\":\"https:\\\/\\\/poliklinika-kantrida-dental.com\\\/ljekarna\\\/#website\",\"url\":\"https:\\\/\\\/poliklinika-kantrida-dental.com\\\/ljekarna\\\/\",\"name\":\"Online Trgovina\",\"description\":\"\",\"potentialAction\":[{\"@type\":\"SearchAction\",\"target\":{\"@type\":\"EntryPoint\",\"urlTemplate\":\"https:\\\/\\\/poliklinika-kantrida-dental.com\\\/ljekarna\\\/?s={search_term_string}\"},\"query-input\":{\"@type\":\"PropertyValueSpecification\",\"valueRequired\":true,\"valueName\":\"search_term_string\"}}],\"inLanguage\":\"hr\"}]}<\/script>\n<!-- \/ Yoast SEO plugin. -->","yoast_head_json":{"title":"Demyxil - Online Trgovina","robots":{"index":"index","follow":"follow","max-snippet":"max-snippet:-1","max-image-preview":"max-image-preview:large","max-video-preview":"max-video-preview:-1"},"canonical":"https:\/\/poliklinika-kantrida-dental.com\/ljekarna\/product\/demyxil\/","og_locale":"hr_HR","og_type":"article","og_title":"Demyxil - Online Trgovina","og_description":"Demyxil je specijalizirana krema namijenjena tretmanu gljivi\u010dnih infekcija ko\u017ee i noktiju. Njegova primjena je jednostavna jer dolazi u prakti\u010dnoj kremi koja omogu\u0107ava ciljano nano\u0161enje na zahva\u0107ena podru\u010dja. Zahvaljuju\u0107i svojoj formuli, Demyxil djeluje brzo i efikasno, pru\u017eaju\u0107i olak\u0161anje ve\u0107 u prvim danima upotrebe. Va\u017eno je napomenuti da je proizvod pogodan za sve tipove ko\u017ee, \u010dine\u0107i ga [&hellip;]","og_url":"https:\/\/poliklinika-kantrida-dental.com\/ljekarna\/product\/demyxil\/","og_site_name":"Online Trgovina","og_image":[{"width":250,"height":300,"url":"https:\/\/poliklinika-kantrida-dental.com\/ljekarna\/wp-content\/uploads\/2025\/04\/demyxil.jpg","type":"image\/jpeg"}],"twitter_card":"summary_large_image","twitter_misc":{"Procijenjeno vrijeme \u010ditanja":"5 minuta"},"schema":{"@context":"https:\/\/schema.org","@graph":[{"@type":"WebPage","@id":"https:\/\/poliklinika-kantrida-dental.com\/ljekarna\/product\/demyxil\/","url":"https:\/\/poliklinika-kantrida-dental.com\/ljekarna\/product\/demyxil\/","name":"Demyxil - Online Trgovina","isPartOf":{"@id":"https:\/\/poliklinika-kantrida-dental.com\/ljekarna\/#website"},"primaryImageOfPage":{"@id":"https:\/\/poliklinika-kantrida-dental.com\/ljekarna\/product\/demyxil\/#primaryimage"},"image":{"@id":"https:\/\/poliklinika-kantrida-dental.com\/ljekarna\/product\/demyxil\/#primaryimage"},"thumbnailUrl":"https:\/\/poliklinika-kantrida-dental.com\/ljekarna\/wp-content\/uploads\/2025\/04\/demyxil.jpg","datePublished":"2025-04-15T15:29:39+00:00","breadcrumb":{"@id":"https:\/\/poliklinika-kantrida-dental.com\/ljekarna\/product\/demyxil\/#breadcrumb"},"inLanguage":"hr","potentialAction":[{"@type":"ReadAction","target":["https:\/\/poliklinika-kantrida-dental.com\/ljekarna\/product\/demyxil\/"]}]},{"@type":"ImageObject","inLanguage":"hr","@id":"https:\/\/poliklinika-kantrida-dental.com\/ljekarna\/product\/demyxil\/#primaryimage","url":"https:\/\/poliklinika-kantrida-dental.com\/ljekarna\/wp-content\/uploads\/2025\/04\/demyxil.jpg","contentUrl":"https:\/\/poliklinika-kantrida-dental.com\/ljekarna\/wp-content\/uploads\/2025\/04\/demyxil.jpg","width":250,"height":300,"caption":"demyxil"},{"@type":"BreadcrumbList","@id":"https:\/\/poliklinika-kantrida-dental.com\/ljekarna\/product\/demyxil\/#breadcrumb","itemListElement":[{"@type":"ListItem","position":1,"name":"Po\u010detna stranica","item":"https:\/\/poliklinika-kantrida-dental.com\/ljekarna\/"},{"@type":"ListItem","position":2,"name":"Proizvodi","item":"https:\/\/poliklinika-kantrida-dental.com\/ljekarna\/"},{"@type":"ListItem","position":3,"name":"Demyxil"}]},{"@type":"WebSite","@id":"https:\/\/poliklinika-kantrida-dental.com\/ljekarna\/#website","url":"https:\/\/poliklinika-kantrida-dental.com\/ljekarna\/","name":"Online Trgovina","description":"","potentialAction":[{"@type":"SearchAction","target":{"@type":"EntryPoint","urlTemplate":"https:\/\/poliklinika-kantrida-dental.com\/ljekarna\/?s={search_term_string}"},"query-input":{"@type":"PropertyValueSpecification","valueRequired":true,"valueName":"search_term_string"}}],"inLanguage":"hr"}]}},"_links":{"self":[{"href":"https:\/\/poliklinika-kantrida-dental.com\/ljekarna\/wp-json\/wp\/v2\/product\/82","targetHints":{"allow":["GET"]}}],"collection":[{"href":"https:\/\/poliklinika-kantrida-dental.com\/ljekarna\/wp-json\/wp\/v2\/product"}],"about":[{"href":"https:\/\/poliklinika-kantrida-dental.com\/ljekarna\/wp-json\/wp\/v2\/types\/product"}],"wp:featuredmedia":[{"embeddable":true,"href":"https:\/\/poliklinika-kantrida-dental.com\/ljekarna\/wp-json\/wp\/v2\/media\/83"}],"wp:attachment":[{"href":"https:\/\/poliklinika-kantrida-dental.com\/ljekarna\/wp-json\/wp\/v2\/media?parent=82"}],"wp:term":[{"taxonomy":"product_brand","embeddable":true,"href":"https:\/\/poliklinika-kantrida-dental.com\/ljekarna\/wp-json\/wp\/v2\/product_brand?post=82"},{"taxonomy":"product_cat","embeddable":true,"href":"https:\/\/poliklinika-kantrida-dental.com\/ljekarna\/wp-json\/wp\/v2\/product_cat?post=82"},{"taxonomy":"product_tag","embeddable":true,"href":"https:\/\/poliklinika-kantrida-dental.com\/ljekarna\/wp-json\/wp\/v2\/product_tag?post=82"}],"curies":[{"name":"wp","href":"https:\/\/api.w.org\/{rel}","templated":true}]}}