{"id":80,"date":"2025-04-15T15:27:43","date_gmt":"2025-04-15T15:27:43","guid":{"rendered":"https:\/\/poliklinika-kantrida-dental.com\/ljekarna\/?post_type=product&#038;p=80"},"modified":"2025-04-15T15:27:43","modified_gmt":"2025-04-15T15:27:43","slug":"viarex","status":"publish","type":"product","link":"https:\/\/poliklinika-kantrida-dental.com\/ljekarna\/product\/viarex\/","title":{"rendered":"Viarex"},"content":{"rendered":"<p class=\"text-body font-regular leading-[24px] pt-[9px] pb-[2px]\" dir=\"ltr\">Viarex je inovativan dodatak prehrani osmi\u0161ljen kako bi pomogao mu\u0161karcima u pove\u0107anju libida i pobolj\u0161anju seksualne energije. Ovaj proizvod dolazi u obliku kapsula koje su jednostavne za kori\u0161tenje i pogodne za svakodnevnu upotrebu. Proizveden je uz najvi\u0161e standarde kvalitete i sigurnosti, \u010dime osigurava izuzetne rezultate za one koji tra\u017ee prirodno rje\u0161enje za svoje izazove u seksualnom \u017eivotu.<\/p>\n<p class=\"text-body font-regular leading-[24px] pt-[9px] pb-[2px]\" dir=\"ltr\">Brojni korisnici smatraju da je Viarex pravo otkri\u0107e zbog svoje u\u010dinkovitosti i u\u010dinka bez nuspojava. Kapsule su diskretno upakirane, \u0161to omogu\u0107ava korisnicima privatnost tokom kori\u0161tenja. S obzirom na visoku potra\u017enju, Viarex je postao vrlo popularan izbor diljem Hrvatske me\u0111u mu\u0161karcima svih dobnih skupina.<\/p>\n<h2 class=\"font-bold text-h3 leading-[40px] pt-[21px] pb-[2px] [&amp;_a]:underline-offset-[6px] [&amp;_.underline]:underline-offset-[6px]\" dir=\"ltr\">Viarex &#8211; Da li zaista djeluje?<\/h2>\n<p class=\"text-body font-regular leading-[24px] pt-[9px] pb-[2px]\" dir=\"ltr\">Da, Viarex zaista djeluje! Korisnici su primijetili zna\u010dajne promjene u pove\u0107anju libida, pobolj\u0161anju izdr\u017eljivosti te op\u0107enito zadovoljnijem seksualnom iskustvu. Njegovo djelovanje temelji se na pravilnom balansiranju prirodnih sastojaka koji sinergijski djeluju na tijelo.<\/p>\n<p class=\"text-body font-regular leading-[24px] pt-[9px] pb-[2px]\" dir=\"ltr\">Viarex se pokazao u\u010dinkovit u brzim rezultatima, a korisnici posebno isti\u010du dugotrajni u\u010dinak nakon redovne upotrebe. Pored svojih rezultata, ovaj proizvod je tako\u0111er isplativ, jer korisnicima pru\u017ea vrhunsku vrijednost za ulo\u017eeni novac.<\/p>\n<h2 class=\"font-bold text-h3 leading-[40px] pt-[21px] pb-[2px] [&amp;_a]:underline-offset-[6px] [&amp;_.underline]:underline-offset-[6px]\" dir=\"ltr\">Viarex &#8211; Iskustva korisnika u Hrvatskoj<\/h2>\n<p class=\"text-body font-regular leading-[24px] pt-[9px] pb-[2px]\" dir=\"ltr\">Korisnici diljem Hrvatske izuzetno su zadovoljni u\u010dinkom Viarexa. Ovdje su neka od stvarnih iskustava korisnika:<\/p>\n<p class=\"text-body font-regular leading-[24px] pt-[9px] pb-[2px]\" dir=\"ltr\"><b><strong class=\"font-bold\">Ivan (46), Zagreb:<\/strong><\/b><\/p>\n<p class=\"text-body font-regular leading-[24px] pt-[9px] pb-[2px]\" dir=\"ltr\">&#8220;Bio sam skepti\u010dan prije nego \u0161to sam isprobao Viarex, ali rezultati su me ugodno iznenadili. Ve\u0107 nakon par dana primijetio sam zna\u010dajno pobolj\u0161anje. Preporu\u010dujem svima koji \u017eele unijeti promjenu u svoj \u017eivot!&#8221;<\/p>\n<p class=\"text-body font-regular leading-[24px] pt-[9px] pb-[2px]\" dir=\"ltr\"><b><strong class=\"font-bold\">Marko (39), Split:<\/strong><\/b><\/p>\n<p class=\"text-body font-regular leading-[24px] pt-[9px] pb-[2px]\" dir=\"ltr\">&#8220;Imao sam problema sa smanjenom energijom i niskim libidom, ali Viarex mi je vratio samopouzdanje. Osje\u0107am se bolje nego ikada!&#8221;<\/p>\n<p class=\"text-body font-regular leading-[24px] pt-[9px] pb-[2px]\" dir=\"ltr\"><b><strong class=\"font-bold\">Petar (51), Rijeka:<\/strong><\/b><\/p>\n<p class=\"text-body font-regular leading-[24px] pt-[9px] pb-[2px]\" dir=\"ltr\">&#8220;Odli\u010dan proizvod! Rezultati su vidljivi vrlo brzo, a osje\u0107am se mla\u0111e i vitalnije. Viarex je postao dio moje rutine.&#8221;<\/p>\n<h2 class=\"font-bold text-h3 leading-[40px] pt-[21px] pb-[2px] [&amp;_a]:underline-offset-[6px] [&amp;_.underline]:underline-offset-[6px]\" dir=\"ltr\">Viarex &#8211; Sastav proizvoda<\/h2>\n<p class=\"text-body font-regular leading-[24px] pt-[9px] pb-[2px]\" dir=\"ltr\">Viarex je pa\u017eljivo formuliran s prirodnim sastojcima koji djeluju sinergijski kako bi pru\u017eili optimalne rezultate. Evo glavnih sastojaka i njihovih prednosti:<\/p>\n<ul class=\"pt-[9px] pb-[2px] pl-[24px] list-inside list-disc pt-[5px]\">\n<li class=\"text-body font-regular leading-[24px] my-[5px] [&amp;&gt;ol]:!pt-0 [&amp;&gt;ol]:!pb-0 [&amp;&gt;ul]:!pt-0 [&amp;&gt;ul]:!pb-0\" value=\"1\"><b><strong class=\"font-bold\">Ekstrakt Tribulus terrestris<\/strong><\/b> \u2013 Pobolj\u0161ava prirodnu proizvodnju testosterona i pove\u0107ava libido.<\/li>\n<li class=\"text-body font-regular leading-[24px] my-[5px] [&amp;&gt;ol]:!pt-0 [&amp;&gt;ol]:!pb-0 [&amp;&gt;ul]:!pt-0 [&amp;&gt;ul]:!pb-0\" value=\"2\"><b><strong class=\"font-bold\">Ginseng<\/strong><\/b> \u2013 Podi\u017ee razinu energije i poma\u017ee kod smanjenja stresa, \u0161to pozitivno utje\u010de na seksualnu izvedbu.<\/li>\n<li class=\"text-body font-regular leading-[24px] my-[5px] [&amp;&gt;ol]:!pt-0 [&amp;&gt;ol]:!pb-0 [&amp;&gt;ul]:!pt-0 [&amp;&gt;ul]:!pb-0\" value=\"3\"><b><strong class=\"font-bold\">L-arginin<\/strong><\/b> \u2013 Pobolj\u0161ava cirkulaciju krvi, klju\u010dan faktor za pobolj\u0161anje erekcije.<\/li>\n<li class=\"text-body font-regular leading-[24px] my-[5px] [&amp;&gt;ol]:!pt-0 [&amp;&gt;ol]:!pb-0 [&amp;&gt;ul]:!pt-0 [&amp;&gt;ul]:!pb-0\" value=\"4\"><b><strong class=\"font-bold\">Cink<\/strong><\/b> \u2013 Klju\u010dan za normalan rad hormona i pove\u0107anje plodnosti.<\/li>\n<\/ul>\n<h2 class=\"font-bold text-h3 leading-[40px] pt-[21px] pb-[2px] [&amp;_a]:underline-offset-[6px] [&amp;_.underline]:underline-offset-[6px]\" dir=\"ltr\">Viarex &#8211; Glavne prednosti<\/h2>\n<p class=\"text-body font-regular leading-[24px] pt-[9px] pb-[2px]\" dir=\"ltr\">Evo \u0161to \u010dini Viarex posebnom opcijom za mu\u0161karce koji \u017eele pobolj\u0161ati svoj \u017eivotni stil i izdr\u017eljivost:<\/p>\n<ul class=\"pt-[9px] pb-[2px] pl-[24px] list-inside list-disc pt-[5px]\">\n<li class=\"text-body font-regular leading-[24px] my-[5px] [&amp;&gt;ol]:!pt-0 [&amp;&gt;ol]:!pb-0 [&amp;&gt;ul]:!pt-0 [&amp;&gt;ul]:!pb-0\" value=\"1\"><b><strong class=\"font-bold\">Brzo djelovanje<\/strong><\/b> \u2013 Primjetni rezultati ve\u0107 nakon nekoliko dana kori\u0161tenja.<\/li>\n<li class=\"text-body font-regular leading-[24px] my-[5px] [&amp;&gt;ol]:!pt-0 [&amp;&gt;ol]:!pb-0 [&amp;&gt;ul]:!pt-0 [&amp;&gt;ul]:!pb-0\" value=\"2\"><b><strong class=\"font-bold\">Sigurnost<\/strong><\/b> \u2013 Proizvod je klini\u010dki testiran i siguran za upotrebu.<\/li>\n<li class=\"text-body font-regular leading-[24px] my-[5px] [&amp;&gt;ol]:!pt-0 [&amp;&gt;ol]:!pb-0 [&amp;&gt;ul]:!pt-0 [&amp;&gt;ul]:!pb-0\" value=\"3\"><b><strong class=\"font-bold\">Diskretnost<\/strong><\/b> \u2013 Pakiranje omogu\u0107ava privatnost prilikom narud\u017ebe i upotrebe.<\/li>\n<li class=\"text-body font-regular leading-[24px] my-[5px] [&amp;&gt;ol]:!pt-0 [&amp;&gt;ol]:!pb-0 [&amp;&gt;ul]:!pt-0 [&amp;&gt;ul]:!pb-0\" value=\"4\"><b><strong class=\"font-bold\">Prirodni sastav<\/strong><\/b> \u2013 100% prirodni sastojci bez nuspojava.<\/li>\n<\/ul>\n<h2 class=\"font-bold text-h3 leading-[40px] pt-[21px] pb-[2px] [&amp;_a]:underline-offset-[6px] [&amp;_.underline]:underline-offset-[6px]\" dir=\"ltr\">Gdje kupiti Viarex? Ljekarna, DM, Nju\u0161kalo<\/h2>\n<p class=\"text-body font-regular leading-[24px] pt-[9px] pb-[2px]\" dir=\"ltr\">Va\u017eno je napomenuti da je Viarex dostupan samo u odabranim ljekarnama koje imaju izravnu suradnju s proizvo\u0111a\u010dem. Trenutno ga ne mo\u017eete prona\u0107i u drugim internetskim ljekarnama, DM prodavnicama ili na oglasnicima poput Nju\u0161kala.<\/p>\n<p class=\"text-body font-regular leading-[24px] pt-[9px] pb-[2px]\" dir=\"ltr\">Kako biste osigurali originalni proizvod, preporu\u010dujemo naru\u010divanje putem slu\u017ebene ljekarne. Proces je jednostavan &#8211; samo kliknite gumb &#8220;Naru\u010di&#8221;, ispunite obrazac i odaberite na\u010din dostave te pla\u0107anja. Obi\u010dno se narud\u017eba isporu\u010duje unutar 24-72 sata, a pla\u0107anje se vr\u0161i po dostavi.<\/p>\n<h2 class=\"font-bold text-h3 leading-[40px] pt-[21px] pb-[2px] [&amp;_a]:underline-offset-[6px] [&amp;_.underline]:underline-offset-[6px]\" dir=\"ltr\">Koliko ko\u0161ta Viarex? Cijena<\/h2>\n<p class=\"text-body font-regular leading-[24px] pt-[9px] pb-[2px]\" dir=\"ltr\">Regularna cijena Viarex kapsula iznosi 78 eura, ali trenutno postoji posebna ponuda. Na na\u0161oj web stranici mo\u017eete iskoristiti popust od 50%, \u010dime cijena iznosi samo 39 eura!<\/p>\n<p class=\"text-body font-regular leading-[24px] pt-[9px] pb-[2px]\" dir=\"ltr\">Zalihe su ograni\u010dene zbog velike popularnosti, pa preporu\u010dujemo da iskoristite ovu ponudu dok traje.<\/p>\n<h2 class=\"font-bold text-h3 leading-[40px] pt-[21px] pb-[2px] [&amp;_a]:underline-offset-[6px] [&amp;_.underline]:underline-offset-[6px]\" dir=\"ltr\">Kako se koristi Viarex? Uputstvo za kori\u0161tenje<\/h2>\n<p class=\"text-body font-regular leading-[24px] pt-[9px] pb-[2px]\" dir=\"ltr\">Kori\u0161tenje Viarex kapsula je jednostavno i prakti\u010dno. Preporu\u010deno doziranje je jedna do dvije kapsule dnevno, najbolje uz obrok i \u010da\u0161u vode. Redovna upotreba klju\u010d je za postizanje optimalnih rezultata.<\/p>\n<p class=\"text-body font-regular leading-[24px] pt-[9px] pb-[2px]\" dir=\"ltr\">Pridr\u017eavajte se preporu\u010denih doza i obavezno pro\u010ditajte upute koje dolaze uz proizvod.<\/p>\n<h2 class=\"font-bold text-h3 leading-[40px] pt-[21px] pb-[2px] [&amp;_a]:underline-offset-[6px] [&amp;_.underline]:underline-offset-[6px]\" dir=\"ltr\">Viarex &#8211; \u010cesto postavljena pitanja<\/h2>\n<p class=\"text-body font-regular leading-[24px] pt-[9px] pb-[2px]\" dir=\"ltr\"><b><strong class=\"font-bold\">Kako brzo djeluje Viarex?<\/strong><\/b><\/p>\n<p class=\"text-body font-regular leading-[24px] pt-[9px] pb-[2px]\" dir=\"ltr\">Ve\u0107ina korisnika primje\u0107uje rezultate unutar nekoliko dana redovite upotrebe.<\/p>\n<p class=\"text-body font-regular leading-[24px] pt-[9px] pb-[2px]\" dir=\"ltr\"><b><strong class=\"font-bold\">Ima li Viarex nuspojava?<\/strong><\/b><\/p>\n<p class=\"text-body font-regular leading-[24px] pt-[9px] pb-[2px]\" dir=\"ltr\">Zahvaljuju\u0107i svom prirodnom sastavu, Viarex je siguran za kori\u0161tenje i ne uzrokuje nuspojave.<\/p>\n<p class=\"text-body font-regular leading-[24px] pt-[9px] pb-[2px]\" dir=\"ltr\"><b><strong class=\"font-bold\">Je li proizvod pogodan za mu\u0161karce svih dobnih skupina?<\/strong><\/b><\/p>\n<p class=\"text-body font-regular leading-[24px] pt-[9px] pb-[2px]\" dir=\"ltr\">Da, Viarex je prikladan za mu\u0161karce svih generacija koji \u017eele pobolj\u0161ati seksualno zdravlje i energiju.<\/p>\n","protected":false},"excerpt":{"rendered":"<p>Viarex je inovativan dodatak prehrani osmi\u0161ljen kako bi pomogao mu\u0161karcima u pove\u0107anju libida i pobolj\u0161anju seksualne energije. Ovaj proizvod dolazi u obliku kapsula koje su jednostavne za kori\u0161tenje i pogodne za svakodnevnu upotrebu. Proizveden je uz najvi\u0161e standarde kvalitete i sigurnosti, \u010dime osigurava izuzetne rezultate za one koji tra\u017ee prirodno rje\u0161enje za svoje izazove u [&hellip;]<\/p>\n","protected":false},"featured_media":81,"template":"","meta":{"iawp_total_views":121},"product_brand":[],"product_cat":[17],"product_tag":[],"class_list":{"0":"post-80","1":"product","2":"type-product","3":"status-publish","4":"has-post-thumbnail","6":"product_cat-potencija","8":"entry","9":"has-media","11":"first","12":"instock","13":"sale","14":"shipping-taxable","15":"purchasable","16":"product-type-simple","17":"has-product-nav","18":"col","19":"span_1_of_3","20":"owp-content-center","21":"owp-thumbs-layout-horizontal","22":"owp-btn-normal","23":"owp-tabs-layout-horizontal","24":"has-no-thumbnails"},"yoast_head":"<!-- This site is optimized with the Yoast SEO plugin v27.6 - https:\/\/yoast.com\/product\/yoast-seo-wordpress\/ -->\n<title>Viarex - Online Trgovina<\/title>\n<meta name=\"robots\" content=\"index, follow, max-snippet:-1, max-image-preview:large, max-video-preview:-1\" \/>\n<link rel=\"canonical\" href=\"https:\/\/poliklinika-kantrida-dental.com\/ljekarna\/product\/viarex\/\" \/>\n<meta property=\"og:locale\" content=\"hr_HR\" \/>\n<meta property=\"og:type\" content=\"article\" \/>\n<meta property=\"og:title\" content=\"Viarex - Online Trgovina\" \/>\n<meta property=\"og:description\" content=\"Viarex je inovativan dodatak prehrani osmi\u0161ljen kako bi pomogao mu\u0161karcima u pove\u0107anju libida i pobolj\u0161anju seksualne energije. Ovaj proizvod dolazi u obliku kapsula koje su jednostavne za kori\u0161tenje i pogodne za svakodnevnu upotrebu. Proizveden je uz najvi\u0161e standarde kvalitete i sigurnosti, \u010dime osigurava izuzetne rezultate za one koji tra\u017ee prirodno rje\u0161enje za svoje izazove u [&hellip;]\" \/>\n<meta property=\"og:url\" content=\"https:\/\/poliklinika-kantrida-dental.com\/ljekarna\/product\/viarex\/\" \/>\n<meta property=\"og:site_name\" content=\"Online Trgovina\" \/>\n<meta property=\"og:image\" content=\"https:\/\/poliklinika-kantrida-dental.com\/ljekarna\/wp-content\/uploads\/2025\/04\/viarex.jpg\" \/>\n\t<meta property=\"og:image:width\" content=\"250\" \/>\n\t<meta property=\"og:image:height\" content=\"300\" \/>\n\t<meta property=\"og:image:type\" content=\"image\/jpeg\" \/>\n<meta name=\"twitter:card\" content=\"summary_large_image\" \/>\n<meta name=\"twitter:label1\" content=\"Procijenjeno vrijeme \u010ditanja\" \/>\n\t<meta name=\"twitter:data1\" content=\"4 minute\" \/>\n<script type=\"application\/ld+json\" class=\"yoast-schema-graph\">{\"@context\":\"https:\\\/\\\/schema.org\",\"@graph\":[{\"@type\":\"WebPage\",\"@id\":\"https:\\\/\\\/poliklinika-kantrida-dental.com\\\/ljekarna\\\/product\\\/viarex\\\/\",\"url\":\"https:\\\/\\\/poliklinika-kantrida-dental.com\\\/ljekarna\\\/product\\\/viarex\\\/\",\"name\":\"Viarex - Online Trgovina\",\"isPartOf\":{\"@id\":\"https:\\\/\\\/poliklinika-kantrida-dental.com\\\/ljekarna\\\/#website\"},\"primaryImageOfPage\":{\"@id\":\"https:\\\/\\\/poliklinika-kantrida-dental.com\\\/ljekarna\\\/product\\\/viarex\\\/#primaryimage\"},\"image\":{\"@id\":\"https:\\\/\\\/poliklinika-kantrida-dental.com\\\/ljekarna\\\/product\\\/viarex\\\/#primaryimage\"},\"thumbnailUrl\":\"https:\\\/\\\/poliklinika-kantrida-dental.com\\\/ljekarna\\\/wp-content\\\/uploads\\\/2025\\\/04\\\/viarex.jpg\",\"datePublished\":\"2025-04-15T15:27:43+00:00\",\"breadcrumb\":{\"@id\":\"https:\\\/\\\/poliklinika-kantrida-dental.com\\\/ljekarna\\\/product\\\/viarex\\\/#breadcrumb\"},\"inLanguage\":\"hr\",\"potentialAction\":[{\"@type\":\"ReadAction\",\"target\":[\"https:\\\/\\\/poliklinika-kantrida-dental.com\\\/ljekarna\\\/product\\\/viarex\\\/\"]}]},{\"@type\":\"ImageObject\",\"inLanguage\":\"hr\",\"@id\":\"https:\\\/\\\/poliklinika-kantrida-dental.com\\\/ljekarna\\\/product\\\/viarex\\\/#primaryimage\",\"url\":\"https:\\\/\\\/poliklinika-kantrida-dental.com\\\/ljekarna\\\/wp-content\\\/uploads\\\/2025\\\/04\\\/viarex.jpg\",\"contentUrl\":\"https:\\\/\\\/poliklinika-kantrida-dental.com\\\/ljekarna\\\/wp-content\\\/uploads\\\/2025\\\/04\\\/viarex.jpg\",\"width\":250,\"height\":300,\"caption\":\"viarex\"},{\"@type\":\"BreadcrumbList\",\"@id\":\"https:\\\/\\\/poliklinika-kantrida-dental.com\\\/ljekarna\\\/product\\\/viarex\\\/#breadcrumb\",\"itemListElement\":[{\"@type\":\"ListItem\",\"position\":1,\"name\":\"Po\u010detna stranica\",\"item\":\"https:\\\/\\\/poliklinika-kantrida-dental.com\\\/ljekarna\\\/\"},{\"@type\":\"ListItem\",\"position\":2,\"name\":\"Proizvodi\",\"item\":\"https:\\\/\\\/poliklinika-kantrida-dental.com\\\/ljekarna\\\/\"},{\"@type\":\"ListItem\",\"position\":3,\"name\":\"Viarex\"}]},{\"@type\":\"WebSite\",\"@id\":\"https:\\\/\\\/poliklinika-kantrida-dental.com\\\/ljekarna\\\/#website\",\"url\":\"https:\\\/\\\/poliklinika-kantrida-dental.com\\\/ljekarna\\\/\",\"name\":\"Online Trgovina\",\"description\":\"\",\"potentialAction\":[{\"@type\":\"SearchAction\",\"target\":{\"@type\":\"EntryPoint\",\"urlTemplate\":\"https:\\\/\\\/poliklinika-kantrida-dental.com\\\/ljekarna\\\/?s={search_term_string}\"},\"query-input\":{\"@type\":\"PropertyValueSpecification\",\"valueRequired\":true,\"valueName\":\"search_term_string\"}}],\"inLanguage\":\"hr\"}]}<\/script>\n<!-- \/ Yoast SEO plugin. -->","yoast_head_json":{"title":"Viarex - Online Trgovina","robots":{"index":"index","follow":"follow","max-snippet":"max-snippet:-1","max-image-preview":"max-image-preview:large","max-video-preview":"max-video-preview:-1"},"canonical":"https:\/\/poliklinika-kantrida-dental.com\/ljekarna\/product\/viarex\/","og_locale":"hr_HR","og_type":"article","og_title":"Viarex - Online Trgovina","og_description":"Viarex je inovativan dodatak prehrani osmi\u0161ljen kako bi pomogao mu\u0161karcima u pove\u0107anju libida i pobolj\u0161anju seksualne energije. Ovaj proizvod dolazi u obliku kapsula koje su jednostavne za kori\u0161tenje i pogodne za svakodnevnu upotrebu. Proizveden je uz najvi\u0161e standarde kvalitete i sigurnosti, \u010dime osigurava izuzetne rezultate za one koji tra\u017ee prirodno rje\u0161enje za svoje izazove u [&hellip;]","og_url":"https:\/\/poliklinika-kantrida-dental.com\/ljekarna\/product\/viarex\/","og_site_name":"Online Trgovina","og_image":[{"width":250,"height":300,"url":"https:\/\/poliklinika-kantrida-dental.com\/ljekarna\/wp-content\/uploads\/2025\/04\/viarex.jpg","type":"image\/jpeg"}],"twitter_card":"summary_large_image","twitter_misc":{"Procijenjeno vrijeme \u010ditanja":"4 minute"},"schema":{"@context":"https:\/\/schema.org","@graph":[{"@type":"WebPage","@id":"https:\/\/poliklinika-kantrida-dental.com\/ljekarna\/product\/viarex\/","url":"https:\/\/poliklinika-kantrida-dental.com\/ljekarna\/product\/viarex\/","name":"Viarex - Online Trgovina","isPartOf":{"@id":"https:\/\/poliklinika-kantrida-dental.com\/ljekarna\/#website"},"primaryImageOfPage":{"@id":"https:\/\/poliklinika-kantrida-dental.com\/ljekarna\/product\/viarex\/#primaryimage"},"image":{"@id":"https:\/\/poliklinika-kantrida-dental.com\/ljekarna\/product\/viarex\/#primaryimage"},"thumbnailUrl":"https:\/\/poliklinika-kantrida-dental.com\/ljekarna\/wp-content\/uploads\/2025\/04\/viarex.jpg","datePublished":"2025-04-15T15:27:43+00:00","breadcrumb":{"@id":"https:\/\/poliklinika-kantrida-dental.com\/ljekarna\/product\/viarex\/#breadcrumb"},"inLanguage":"hr","potentialAction":[{"@type":"ReadAction","target":["https:\/\/poliklinika-kantrida-dental.com\/ljekarna\/product\/viarex\/"]}]},{"@type":"ImageObject","inLanguage":"hr","@id":"https:\/\/poliklinika-kantrida-dental.com\/ljekarna\/product\/viarex\/#primaryimage","url":"https:\/\/poliklinika-kantrida-dental.com\/ljekarna\/wp-content\/uploads\/2025\/04\/viarex.jpg","contentUrl":"https:\/\/poliklinika-kantrida-dental.com\/ljekarna\/wp-content\/uploads\/2025\/04\/viarex.jpg","width":250,"height":300,"caption":"viarex"},{"@type":"BreadcrumbList","@id":"https:\/\/poliklinika-kantrida-dental.com\/ljekarna\/product\/viarex\/#breadcrumb","itemListElement":[{"@type":"ListItem","position":1,"name":"Po\u010detna stranica","item":"https:\/\/poliklinika-kantrida-dental.com\/ljekarna\/"},{"@type":"ListItem","position":2,"name":"Proizvodi","item":"https:\/\/poliklinika-kantrida-dental.com\/ljekarna\/"},{"@type":"ListItem","position":3,"name":"Viarex"}]},{"@type":"WebSite","@id":"https:\/\/poliklinika-kantrida-dental.com\/ljekarna\/#website","url":"https:\/\/poliklinika-kantrida-dental.com\/ljekarna\/","name":"Online Trgovina","description":"","potentialAction":[{"@type":"SearchAction","target":{"@type":"EntryPoint","urlTemplate":"https:\/\/poliklinika-kantrida-dental.com\/ljekarna\/?s={search_term_string}"},"query-input":{"@type":"PropertyValueSpecification","valueRequired":true,"valueName":"search_term_string"}}],"inLanguage":"hr"}]}},"_links":{"self":[{"href":"https:\/\/poliklinika-kantrida-dental.com\/ljekarna\/wp-json\/wp\/v2\/product\/80","targetHints":{"allow":["GET"]}}],"collection":[{"href":"https:\/\/poliklinika-kantrida-dental.com\/ljekarna\/wp-json\/wp\/v2\/product"}],"about":[{"href":"https:\/\/poliklinika-kantrida-dental.com\/ljekarna\/wp-json\/wp\/v2\/types\/product"}],"wp:featuredmedia":[{"embeddable":true,"href":"https:\/\/poliklinika-kantrida-dental.com\/ljekarna\/wp-json\/wp\/v2\/media\/81"}],"wp:attachment":[{"href":"https:\/\/poliklinika-kantrida-dental.com\/ljekarna\/wp-json\/wp\/v2\/media?parent=80"}],"wp:term":[{"taxonomy":"product_brand","embeddable":true,"href":"https:\/\/poliklinika-kantrida-dental.com\/ljekarna\/wp-json\/wp\/v2\/product_brand?post=80"},{"taxonomy":"product_cat","embeddable":true,"href":"https:\/\/poliklinika-kantrida-dental.com\/ljekarna\/wp-json\/wp\/v2\/product_cat?post=80"},{"taxonomy":"product_tag","embeddable":true,"href":"https:\/\/poliklinika-kantrida-dental.com\/ljekarna\/wp-json\/wp\/v2\/product_tag?post=80"}],"curies":[{"name":"wp","href":"https:\/\/api.w.org\/{rel}","templated":true}]}}