{"id":70,"date":"2025-04-15T15:16:53","date_gmt":"2025-04-15T15:16:53","guid":{"rendered":"https:\/\/poliklinika-kantrida-dental.com\/ljekarna\/?post_type=product&#038;p=70"},"modified":"2025-04-15T15:16:53","modified_gmt":"2025-04-15T15:16:53","slug":"ultravix","status":"publish","type":"product","link":"https:\/\/poliklinika-kantrida-dental.com\/ljekarna\/product\/ultravix\/","title":{"rendered":"UltraVix"},"content":{"rendered":"<p class=\"text-body font-regular leading-[24px] pt-[9px] pb-[2px]\" dir=\"ltr\"><b><strong class=\"font-bold\">UltraVix<\/strong><\/b> je inovativni proizvod u obliku kapsula, osmi\u0161ljen za podr\u0161ku zdravlju probavnog sustava. U pitanju je dodatak prehrani koji poma\u017ee u vra\u0107anju prirodne ravnote\u017ee organizma i pru\u017ea u\u010dinkovito rje\u0161enje za naj\u010de\u0161\u0107e gastrointestinalne probleme. Svaka kapsula pa\u017eljivo je formulirana kako bi se lako apsorbirala i pru\u017eila maksimalne rezultate u kratkom vremenskom periodu.<\/p>\n<p class=\"text-body font-regular leading-[24px] pt-[9px] pb-[2px]\" dir=\"ltr\">Ono \u0161to UltraVix \u010dini posebnim jeste njegova znanstveno osmi\u0161ljena formula koju podr\u017eavaju stru\u010dnjaci. Uz redovnu upotrebu, korisnici mogu primijetiti zna\u010dajna pobolj\u0161anja u probavi, smanjenje nelagode te cjelokupno bolje zdravlje crijeva. Zahvaljuju\u0107i prakti\u010dnom obliku kapsula, UltraVix je jednostavan za kori\u0161tenje u svakodnevnom \u017eivotu. Sve \u0161to trebate u\u010diniti je slijediti preporu\u010denu dozu i u\u017eivati u njegovim vi\u0161estrukim prednostima.<\/p>\n<h2 class=\"font-bold text-h3 leading-[40px] pt-[21px] pb-[2px] [&amp;_a]:underline-offset-[6px] [&amp;_.underline]:underline-offset-[6px]\" dir=\"ltr\">UltraVix &#8211; Da li zaista djeluje?<\/h2>\n<p class=\"text-body font-regular leading-[24px] pt-[9px] pb-[2px]\" dir=\"ltr\">Pitanje koje mnogi postavljaju prije nego \u0161to isprobaju novi proizvod jest \u2013 &#8220;Da li ovo zaista djeluje?&#8221;. Odgovor u slu\u010daju UltraVixa je jednostavan: da, djeluje. Kapsule djeluju ciljano, poma\u017eu\u0107i u obnovi prirodne mikroflore crijeva, smanjenju upalnih procesa i pobolj\u0161anju probavnih funkcija.<\/p>\n<p class=\"text-body font-regular leading-[24px] pt-[9px] pb-[2px]\" dir=\"ltr\">Koriste\u0107i naprednu formulu i visoko kvalitetne sastojke, UltraVix omogu\u0107uje brzo postizanje vidljivih rezultata. Mnogi korisnici iz Hrvatske ve\u0107 su podijelili svoje pozitivne dojmove, \u010dime je ovaj proizvod zaslu\u017eio povjerenje na tr\u017ei\u0161tu. Osim toga, UltraVix je cjenovno isplativ, jer njegova u\u010dinkovitost nadma\u0161uje mnoge sli\u010dne proizvode.<\/p>\n<h2 class=\"font-bold text-h3 leading-[40px] pt-[21px] pb-[2px] [&amp;_a]:underline-offset-[6px] [&amp;_.underline]:underline-offset-[6px]\" dir=\"ltr\">UltraVix &#8211; Iskustva korisnika u Hrvatskoj<\/h2>\n<p class=\"text-body font-regular leading-[24px] pt-[9px] pb-[2px]\" dir=\"ltr\">Rezultati korisnika \u010desto govore najvi\u0161e o kvaliteti proizvoda. UltraVix je stekao popularnost me\u0111u Hrvatima zbog svoje u\u010dinkovitosti i pouzdanosti.<\/p>\n<ul class=\"pt-[9px] pb-[2px] pl-[24px] list-inside list-disc pt-[5px]\">\n<li class=\"text-body font-regular leading-[24px] my-[5px] [&amp;&gt;ol]:!pt-0 [&amp;&gt;ol]:!pb-0 [&amp;&gt;ul]:!pt-0 [&amp;&gt;ul]:!pb-0\" value=\"1\"><b><strong class=\"font-bold\">Ana (29 godina, Zagreb)<\/strong><\/b> ka\u017ee da je nakon samo tri tjedna primijetila zna\u010dajno pobolj\u0161anje. &#8220;Probavni problemi koji su me mu\u010dili mjesecima prakti\u010dki su nestali. Sada se osje\u0107am puno lak\u0161e i imam vi\u0161e energije.&#8221;<\/li>\n<\/ul>\n<p class=\"text-body font-regular leading-[24px] pt-[9px] pb-[2px]\">\n<ul class=\"pt-[9px] pb-[2px] pl-[24px] list-inside list-disc pt-[5px]\">\n<li class=\"text-body font-regular leading-[24px] my-[5px] [&amp;&gt;ol]:!pt-0 [&amp;&gt;ol]:!pb-0 [&amp;&gt;ul]:!pt-0 [&amp;&gt;ul]:!pb-0\" value=\"1\"><b><strong class=\"font-bold\">Ivan (43 godine, Split)<\/strong><\/b> isti\u010de kako je napokon prona\u0161ao rje\u0161enje za uporne nadutosti. &#8220;UltraVix je promijenio moj \u017eivot. Uzeo sam ga kao zadnju opciju, a sada ga ne bih mijenjao ni za \u0161to drugo!&#8221;<\/li>\n<li class=\"text-body font-regular leading-[24px] my-[5px] [&amp;&gt;ol]:!pt-0 [&amp;&gt;ol]:!pb-0 [&amp;&gt;ul]:!pt-0 [&amp;&gt;ul]:!pb-0\" value=\"2\"><b><strong class=\"font-bold\">Marija (35 godina, Rijeka)<\/strong><\/b> dodaje kako je proizvod pomogao cijeloj njezinoj obitelji. &#8220;Odlu\u010dila sam isprobati UltraVix i odmah preporu\u010dila mu\u017eu i sestri. Svi smo prezadovoljni.&#8221;<\/li>\n<\/ul>\n<h2 class=\"font-bold text-h3 leading-[40px] pt-[21px] pb-[2px] [&amp;_a]:underline-offset-[6px] [&amp;_.underline]:underline-offset-[6px]\" dir=\"ltr\">UltraVix &#8211; Sastav proizvoda<\/h2>\n<p class=\"text-body font-regular leading-[24px] pt-[9px] pb-[2px]\" dir=\"ltr\">Klju\u010dna snaga UltraVixa le\u017ei u njegovoj pa\u017eljivo odabranoj formuli. Sastojci su prirodni, visokokvalitetni i potpuno sigurni:<\/p>\n<ul class=\"pt-[9px] pb-[2px] pl-[24px] list-inside list-disc pt-[5px]\">\n<li class=\"text-body font-regular leading-[24px] my-[5px] [&amp;&gt;ol]:!pt-0 [&amp;&gt;ol]:!pb-0 [&amp;&gt;ul]:!pt-0 [&amp;&gt;ul]:!pb-0\" value=\"1\"><b><strong class=\"font-bold\">Ekstrakt kamilice<\/strong><\/b> &#8211; Poma\u017ee u smirenju probavnog sustava i djeluje protuupalno.<\/li>\n<li class=\"text-body font-regular leading-[24px] my-[5px] [&amp;&gt;ol]:!pt-0 [&amp;&gt;ol]:!pb-0 [&amp;&gt;ul]:!pt-0 [&amp;&gt;ul]:!pb-0\" value=\"2\"><b><strong class=\"font-bold\">Probiotici<\/strong><\/b> &#8211; Obnavljaju zdravi balans crijevne mikroflore.<\/li>\n<li class=\"text-body font-regular leading-[24px] my-[5px] [&amp;&gt;ol]:!pt-0 [&amp;&gt;ol]:!pb-0 [&amp;&gt;ul]:!pt-0 [&amp;&gt;ul]:!pb-0\" value=\"3\"><b><strong class=\"font-bold\">Ekstrakt \u0111umbira<\/strong><\/b> &#8211; Olak\u0161ava probavu i smanjuje nadutost.<\/li>\n<li class=\"text-body font-regular leading-[24px] my-[5px] [&amp;&gt;ol]:!pt-0 [&amp;&gt;ol]:!pb-0 [&amp;&gt;ul]:!pt-0 [&amp;&gt;ul]:!pb-0\" value=\"4\"><b><strong class=\"font-bold\">Cink<\/strong><\/b> &#8211; Podr\u017eava imunitet i zdravlje probavnog trakta.<\/li>\n<li class=\"text-body font-regular leading-[24px] my-[5px] [&amp;&gt;ol]:!pt-0 [&amp;&gt;ol]:!pb-0 [&amp;&gt;ul]:!pt-0 [&amp;&gt;ul]:!pb-0\" value=\"5\"><b><strong class=\"font-bold\">Vitamin B kompleks<\/strong><\/b> &#8211; Pobolj\u0161ava metabolizam i pru\u017ea dodatnu energiju.<\/li>\n<\/ul>\n<p class=\"text-body font-regular leading-[24px] pt-[9px] pb-[2px]\" dir=\"ltr\">Ova jedinstvena formula fokusira se na pobolj\u0161anje cjelokupnog zdravlja probavnog sustava bez kompromisa u kvaliteti.<\/p>\n<h2 class=\"font-bold text-h3 leading-[40px] pt-[21px] pb-[2px] [&amp;_a]:underline-offset-[6px] [&amp;_.underline]:underline-offset-[6px]\" dir=\"ltr\">UltraVix &#8211; Glavne prednosti<\/h2>\n<p class=\"text-body font-regular leading-[24px] pt-[9px] pb-[2px]\" dir=\"ltr\">UltraVix nudi niz prednosti koje ga \u010dine savr\u0161enim izborom za svakoga tko \u017eeli rije\u0161iti probleme s probavom:<\/p>\n<ul class=\"pt-[9px] pb-[2px] pl-[24px] list-inside list-disc pt-[5px]\">\n<li class=\"text-body font-regular leading-[24px] my-[5px] [&amp;&gt;ol]:!pt-0 [&amp;&gt;ol]:!pb-0 [&amp;&gt;ul]:!pt-0 [&amp;&gt;ul]:!pb-0\" value=\"1\"><b><strong class=\"font-bold\">Brzo djelovanje:<\/strong><\/b> Prvi rezultati vidljivi su ve\u0107 nakon nekoliko dana redovne upotrebe.<\/li>\n<li class=\"text-body font-regular leading-[24px] my-[5px] [&amp;&gt;ol]:!pt-0 [&amp;&gt;ol]:!pb-0 [&amp;&gt;ul]:!pt-0 [&amp;&gt;ul]:!pb-0\" value=\"2\"><b><strong class=\"font-bold\">Sigurnost:<\/strong><\/b> Proizvod je pro\u0161ao sve potrebne kontrole i testiranja, a sastojci su prirodni.<\/li>\n<li class=\"text-body font-regular leading-[24px] my-[5px] [&amp;&gt;ol]:!pt-0 [&amp;&gt;ol]:!pb-0 [&amp;&gt;ul]:!pt-0 [&amp;&gt;ul]:!pb-0\" value=\"3\"><b><strong class=\"font-bold\">Diskretnost:<\/strong><\/b> Kompaktnom pakiranju i jednostavnom dostavom osigurana je privatnost korisnika.<\/li>\n<li class=\"text-body font-regular leading-[24px] my-[5px] [&amp;&gt;ol]:!pt-0 [&amp;&gt;ol]:!pb-0 [&amp;&gt;ul]:!pt-0 [&amp;&gt;ul]:!pb-0\" value=\"4\"><b><strong class=\"font-bold\">Prakti\u010dnost:<\/strong><\/b> Uz jednostavno doziranje, lako ga je uklju\u010diti u dnevnu rutinu.<\/li>\n<\/ul>\n<h2 class=\"font-bold text-h3 leading-[40px] pt-[21px] pb-[2px] [&amp;_a]:underline-offset-[6px] [&amp;_.underline]:underline-offset-[6px]\" dir=\"ltr\">Gdje kupiti UltraVix? Ljekarna, DM, Nju\u0161kalo<\/h2>\n<p class=\"text-body font-regular leading-[24px] pt-[9px] pb-[2px]\" dir=\"ltr\">Trenutno je <b><strong class=\"font-bold\">UltraVix<\/strong><\/b> dostupan u ograni\u010denim koli\u010dinama i mogu\u0107e ga je kupiti samo u odre\u0111enim ljekarnama koje imaju ekskluzivan ugovor s proizvo\u0111a\u010dem. Online narud\u017eba putem na\u0161e slu\u017ebene web stranice tako\u0111er je dostupna.<\/p>\n<p class=\"text-body font-regular leading-[24px] pt-[9px] pb-[2px]\" dir=\"ltr\">Sve \u0161to trebate u\u010diniti jest kliknuti na gumb &#8220;Naru\u010di&#8221;, ispuniti obrazac i odabrati na\u010din dostave i pla\u0107anja. Dostava u Hrvatskoj obi\u010dno traje izme\u0111u 24 i 72 sata, a pla\u0107anje se vr\u0161i tek po isporuci.<\/p>\n<h2 class=\"font-bold text-h3 leading-[40px] pt-[21px] pb-[2px] [&amp;_a]:underline-offset-[6px] [&amp;_.underline]:underline-offset-[6px]\" dir=\"ltr\">Koliko ko\u0161ta UltraVix? Cijena<\/h2>\n<p class=\"text-body font-regular leading-[24px] pt-[9px] pb-[2px]\" dir=\"ltr\">Regularna cijena UltraVixa iznosi 78 eura, ali trenutno nudimo <b><strong class=\"font-bold\">50% popusta<\/strong><\/b> dok traju zalihe! To zna\u010di da mo\u017eete naru\u010diti svoj UltraVix za samo 39 eura. Po\u017eurite jer je ponuda ograni\u010dena zbog visoke potra\u017enje.<\/p>\n<h2 class=\"font-bold text-h3 leading-[40px] pt-[21px] pb-[2px] [&amp;_a]:underline-offset-[6px] [&amp;_.underline]:underline-offset-[6px]\" dir=\"ltr\">Kako se koristi UltraVix? Uputstvo za kori\u0161tenje<\/h2>\n<p class=\"text-body font-regular leading-[24px] pt-[9px] pb-[2px]\" dir=\"ltr\">Da biste postigli maksimalne rezultate, slijedite upute za uporabu:<\/p>\n<ul class=\"pt-[9px] pb-[2px] pl-[24px] list-inside list-disc pt-[5px]\">\n<li class=\"text-body font-regular leading-[24px] my-[5px] [&amp;&gt;ol]:!pt-0 [&amp;&gt;ol]:!pb-0 [&amp;&gt;ul]:!pt-0 [&amp;&gt;ul]:!pb-0\" value=\"1\">Uzimajte <b><strong class=\"font-bold\">2 kapsule dnevno<\/strong><\/b>.<\/li>\n<li class=\"text-body font-regular leading-[24px] my-[5px] [&amp;&gt;ol]:!pt-0 [&amp;&gt;ol]:!pb-0 [&amp;&gt;ul]:!pt-0 [&amp;&gt;ul]:!pb-0\" value=\"2\">Preporu\u010duje se uzimanje kapsula s \u010da\u0161om vode, tijekom ili neposredno nakon obroka.<\/li>\n<li class=\"text-body font-regular leading-[24px] my-[5px] [&amp;&gt;ol]:!pt-0 [&amp;&gt;ol]:!pb-0 [&amp;&gt;ul]:!pt-0 [&amp;&gt;ul]:!pb-0\" value=\"3\">Za dugoro\u010dne rezultate, redovita uporaba tijekom najmanje 30 dana je klju\u010dna.<\/li>\n<\/ul>\n<p class=\"text-body font-regular leading-[24px] pt-[9px] pb-[2px]\" dir=\"ltr\">Pratite preporu\u010denu dozu i u\u017eivajte u blagodatima koje UltraVix pru\u017ea.<\/p>\n<h2 class=\"font-bold text-h3 leading-[40px] pt-[21px] pb-[2px] [&amp;_a]:underline-offset-[6px] [&amp;_.underline]:underline-offset-[6px]\" dir=\"ltr\">UltraVix &#8211; \u010cesto postavljena pitanja<\/h2>\n<h3 class=\"font-bold text-h4 leading-[30px] pt-[15px] pb-[2px] [&amp;_a]:underline-offset-[6px] [&amp;_.underline]:underline-offset-[6px]\" dir=\"ltr\">1. Je li UltraVix siguran za dugoro\u010dnu upotrebu?<\/h3>\n<p class=\"text-body font-regular leading-[24px] pt-[9px] pb-[2px]\" dir=\"ltr\">Da, proizvod je potpuno siguran za redovnu i dugoro\u010dnu upotrebu jer koristi prirodne sastojke.<\/p>\n<h3 class=\"font-bold text-h4 leading-[30px] pt-[15px] pb-[2px] [&amp;_a]:underline-offset-[6px] [&amp;_.underline]:underline-offset-[6px]\" dir=\"ltr\">2. Kada mogu o\u010dekivati prve rezultate?<\/h3>\n<p class=\"text-body font-regular leading-[24px] pt-[9px] pb-[2px]\" dir=\"ltr\">Ve\u0107ina korisnika primijeti pobolj\u0161anje unutar prvih nekoliko dana redovite upotrebe.<\/p>\n<h3 class=\"font-bold text-h4 leading-[30px] pt-[15px] pb-[2px] [&amp;_a]:underline-offset-[6px] [&amp;_.underline]:underline-offset-[6px]\" dir=\"ltr\">3. Kako mogu naru\u010diti UltraVix?<\/h3>\n<p class=\"text-body font-regular leading-[24px] pt-[9px] pb-[2px]\" dir=\"ltr\">UltraVix mo\u017eete naru\u010diti putem na\u0161e slu\u017ebene web stranice klikom na gumb &#8220;Naru\u010di&#8221;, gdje mo\u017eete izabrati na\u010din dostave i pla\u0107anja.<\/p>\n","protected":false},"excerpt":{"rendered":"<p>UltraVix je inovativni proizvod u obliku kapsula, osmi\u0161ljen za podr\u0161ku zdravlju probavnog sustava. U pitanju je dodatak prehrani koji poma\u017ee u vra\u0107anju prirodne ravnote\u017ee organizma i pru\u017ea u\u010dinkovito rje\u0161enje za naj\u010de\u0161\u0107e gastrointestinalne probleme. Svaka kapsula pa\u017eljivo je formulirana kako bi se lako apsorbirala i pru\u017eila maksimalne rezultate u kratkom vremenskom periodu. Ono \u0161to UltraVix \u010dini [&hellip;]<\/p>\n","protected":false},"featured_media":71,"template":"","meta":{"iawp_total_views":71},"product_brand":[],"product_cat":[15],"product_tag":[],"class_list":{"0":"post-70","1":"product","2":"type-product","3":"status-publish","4":"has-post-thumbnail","6":"product_cat-zdravlje","8":"entry","9":"has-media","11":"first","12":"instock","13":"sale","14":"shipping-taxable","15":"purchasable","16":"product-type-simple","17":"has-product-nav","18":"col","19":"span_1_of_3","20":"owp-content-center","21":"owp-thumbs-layout-horizontal","22":"owp-btn-normal","23":"owp-tabs-layout-horizontal","24":"has-no-thumbnails"},"yoast_head":"<!-- This site is optimized with the Yoast SEO plugin v27.6 - https:\/\/yoast.com\/product\/yoast-seo-wordpress\/ -->\n<title>UltraVix - Online Trgovina<\/title>\n<meta name=\"robots\" content=\"index, follow, max-snippet:-1, max-image-preview:large, max-video-preview:-1\" \/>\n<link rel=\"canonical\" href=\"https:\/\/poliklinika-kantrida-dental.com\/ljekarna\/product\/ultravix\/\" \/>\n<meta property=\"og:locale\" content=\"hr_HR\" \/>\n<meta property=\"og:type\" content=\"article\" \/>\n<meta property=\"og:title\" content=\"UltraVix - Online Trgovina\" \/>\n<meta property=\"og:description\" content=\"UltraVix je inovativni proizvod u obliku kapsula, osmi\u0161ljen za podr\u0161ku zdravlju probavnog sustava. U pitanju je dodatak prehrani koji poma\u017ee u vra\u0107anju prirodne ravnote\u017ee organizma i pru\u017ea u\u010dinkovito rje\u0161enje za naj\u010de\u0161\u0107e gastrointestinalne probleme. Svaka kapsula pa\u017eljivo je formulirana kako bi se lako apsorbirala i pru\u017eila maksimalne rezultate u kratkom vremenskom periodu. Ono \u0161to UltraVix \u010dini [&hellip;]\" \/>\n<meta property=\"og:url\" content=\"https:\/\/poliklinika-kantrida-dental.com\/ljekarna\/product\/ultravix\/\" \/>\n<meta property=\"og:site_name\" content=\"Online Trgovina\" \/>\n<meta property=\"og:image\" content=\"https:\/\/poliklinika-kantrida-dental.com\/ljekarna\/wp-content\/uploads\/2025\/04\/ultravix.jpg\" \/>\n\t<meta property=\"og:image:width\" content=\"250\" \/>\n\t<meta property=\"og:image:height\" content=\"300\" \/>\n\t<meta property=\"og:image:type\" content=\"image\/jpeg\" \/>\n<meta name=\"twitter:card\" content=\"summary_large_image\" \/>\n<meta name=\"twitter:label1\" content=\"Procijenjeno vrijeme \u010ditanja\" \/>\n\t<meta name=\"twitter:data1\" content=\"5 minuta\" \/>\n<script type=\"application\/ld+json\" class=\"yoast-schema-graph\">{\"@context\":\"https:\\\/\\\/schema.org\",\"@graph\":[{\"@type\":\"WebPage\",\"@id\":\"https:\\\/\\\/poliklinika-kantrida-dental.com\\\/ljekarna\\\/product\\\/ultravix\\\/\",\"url\":\"https:\\\/\\\/poliklinika-kantrida-dental.com\\\/ljekarna\\\/product\\\/ultravix\\\/\",\"name\":\"UltraVix - Online Trgovina\",\"isPartOf\":{\"@id\":\"https:\\\/\\\/poliklinika-kantrida-dental.com\\\/ljekarna\\\/#website\"},\"primaryImageOfPage\":{\"@id\":\"https:\\\/\\\/poliklinika-kantrida-dental.com\\\/ljekarna\\\/product\\\/ultravix\\\/#primaryimage\"},\"image\":{\"@id\":\"https:\\\/\\\/poliklinika-kantrida-dental.com\\\/ljekarna\\\/product\\\/ultravix\\\/#primaryimage\"},\"thumbnailUrl\":\"https:\\\/\\\/poliklinika-kantrida-dental.com\\\/ljekarna\\\/wp-content\\\/uploads\\\/2025\\\/04\\\/ultravix.jpg\",\"datePublished\":\"2025-04-15T15:16:53+00:00\",\"breadcrumb\":{\"@id\":\"https:\\\/\\\/poliklinika-kantrida-dental.com\\\/ljekarna\\\/product\\\/ultravix\\\/#breadcrumb\"},\"inLanguage\":\"hr\",\"potentialAction\":[{\"@type\":\"ReadAction\",\"target\":[\"https:\\\/\\\/poliklinika-kantrida-dental.com\\\/ljekarna\\\/product\\\/ultravix\\\/\"]}]},{\"@type\":\"ImageObject\",\"inLanguage\":\"hr\",\"@id\":\"https:\\\/\\\/poliklinika-kantrida-dental.com\\\/ljekarna\\\/product\\\/ultravix\\\/#primaryimage\",\"url\":\"https:\\\/\\\/poliklinika-kantrida-dental.com\\\/ljekarna\\\/wp-content\\\/uploads\\\/2025\\\/04\\\/ultravix.jpg\",\"contentUrl\":\"https:\\\/\\\/poliklinika-kantrida-dental.com\\\/ljekarna\\\/wp-content\\\/uploads\\\/2025\\\/04\\\/ultravix.jpg\",\"width\":250,\"height\":300,\"caption\":\"ultravix\"},{\"@type\":\"BreadcrumbList\",\"@id\":\"https:\\\/\\\/poliklinika-kantrida-dental.com\\\/ljekarna\\\/product\\\/ultravix\\\/#breadcrumb\",\"itemListElement\":[{\"@type\":\"ListItem\",\"position\":1,\"name\":\"Po\u010detna stranica\",\"item\":\"https:\\\/\\\/poliklinika-kantrida-dental.com\\\/ljekarna\\\/\"},{\"@type\":\"ListItem\",\"position\":2,\"name\":\"Proizvodi\",\"item\":\"https:\\\/\\\/poliklinika-kantrida-dental.com\\\/ljekarna\\\/\"},{\"@type\":\"ListItem\",\"position\":3,\"name\":\"UltraVix\"}]},{\"@type\":\"WebSite\",\"@id\":\"https:\\\/\\\/poliklinika-kantrida-dental.com\\\/ljekarna\\\/#website\",\"url\":\"https:\\\/\\\/poliklinika-kantrida-dental.com\\\/ljekarna\\\/\",\"name\":\"Online Trgovina\",\"description\":\"\",\"potentialAction\":[{\"@type\":\"SearchAction\",\"target\":{\"@type\":\"EntryPoint\",\"urlTemplate\":\"https:\\\/\\\/poliklinika-kantrida-dental.com\\\/ljekarna\\\/?s={search_term_string}\"},\"query-input\":{\"@type\":\"PropertyValueSpecification\",\"valueRequired\":true,\"valueName\":\"search_term_string\"}}],\"inLanguage\":\"hr\"}]}<\/script>\n<!-- \/ Yoast SEO plugin. -->","yoast_head_json":{"title":"UltraVix - Online Trgovina","robots":{"index":"index","follow":"follow","max-snippet":"max-snippet:-1","max-image-preview":"max-image-preview:large","max-video-preview":"max-video-preview:-1"},"canonical":"https:\/\/poliklinika-kantrida-dental.com\/ljekarna\/product\/ultravix\/","og_locale":"hr_HR","og_type":"article","og_title":"UltraVix - Online Trgovina","og_description":"UltraVix je inovativni proizvod u obliku kapsula, osmi\u0161ljen za podr\u0161ku zdravlju probavnog sustava. U pitanju je dodatak prehrani koji poma\u017ee u vra\u0107anju prirodne ravnote\u017ee organizma i pru\u017ea u\u010dinkovito rje\u0161enje za naj\u010de\u0161\u0107e gastrointestinalne probleme. Svaka kapsula pa\u017eljivo je formulirana kako bi se lako apsorbirala i pru\u017eila maksimalne rezultate u kratkom vremenskom periodu. Ono \u0161to UltraVix \u010dini [&hellip;]","og_url":"https:\/\/poliklinika-kantrida-dental.com\/ljekarna\/product\/ultravix\/","og_site_name":"Online Trgovina","og_image":[{"width":250,"height":300,"url":"https:\/\/poliklinika-kantrida-dental.com\/ljekarna\/wp-content\/uploads\/2025\/04\/ultravix.jpg","type":"image\/jpeg"}],"twitter_card":"summary_large_image","twitter_misc":{"Procijenjeno vrijeme \u010ditanja":"5 minuta"},"schema":{"@context":"https:\/\/schema.org","@graph":[{"@type":"WebPage","@id":"https:\/\/poliklinika-kantrida-dental.com\/ljekarna\/product\/ultravix\/","url":"https:\/\/poliklinika-kantrida-dental.com\/ljekarna\/product\/ultravix\/","name":"UltraVix - Online Trgovina","isPartOf":{"@id":"https:\/\/poliklinika-kantrida-dental.com\/ljekarna\/#website"},"primaryImageOfPage":{"@id":"https:\/\/poliklinika-kantrida-dental.com\/ljekarna\/product\/ultravix\/#primaryimage"},"image":{"@id":"https:\/\/poliklinika-kantrida-dental.com\/ljekarna\/product\/ultravix\/#primaryimage"},"thumbnailUrl":"https:\/\/poliklinika-kantrida-dental.com\/ljekarna\/wp-content\/uploads\/2025\/04\/ultravix.jpg","datePublished":"2025-04-15T15:16:53+00:00","breadcrumb":{"@id":"https:\/\/poliklinika-kantrida-dental.com\/ljekarna\/product\/ultravix\/#breadcrumb"},"inLanguage":"hr","potentialAction":[{"@type":"ReadAction","target":["https:\/\/poliklinika-kantrida-dental.com\/ljekarna\/product\/ultravix\/"]}]},{"@type":"ImageObject","inLanguage":"hr","@id":"https:\/\/poliklinika-kantrida-dental.com\/ljekarna\/product\/ultravix\/#primaryimage","url":"https:\/\/poliklinika-kantrida-dental.com\/ljekarna\/wp-content\/uploads\/2025\/04\/ultravix.jpg","contentUrl":"https:\/\/poliklinika-kantrida-dental.com\/ljekarna\/wp-content\/uploads\/2025\/04\/ultravix.jpg","width":250,"height":300,"caption":"ultravix"},{"@type":"BreadcrumbList","@id":"https:\/\/poliklinika-kantrida-dental.com\/ljekarna\/product\/ultravix\/#breadcrumb","itemListElement":[{"@type":"ListItem","position":1,"name":"Po\u010detna stranica","item":"https:\/\/poliklinika-kantrida-dental.com\/ljekarna\/"},{"@type":"ListItem","position":2,"name":"Proizvodi","item":"https:\/\/poliklinika-kantrida-dental.com\/ljekarna\/"},{"@type":"ListItem","position":3,"name":"UltraVix"}]},{"@type":"WebSite","@id":"https:\/\/poliklinika-kantrida-dental.com\/ljekarna\/#website","url":"https:\/\/poliklinika-kantrida-dental.com\/ljekarna\/","name":"Online Trgovina","description":"","potentialAction":[{"@type":"SearchAction","target":{"@type":"EntryPoint","urlTemplate":"https:\/\/poliklinika-kantrida-dental.com\/ljekarna\/?s={search_term_string}"},"query-input":{"@type":"PropertyValueSpecification","valueRequired":true,"valueName":"search_term_string"}}],"inLanguage":"hr"}]}},"_links":{"self":[{"href":"https:\/\/poliklinika-kantrida-dental.com\/ljekarna\/wp-json\/wp\/v2\/product\/70","targetHints":{"allow":["GET"]}}],"collection":[{"href":"https:\/\/poliklinika-kantrida-dental.com\/ljekarna\/wp-json\/wp\/v2\/product"}],"about":[{"href":"https:\/\/poliklinika-kantrida-dental.com\/ljekarna\/wp-json\/wp\/v2\/types\/product"}],"wp:featuredmedia":[{"embeddable":true,"href":"https:\/\/poliklinika-kantrida-dental.com\/ljekarna\/wp-json\/wp\/v2\/media\/71"}],"wp:attachment":[{"href":"https:\/\/poliklinika-kantrida-dental.com\/ljekarna\/wp-json\/wp\/v2\/media?parent=70"}],"wp:term":[{"taxonomy":"product_brand","embeddable":true,"href":"https:\/\/poliklinika-kantrida-dental.com\/ljekarna\/wp-json\/wp\/v2\/product_brand?post=70"},{"taxonomy":"product_cat","embeddable":true,"href":"https:\/\/poliklinika-kantrida-dental.com\/ljekarna\/wp-json\/wp\/v2\/product_cat?post=70"},{"taxonomy":"product_tag","embeddable":true,"href":"https:\/\/poliklinika-kantrida-dental.com\/ljekarna\/wp-json\/wp\/v2\/product_tag?post=70"}],"curies":[{"name":"wp","href":"https:\/\/api.w.org\/{rel}","templated":true}]}}