{"id":551,"date":"2025-08-31T18:31:52","date_gmt":"2025-08-31T18:31:52","guid":{"rendered":"https:\/\/poliklinika-kantrida-dental.com\/ljekarna\/?post_type=product&#038;p=551"},"modified":"2025-08-31T18:31:52","modified_gmt":"2025-08-31T18:31:52","slug":"keto-tea","status":"publish","type":"product","link":"https:\/\/poliklinika-kantrida-dental.com\/ljekarna\/product\/keto-tea\/","title":{"rendered":"Keto Tea"},"content":{"rendered":"<p class=\"text-body font-regular leading-[24px] pt-[9px] pb-xxs\" dir=\"ltr\">Keto Tea \u010daj predstavlja inovativno rje\u0161enje za sve koji \u017eele izgubiti vi\u0161ak kilograma na prirodan i siguran na\u010din. Ovaj jedinstveni \u010daj za mr\u0161avljenje kombinira mo\u0107ne prirodne sastojke koji podr\u017eavaju ketogenu dijetu i ubrzavaju proces sagorijevanja masti. Proizvod dolazi u prakti\u010dnoj formi \u010daja koji se lako priprema i ugodno pije. Keto Tea \u010daj je posebno formuliran da pomogne va\u0161em tijelu da u\u0111e u stanje ketoze, gdje tijelo koristi masti umjesto ugljikohidrata kao primarni izvor energije. Mnogi korisnici izvje\u0161tavaju o vidljivim rezultatima ve\u0107 nakon nekoliko dana redovite upotrebe. Ovaj \u010daj za mr\u0161avljenje ne samo da poma\u017ee u gubitku te\u017eine, ve\u0107 tako\u0111er pobolj\u0161ava metabolizam i pove\u0107ava razinu energije tijekom dana.<\/p>\n<h2 class=\"font-semibold pdf-heading-class-replace text-h3 leading-[40px] pb-xxs [&amp;:not(:first-child)]:pt-[21px] [&amp;_a]:underline-offset-[6px] [&amp;_.underline]:underline-offset-[6px]\" dir=\"ltr\">Keto Tea &#8211; Da li zaista djeluje?<\/h2>\n<p class=\"text-body font-regular leading-[24px] pt-[9px] pb-xxs\" dir=\"ltr\">Keto Tea zaista djeluje i to potvr\u0111uju brojni zadovoljni korisnici diljem Hrvatske. Ovaj proizvod radi tako \u0161to stimulira prirodne procese sagorijevanja masti u organizmu i poma\u017ee tijelu da br\u017ee dosegne stanje ketoze. Rezultati su vidljivi ve\u0107 nakon kratkog vremena kori\u0161tenja, \u0161to \u010dini ovaj proizvod iznimno isplativim ulaganjem u va\u0161e zdravlje. Mehanizam djelovanja temelji se na ubrzavanju metabolizma i potiskivanju osje\u0107aja gladi, \u0161to poma\u017ee korisnicima da lak\u0161e se pridr\u017eavaju zdravog na\u010dina prehrane. Mnogi korisnici izvje\u0161tavaju o gubitku 3-5 kilograma u prvom mjesecu kori\u0161tenja, \u0161to je impresivan rezultat koji opravdava popularnost ovog proizvoda.<\/p>\n<h2 class=\"font-semibold pdf-heading-class-replace text-h3 leading-[40px] pb-xxs [&amp;:not(:first-child)]:pt-[21px] [&amp;_a]:underline-offset-[6px] [&amp;_.underline]:underline-offset-[6px]\" dir=\"ltr\">Keto Tea &#8211; Iskustva Korisnika u Hrvatskoj<\/h2>\n<p class=\"text-body font-regular leading-[24px] pt-[9px] pb-xxs\" dir=\"ltr\">Korisnici u Hrvatskoj su iznimno zadovoljni s Keto Tea \u010dajem, a proizvod je stekao veliku popularnost zbog svoje efikasnosti i prirodnog sastava. Evo iskustava nekih od na\u0161ih zadovoljnih kupaca:<\/p>\n<p class=\"text-body font-regular leading-[24px] pt-[9px] pb-xxs\" dir=\"ltr\"><b><strong class=\"font-semibold\">Marija Horvat (34 godine, Zagreb):<\/strong><\/b> &#8220;Koristim Keto Tea ve\u0107 dva mjeseca i izgubila sam 8 kilograma! Nikad nisam vjerovala da mo\u017ee biti tako lako. \u010caj ima ugodan okus i stvarno poma\u017ee s kontrolom apetita.&#8221;<\/p>\n<p class=\"text-body font-regular leading-[24px] pt-[9px] pb-xxs\" dir=\"ltr\"><b><strong class=\"font-semibold\">Petar Kova\u010d (41 godina, Split):<\/strong><\/b> &#8220;Kao netko tko se bori s vi\u0161kom kilograma godinama, mogu re\u0107i da je Keto Tea promijenio moj \u017eivot. U mjesec dana sam skinio 6 kilograma bez strogih dijeta.&#8221;<\/p>\n<p class=\"text-body font-regular leading-[24px] pt-[9px] pb-xxs\" dir=\"ltr\"><b><strong class=\"font-semibold\">Ana Babi\u0107 (28 godina, Rijeka):<\/strong><\/b> &#8220;Preporu\u010dila mi je prijateljica i nisam \u017ealila! Energija mi je porasla, a kilogrami se tope. Ve\u0107 sam naru\u010dila drugo pakiranje.&#8221;<\/p>\n<h2 class=\"font-semibold pdf-heading-class-replace text-h3 leading-[40px] pb-xxs [&amp;:not(:first-child)]:pt-[21px] [&amp;_a]:underline-offset-[6px] [&amp;_.underline]:underline-offset-[6px]\" dir=\"ltr\">Keto Tea &#8211; Sastav Proizvoda<\/h2>\n<p class=\"text-body font-regular leading-[24px] pt-[9px] pb-xxs\" dir=\"ltr\">Keto Tea sadr\u017ei pa\u017eljivo odabrane prirodne sastojke koji sinergijski djeluju za optimalne rezultate:<\/p>\n<p class=\"text-body font-regular leading-[24px] pt-[9px] pb-xxs\" dir=\"ltr\"><b><strong class=\"font-semibold\">Zeleni \u010daj<\/strong><\/b> &#8211; bogat antioksidansima koji ubrzavaju metabolizam i poma\u017eu u sagorijevanju masti. Tako\u0111er pove\u0107ava razinu energije i pobolj\u0161ava koncentraciju.<\/p>\n<p class=\"text-body font-regular leading-[24px] pt-[9px] pb-xxs\" dir=\"ltr\"><b><strong class=\"font-semibold\">Garcinia Cambogia<\/strong><\/b> &#8211; tropski vo\u0107 koji sadr\u017ei hidroksicitri\u010dnu kiselinu (HCA) koja blokira proizvodnju masti i smanjuje apetit.<\/p>\n<p class=\"text-body font-regular leading-[24px] pt-[9px] pb-xxs\" dir=\"ltr\"><b><strong class=\"font-semibold\">Guarana<\/strong><\/b> &#8211; prirodni stimulans koji pove\u0107ava metabolizam i poma\u017ee u br\u017eem sagorijevanju kalorija.<\/p>\n<p class=\"text-body font-regular leading-[24px] pt-[9px] pb-xxs\" dir=\"ltr\"><b><strong class=\"font-semibold\">Crni papar<\/strong><\/b> &#8211; pobolj\u0161ava apsorpciju drugih sastojaka i dodatno stimulira metabolizam.<\/p>\n<p class=\"text-body font-regular leading-[24px] pt-[9px] pb-xxs\" dir=\"ltr\"><b><strong class=\"font-semibold\">\u0110umbir<\/strong><\/b> &#8211; poma\u017ee probavi, smanjuje upalu i pobolj\u0161ava metaboli\u010dke procese.<\/p>\n<h2 class=\"font-semibold pdf-heading-class-replace text-h3 leading-[40px] pb-xxs [&amp;:not(:first-child)]:pt-[21px] [&amp;_a]:underline-offset-[6px] [&amp;_.underline]:underline-offset-[6px]\" dir=\"ltr\">Keto Tea &#8211; Glavne Prednosti<\/h2>\n<p class=\"text-body font-regular leading-[24px] pt-[9px] pb-xxs\" dir=\"ltr\">Keto Tea nudi brojne prednosti koje ga \u010dine idealnim izborom za mr\u0161avljenje:<\/p>\n<p class=\"text-body font-regular leading-[24px] pt-[9px] pb-xxs\" dir=\"ltr\"><b><strong class=\"font-semibold\">Brzo djelovanje<\/strong><\/b> &#8211; prvi rezultati vidljivi su ve\u0107 nakon nekoliko dana redovite upotrebe, \u0161to motivira korisnike da nastave s tretmanom.<\/p>\n<p class=\"text-body font-regular leading-[24px] pt-[9px] pb-xxs\" dir=\"ltr\"><b><strong class=\"font-semibold\">Sigurnost<\/strong><\/b> &#8211; svi sastojci su prirodni i sigurni za dugotrajnu upotrebu, bez \u0161tetnih nuspojava.<\/p>\n<p class=\"text-body font-regular leading-[24px] pt-[9px] pb-xxs\" dir=\"ltr\"><b><strong class=\"font-semibold\">Diskretnost<\/strong><\/b> &#8211; proizvod se mo\u017ee koristiti bilo gdje i bilo kada, bez privla\u010denja ne\u017eeljene pa\u017enje.<\/p>\n<p class=\"text-body font-regular leading-[24px] pt-[9px] pb-xxs\" dir=\"ltr\"><b><strong class=\"font-semibold\">Jednostavnost kori\u0161tenja<\/strong><\/b> &#8211; dovoljno je pripremiti \u010daj kao \u0161to biste pripremili bilo koji drugi \u010daj.<\/p>\n<h2 class=\"font-semibold pdf-heading-class-replace text-h3 leading-[40px] pb-xxs [&amp;:not(:first-child)]:pt-[21px] [&amp;_a]:underline-offset-[6px] [&amp;_.underline]:underline-offset-[6px]\" dir=\"ltr\">Gdje Kupiti Keto Tea? Ljekarna, DM, Nju\u0161kalo<\/h2>\n<p class=\"text-body font-regular leading-[24px] pt-[9px] pb-xxs\" dir=\"ltr\">Keto Tea trenutno nije dostupan u drugim internetskim ljekarnama, DM prodavnicama ili oglasniku Nju\u0161kalo. To je zato \u0161to je proizvod trenutno dostupan u ograni\u010denim koli\u010dinama i dostupan je samo u ljekarnama koje rade izravno s proizvo\u0111a\u010dem i sklopili su ekskluzivni ugovor za opskrbu.<\/p>\n<p class=\"text-body font-regular leading-[24px] pt-[9px] pb-xxs\" dir=\"ltr\">Stoga je Keto Tea dostupan samo u na\u0161oj ljekarni, gdje jam\u010dimo originalni proizvod i pouzdanu uslugu. Narud\u017eba je dostupna na na\u0161oj web stranici ljekarne &#8211; jednostavno kliknite gumb &#8220;Naru\u010di&#8221;, ispunite obrazac i odaberite prikladan na\u010din otpreme i pla\u0107anja.<\/p>\n<p class=\"text-body font-regular leading-[24px] pt-[9px] pb-xxs\" dir=\"ltr\"><b><strong class=\"font-semibold\">Dostava:<\/strong><\/b> Narud\u017eba se obi\u010dno isporu\u010duje u roku od 24-72 sata i pla\u0107ate tek kad vam se proizvod dostavi na adresu.<\/p>\n<h2 class=\"font-semibold pdf-heading-class-replace text-h3 leading-[40px] pb-xxs [&amp;:not(:first-child)]:pt-[21px] [&amp;_a]:underline-offset-[6px] [&amp;_.underline]:underline-offset-[6px]\" dir=\"ltr\">Koliko ko\u0161ta Keto Tea? Cijena<\/h2>\n<p class=\"text-body font-regular leading-[24px] pt-[9px] pb-xxs\" dir=\"ltr\"><b><strong class=\"font-semibold\">Cijena<\/strong><\/b> Keto Tea sada je 78 eura, ali trenutno postoji akcija na na\u0161oj web stranici, gdje osiguravamo <b><strong class=\"font-semibold\">50% popusta<\/strong><\/b> na proizvod do zaliha. Me\u0111utim, va\u017eno je napomenuti da je preferencijalna zaliha <b><strong class=\"font-semibold\">ograni\u010dena<\/strong><\/b> jer je proizvod izuzetno popularan me\u0111u korisnicima u Hrvatskoj.<\/p>\n<p class=\"text-body font-regular leading-[24px] pt-[9px] pb-xxs\" dir=\"ltr\">Ova <b><strong class=\"font-semibold\">ograni\u010dena ponuda<\/strong><\/b> ne\u0107e dugo trajati, stoga preporu\u010dujemo da naru\u010dite \u0161to prije kako ne biste propustili ovu jedinstvenu priliku za kupnju po sni\u017eenoj cijeni.<\/p>\n<h2 class=\"font-semibold pdf-heading-class-replace text-h3 leading-[40px] pb-xxs [&amp;:not(:first-child)]:pt-[21px] [&amp;_a]:underline-offset-[6px] [&amp;_.underline]:underline-offset-[6px]\" dir=\"ltr\">Kako se koristi Keto Tea? Uputstvo za kori\u0161tenje<\/h2>\n<p class=\"text-body font-regular leading-[24px] pt-[9px] pb-xxs\" dir=\"ltr\"><b><strong class=\"font-semibold\">Preporu\u010dena doza:<\/strong><\/b> Pripremite jednu \u0161alicu Keto Tea dnevno stavljanjem jedne vre\u0107ice \u010daja u \u0161alicu vru\u0107eg voda.<\/p>\n<p class=\"text-body font-regular leading-[24px] pt-[9px] pb-xxs\" dir=\"ltr\"><b><strong class=\"font-semibold\">Uputstvo za pripremu:<\/strong><\/b> Ostavite \u010daj da se kuha 3-5 minuta za optimalne rezultate. Mo\u017eete dodati med ili limun po \u017eelji.<\/p>\n<p class=\"text-body font-regular leading-[24px] pt-[9px] pb-xxs\" dir=\"ltr\"><b><strong class=\"font-semibold\">U\u010destalost kori\u0161tenja:<\/strong><\/b> Za najbolje rezultate, pijte \u010daj svaki dan u isto vrijeme, po\u017eeljno ujutro na prazan \u017eeludac.<\/p>\n<p class=\"text-body font-regular leading-[24px] pt-[9px] pb-xxs\" dir=\"ltr\"><b><strong class=\"font-semibold\">Trajanje tretmana:<\/strong><\/b> Preporu\u010duje se kori\u0161tenje kroz period od najmanje 30 dana za vidljive rezultate.<\/p>\n<h2 class=\"font-semibold pdf-heading-class-replace text-h3 leading-[40px] pb-xxs [&amp;:not(:first-child)]:pt-[21px] [&amp;_a]:underline-offset-[6px] [&amp;_.underline]:underline-offset-[6px]\" dir=\"ltr\">Keto Tea &#8211; \u010cesto postavljena pitanja<\/h2>\n<p class=\"text-body font-regular leading-[24px] pt-[9px] pb-xxs\" dir=\"ltr\"><b><strong class=\"font-semibold\">Da li Keto Tea ima nuspojave?<\/strong><\/b><br \/>\nKeto Tea je proizveden od prirodnih sastojaka i op\u0107enito je siguran za kori\u0161tenje. Me\u0111utim, osobe osjetljive na kofein trebaju biti oprezne.<\/p>\n<p class=\"text-body font-regular leading-[24px] pt-[9px] pb-xxs\" dir=\"ltr\"><b><strong class=\"font-semibold\">Koliko brzo mogu o\u010dekivati rezultate?<\/strong><\/b><br \/>\nVe\u0107ina korisnika vidi prve rezultate ve\u0107 nakon 5-7 dana redovite upotrebe.<\/p>\n<p class=\"text-body font-regular leading-[24px] pt-[9px] pb-xxs\" dir=\"ltr\"><b><strong class=\"font-semibold\">Mogu li kombinirati Keto Tea s drugim suplementima?<\/strong><\/b><br \/>\nDa, Keto Tea se mo\u017ee sigurno kombinirati s drugim prirodnim suplementima, ali preporu\u010dujemo konzultaciju s lije\u010dnikom.<\/p>\n<p class=\"text-body font-regular leading-[24px] pt-[9px] pb-xxs\" dir=\"ltr\"><b><strong class=\"font-semibold\">Je li Keto Tea pogodan za vegetarijance?<\/strong><\/b><br \/>\nDa, svi sastojci su biljnog podrijetla i potpuno su pogodni za vegetarijance i vegane.<\/p>\n","protected":false},"excerpt":{"rendered":"<p>Keto Tea \u010daj predstavlja inovativno rje\u0161enje za sve koji \u017eele izgubiti vi\u0161ak kilograma na prirodan i siguran na\u010din. Ovaj jedinstveni \u010daj za mr\u0161avljenje kombinira mo\u0107ne prirodne sastojke koji podr\u017eavaju ketogenu dijetu i ubrzavaju proces sagorijevanja masti. Proizvod dolazi u prakti\u010dnoj formi \u010daja koji se lako priprema i ugodno pije. Keto Tea \u010daj je posebno formuliran [&hellip;]<\/p>\n","protected":false},"featured_media":552,"template":"","meta":{"iawp_total_views":28},"product_brand":[],"product_cat":[18],"product_tag":[],"class_list":{"0":"post-551","1":"product","2":"type-product","3":"status-publish","4":"has-post-thumbnail","6":"product_cat-mrsavljenje","8":"entry","9":"has-media","11":"first","12":"instock","13":"sale","14":"shipping-taxable","15":"purchasable","16":"product-type-simple","17":"has-product-nav","18":"col","19":"span_1_of_3","20":"owp-content-center","21":"owp-thumbs-layout-horizontal","22":"owp-btn-normal","23":"owp-tabs-layout-horizontal","24":"has-no-thumbnails"},"yoast_head":"<!-- This site is optimized with the Yoast SEO plugin v27.6 - https:\/\/yoast.com\/product\/yoast-seo-wordpress\/ -->\n<title>Keto Tea - Online Trgovina<\/title>\n<meta name=\"robots\" content=\"index, follow, max-snippet:-1, max-image-preview:large, max-video-preview:-1\" \/>\n<link rel=\"canonical\" href=\"https:\/\/poliklinika-kantrida-dental.com\/ljekarna\/product\/keto-tea\/\" \/>\n<meta property=\"og:locale\" content=\"hr_HR\" \/>\n<meta property=\"og:type\" content=\"article\" \/>\n<meta property=\"og:title\" content=\"Keto Tea - Online Trgovina\" \/>\n<meta property=\"og:description\" content=\"Keto Tea \u010daj predstavlja inovativno rje\u0161enje za sve koji \u017eele izgubiti vi\u0161ak kilograma na prirodan i siguran na\u010din. Ovaj jedinstveni \u010daj za mr\u0161avljenje kombinira mo\u0107ne prirodne sastojke koji podr\u017eavaju ketogenu dijetu i ubrzavaju proces sagorijevanja masti. Proizvod dolazi u prakti\u010dnoj formi \u010daja koji se lako priprema i ugodno pije. Keto Tea \u010daj je posebno formuliran [&hellip;]\" \/>\n<meta property=\"og:url\" content=\"https:\/\/poliklinika-kantrida-dental.com\/ljekarna\/product\/keto-tea\/\" \/>\n<meta property=\"og:site_name\" content=\"Online Trgovina\" \/>\n<meta property=\"og:image\" content=\"https:\/\/poliklinika-kantrida-dental.com\/ljekarna\/wp-content\/uploads\/2025\/08\/keto-tea.jpg\" \/>\n\t<meta property=\"og:image:width\" content=\"250\" \/>\n\t<meta property=\"og:image:height\" content=\"300\" \/>\n\t<meta property=\"og:image:type\" content=\"image\/jpeg\" \/>\n<meta name=\"twitter:card\" content=\"summary_large_image\" \/>\n<meta name=\"twitter:label1\" content=\"Procijenjeno vrijeme \u010ditanja\" \/>\n\t<meta name=\"twitter:data1\" content=\"1 minuta\" \/>\n<script type=\"application\/ld+json\" class=\"yoast-schema-graph\">{\"@context\":\"https:\\\/\\\/schema.org\",\"@graph\":[{\"@type\":\"WebPage\",\"@id\":\"https:\\\/\\\/poliklinika-kantrida-dental.com\\\/ljekarna\\\/product\\\/keto-tea\\\/\",\"url\":\"https:\\\/\\\/poliklinika-kantrida-dental.com\\\/ljekarna\\\/product\\\/keto-tea\\\/\",\"name\":\"Keto Tea - Online Trgovina\",\"isPartOf\":{\"@id\":\"https:\\\/\\\/poliklinika-kantrida-dental.com\\\/ljekarna\\\/#website\"},\"primaryImageOfPage\":{\"@id\":\"https:\\\/\\\/poliklinika-kantrida-dental.com\\\/ljekarna\\\/product\\\/keto-tea\\\/#primaryimage\"},\"image\":{\"@id\":\"https:\\\/\\\/poliklinika-kantrida-dental.com\\\/ljekarna\\\/product\\\/keto-tea\\\/#primaryimage\"},\"thumbnailUrl\":\"https:\\\/\\\/poliklinika-kantrida-dental.com\\\/ljekarna\\\/wp-content\\\/uploads\\\/2025\\\/08\\\/keto-tea.jpg\",\"datePublished\":\"2025-08-31T18:31:52+00:00\",\"breadcrumb\":{\"@id\":\"https:\\\/\\\/poliklinika-kantrida-dental.com\\\/ljekarna\\\/product\\\/keto-tea\\\/#breadcrumb\"},\"inLanguage\":\"hr\",\"potentialAction\":[{\"@type\":\"ReadAction\",\"target\":[\"https:\\\/\\\/poliklinika-kantrida-dental.com\\\/ljekarna\\\/product\\\/keto-tea\\\/\"]}]},{\"@type\":\"ImageObject\",\"inLanguage\":\"hr\",\"@id\":\"https:\\\/\\\/poliklinika-kantrida-dental.com\\\/ljekarna\\\/product\\\/keto-tea\\\/#primaryimage\",\"url\":\"https:\\\/\\\/poliklinika-kantrida-dental.com\\\/ljekarna\\\/wp-content\\\/uploads\\\/2025\\\/08\\\/keto-tea.jpg\",\"contentUrl\":\"https:\\\/\\\/poliklinika-kantrida-dental.com\\\/ljekarna\\\/wp-content\\\/uploads\\\/2025\\\/08\\\/keto-tea.jpg\",\"width\":250,\"height\":300,\"caption\":\"keto tea\"},{\"@type\":\"BreadcrumbList\",\"@id\":\"https:\\\/\\\/poliklinika-kantrida-dental.com\\\/ljekarna\\\/product\\\/keto-tea\\\/#breadcrumb\",\"itemListElement\":[{\"@type\":\"ListItem\",\"position\":1,\"name\":\"Po\u010detna stranica\",\"item\":\"https:\\\/\\\/poliklinika-kantrida-dental.com\\\/ljekarna\\\/\"},{\"@type\":\"ListItem\",\"position\":2,\"name\":\"Proizvodi\",\"item\":\"https:\\\/\\\/poliklinika-kantrida-dental.com\\\/ljekarna\\\/\"},{\"@type\":\"ListItem\",\"position\":3,\"name\":\"Keto Tea\"}]},{\"@type\":\"WebSite\",\"@id\":\"https:\\\/\\\/poliklinika-kantrida-dental.com\\\/ljekarna\\\/#website\",\"url\":\"https:\\\/\\\/poliklinika-kantrida-dental.com\\\/ljekarna\\\/\",\"name\":\"Online Trgovina\",\"description\":\"\",\"potentialAction\":[{\"@type\":\"SearchAction\",\"target\":{\"@type\":\"EntryPoint\",\"urlTemplate\":\"https:\\\/\\\/poliklinika-kantrida-dental.com\\\/ljekarna\\\/?s={search_term_string}\"},\"query-input\":{\"@type\":\"PropertyValueSpecification\",\"valueRequired\":true,\"valueName\":\"search_term_string\"}}],\"inLanguage\":\"hr\"}]}<\/script>\n<!-- \/ Yoast SEO plugin. -->","yoast_head_json":{"title":"Keto Tea - Online Trgovina","robots":{"index":"index","follow":"follow","max-snippet":"max-snippet:-1","max-image-preview":"max-image-preview:large","max-video-preview":"max-video-preview:-1"},"canonical":"https:\/\/poliklinika-kantrida-dental.com\/ljekarna\/product\/keto-tea\/","og_locale":"hr_HR","og_type":"article","og_title":"Keto Tea - Online Trgovina","og_description":"Keto Tea \u010daj predstavlja inovativno rje\u0161enje za sve koji \u017eele izgubiti vi\u0161ak kilograma na prirodan i siguran na\u010din. Ovaj jedinstveni \u010daj za mr\u0161avljenje kombinira mo\u0107ne prirodne sastojke koji podr\u017eavaju ketogenu dijetu i ubrzavaju proces sagorijevanja masti. Proizvod dolazi u prakti\u010dnoj formi \u010daja koji se lako priprema i ugodno pije. Keto Tea \u010daj je posebno formuliran [&hellip;]","og_url":"https:\/\/poliklinika-kantrida-dental.com\/ljekarna\/product\/keto-tea\/","og_site_name":"Online Trgovina","og_image":[{"width":250,"height":300,"url":"https:\/\/poliklinika-kantrida-dental.com\/ljekarna\/wp-content\/uploads\/2025\/08\/keto-tea.jpg","type":"image\/jpeg"}],"twitter_card":"summary_large_image","twitter_misc":{"Procijenjeno vrijeme \u010ditanja":"1 minuta"},"schema":{"@context":"https:\/\/schema.org","@graph":[{"@type":"WebPage","@id":"https:\/\/poliklinika-kantrida-dental.com\/ljekarna\/product\/keto-tea\/","url":"https:\/\/poliklinika-kantrida-dental.com\/ljekarna\/product\/keto-tea\/","name":"Keto Tea - Online Trgovina","isPartOf":{"@id":"https:\/\/poliklinika-kantrida-dental.com\/ljekarna\/#website"},"primaryImageOfPage":{"@id":"https:\/\/poliklinika-kantrida-dental.com\/ljekarna\/product\/keto-tea\/#primaryimage"},"image":{"@id":"https:\/\/poliklinika-kantrida-dental.com\/ljekarna\/product\/keto-tea\/#primaryimage"},"thumbnailUrl":"https:\/\/poliklinika-kantrida-dental.com\/ljekarna\/wp-content\/uploads\/2025\/08\/keto-tea.jpg","datePublished":"2025-08-31T18:31:52+00:00","breadcrumb":{"@id":"https:\/\/poliklinika-kantrida-dental.com\/ljekarna\/product\/keto-tea\/#breadcrumb"},"inLanguage":"hr","potentialAction":[{"@type":"ReadAction","target":["https:\/\/poliklinika-kantrida-dental.com\/ljekarna\/product\/keto-tea\/"]}]},{"@type":"ImageObject","inLanguage":"hr","@id":"https:\/\/poliklinika-kantrida-dental.com\/ljekarna\/product\/keto-tea\/#primaryimage","url":"https:\/\/poliklinika-kantrida-dental.com\/ljekarna\/wp-content\/uploads\/2025\/08\/keto-tea.jpg","contentUrl":"https:\/\/poliklinika-kantrida-dental.com\/ljekarna\/wp-content\/uploads\/2025\/08\/keto-tea.jpg","width":250,"height":300,"caption":"keto tea"},{"@type":"BreadcrumbList","@id":"https:\/\/poliklinika-kantrida-dental.com\/ljekarna\/product\/keto-tea\/#breadcrumb","itemListElement":[{"@type":"ListItem","position":1,"name":"Po\u010detna stranica","item":"https:\/\/poliklinika-kantrida-dental.com\/ljekarna\/"},{"@type":"ListItem","position":2,"name":"Proizvodi","item":"https:\/\/poliklinika-kantrida-dental.com\/ljekarna\/"},{"@type":"ListItem","position":3,"name":"Keto Tea"}]},{"@type":"WebSite","@id":"https:\/\/poliklinika-kantrida-dental.com\/ljekarna\/#website","url":"https:\/\/poliklinika-kantrida-dental.com\/ljekarna\/","name":"Online Trgovina","description":"","potentialAction":[{"@type":"SearchAction","target":{"@type":"EntryPoint","urlTemplate":"https:\/\/poliklinika-kantrida-dental.com\/ljekarna\/?s={search_term_string}"},"query-input":{"@type":"PropertyValueSpecification","valueRequired":true,"valueName":"search_term_string"}}],"inLanguage":"hr"}]}},"_links":{"self":[{"href":"https:\/\/poliklinika-kantrida-dental.com\/ljekarna\/wp-json\/wp\/v2\/product\/551","targetHints":{"allow":["GET"]}}],"collection":[{"href":"https:\/\/poliklinika-kantrida-dental.com\/ljekarna\/wp-json\/wp\/v2\/product"}],"about":[{"href":"https:\/\/poliklinika-kantrida-dental.com\/ljekarna\/wp-json\/wp\/v2\/types\/product"}],"wp:featuredmedia":[{"embeddable":true,"href":"https:\/\/poliklinika-kantrida-dental.com\/ljekarna\/wp-json\/wp\/v2\/media\/552"}],"wp:attachment":[{"href":"https:\/\/poliklinika-kantrida-dental.com\/ljekarna\/wp-json\/wp\/v2\/media?parent=551"}],"wp:term":[{"taxonomy":"product_brand","embeddable":true,"href":"https:\/\/poliklinika-kantrida-dental.com\/ljekarna\/wp-json\/wp\/v2\/product_brand?post=551"},{"taxonomy":"product_cat","embeddable":true,"href":"https:\/\/poliklinika-kantrida-dental.com\/ljekarna\/wp-json\/wp\/v2\/product_cat?post=551"},{"taxonomy":"product_tag","embeddable":true,"href":"https:\/\/poliklinika-kantrida-dental.com\/ljekarna\/wp-json\/wp\/v2\/product_tag?post=551"}],"curies":[{"name":"wp","href":"https:\/\/api.w.org\/{rel}","templated":true}]}}