{"id":541,"date":"2025-08-31T17:39:19","date_gmt":"2025-08-31T17:39:19","guid":{"rendered":"https:\/\/poliklinika-kantrida-dental.com\/ljekarna\/?post_type=product&#038;p=541"},"modified":"2025-08-31T17:39:19","modified_gmt":"2025-08-31T17:39:19","slug":"max-vibe","status":"publish","type":"product","link":"https:\/\/poliklinika-kantrida-dental.com\/ljekarna\/product\/max-vibe\/","title":{"rendered":"Max Vibe"},"content":{"rendered":"<p class=\"text-body font-regular leading-[24px] pt-[9px] pb-xxs\" dir=\"ltr\"><b><strong class=\"font-semibold\">Max Vibe<\/strong><\/b> je prirodni pripravak koji poti\u010de pove\u0107anje mu\u0161kog genitalnog organa i pobolj\u0161ava potenciju. Max Vibe dolazi u obliku gela za vanjsku primjenu koji se lako nanosi i brzo upija. Sastojci u Max Vibe-u prodiru u cirkulatorni sustav i stimuliraju krvne \u017eile, opu\u0161taju mi\u0161i\u0107e kavernoznih tijela u genitalijama. Zbog toga se pobolj\u0161ava protok krvi prema organu i sukladno tome pove\u0107ava kvaliteta spolnog odnosa. Max Vibe sadr\u017ei pa\u017eljivo odabrane prirodne sastojke koji rade sinergijski za postizanje najboljih rezultata. Proizvod je razvijen prema najnovijim znanstvenim istra\u017eivanjima u oblasti mu\u0161ke seksualnosti.<\/p>\n<h2 class=\"font-semibold pdf-heading-class-replace text-h3 leading-[40px] pb-xxs [&amp;:not(:first-child)]:pt-[21px] [&amp;_a]:underline-offset-[6px] [&amp;_.underline]:underline-offset-[6px]\" dir=\"ltr\">Max Vibe &#8211; Da li zaista djeluje?<\/h2>\n<p class=\"text-body font-regular leading-[24px] pt-[9px] pb-xxs\" dir=\"ltr\">Max Vibe zaista djeluje zahvaljuju\u0107i svojoj naprednoj formuli koja cilja na pobolj\u0161anje cirkulacije i mi\u0161i\u0107ne funkcije. Rezultati se mogu primijetiti ve\u0107 nakon nekoliko primjena, a dugoro\u010dna upotreba donosi trajne pobolj\u0161anja. Proizvod radi na principu pove\u0107anja protoka krvi u genitalnu regiju \u0161to rezultira boljom erekcijom i pove\u0107anom osjetljivo\u0161\u0107u. Isplativost Max Vibe-a \u010dini ga odli\u010dnom investicijom u mu\u0161ko zdravlje jer jedna tuba traje dovoljno dugo za postizanje vidljivih rezultata.<\/p>\n<h2 class=\"font-semibold pdf-heading-class-replace text-h3 leading-[40px] pb-xxs [&amp;:not(:first-child)]:pt-[21px] [&amp;_a]:underline-offset-[6px] [&amp;_.underline]:underline-offset-[6px]\" dir=\"ltr\">Max Vibe &#8211; Iskustva Korisnika u Hrvatskoj<\/h2>\n<p class=\"text-body font-regular leading-[24px] pt-[9px] pb-xxs\" dir=\"ltr\">Korisnici u Hrvatskoj su iznimno zadovoljni rezultatima koje pru\u017ea Max Vibe, a proizvod je stekao veliku popularnost me\u0111u mu\u0161karcima razli\u010ditih dobnih skupina. Pozitivne recenzije i iskustva kupaca potvr\u0111uju efikasnost ovog prirodnog pripravka.<\/p>\n<p class=\"text-body font-regular leading-[24px] pt-[9px] pb-xxs\" dir=\"ltr\"><b><strong class=\"font-semibold\">Marko, 34 godine, Zagreb<\/strong><\/b>: &#8220;Koristim Max Vibe ve\u0107 tri mjeseca i rezultati su nevjerojatni. Osje\u0107am se puno sigurniji u intimnim situacijama.&#8221;<\/p>\n<p class=\"text-body font-regular leading-[24px] pt-[9px] pb-xxs\" dir=\"ltr\"><b><strong class=\"font-semibold\">Petar, 41 godina, Split<\/strong><\/b>: &#8220;Nakon \u0161to sam probao Max Vibe, moja supruga i ja smo ponovno otkrili strast u na\u0161em braku. Preporu\u010dujem svim mu\u0161karcima.&#8221;<\/p>\n<p class=\"text-body font-regular leading-[24px] pt-[9px] pb-xxs\" dir=\"ltr\"><b><strong class=\"font-semibold\">Ante, 28 godina, Rijeka<\/strong><\/b>: &#8220;Skepti\u010dan sam bio na po\u010detku, ali Max Vibe je nadma\u0161io sva moja o\u010dekivanja. Kona\u010dno imam rje\u0161enje za svoj problem.&#8221;<\/p>\n<h2 class=\"font-semibold pdf-heading-class-replace text-h3 leading-[40px] pb-xxs [&amp;:not(:first-child)]:pt-[21px] [&amp;_a]:underline-offset-[6px] [&amp;_.underline]:underline-offset-[6px]\" dir=\"ltr\">Max Vibe &#8211; Sastav Proizvoda<\/h2>\n<p class=\"text-body font-regular leading-[24px] pt-[9px] pb-xxs\" dir=\"ltr\"><b><strong class=\"font-semibold\">Aqua<\/strong><\/b> &#8211; osnovna komponenta koja omogu\u0107uje pravilnu teksturu i aplikaciju gela.<\/p>\n<p class=\"text-body font-regular leading-[24px] pt-[9px] pb-xxs\" dir=\"ltr\"><b><strong class=\"font-semibold\">Glycerin<\/strong><\/b> &#8211; prirodni ovla\u017eiva\u010d koji \u010duva ko\u017eu hidratiziranom i sprje\u010dava iritaciju.<\/p>\n<p class=\"text-body font-regular leading-[24px] pt-[9px] pb-xxs\" dir=\"ltr\"><b><strong class=\"font-semibold\">Niacinamide<\/strong><\/b> &#8211; oblik vitamina B3 koji pobolj\u0161ava cirkulaciju i podr\u017eava zdravlje ko\u017ee.<\/p>\n<p class=\"text-body font-regular leading-[24px] pt-[9px] pb-xxs\" dir=\"ltr\"><b><strong class=\"font-semibold\">Caesalpinia Spinosa gum<\/strong><\/b> &#8211; prirodni zgu\u0161njiva\u010d koji osigurava optimalnu konzistenciju proizvoda.<\/p>\n<p class=\"text-body font-regular leading-[24px] pt-[9px] pb-xxs\" dir=\"ltr\"><b><strong class=\"font-semibold\">Zingiber Officinale root extract<\/strong><\/b> &#8211; izvod korijena \u0111umbira koji stimulira cirkulaciju i pove\u0107ava osjetljivost.<\/p>\n<p class=\"text-body font-regular leading-[24px] pt-[9px] pb-xxs\" dir=\"ltr\"><b><strong class=\"font-semibold\">Paullinia Cupana Seed extract<\/strong><\/b> &#8211; izvod sjemenki guarane koji pove\u0107ava energiju i pobolj\u0161ava performanse.<\/p>\n<p class=\"text-body font-regular leading-[24px] pt-[9px] pb-xxs\" dir=\"ltr\"><b><strong class=\"font-semibold\">Sodium Hyaluronate<\/strong><\/b> &#8211; mo\u0107an hijaluronski sastojak koji odr\u017eava hidrataciju i elasti\u010dnost ko\u017ee.<\/p>\n<p class=\"text-body font-regular leading-[24px] pt-[9px] pb-xxs\" dir=\"ltr\"><b><strong class=\"font-semibold\">Tocopherol<\/strong><\/b> &#8211; prirodni vitamin E koji \u0161titi od oksidativnog stresa i podr\u017eava regeneraciju tkiva.<\/p>\n<h2 class=\"font-semibold pdf-heading-class-replace text-h3 leading-[40px] pb-xxs [&amp;:not(:first-child)]:pt-[21px] [&amp;_a]:underline-offset-[6px] [&amp;_.underline]:underline-offset-[6px]\" dir=\"ltr\">Max Vibe &#8211; Glavne Prednosti<\/h2>\n<p class=\"text-body font-regular leading-[24px] pt-[9px] pb-xxs\" dir=\"ltr\">Max Vibe se isti\u010de <b><strong class=\"font-semibold\">brzim djelovanjem<\/strong><\/b> &#8211; rezultati su vidljivi ve\u0107 nakon nekoliko primjena. <b><strong class=\"font-semibold\">Sigurnost<\/strong><\/b> je prioritet jer se proizvod sastoji od prirodnih sastojaka bez \u0161tetnih kemikalija. <b><strong class=\"font-semibold\">Diskretnost<\/strong><\/b> je zajam\u010dena diskretnim pakovanjem i mogu\u0107no\u0161\u0107u narud\u017ebe putem interneta. Dodatno, Max Vibe ne zahtijeva recepte ili lije\u010dni\u010dke preglede, \u0161to ga \u010dini dostupnim svim mu\u0161karcima koji \u017eele pobolj\u0161ati svoje seksualne performanse.<\/p>\n<h2 class=\"font-semibold pdf-heading-class-replace text-h3 leading-[40px] pb-xxs [&amp;:not(:first-child)]:pt-[21px] [&amp;_a]:underline-offset-[6px] [&amp;_.underline]:underline-offset-[6px]\" dir=\"ltr\">Gdje Kupiti Max Vibe? Ljekarna, DM, Nju\u0161kalo<\/h2>\n<p class=\"text-body font-regular leading-[24px] pt-[9px] pb-xxs\" dir=\"ltr\">Max Vibe trenutno nije dostupan u drugim internetskim ljekarnama, DM prodavnicama ili oglasniku Nju\u0161kalo. To je zato \u0161to je proizvod trenutno dostupan u ograni\u010denim koli\u010dinama i dostupan je samo u ljekarnama koje rade izravno s proizvo\u0111a\u010dem i sklopili su ekskluzivni ugovor za opskrbu. Stoga je Max Vibe dostupan samo u na\u0161oj ljekarni, gdje jam\u010dimo originalni proizvod i pouzdanu uslugu.<\/p>\n<p class=\"text-body font-regular leading-[24px] pt-[9px] pb-xxs\" dir=\"ltr\">Max Vibe je dostupan na na\u0161oj web stranici ljekarne &#8211; jednostavno kliknite gumb &#8220;Naru\u010di&#8221;, ispunite obrazac i odaberite prikladan na\u010din otpreme i pla\u0107anja. Narud\u017eba se obi\u010dno isporu\u010duje u roku od 24-72 sata i pla\u0107ate tek kad vam se proizvod dostavi na adresu.<\/p>\n<h2 class=\"font-semibold pdf-heading-class-replace text-h3 leading-[40px] pb-xxs [&amp;:not(:first-child)]:pt-[21px] [&amp;_a]:underline-offset-[6px] [&amp;_.underline]:underline-offset-[6px]\" dir=\"ltr\">Koliko ko\u0161ta Max Vibe? Cijena<\/h2>\n<p class=\"text-body font-regular leading-[24px] pt-[9px] pb-xxs\" dir=\"ltr\"><b><strong class=\"font-semibold\">Cijena<\/strong><\/b> Max Vibe-a sada je 78 eura, ali trenutno postoji akcija na na\u0161oj web stranici, gdje osiguravamo <b><strong class=\"font-semibold\">50% popust<\/strong><\/b> na proizvod do zaliha. Me\u0111utim, va\u017eno je napomenuti da je preferencijalna zaliha <b><strong class=\"font-semibold\">ograni\u010dena<\/strong><\/b> jer je proizvod izuzetno popularan. Preporu\u010dujemo da naru\u010dite \u0161to prije kako biste iskoristili ovu iznimnu ponudu.<\/p>\n<h2 class=\"font-semibold pdf-heading-class-replace text-h3 leading-[40px] pb-xxs [&amp;:not(:first-child)]:pt-[21px] [&amp;_a]:underline-offset-[6px] [&amp;_.underline]:underline-offset-[6px]\" dir=\"ltr\">Kako se koristi Max Vibe? Uputstvo za kori\u0161tenje<\/h2>\n<p class=\"text-body font-regular leading-[24px] pt-[9px] pb-xxs\" dir=\"ltr\"><b><strong class=\"font-semibold\">Preporu\u010dena doza<\/strong><\/b> Max Vibe-a je mala koli\u010dina gela koja se nanosi na \u010dist i suh genitaliju. Gel se nje\u017eno utire kru\u017enim pokretima do potpune apsorpcije. <b><strong class=\"font-semibold\">U\u010destalost<\/strong><\/b> kori\u0161tenja je jednom dnevno, najbolje 30 minuta prije planiranog spolnog odnosa. Za optimalne rezultate, koristite Max Vibe redovito tijekom najmanje mjesec dana.<\/p>\n<h2 class=\"font-semibold pdf-heading-class-replace text-h3 leading-[40px] pb-xxs [&amp;:not(:first-child)]:pt-[21px] [&amp;_a]:underline-offset-[6px] [&amp;_.underline]:underline-offset-[6px]\" dir=\"ltr\">Max Vibe &#8211; \u010cesto postavljena pitanja<\/h2>\n<p class=\"text-body font-regular leading-[24px] pt-[9px] pb-xxs\" dir=\"ltr\"><b><strong class=\"font-semibold\">Je li Max Vibe siguran za kori\u0161tenje?<\/strong><\/b><br \/>\nDa, Max Vibe sadr\u017ei prirodne sastojke i siguran je za redovitu upotrebu.<\/p>\n<p class=\"text-body font-regular leading-[24px] pt-[9px] pb-xxs\" dir=\"ltr\"><b><strong class=\"font-semibold\">Koliko brzo mogu o\u010dekivati rezultate?<\/strong><\/b><br \/>\nRezultati se mogu primijetiti ve\u0107 nakon nekoliko primjena, a optimalni efekti dosti\u017eu se nakon mjesec dana redovite upotrebe.<\/p>\n<p class=\"text-body font-regular leading-[24px] pt-[9px] pb-xxs\" dir=\"ltr\"><b><strong class=\"font-semibold\">Mogu li koristiti Max Vibe s drugim proizvodima?<\/strong><\/b><br \/>\nMax Vibe je kompatibilan s ve\u0107inom drugih proizvoda, ali preporu\u010duje se konzultacija s ljekarnikom.<\/p>\n<p class=\"text-body font-regular leading-[24px] pt-[9px] pb-xxs\" dir=\"ltr\"><b><strong class=\"font-semibold\">Postoje li nuspojave?<\/strong><\/b><br \/>\nMax Vibe rijetko uzrokuje nuspojave zahvaljuju\u0107i prirodnom sastavu, ali prekinite kori\u0161tenje ako do\u0111e do iritacije.<\/p>\n","protected":false},"excerpt":{"rendered":"<p>Max Vibe je prirodni pripravak koji poti\u010de pove\u0107anje mu\u0161kog genitalnog organa i pobolj\u0161ava potenciju. Max Vibe dolazi u obliku gela za vanjsku primjenu koji se lako nanosi i brzo upija. Sastojci u Max Vibe-u prodiru u cirkulatorni sustav i stimuliraju krvne \u017eile, opu\u0161taju mi\u0161i\u0107e kavernoznih tijela u genitalijama. Zbog toga se pobolj\u0161ava protok krvi prema [&hellip;]<\/p>\n","protected":false},"featured_media":542,"template":"","meta":{"iawp_total_views":274},"product_brand":[],"product_cat":[17],"product_tag":[],"class_list":{"0":"post-541","1":"product","2":"type-product","3":"status-publish","4":"has-post-thumbnail","6":"product_cat-potencija","8":"entry","9":"has-media","11":"first","12":"instock","13":"sale","14":"shipping-taxable","15":"purchasable","16":"product-type-simple","17":"has-product-nav","18":"col","19":"span_1_of_3","20":"owp-content-center","21":"owp-thumbs-layout-horizontal","22":"owp-btn-normal","23":"owp-tabs-layout-horizontal","24":"has-no-thumbnails"},"yoast_head":"<!-- This site is optimized with the Yoast SEO plugin v27.6 - https:\/\/yoast.com\/product\/yoast-seo-wordpress\/ -->\n<title>Max Vibe - Online Trgovina<\/title>\n<meta name=\"robots\" content=\"index, follow, max-snippet:-1, max-image-preview:large, max-video-preview:-1\" \/>\n<link rel=\"canonical\" href=\"https:\/\/poliklinika-kantrida-dental.com\/ljekarna\/product\/max-vibe\/\" \/>\n<meta property=\"og:locale\" content=\"hr_HR\" \/>\n<meta property=\"og:type\" content=\"article\" \/>\n<meta property=\"og:title\" content=\"Max Vibe - Online Trgovina\" \/>\n<meta property=\"og:description\" content=\"Max Vibe je prirodni pripravak koji poti\u010de pove\u0107anje mu\u0161kog genitalnog organa i pobolj\u0161ava potenciju. Max Vibe dolazi u obliku gela za vanjsku primjenu koji se lako nanosi i brzo upija. Sastojci u Max Vibe-u prodiru u cirkulatorni sustav i stimuliraju krvne \u017eile, opu\u0161taju mi\u0161i\u0107e kavernoznih tijela u genitalijama. Zbog toga se pobolj\u0161ava protok krvi prema [&hellip;]\" \/>\n<meta property=\"og:url\" content=\"https:\/\/poliklinika-kantrida-dental.com\/ljekarna\/product\/max-vibe\/\" \/>\n<meta property=\"og:site_name\" content=\"Online Trgovina\" \/>\n<meta property=\"og:image\" content=\"https:\/\/poliklinika-kantrida-dental.com\/ljekarna\/wp-content\/uploads\/2025\/08\/max-vibe.jpg\" \/>\n\t<meta property=\"og:image:width\" content=\"250\" \/>\n\t<meta property=\"og:image:height\" content=\"300\" \/>\n\t<meta property=\"og:image:type\" content=\"image\/jpeg\" \/>\n<meta name=\"twitter:card\" content=\"summary_large_image\" \/>\n<meta name=\"twitter:label1\" content=\"Procijenjeno vrijeme \u010ditanja\" \/>\n\t<meta name=\"twitter:data1\" content=\"5 minuta\" \/>\n<script type=\"application\/ld+json\" class=\"yoast-schema-graph\">{\"@context\":\"https:\\\/\\\/schema.org\",\"@graph\":[{\"@type\":\"WebPage\",\"@id\":\"https:\\\/\\\/poliklinika-kantrida-dental.com\\\/ljekarna\\\/product\\\/max-vibe\\\/\",\"url\":\"https:\\\/\\\/poliklinika-kantrida-dental.com\\\/ljekarna\\\/product\\\/max-vibe\\\/\",\"name\":\"Max Vibe - Online Trgovina\",\"isPartOf\":{\"@id\":\"https:\\\/\\\/poliklinika-kantrida-dental.com\\\/ljekarna\\\/#website\"},\"primaryImageOfPage\":{\"@id\":\"https:\\\/\\\/poliklinika-kantrida-dental.com\\\/ljekarna\\\/product\\\/max-vibe\\\/#primaryimage\"},\"image\":{\"@id\":\"https:\\\/\\\/poliklinika-kantrida-dental.com\\\/ljekarna\\\/product\\\/max-vibe\\\/#primaryimage\"},\"thumbnailUrl\":\"https:\\\/\\\/poliklinika-kantrida-dental.com\\\/ljekarna\\\/wp-content\\\/uploads\\\/2025\\\/08\\\/max-vibe.jpg\",\"datePublished\":\"2025-08-31T17:39:19+00:00\",\"breadcrumb\":{\"@id\":\"https:\\\/\\\/poliklinika-kantrida-dental.com\\\/ljekarna\\\/product\\\/max-vibe\\\/#breadcrumb\"},\"inLanguage\":\"hr\",\"potentialAction\":[{\"@type\":\"ReadAction\",\"target\":[\"https:\\\/\\\/poliklinika-kantrida-dental.com\\\/ljekarna\\\/product\\\/max-vibe\\\/\"]}]},{\"@type\":\"ImageObject\",\"inLanguage\":\"hr\",\"@id\":\"https:\\\/\\\/poliklinika-kantrida-dental.com\\\/ljekarna\\\/product\\\/max-vibe\\\/#primaryimage\",\"url\":\"https:\\\/\\\/poliklinika-kantrida-dental.com\\\/ljekarna\\\/wp-content\\\/uploads\\\/2025\\\/08\\\/max-vibe.jpg\",\"contentUrl\":\"https:\\\/\\\/poliklinika-kantrida-dental.com\\\/ljekarna\\\/wp-content\\\/uploads\\\/2025\\\/08\\\/max-vibe.jpg\",\"width\":250,\"height\":300,\"caption\":\"max vibe\"},{\"@type\":\"BreadcrumbList\",\"@id\":\"https:\\\/\\\/poliklinika-kantrida-dental.com\\\/ljekarna\\\/product\\\/max-vibe\\\/#breadcrumb\",\"itemListElement\":[{\"@type\":\"ListItem\",\"position\":1,\"name\":\"Po\u010detna stranica\",\"item\":\"https:\\\/\\\/poliklinika-kantrida-dental.com\\\/ljekarna\\\/\"},{\"@type\":\"ListItem\",\"position\":2,\"name\":\"Proizvodi\",\"item\":\"https:\\\/\\\/poliklinika-kantrida-dental.com\\\/ljekarna\\\/\"},{\"@type\":\"ListItem\",\"position\":3,\"name\":\"Max Vibe\"}]},{\"@type\":\"WebSite\",\"@id\":\"https:\\\/\\\/poliklinika-kantrida-dental.com\\\/ljekarna\\\/#website\",\"url\":\"https:\\\/\\\/poliklinika-kantrida-dental.com\\\/ljekarna\\\/\",\"name\":\"Online Trgovina\",\"description\":\"\",\"potentialAction\":[{\"@type\":\"SearchAction\",\"target\":{\"@type\":\"EntryPoint\",\"urlTemplate\":\"https:\\\/\\\/poliklinika-kantrida-dental.com\\\/ljekarna\\\/?s={search_term_string}\"},\"query-input\":{\"@type\":\"PropertyValueSpecification\",\"valueRequired\":true,\"valueName\":\"search_term_string\"}}],\"inLanguage\":\"hr\"}]}<\/script>\n<!-- \/ Yoast SEO plugin. -->","yoast_head_json":{"title":"Max Vibe - Online Trgovina","robots":{"index":"index","follow":"follow","max-snippet":"max-snippet:-1","max-image-preview":"max-image-preview:large","max-video-preview":"max-video-preview:-1"},"canonical":"https:\/\/poliklinika-kantrida-dental.com\/ljekarna\/product\/max-vibe\/","og_locale":"hr_HR","og_type":"article","og_title":"Max Vibe - Online Trgovina","og_description":"Max Vibe je prirodni pripravak koji poti\u010de pove\u0107anje mu\u0161kog genitalnog organa i pobolj\u0161ava potenciju. Max Vibe dolazi u obliku gela za vanjsku primjenu koji se lako nanosi i brzo upija. Sastojci u Max Vibe-u prodiru u cirkulatorni sustav i stimuliraju krvne \u017eile, opu\u0161taju mi\u0161i\u0107e kavernoznih tijela u genitalijama. Zbog toga se pobolj\u0161ava protok krvi prema [&hellip;]","og_url":"https:\/\/poliklinika-kantrida-dental.com\/ljekarna\/product\/max-vibe\/","og_site_name":"Online Trgovina","og_image":[{"width":250,"height":300,"url":"https:\/\/poliklinika-kantrida-dental.com\/ljekarna\/wp-content\/uploads\/2025\/08\/max-vibe.jpg","type":"image\/jpeg"}],"twitter_card":"summary_large_image","twitter_misc":{"Procijenjeno vrijeme \u010ditanja":"5 minuta"},"schema":{"@context":"https:\/\/schema.org","@graph":[{"@type":"WebPage","@id":"https:\/\/poliklinika-kantrida-dental.com\/ljekarna\/product\/max-vibe\/","url":"https:\/\/poliklinika-kantrida-dental.com\/ljekarna\/product\/max-vibe\/","name":"Max Vibe - Online Trgovina","isPartOf":{"@id":"https:\/\/poliklinika-kantrida-dental.com\/ljekarna\/#website"},"primaryImageOfPage":{"@id":"https:\/\/poliklinika-kantrida-dental.com\/ljekarna\/product\/max-vibe\/#primaryimage"},"image":{"@id":"https:\/\/poliklinika-kantrida-dental.com\/ljekarna\/product\/max-vibe\/#primaryimage"},"thumbnailUrl":"https:\/\/poliklinika-kantrida-dental.com\/ljekarna\/wp-content\/uploads\/2025\/08\/max-vibe.jpg","datePublished":"2025-08-31T17:39:19+00:00","breadcrumb":{"@id":"https:\/\/poliklinika-kantrida-dental.com\/ljekarna\/product\/max-vibe\/#breadcrumb"},"inLanguage":"hr","potentialAction":[{"@type":"ReadAction","target":["https:\/\/poliklinika-kantrida-dental.com\/ljekarna\/product\/max-vibe\/"]}]},{"@type":"ImageObject","inLanguage":"hr","@id":"https:\/\/poliklinika-kantrida-dental.com\/ljekarna\/product\/max-vibe\/#primaryimage","url":"https:\/\/poliklinika-kantrida-dental.com\/ljekarna\/wp-content\/uploads\/2025\/08\/max-vibe.jpg","contentUrl":"https:\/\/poliklinika-kantrida-dental.com\/ljekarna\/wp-content\/uploads\/2025\/08\/max-vibe.jpg","width":250,"height":300,"caption":"max vibe"},{"@type":"BreadcrumbList","@id":"https:\/\/poliklinika-kantrida-dental.com\/ljekarna\/product\/max-vibe\/#breadcrumb","itemListElement":[{"@type":"ListItem","position":1,"name":"Po\u010detna stranica","item":"https:\/\/poliklinika-kantrida-dental.com\/ljekarna\/"},{"@type":"ListItem","position":2,"name":"Proizvodi","item":"https:\/\/poliklinika-kantrida-dental.com\/ljekarna\/"},{"@type":"ListItem","position":3,"name":"Max Vibe"}]},{"@type":"WebSite","@id":"https:\/\/poliklinika-kantrida-dental.com\/ljekarna\/#website","url":"https:\/\/poliklinika-kantrida-dental.com\/ljekarna\/","name":"Online Trgovina","description":"","potentialAction":[{"@type":"SearchAction","target":{"@type":"EntryPoint","urlTemplate":"https:\/\/poliklinika-kantrida-dental.com\/ljekarna\/?s={search_term_string}"},"query-input":{"@type":"PropertyValueSpecification","valueRequired":true,"valueName":"search_term_string"}}],"inLanguage":"hr"}]}},"_links":{"self":[{"href":"https:\/\/poliklinika-kantrida-dental.com\/ljekarna\/wp-json\/wp\/v2\/product\/541","targetHints":{"allow":["GET"]}}],"collection":[{"href":"https:\/\/poliklinika-kantrida-dental.com\/ljekarna\/wp-json\/wp\/v2\/product"}],"about":[{"href":"https:\/\/poliklinika-kantrida-dental.com\/ljekarna\/wp-json\/wp\/v2\/types\/product"}],"wp:featuredmedia":[{"embeddable":true,"href":"https:\/\/poliklinika-kantrida-dental.com\/ljekarna\/wp-json\/wp\/v2\/media\/542"}],"wp:attachment":[{"href":"https:\/\/poliklinika-kantrida-dental.com\/ljekarna\/wp-json\/wp\/v2\/media?parent=541"}],"wp:term":[{"taxonomy":"product_brand","embeddable":true,"href":"https:\/\/poliklinika-kantrida-dental.com\/ljekarna\/wp-json\/wp\/v2\/product_brand?post=541"},{"taxonomy":"product_cat","embeddable":true,"href":"https:\/\/poliklinika-kantrida-dental.com\/ljekarna\/wp-json\/wp\/v2\/product_cat?post=541"},{"taxonomy":"product_tag","embeddable":true,"href":"https:\/\/poliklinika-kantrida-dental.com\/ljekarna\/wp-json\/wp\/v2\/product_tag?post=541"}],"curies":[{"name":"wp","href":"https:\/\/api.w.org\/{rel}","templated":true}]}}