{"id":254,"date":"2025-06-12T18:42:40","date_gmt":"2025-06-12T18:42:40","guid":{"rendered":"https:\/\/poliklinika-kantrida-dental.com\/ljekarna\/?post_type=product&#038;p=254"},"modified":"2025-06-12T18:42:40","modified_gmt":"2025-06-12T18:42:40","slug":"pulsero","status":"publish","type":"product","link":"https:\/\/poliklinika-kantrida-dental.com\/ljekarna\/product\/pulsero\/","title":{"rendered":"Pulsero"},"content":{"rendered":"<p class=\"text-body font-regular leading-[24px] pt-[9px] pb-[2px]\" dir=\"ltr\">Pulsero je dodatak prehrani u obliku kapsula, posebno razvijen za pobolj\u0161anje seksualne funkcije kod mu\u0161karaca. Idealan za one koji \u017eele pove\u0107ati svoje samopouzdanje i u\u017eivati u kvalitetnijem intimnom \u017eivotu. Ovaj proizvod dolazi u prakti\u010dnim kapsulama jednostavnim za svakodnevnu upotrebu, a njegova formula temelji se na pa\u017eljivo odabranim sastojcima s dokazanom u\u010dinkovito\u0161\u0107u.<\/p>\n<p class=\"text-body font-regular leading-[24px] pt-[9px] pb-[2px]\" dir=\"ltr\">Pulsero je stvoren za moderne mu\u0161karce koji \u017eele prirodno rje\u0161enje za probleme s erektilnom disfunkcijom, smanjenim libidom ili op\u0107im nezadovoljstvom seksualnim performansama. Zahvaljuju\u0107i svom inovativnom sastavu, poma\u017ee u postizanju dugotrajnih rezultata na siguran i jednostavan na\u010din.<\/p>\n<p class=\"text-body font-regular leading-[24px] pt-[9px] pb-[2px]\" dir=\"ltr\">Ako \u017eelite vratiti kontrolu nad svojim intimnim zdravljem i osje\u0107ati se bolje nego ikad, Pulsero bi mogao biti va\u0161 novi saveznik.<\/p>\n<h2 class=\"font-semibold pdf-heading-class-replace text-h3 leading-[40px] pt-[21px] pb-[2px] [&amp;_a]:underline-offset-[6px] [&amp;_.underline]:underline-offset-[6px]\" dir=\"ltr\">Pulsero &#8211; Da li zaista djeluje?<\/h2>\n<p class=\"text-body font-regular leading-[24px] pt-[9px] pb-[2px]\" dir=\"ltr\">Odgovor na ovo pitanje je jednostavan &#8211; da, Pulsero zaista djeluje! Njegova formula osmi\u0161ljena je na na\u010din da pru\u017ei brze, ali dugotrajne rezultate. Koriste\u0107i prirodne, visokokvalitetne sastojke, Pulsero poma\u017ee mu\u0161karcima posti\u0107i ja\u010de i dugotrajnije erekcije, pove\u0107ati seksualnu energiju te ponovno otkriti strast u svom \u017eivotu.<\/p>\n<p class=\"text-body font-regular leading-[24px] pt-[9px] pb-[2px]\" dir=\"ltr\">Ono \u0161to ga \u010dini posebnim je i njegova isplativost. Umjesto tro\u0161enja velikih suma na druge proizvode ili tretmane, Pulsero vam pru\u017ea u\u010dinkovito rje\u0161enje po pristupa\u010dnoj cijeni.<\/p>\n<p class=\"text-body font-regular leading-[24px] pt-[9px] pb-[2px]\" dir=\"ltr\">Za mnoge korisnike, promjene su vidljive ve\u0107 nakon nekoliko dana kori\u0161tenja. Rezultati su dovoljno suptilni da izgledaju prirodno, ali dovoljno sna\u017eni da dovedu do vidljivih pobolj\u0161anja.<\/p>\n<h2 class=\"font-semibold pdf-heading-class-replace text-h3 leading-[40px] pt-[21px] pb-[2px] [&amp;_a]:underline-offset-[6px] [&amp;_.underline]:underline-offset-[6px]\" dir=\"ltr\">Pulsero &#8211; Iskustva korisnika u Hrvatskoj<\/h2>\n<p class=\"text-body font-regular leading-[24px] pt-[9px] pb-[2px]\" dir=\"ltr\">Pulsero je stekao veliku popularnost me\u0111u korisnicima u Hrvatskoj. Zadovoljne recenzije i pozitivna iskustva govore same za sebe. Evo nekoliko stvarnih primjera:<\/p>\n<ul class=\"pt-[9px] pb-[2px] pl-[24px] list-disc pt-[5px]\">\n<li class=\"text-body font-regular leading-[24px] my-[5px] [&amp;&gt;ol]:!pt-0 [&amp;&gt;ol]:!pb-0 [&amp;&gt;ul]:!pt-0 [&amp;&gt;ul]:!pb-0\" value=\"1\"><b><strong class=\"font-semibold\">Ivan, 38, Zagreb<\/strong><\/b> &#8211; &#8220;Pulsero mi je promijenio \u017eivot. Nisam vi\u0161e nesiguran kada je u pitanju moja izvedba u krevetu. Rezultati su brzo stigli, a osje\u0107aj je nevjerojatan.&#8221;<\/li>\n<li class=\"text-body font-regular leading-[24px] my-[5px] [&amp;&gt;ol]:!pt-0 [&amp;&gt;ol]:!pb-0 [&amp;&gt;ul]:!pt-0 [&amp;&gt;ul]:!pb-0\" value=\"2\"><b><strong class=\"font-semibold\">Marko, 46, Rijeka<\/strong><\/b> &#8211; &#8220;Bio sam skepti\u010dan, ali sam odlu\u010dio isprobati. Nakon samo jednog tjedna primijetio sam znatna pobolj\u0161anja. Sada se osje\u0107am kao da sam ponovno u dvadesetima!&#8221;<\/li>\n<li class=\"text-body font-regular leading-[24px] my-[5px] [&amp;&gt;ol]:!pt-0 [&amp;&gt;ol]:!pb-0 [&amp;&gt;ul]:!pt-0 [&amp;&gt;ul]:!pb-0\" value=\"3\"><b><strong class=\"font-semibold\">Tomislav, 50, Split<\/strong><\/b> &#8211; &#8220;Pulsero je stvarno diskretan i jednostavan za kori\u0161tenje. Preporu\u010dujem ga svakome tko \u017eeli pobolj\u0161ati svoj seksualni \u017eivot.&#8221;<\/li>\n<\/ul>\n<h2 class=\"font-semibold pdf-heading-class-replace text-h3 leading-[40px] pt-[21px] pb-[2px] [&amp;_a]:underline-offset-[6px] [&amp;_.underline]:underline-offset-[6px]\" dir=\"ltr\">Pulsero &#8211; Sastav proizvoda<\/h2>\n<p class=\"text-body font-regular leading-[24px] pt-[9px] pb-[2px]\" dir=\"ltr\">Pulsero koristi prirodne sastojke koji su pa\u017eljivo odabrani za pru\u017eanje najboljih rezultata. Svaki sastojak ima specifi\u010dnu ulogu u pobolj\u0161anju seksualnog zdravlja:<\/p>\n<ul class=\"pt-[9px] pb-[2px] pl-[24px] list-disc pt-[5px]\">\n<li class=\"text-body font-regular leading-[24px] my-[5px] [&amp;&gt;ol]:!pt-0 [&amp;&gt;ol]:!pb-0 [&amp;&gt;ul]:!pt-0 [&amp;&gt;ul]:!pb-0\" value=\"1\"><b><strong class=\"font-semibold\">L-arginin<\/strong><\/b> &#8211; Aminokiselina koja pobolj\u0161ava protok krvi i poma\u017ee postizanju ja\u010dih erekcija.<\/li>\n<li class=\"text-body font-regular leading-[24px] my-[5px] [&amp;&gt;ol]:!pt-0 [&amp;&gt;ol]:!pb-0 [&amp;&gt;ul]:!pt-0 [&amp;&gt;ul]:!pb-0\" value=\"2\"><b><strong class=\"font-semibold\">Cink<\/strong><\/b> &#8211; Klju\u010dan mineral za odr\u017eavanje zdravog testosterona i seksualne funkcije.<\/li>\n<li class=\"text-body font-regular leading-[24px] my-[5px] [&amp;&gt;ol]:!pt-0 [&amp;&gt;ol]:!pb-0 [&amp;&gt;ul]:!pt-0 [&amp;&gt;ul]:!pb-0\" value=\"3\"><b><strong class=\"font-semibold\">Ekstrakt ginsenga<\/strong><\/b> &#8211; Prirodni stimulans koji pove\u0107ava energiju i seksualnu izdr\u017eljivost.<\/li>\n<li class=\"text-body font-regular leading-[24px] my-[5px] [&amp;&gt;ol]:!pt-0 [&amp;&gt;ol]:!pb-0 [&amp;&gt;ul]:!pt-0 [&amp;&gt;ul]:!pb-0\" value=\"4\"><b><strong class=\"font-semibold\">Maca prah<\/strong><\/b> &#8211; Poznata kao prirodni afrodizijak, maca pove\u0107ava libido i podi\u017ee raspolo\u017eenje.<\/li>\n<li class=\"text-body font-regular leading-[24px] my-[5px] [&amp;&gt;ol]:!pt-0 [&amp;&gt;ol]:!pb-0 [&amp;&gt;ul]:!pt-0 [&amp;&gt;ul]:!pb-0\" value=\"5\"><b><strong class=\"font-semibold\">Vitamin B6<\/strong><\/b> &#8211; Podupire hormonalnu ravnote\u017eu i doprinosi smanjenju umora.<\/li>\n<\/ul>\n<p class=\"text-body font-regular leading-[24px] pt-[9px] pb-[2px]\" dir=\"ltr\">Ova kombinacija sastojaka osigurava ne samo trenutne rezultate, ve\u0107 i dugoro\u010dno pobolj\u0161anje op\u0107eg seksualnog zdravlja.<\/p>\n<h2 class=\"font-semibold pdf-heading-class-replace text-h3 leading-[40px] pt-[21px] pb-[2px] [&amp;_a]:underline-offset-[6px] [&amp;_.underline]:underline-offset-[6px]\" dir=\"ltr\">Pulsero &#8211; Glavne prednosti<\/h2>\n<p class=\"text-body font-regular leading-[24px] pt-[9px] pb-[2px]\" dir=\"ltr\">Pulsero nudi mnoge prednosti zbog kojih se isti\u010de na tr\u017ei\u0161tu:<\/p>\n<ul class=\"pt-[9px] pb-[2px] pl-[24px] list-disc pt-[5px]\">\n<li class=\"text-body font-regular leading-[24px] my-[5px] [&amp;&gt;ol]:!pt-0 [&amp;&gt;ol]:!pb-0 [&amp;&gt;ul]:!pt-0 [&amp;&gt;ul]:!pb-0\" value=\"1\"><b><strong class=\"font-semibold\">Brzo djelovanje<\/strong><\/b> &#8211; Vidljivi rezultati ve\u0107 nakon nekoliko dana kori\u0161tenja.<\/li>\n<li class=\"text-body font-regular leading-[24px] my-[5px] [&amp;&gt;ol]:!pt-0 [&amp;&gt;ol]:!pb-0 [&amp;&gt;ul]:!pt-0 [&amp;&gt;ul]:!pb-0\" value=\"2\"><b><strong class=\"font-semibold\">Sigurnost<\/strong><\/b> &#8211; Proizvod je izra\u0111en od prirodnih sastojaka i potpuno je siguran za upotrebu.<\/li>\n<li class=\"text-body font-regular leading-[24px] my-[5px] [&amp;&gt;ol]:!pt-0 [&amp;&gt;ol]:!pb-0 [&amp;&gt;ul]:!pt-0 [&amp;&gt;ul]:!pb-0\" value=\"3\"><b><strong class=\"font-semibold\">Diskretnost<\/strong><\/b> &#8211; Dolazi u diskretnom pakiranju, osiguravaju\u0107i va\u0161u privatnost.<\/li>\n<li class=\"text-body font-regular leading-[24px] my-[5px] [&amp;&gt;ol]:!pt-0 [&amp;&gt;ol]:!pb-0 [&amp;&gt;ul]:!pt-0 [&amp;&gt;ul]:!pb-0\" value=\"4\"><b><strong class=\"font-semibold\">Jednostavna upotreba<\/strong><\/b> &#8211; Kapsule su prakti\u010dne i lako se uklapaju u va\u0161u dnevnu rutinu.<\/li>\n<li class=\"text-body font-regular leading-[24px] my-[5px] [&amp;&gt;ol]:!pt-0 [&amp;&gt;ol]:!pb-0 [&amp;&gt;ul]:!pt-0 [&amp;&gt;ul]:!pb-0\" value=\"5\"><b><strong class=\"font-semibold\">Povoljan<\/strong><\/b> &#8211; Trenutno dostupan uz zna\u010dajan popust!<\/li>\n<\/ul>\n<h2 class=\"font-semibold pdf-heading-class-replace text-h3 leading-[40px] pt-[21px] pb-[2px] [&amp;_a]:underline-offset-[6px] [&amp;_.underline]:underline-offset-[6px]\" dir=\"ltr\">Gdje kupiti Pulsero? Ljekarna, DM i Nju\u0161kalo<\/h2>\n<p class=\"text-body font-regular leading-[24px] pt-[9px] pb-[2px]\" dir=\"ltr\">Trenutno, Pulsero nije dostupan u DM prodavaonicama, oglasniku Nju\u0161kalo ili drugim internetskim ljekarnama. Razlog tome je \u0161to je proizvod dostupan samo putem ekskluzivnog ugovora s odabranim ljekarnama koje sura\u0111uju s proizvo\u0111a\u010dem.<\/p>\n<p class=\"text-body font-regular leading-[24px] pt-[9px] pb-[2px]\" dir=\"ltr\">Najpouzdaniji na\u010din da nabavite Pulsero je putem na\u0161e ovla\u0161tene ljekarne. Jam\u010dimo vam originalni proizvod i sigurnu uslugu. Jednostavno kliknite gumb &#8220;Naru\u010di&#8221;, popunite obrazac i odaberite na\u010din dostave i pla\u0107anja. Va\u0161a narud\u017eba bit \u0107e isporu\u010dena za 24-72 sata, a pla\u0107ate tek po dostavi.<\/p>\n<h2 class=\"font-semibold pdf-heading-class-replace text-h3 leading-[40px] pt-[21px] pb-[2px] [&amp;_a]:underline-offset-[6px] [&amp;_.underline]:underline-offset-[6px]\" dir=\"ltr\">Koliko ko\u0161ta Pulsero? Cijena<\/h2>\n<p class=\"text-body font-regular leading-[24px] pt-[9px] pb-[2px]\" dir=\"ltr\">Cijena Pulsera iznosi 78 eura, ali trenutno mo\u017eete iskoristiti 50% popusta na na\u0161oj web stranici, sve dok traju zalihe. S obzirom na iznimnu popularnost proizvoda, preostale zalihe su ograni\u010dene, pa po\u017eurite kako biste osigurali svoj primjerak po akcijskoj cijeni od samo 39 eura.<\/p>\n<h2 class=\"font-semibold pdf-heading-class-replace text-h3 leading-[40px] pt-[21px] pb-[2px] [&amp;_a]:underline-offset-[6px] [&amp;_.underline]:underline-offset-[6px]\" dir=\"ltr\">Kako se koristi Pulsero? Uputstvo za kori\u0161tenje<\/h2>\n<p class=\"text-body font-regular leading-[24px] pt-[9px] pb-[2px]\" dir=\"ltr\">Pulsero je iznimno jednostavan za kori\u0161tenje. Evo kako ga pravilno koristiti za najbolje rezultate:<\/p>\n<ul class=\"pt-[9px] pb-[2px] pl-[24px] list-disc pt-[5px]\">\n<li class=\"text-body font-regular leading-[24px] my-[5px] [&amp;&gt;ol]:!pt-0 [&amp;&gt;ol]:!pb-0 [&amp;&gt;ul]:!pt-0 [&amp;&gt;ul]:!pb-0\" value=\"1\"><b><strong class=\"font-semibold\">Preporu\u010dena doza<\/strong><\/b> &#8211; Uzimajte jednu kapsulu dnevno s \u010da\u0161om vode.<\/li>\n<li class=\"text-body font-regular leading-[24px] my-[5px] [&amp;&gt;ol]:!pt-0 [&amp;&gt;ol]:!pb-0 [&amp;&gt;ul]:!pt-0 [&amp;&gt;ul]:!pb-0\" value=\"2\"><b><strong class=\"font-semibold\">Vrijeme uzimanja<\/strong><\/b> &#8211; Najbolje vrijeme za konzumaciju je nakon obroka, radi bolje apsorpcije.<\/li>\n<li class=\"text-body font-regular leading-[24px] my-[5px] [&amp;&gt;ol]:!pt-0 [&amp;&gt;ol]:!pb-0 [&amp;&gt;ul]:!pt-0 [&amp;&gt;ul]:!pb-0\" value=\"3\"><b><strong class=\"font-semibold\">Trajanje kori\u0161tenja<\/strong><\/b> &#8211; Za optimalne rezultate, preporu\u010duje se kori\u0161tenje najmanje mjesec dana.<\/li>\n<\/ul>\n<h2 class=\"font-semibold pdf-heading-class-replace text-h3 leading-[40px] pt-[21px] pb-[2px] [&amp;_a]:underline-offset-[6px] [&amp;_.underline]:underline-offset-[6px]\" dir=\"ltr\">Pulsero &#8211; \u010cesto postavljena pitanja<\/h2>\n<h3 class=\"font-semibold pdf-heading-class-replace text-h4 leading-[30px] pt-[15px] pb-[2px] [&amp;_a]:underline-offset-[6px] [&amp;_.underline]:underline-offset-[6px]\" dir=\"ltr\">Koliko brzo Pulsero djeluje?<\/h3>\n<p class=\"text-body font-regular leading-[24px] pt-[9px] pb-[2px]\" dir=\"ltr\">Ve\u0107ina korisnika primje\u0107uje pobolj\u0161anja unutar tjedan dana.<\/p>\n<h3 class=\"font-semibold pdf-heading-class-replace text-h4 leading-[30px] pt-[15px] pb-[2px] [&amp;_a]:underline-offset-[6px] [&amp;_.underline]:underline-offset-[6px]\" dir=\"ltr\">Je li Pulsero siguran?<\/h3>\n<p class=\"text-body font-regular leading-[24px] pt-[9px] pb-[2px]\" dir=\"ltr\">Da, Pulsero je izra\u0111en od prirodnih sastojaka i pro\u0161ao je rigorozne kontrole kvalitete.<\/p>\n<h3 class=\"font-semibold pdf-heading-class-replace text-h4 leading-[30px] pt-[15px] pb-[2px] [&amp;_a]:underline-offset-[6px] [&amp;_.underline]:underline-offset-[6px]\" dir=\"ltr\">Mogu li ga koristiti svi mu\u0161karci?<\/h3>\n<p class=\"text-body font-regular leading-[24px] pt-[9px] pb-[2px]\" dir=\"ltr\">Pulsero je siguran za ve\u0107inu odraslih mu\u0161karaca. Ako imate zdravstvenih problema, preporu\u010duje se konzultacija s lije\u010dnikom.<\/p>\n","protected":false},"excerpt":{"rendered":"<p>Pulsero je dodatak prehrani u obliku kapsula, posebno razvijen za pobolj\u0161anje seksualne funkcije kod mu\u0161karaca. Idealan za one koji \u017eele pove\u0107ati svoje samopouzdanje i u\u017eivati u kvalitetnijem intimnom \u017eivotu. Ovaj proizvod dolazi u prakti\u010dnim kapsulama jednostavnim za svakodnevnu upotrebu, a njegova formula temelji se na pa\u017eljivo odabranim sastojcima s dokazanom u\u010dinkovito\u0161\u0107u. Pulsero je stvoren za [&hellip;]<\/p>\n","protected":false},"featured_media":255,"template":"","meta":{"iawp_total_views":53},"product_brand":[],"product_cat":[17],"product_tag":[],"class_list":{"0":"post-254","1":"product","2":"type-product","3":"status-publish","4":"has-post-thumbnail","6":"product_cat-potencija","8":"entry","9":"has-media","11":"first","12":"instock","13":"sale","14":"shipping-taxable","15":"purchasable","16":"product-type-simple","17":"has-product-nav","18":"col","19":"span_1_of_3","20":"owp-content-center","21":"owp-thumbs-layout-horizontal","22":"owp-btn-normal","23":"owp-tabs-layout-horizontal","24":"has-no-thumbnails"},"yoast_head":"<!-- This site is optimized with the Yoast SEO plugin v27.6 - https:\/\/yoast.com\/product\/yoast-seo-wordpress\/ -->\n<title>Pulsero - Online Trgovina<\/title>\n<meta name=\"robots\" content=\"index, follow, max-snippet:-1, max-image-preview:large, max-video-preview:-1\" \/>\n<link rel=\"canonical\" href=\"https:\/\/poliklinika-kantrida-dental.com\/ljekarna\/product\/pulsero\/\" \/>\n<meta property=\"og:locale\" content=\"hr_HR\" \/>\n<meta property=\"og:type\" content=\"article\" \/>\n<meta property=\"og:title\" content=\"Pulsero - Online Trgovina\" \/>\n<meta property=\"og:description\" content=\"Pulsero je dodatak prehrani u obliku kapsula, posebno razvijen za pobolj\u0161anje seksualne funkcije kod mu\u0161karaca. Idealan za one koji \u017eele pove\u0107ati svoje samopouzdanje i u\u017eivati u kvalitetnijem intimnom \u017eivotu. Ovaj proizvod dolazi u prakti\u010dnim kapsulama jednostavnim za svakodnevnu upotrebu, a njegova formula temelji se na pa\u017eljivo odabranim sastojcima s dokazanom u\u010dinkovito\u0161\u0107u. Pulsero je stvoren za [&hellip;]\" \/>\n<meta property=\"og:url\" content=\"https:\/\/poliklinika-kantrida-dental.com\/ljekarna\/product\/pulsero\/\" \/>\n<meta property=\"og:site_name\" content=\"Online Trgovina\" \/>\n<meta property=\"og:image\" content=\"https:\/\/poliklinika-kantrida-dental.com\/ljekarna\/wp-content\/uploads\/2025\/06\/pulsero.jpg\" \/>\n\t<meta property=\"og:image:width\" content=\"250\" \/>\n\t<meta property=\"og:image:height\" content=\"300\" \/>\n\t<meta property=\"og:image:type\" content=\"image\/jpeg\" \/>\n<meta name=\"twitter:card\" content=\"summary_large_image\" \/>\n<meta name=\"twitter:label1\" content=\"Procijenjeno vrijeme \u010ditanja\" \/>\n\t<meta name=\"twitter:data1\" content=\"5 minuta\" \/>\n<script type=\"application\/ld+json\" class=\"yoast-schema-graph\">{\"@context\":\"https:\\\/\\\/schema.org\",\"@graph\":[{\"@type\":\"WebPage\",\"@id\":\"https:\\\/\\\/poliklinika-kantrida-dental.com\\\/ljekarna\\\/product\\\/pulsero\\\/\",\"url\":\"https:\\\/\\\/poliklinika-kantrida-dental.com\\\/ljekarna\\\/product\\\/pulsero\\\/\",\"name\":\"Pulsero - Online Trgovina\",\"isPartOf\":{\"@id\":\"https:\\\/\\\/poliklinika-kantrida-dental.com\\\/ljekarna\\\/#website\"},\"primaryImageOfPage\":{\"@id\":\"https:\\\/\\\/poliklinika-kantrida-dental.com\\\/ljekarna\\\/product\\\/pulsero\\\/#primaryimage\"},\"image\":{\"@id\":\"https:\\\/\\\/poliklinika-kantrida-dental.com\\\/ljekarna\\\/product\\\/pulsero\\\/#primaryimage\"},\"thumbnailUrl\":\"https:\\\/\\\/poliklinika-kantrida-dental.com\\\/ljekarna\\\/wp-content\\\/uploads\\\/2025\\\/06\\\/pulsero.jpg\",\"datePublished\":\"2025-06-12T18:42:40+00:00\",\"breadcrumb\":{\"@id\":\"https:\\\/\\\/poliklinika-kantrida-dental.com\\\/ljekarna\\\/product\\\/pulsero\\\/#breadcrumb\"},\"inLanguage\":\"hr\",\"potentialAction\":[{\"@type\":\"ReadAction\",\"target\":[\"https:\\\/\\\/poliklinika-kantrida-dental.com\\\/ljekarna\\\/product\\\/pulsero\\\/\"]}]},{\"@type\":\"ImageObject\",\"inLanguage\":\"hr\",\"@id\":\"https:\\\/\\\/poliklinika-kantrida-dental.com\\\/ljekarna\\\/product\\\/pulsero\\\/#primaryimage\",\"url\":\"https:\\\/\\\/poliklinika-kantrida-dental.com\\\/ljekarna\\\/wp-content\\\/uploads\\\/2025\\\/06\\\/pulsero.jpg\",\"contentUrl\":\"https:\\\/\\\/poliklinika-kantrida-dental.com\\\/ljekarna\\\/wp-content\\\/uploads\\\/2025\\\/06\\\/pulsero.jpg\",\"width\":250,\"height\":300,\"caption\":\"pulsero\"},{\"@type\":\"BreadcrumbList\",\"@id\":\"https:\\\/\\\/poliklinika-kantrida-dental.com\\\/ljekarna\\\/product\\\/pulsero\\\/#breadcrumb\",\"itemListElement\":[{\"@type\":\"ListItem\",\"position\":1,\"name\":\"Po\u010detna stranica\",\"item\":\"https:\\\/\\\/poliklinika-kantrida-dental.com\\\/ljekarna\\\/\"},{\"@type\":\"ListItem\",\"position\":2,\"name\":\"Proizvodi\",\"item\":\"https:\\\/\\\/poliklinika-kantrida-dental.com\\\/ljekarna\\\/\"},{\"@type\":\"ListItem\",\"position\":3,\"name\":\"Pulsero\"}]},{\"@type\":\"WebSite\",\"@id\":\"https:\\\/\\\/poliklinika-kantrida-dental.com\\\/ljekarna\\\/#website\",\"url\":\"https:\\\/\\\/poliklinika-kantrida-dental.com\\\/ljekarna\\\/\",\"name\":\"Online Trgovina\",\"description\":\"\",\"potentialAction\":[{\"@type\":\"SearchAction\",\"target\":{\"@type\":\"EntryPoint\",\"urlTemplate\":\"https:\\\/\\\/poliklinika-kantrida-dental.com\\\/ljekarna\\\/?s={search_term_string}\"},\"query-input\":{\"@type\":\"PropertyValueSpecification\",\"valueRequired\":true,\"valueName\":\"search_term_string\"}}],\"inLanguage\":\"hr\"}]}<\/script>\n<!-- \/ Yoast SEO plugin. -->","yoast_head_json":{"title":"Pulsero - Online Trgovina","robots":{"index":"index","follow":"follow","max-snippet":"max-snippet:-1","max-image-preview":"max-image-preview:large","max-video-preview":"max-video-preview:-1"},"canonical":"https:\/\/poliklinika-kantrida-dental.com\/ljekarna\/product\/pulsero\/","og_locale":"hr_HR","og_type":"article","og_title":"Pulsero - Online Trgovina","og_description":"Pulsero je dodatak prehrani u obliku kapsula, posebno razvijen za pobolj\u0161anje seksualne funkcije kod mu\u0161karaca. Idealan za one koji \u017eele pove\u0107ati svoje samopouzdanje i u\u017eivati u kvalitetnijem intimnom \u017eivotu. Ovaj proizvod dolazi u prakti\u010dnim kapsulama jednostavnim za svakodnevnu upotrebu, a njegova formula temelji se na pa\u017eljivo odabranim sastojcima s dokazanom u\u010dinkovito\u0161\u0107u. Pulsero je stvoren za [&hellip;]","og_url":"https:\/\/poliklinika-kantrida-dental.com\/ljekarna\/product\/pulsero\/","og_site_name":"Online Trgovina","og_image":[{"width":250,"height":300,"url":"https:\/\/poliklinika-kantrida-dental.com\/ljekarna\/wp-content\/uploads\/2025\/06\/pulsero.jpg","type":"image\/jpeg"}],"twitter_card":"summary_large_image","twitter_misc":{"Procijenjeno vrijeme \u010ditanja":"5 minuta"},"schema":{"@context":"https:\/\/schema.org","@graph":[{"@type":"WebPage","@id":"https:\/\/poliklinika-kantrida-dental.com\/ljekarna\/product\/pulsero\/","url":"https:\/\/poliklinika-kantrida-dental.com\/ljekarna\/product\/pulsero\/","name":"Pulsero - Online Trgovina","isPartOf":{"@id":"https:\/\/poliklinika-kantrida-dental.com\/ljekarna\/#website"},"primaryImageOfPage":{"@id":"https:\/\/poliklinika-kantrida-dental.com\/ljekarna\/product\/pulsero\/#primaryimage"},"image":{"@id":"https:\/\/poliklinika-kantrida-dental.com\/ljekarna\/product\/pulsero\/#primaryimage"},"thumbnailUrl":"https:\/\/poliklinika-kantrida-dental.com\/ljekarna\/wp-content\/uploads\/2025\/06\/pulsero.jpg","datePublished":"2025-06-12T18:42:40+00:00","breadcrumb":{"@id":"https:\/\/poliklinika-kantrida-dental.com\/ljekarna\/product\/pulsero\/#breadcrumb"},"inLanguage":"hr","potentialAction":[{"@type":"ReadAction","target":["https:\/\/poliklinika-kantrida-dental.com\/ljekarna\/product\/pulsero\/"]}]},{"@type":"ImageObject","inLanguage":"hr","@id":"https:\/\/poliklinika-kantrida-dental.com\/ljekarna\/product\/pulsero\/#primaryimage","url":"https:\/\/poliklinika-kantrida-dental.com\/ljekarna\/wp-content\/uploads\/2025\/06\/pulsero.jpg","contentUrl":"https:\/\/poliklinika-kantrida-dental.com\/ljekarna\/wp-content\/uploads\/2025\/06\/pulsero.jpg","width":250,"height":300,"caption":"pulsero"},{"@type":"BreadcrumbList","@id":"https:\/\/poliklinika-kantrida-dental.com\/ljekarna\/product\/pulsero\/#breadcrumb","itemListElement":[{"@type":"ListItem","position":1,"name":"Po\u010detna stranica","item":"https:\/\/poliklinika-kantrida-dental.com\/ljekarna\/"},{"@type":"ListItem","position":2,"name":"Proizvodi","item":"https:\/\/poliklinika-kantrida-dental.com\/ljekarna\/"},{"@type":"ListItem","position":3,"name":"Pulsero"}]},{"@type":"WebSite","@id":"https:\/\/poliklinika-kantrida-dental.com\/ljekarna\/#website","url":"https:\/\/poliklinika-kantrida-dental.com\/ljekarna\/","name":"Online Trgovina","description":"","potentialAction":[{"@type":"SearchAction","target":{"@type":"EntryPoint","urlTemplate":"https:\/\/poliklinika-kantrida-dental.com\/ljekarna\/?s={search_term_string}"},"query-input":{"@type":"PropertyValueSpecification","valueRequired":true,"valueName":"search_term_string"}}],"inLanguage":"hr"}]}},"_links":{"self":[{"href":"https:\/\/poliklinika-kantrida-dental.com\/ljekarna\/wp-json\/wp\/v2\/product\/254","targetHints":{"allow":["GET"]}}],"collection":[{"href":"https:\/\/poliklinika-kantrida-dental.com\/ljekarna\/wp-json\/wp\/v2\/product"}],"about":[{"href":"https:\/\/poliklinika-kantrida-dental.com\/ljekarna\/wp-json\/wp\/v2\/types\/product"}],"wp:featuredmedia":[{"embeddable":true,"href":"https:\/\/poliklinika-kantrida-dental.com\/ljekarna\/wp-json\/wp\/v2\/media\/255"}],"wp:attachment":[{"href":"https:\/\/poliklinika-kantrida-dental.com\/ljekarna\/wp-json\/wp\/v2\/media?parent=254"}],"wp:term":[{"taxonomy":"product_brand","embeddable":true,"href":"https:\/\/poliklinika-kantrida-dental.com\/ljekarna\/wp-json\/wp\/v2\/product_brand?post=254"},{"taxonomy":"product_cat","embeddable":true,"href":"https:\/\/poliklinika-kantrida-dental.com\/ljekarna\/wp-json\/wp\/v2\/product_cat?post=254"},{"taxonomy":"product_tag","embeddable":true,"href":"https:\/\/poliklinika-kantrida-dental.com\/ljekarna\/wp-json\/wp\/v2\/product_tag?post=254"}],"curies":[{"name":"wp","href":"https:\/\/api.w.org\/{rel}","templated":true}]}}