{"id":252,"date":"2025-06-12T18:40:40","date_gmt":"2025-06-12T18:40:40","guid":{"rendered":"https:\/\/poliklinika-kantrida-dental.com\/ljekarna\/?post_type=product&#038;p=252"},"modified":"2025-06-12T18:40:40","modified_gmt":"2025-06-12T18:40:40","slug":"wow-bust","status":"publish","type":"product","link":"https:\/\/poliklinika-kantrida-dental.com\/ljekarna\/product\/wow-bust\/","title":{"rendered":"Wow Bust"},"content":{"rendered":"<p class=\"text-body font-regular leading-[24px] pt-[9px] pb-[2px]\" dir=\"ltr\">Wow Bust je revolucionarna krema za pove\u0107anje grudi koju sve vi\u0161e \u017eena \u0161irom Hrvatske prepoznaje kao sigurno i efikasno re\u0161enje za postizanje \u017eeljene veli\u010dine i \u010dvrsto\u0107e grudi. Dolazi u formi lagane kreme, \u0161to je \u010dini jednostavnom za kori\u0161tenje u svakodnevnoj rutini.<\/p>\n<p class=\"text-body font-regular leading-[24px] pt-[9px] pb-[2px]\" dir=\"ltr\">Upotreba Wow Bust kreme zna\u010di da vi\u0161e nije potrebno pribegavati invazivnim i skupim procedurama kako biste se ose\u0107ali samouvereno i zadovoljno svojim dekolteom. Formulisana je tako da odgovara svim tipovima ko\u017ee, pru\u017eaju\u0107i istovremeno potrebnu hidrataciju i podr\u0161ku tlima ko\u017ee grudi. Pakovanje je elegantno i prakti\u010dno za no\u0161enje, \u0161to zna\u010di da je uvijek mo\u017eete imati pri ruci.<\/p>\n<h2 class=\"font-semibold pdf-heading-class-replace text-h3 leading-[40px] pt-[21px] pb-[2px] [&amp;_a]:underline-offset-[6px] [&amp;_.underline]:underline-offset-[6px]\" dir=\"ltr\">Wow Bust \u2013 Da li zaista djeluje?<\/h2>\n<p class=\"text-body font-regular leading-[24px] pt-[9px] pb-[2px]\" dir=\"ltr\">Da, Wow Bust zaista djeluje! Ova krema koristi napredne aktivne sastojke koji stimuli\u0161u tkivo u grudima i pobolj\u0161avaju tonus ko\u017ee, pru\u017eaju\u0107i primetne rezultate u vrlo kratkom vremenu.<\/p>\n<p class=\"text-body font-regular leading-[24px] pt-[9px] pb-[2px]\" dir=\"ltr\">Korisnici \u010desto prijavljuju vidljive promjene ve\u0107 nakon nekoliko sedmica redovne upotrebe, uklju\u010duju\u0107i punije, \u010dvr\u0161\u0107e i oblikovanije grudi. Osim toga, rezultat Wow Bust kreme traje, \u0161to je \u010dini izuzetno isplativom investicijom. Posti\u0107i \u017eeljene promene, bez bolnih postupaka i visokih tro\u0161kova, sada je dostupno svakoj \u017eeni.<\/p>\n<p class=\"text-body font-regular leading-[24px] pt-[9px] pb-[2px]\" dir=\"ltr\">Bez obzira na va\u0161u dob ili veli\u010dinu grudi, Wow Bust je krema koja donosi rezultat.<\/p>\n<h2 class=\"font-semibold pdf-heading-class-replace text-h3 leading-[40px] pt-[21px] pb-[2px] [&amp;_a]:underline-offset-[6px] [&amp;_.underline]:underline-offset-[6px]\" dir=\"ltr\">Wow Bust \u2013 Iskustva korisnika u Hrvatskoj<\/h2>\n<p class=\"text-body font-regular leading-[24px] pt-[9px] pb-[2px]\" dir=\"ltr\">Korisnici \u0161irom Hrvatske odu\u0161evljeni su rezultatima Wow Bust kreme. Pored toga \u0161to je proizvod postao sve popularniji, iskustva kupaca daju dodatnu sigurnost svim novim korisnicima.<\/p>\n<ul class=\"pt-[9px] pb-[2px] pl-[24px] list-disc pt-[5px]\">\n<li class=\"text-body font-regular leading-[24px] my-[5px] [&amp;&gt;ol]:!pt-0 [&amp;&gt;ol]:!pb-0 [&amp;&gt;ul]:!pt-0 [&amp;&gt;ul]:!pb-0\" value=\"1\"><b><strong class=\"font-semibold\">Ana (29 godina, Zagreb):<\/strong><\/b> \u201eNisam verovala da ne\u0161to ovako efikasno postoji! Nakon samo \u010detiri sedmice redovne upotrebe, primetila sam kako su mi grudi punije i ko\u017ea mnogo mek\u0161a.\u201d<\/li>\n<li class=\"text-body font-regular leading-[24px] my-[5px] [&amp;&gt;ol]:!pt-0 [&amp;&gt;ol]:!pb-0 [&amp;&gt;ul]:!pt-0 [&amp;&gt;ul]:!pb-0\" value=\"2\"><b><strong class=\"font-semibold\">Marina (34 godine, Split):<\/strong><\/b> \u201eWow Bust je najbolja stvar koju sam ikada probala! Nisam samo primijetila razliku u veli\u010dini, nego i u samopouzdanju.\u201c<\/li>\n<li class=\"text-body font-regular leading-[24px] my-[5px] [&amp;&gt;ol]:!pt-0 [&amp;&gt;ol]:!pb-0 [&amp;&gt;ul]:!pt-0 [&amp;&gt;ul]:!pb-0\" value=\"3\"><b><strong class=\"font-semibold\">Ivana (40 godina, Dubrovnik):<\/strong><\/b> \u201eSavr\u0161ena krema za svaku \u017eenu koja \u017eeli ne\u0161to promijeniti na prirodan na\u010din. Prezadovoljna sam rezultatima.\u201c<\/li>\n<\/ul>\n<p class=\"text-body font-regular leading-[24px] pt-[9px] pb-[2px]\" dir=\"ltr\">Potra\u017enja u Hrvatskoj svakodnevno raste, i ovo je jedan od najtra\u017eenijih proizvoda kada je rije\u010d o prirodnim i sigurnim rje\u0161enjima.<\/p>\n<h2 class=\"font-semibold pdf-heading-class-replace text-h3 leading-[40px] pt-[21px] pb-[2px] [&amp;_a]:underline-offset-[6px] [&amp;_.underline]:underline-offset-[6px]\" dir=\"ltr\">Wow Bust \u2013 Sastav proizvoda<\/h2>\n<p class=\"text-body font-regular leading-[24px] pt-[9px] pb-[2px]\" dir=\"ltr\">Jedna od glavnih prednosti Wow Bust kreme jeste njen pa\u017eljivo osmi\u0161ljen sastav, koji je siguran i blagotvoran za ko\u017eu.<\/p>\n<ul class=\"pt-[9px] pb-[2px] pl-[24px] list-disc pt-[5px]\">\n<li class=\"text-body font-regular leading-[24px] my-[5px] [&amp;&gt;ol]:!pt-0 [&amp;&gt;ol]:!pb-0 [&amp;&gt;ul]:!pt-0 [&amp;&gt;ul]:!pb-0\" value=\"1\"><b><strong class=\"font-semibold\">Ulje slatkog badema:<\/strong><\/b> Pru\u017ea hidrataciju i pove\u0107ava elasti\u010dnost ko\u017ee, \u010dine\u0107i je glatkom i mekanom.<\/li>\n<li class=\"text-body font-regular leading-[24px] my-[5px] [&amp;&gt;ol]:!pt-0 [&amp;&gt;ol]:!pb-0 [&amp;&gt;ul]:!pt-0 [&amp;&gt;ul]:!pb-0\" value=\"2\"><b><strong class=\"font-semibold\">Shea maslac:<\/strong><\/b> Hrani ko\u017eu i podr\u017eava regeneraciju tkiva, \u0161to je klju\u010dno za odr\u017eavanje zdravog izgleda.<\/li>\n<li class=\"text-body font-regular leading-[24px] my-[5px] [&amp;&gt;ol]:!pt-0 [&amp;&gt;ol]:!pb-0 [&amp;&gt;ul]:!pt-0 [&amp;&gt;ul]:!pb-0\" value=\"3\"><b><strong class=\"font-semibold\">Vitamin E:<\/strong><\/b> Sna\u017ean antioksidant koji \u0161titi ko\u017eu i doprinosi njenom zdravlju.<\/li>\n<li class=\"text-body font-regular leading-[24px] my-[5px] [&amp;&gt;ol]:!pt-0 [&amp;&gt;ol]:!pb-0 [&amp;&gt;ul]:!pt-0 [&amp;&gt;ul]:!pb-0\" value=\"4\"><b><strong class=\"font-semibold\">Ekstrakt povr\u0107a:<\/strong><\/b> Aktivni sastojak zaslu\u017ean za stimulaciju rasta tkiva u grudima.<\/li>\n<\/ul>\n<p class=\"text-body font-regular leading-[24px] pt-[9px] pb-[2px]\" dir=\"ltr\">Ova kombinacija sastojaka garantuje efikasnost i sigurnost prilikom kori\u0161tenja.<\/p>\n<h2 class=\"font-semibold pdf-heading-class-replace text-h3 leading-[40px] pt-[21px] pb-[2px] [&amp;_a]:underline-offset-[6px] [&amp;_.underline]:underline-offset-[6px]\" dir=\"ltr\">Wow Bust \u2013 Glavne prednosti<\/h2>\n<ul class=\"pt-[9px] pb-[2px] pl-[24px] list-disc pt-[5px]\">\n<li class=\"text-body font-regular leading-[24px] my-[5px] [&amp;&gt;ol]:!pt-0 [&amp;&gt;ol]:!pb-0 [&amp;&gt;ul]:!pt-0 [&amp;&gt;ul]:!pb-0\" value=\"1\"><b><strong class=\"font-semibold\">Brzo djelovanje:<\/strong><\/b> Primjetni rezultati ve\u0107 nakon nekoliko tjedana.<\/li>\n<li class=\"text-body font-regular leading-[24px] my-[5px] [&amp;&gt;ol]:!pt-0 [&amp;&gt;ol]:!pb-0 [&amp;&gt;ul]:!pt-0 [&amp;&gt;ul]:!pb-0\" value=\"2\"><b><strong class=\"font-semibold\">Sigurnost:<\/strong><\/b> Sastojci su prirodni i ne izazivaju nuspojave.<\/li>\n<li class=\"text-body font-regular leading-[24px] my-[5px] [&amp;&gt;ol]:!pt-0 [&amp;&gt;ol]:!pb-0 [&amp;&gt;ul]:!pt-0 [&amp;&gt;ul]:!pb-0\" value=\"3\"><b><strong class=\"font-semibold\">Diskretnost:<\/strong><\/b> Krema dolazi u minimalisti\u010dnom i prakti\u010dnom pakiranju.<\/li>\n<li class=\"text-body font-regular leading-[24px] my-[5px] [&amp;&gt;ol]:!pt-0 [&amp;&gt;ol]:!pb-0 [&amp;&gt;ul]:!pt-0 [&amp;&gt;ul]:!pb-0\" value=\"4\"><b><strong class=\"font-semibold\">Jednostavnost upotrebe:<\/strong><\/b> Mo\u017ee se lako integrirati u va\u0161u dnevnu rutinu.<\/li>\n<\/ul>\n<p class=\"text-body font-regular leading-[24px] pt-[9px] pb-[2px]\" dir=\"ltr\">Wow Bust je prilago\u0111en modernim \u017eenama koje \u017eele savr\u0161eno izgledati bez nepotrebnih komplikacija.<\/p>\n<h2 class=\"font-semibold pdf-heading-class-replace text-h3 leading-[40px] pt-[21px] pb-[2px] [&amp;_a]:underline-offset-[6px] [&amp;_.underline]:underline-offset-[6px]\" dir=\"ltr\">Gdje kupiti Wow Bust? Ljekarna, DM, Nju\u0161kalo<\/h2>\n<p class=\"text-body font-regular leading-[24px] pt-[9px] pb-[2px]\" dir=\"ltr\">Wow Bust trenutno nije dostupan u DM prodavnicama, drugim internetskim ljekarnama ili oglasnicima poput Nju\u0161kala. Zbog ograni\u010denosti zaliha, proizvod je ekskluzivno dostupan samo kod nas putem ljekarne koja sara\u0111uje direktno s proizvo\u0111a\u010dem.<\/p>\n<p class=\"text-body font-regular leading-[24px] pt-[9px] pb-[2px]\" dir=\"ltr\">Za narud\u017ebu, jednostavno kliknite na opciju \u201eNaru\u010di\u201c, unesite svoje podatke i odaberite na\u010din dostave i pla\u0107anja. Dostava se obi\u010dno vr\u0161i u roku od 24-72 sata, a pla\u0107ate samo kada proizvod stigne na va\u0161u adresu.<\/p>\n<h2 class=\"font-semibold pdf-heading-class-replace text-h3 leading-[40px] pt-[21px] pb-[2px] [&amp;_a]:underline-offset-[6px] [&amp;_.underline]:underline-offset-[6px]\" dir=\"ltr\">Koliko ko\u0161ta Wow Bust? Cijena<\/h2>\n<p class=\"text-body font-regular leading-[24px] pt-[9px] pb-[2px]\" dir=\"ltr\">Regularna cijena Wow Bust kreme iznosi <b><strong class=\"font-semibold\">78 eura<\/strong><\/b>, ali trenutno na na\u0161oj web stranici nudimo promotivni popust od 50%, \u0161to zna\u010di da proizvod mo\u017eete dobiti za samo <b><strong class=\"font-semibold\">39 eura<\/strong><\/b>!<\/p>\n<p class=\"text-body font-regular leading-[24px] pt-[9px] pb-[2px]\" dir=\"ltr\">Ponuda je vremenski ograni\u010dena, stoga po\u017eurite kako biste iskoristili ovu sjajnu akciju.<\/p>\n<h2 class=\"font-semibold pdf-heading-class-replace text-h3 leading-[40px] pt-[21px] pb-[2px] [&amp;_a]:underline-offset-[6px] [&amp;_.underline]:underline-offset-[6px]\" dir=\"ltr\">Kako se koristi Wow Bust? Uputstvo za kori\u0161tenje<\/h2>\n<p class=\"text-body font-regular leading-[24px] pt-[9px] pb-[2px]\" dir=\"ltr\">Pravilna upotreba Wow Bust kreme klju\u010d je za postizanje \u017eeljenih rezultata. Evo detaljnog vodi\u010da:<\/p>\n<ol class=\"pt-[9px] pb-[2px] pl-[26px] list-decimal\">\n<li class=\"text-body font-regular leading-[24px] my-[5px] [&amp;&gt;ol]:!pt-0 [&amp;&gt;ol]:!pb-0 [&amp;&gt;ul]:!pt-0 [&amp;&gt;ul]:!pb-0\" value=\"1\">Nanesite malu koli\u010dinu kreme na \u010diste i osu\u0161ene grudi.<\/li>\n<li class=\"text-body font-regular leading-[24px] my-[5px] [&amp;&gt;ol]:!pt-0 [&amp;&gt;ol]:!pb-0 [&amp;&gt;ul]:!pt-0 [&amp;&gt;ul]:!pb-0\" value=\"2\">Masirajte kremu kru\u017enim pokretima dok se u potpunosti ne upije.<\/li>\n<li class=\"text-body font-regular leading-[24px] my-[5px] [&amp;&gt;ol]:!pt-0 [&amp;&gt;ol]:!pb-0 [&amp;&gt;ul]:!pt-0 [&amp;&gt;ul]:!pb-0\" value=\"3\">Preporu\u010duje se koristiti kremu dva puta dnevno, ujutro i nave\u010der, za optimalne rezultate.<\/li>\n<\/ol>\n<p class=\"text-body font-regular leading-[24px] pt-[9px] pb-[2px]\" dir=\"ltr\">Pridr\u017eavajte se preporu\u010denih uputa, i ubrzo \u0107ete vidjeti za\u0161to je Wow Bust toliko popularan.<\/p>\n<h2 class=\"font-semibold pdf-heading-class-replace text-h3 leading-[40px] pt-[21px] pb-[2px] [&amp;_a]:underline-offset-[6px] [&amp;_.underline]:underline-offset-[6px]\" dir=\"ltr\">Wow Bust &#8211; \u010cesto postavljena pitanja<\/h2>\n<p class=\"text-body font-regular leading-[24px] pt-[9px] pb-[2px]\" dir=\"ltr\"><b><strong class=\"font-semibold\">Je li Wow Bust siguran za dugotrajnu upotrebu?<\/strong><\/b><\/p>\n<p class=\"text-body font-regular leading-[24px] pt-[9px] pb-[2px]\" dir=\"ltr\">Apsolutno! Krema je napravljena od prirodnih sastojaka koji ne izazivaju iritacije.<\/p>\n<p class=\"text-body font-regular leading-[24px] pt-[9px] pb-[2px]\" dir=\"ltr\"><b><strong class=\"font-semibold\">Koliko brzo mogu o\u010dekivati rezultate?<\/strong><\/b><\/p>\n<p class=\"text-body font-regular leading-[24px] pt-[9px] pb-[2px]\" dir=\"ltr\">Rezultati \u0107e biti vidljivi ve\u0107 nakon 4 tjedna redovnog kori\u0161tenja.<\/p>\n<p class=\"text-body font-regular leading-[24px] pt-[9px] pb-[2px]\" dir=\"ltr\"><b><strong class=\"font-semibold\">Je li proizvod pogodan za sve tipove ko\u017ee?<\/strong><\/b><\/p>\n<p class=\"text-body font-regular leading-[24px] pt-[9px] pb-[2px]\" dir=\"ltr\">Da, Wow Bust je siguran za sve tipove ko\u017ee.<\/p>\n<p class=\"text-body font-regular leading-[24px] pt-[9px] pb-[2px]\" dir=\"ltr\"><b><strong class=\"font-semibold\">Mogu li nastaviti koristiti druge proizvode za njegu ko\u017ee dok koristim Wow Bust?<\/strong><\/b><\/p>\n<p class=\"text-body font-regular leading-[24px] pt-[9px] pb-[2px]\" dir=\"ltr\">Naravno, Wow Bust se mo\u017ee kombinirati s drugim proizvodima za njegu ko\u017ee.<\/p>\n","protected":false},"excerpt":{"rendered":"<p>Wow Bust je revolucionarna krema za pove\u0107anje grudi koju sve vi\u0161e \u017eena \u0161irom Hrvatske prepoznaje kao sigurno i efikasno re\u0161enje za postizanje \u017eeljene veli\u010dine i \u010dvrsto\u0107e grudi. Dolazi u formi lagane kreme, \u0161to je \u010dini jednostavnom za kori\u0161tenje u svakodnevnoj rutini. Upotreba Wow Bust kreme zna\u010di da vi\u0161e nije potrebno pribegavati invazivnim i skupim procedurama [&hellip;]<\/p>\n","protected":false},"featured_media":253,"template":"","meta":{"iawp_total_views":17},"product_brand":[],"product_cat":[15],"product_tag":[],"class_list":{"0":"post-252","1":"product","2":"type-product","3":"status-publish","4":"has-post-thumbnail","6":"product_cat-zdravlje","8":"entry","9":"has-media","11":"first","12":"instock","13":"sale","14":"shipping-taxable","15":"purchasable","16":"product-type-simple","17":"has-product-nav","18":"col","19":"span_1_of_3","20":"owp-content-center","21":"owp-thumbs-layout-horizontal","22":"owp-btn-normal","23":"owp-tabs-layout-horizontal","24":"has-no-thumbnails"},"yoast_head":"<!-- This site is optimized with the Yoast SEO plugin v27.6 - https:\/\/yoast.com\/product\/yoast-seo-wordpress\/ -->\n<title>Wow Bust - Online Trgovina<\/title>\n<meta name=\"robots\" content=\"index, follow, max-snippet:-1, max-image-preview:large, max-video-preview:-1\" \/>\n<link rel=\"canonical\" href=\"https:\/\/poliklinika-kantrida-dental.com\/ljekarna\/product\/wow-bust\/\" \/>\n<meta property=\"og:locale\" content=\"hr_HR\" \/>\n<meta property=\"og:type\" content=\"article\" \/>\n<meta property=\"og:title\" content=\"Wow Bust - Online Trgovina\" \/>\n<meta property=\"og:description\" content=\"Wow Bust je revolucionarna krema za pove\u0107anje grudi koju sve vi\u0161e \u017eena \u0161irom Hrvatske prepoznaje kao sigurno i efikasno re\u0161enje za postizanje \u017eeljene veli\u010dine i \u010dvrsto\u0107e grudi. Dolazi u formi lagane kreme, \u0161to je \u010dini jednostavnom za kori\u0161tenje u svakodnevnoj rutini. Upotreba Wow Bust kreme zna\u010di da vi\u0161e nije potrebno pribegavati invazivnim i skupim procedurama [&hellip;]\" \/>\n<meta property=\"og:url\" content=\"https:\/\/poliklinika-kantrida-dental.com\/ljekarna\/product\/wow-bust\/\" \/>\n<meta property=\"og:site_name\" content=\"Online Trgovina\" \/>\n<meta property=\"og:image\" content=\"https:\/\/poliklinika-kantrida-dental.com\/ljekarna\/wp-content\/uploads\/2025\/06\/wow-bust.jpg\" \/>\n\t<meta property=\"og:image:width\" content=\"250\" \/>\n\t<meta property=\"og:image:height\" content=\"300\" \/>\n\t<meta property=\"og:image:type\" content=\"image\/jpeg\" \/>\n<meta name=\"twitter:card\" content=\"summary_large_image\" \/>\n<meta name=\"twitter:label1\" content=\"Procijenjeno vrijeme \u010ditanja\" \/>\n\t<meta name=\"twitter:data1\" content=\"5 minuta\" \/>\n<script type=\"application\/ld+json\" class=\"yoast-schema-graph\">{\"@context\":\"https:\\\/\\\/schema.org\",\"@graph\":[{\"@type\":\"WebPage\",\"@id\":\"https:\\\/\\\/poliklinika-kantrida-dental.com\\\/ljekarna\\\/product\\\/wow-bust\\\/\",\"url\":\"https:\\\/\\\/poliklinika-kantrida-dental.com\\\/ljekarna\\\/product\\\/wow-bust\\\/\",\"name\":\"Wow Bust - Online Trgovina\",\"isPartOf\":{\"@id\":\"https:\\\/\\\/poliklinika-kantrida-dental.com\\\/ljekarna\\\/#website\"},\"primaryImageOfPage\":{\"@id\":\"https:\\\/\\\/poliklinika-kantrida-dental.com\\\/ljekarna\\\/product\\\/wow-bust\\\/#primaryimage\"},\"image\":{\"@id\":\"https:\\\/\\\/poliklinika-kantrida-dental.com\\\/ljekarna\\\/product\\\/wow-bust\\\/#primaryimage\"},\"thumbnailUrl\":\"https:\\\/\\\/poliklinika-kantrida-dental.com\\\/ljekarna\\\/wp-content\\\/uploads\\\/2025\\\/06\\\/wow-bust.jpg\",\"datePublished\":\"2025-06-12T18:40:40+00:00\",\"breadcrumb\":{\"@id\":\"https:\\\/\\\/poliklinika-kantrida-dental.com\\\/ljekarna\\\/product\\\/wow-bust\\\/#breadcrumb\"},\"inLanguage\":\"hr\",\"potentialAction\":[{\"@type\":\"ReadAction\",\"target\":[\"https:\\\/\\\/poliklinika-kantrida-dental.com\\\/ljekarna\\\/product\\\/wow-bust\\\/\"]}]},{\"@type\":\"ImageObject\",\"inLanguage\":\"hr\",\"@id\":\"https:\\\/\\\/poliklinika-kantrida-dental.com\\\/ljekarna\\\/product\\\/wow-bust\\\/#primaryimage\",\"url\":\"https:\\\/\\\/poliklinika-kantrida-dental.com\\\/ljekarna\\\/wp-content\\\/uploads\\\/2025\\\/06\\\/wow-bust.jpg\",\"contentUrl\":\"https:\\\/\\\/poliklinika-kantrida-dental.com\\\/ljekarna\\\/wp-content\\\/uploads\\\/2025\\\/06\\\/wow-bust.jpg\",\"width\":250,\"height\":300,\"caption\":\"wow bust\"},{\"@type\":\"BreadcrumbList\",\"@id\":\"https:\\\/\\\/poliklinika-kantrida-dental.com\\\/ljekarna\\\/product\\\/wow-bust\\\/#breadcrumb\",\"itemListElement\":[{\"@type\":\"ListItem\",\"position\":1,\"name\":\"Po\u010detna stranica\",\"item\":\"https:\\\/\\\/poliklinika-kantrida-dental.com\\\/ljekarna\\\/\"},{\"@type\":\"ListItem\",\"position\":2,\"name\":\"Proizvodi\",\"item\":\"https:\\\/\\\/poliklinika-kantrida-dental.com\\\/ljekarna\\\/\"},{\"@type\":\"ListItem\",\"position\":3,\"name\":\"Wow Bust\"}]},{\"@type\":\"WebSite\",\"@id\":\"https:\\\/\\\/poliklinika-kantrida-dental.com\\\/ljekarna\\\/#website\",\"url\":\"https:\\\/\\\/poliklinika-kantrida-dental.com\\\/ljekarna\\\/\",\"name\":\"Online Trgovina\",\"description\":\"\",\"potentialAction\":[{\"@type\":\"SearchAction\",\"target\":{\"@type\":\"EntryPoint\",\"urlTemplate\":\"https:\\\/\\\/poliklinika-kantrida-dental.com\\\/ljekarna\\\/?s={search_term_string}\"},\"query-input\":{\"@type\":\"PropertyValueSpecification\",\"valueRequired\":true,\"valueName\":\"search_term_string\"}}],\"inLanguage\":\"hr\"}]}<\/script>\n<!-- \/ Yoast SEO plugin. -->","yoast_head_json":{"title":"Wow Bust - Online Trgovina","robots":{"index":"index","follow":"follow","max-snippet":"max-snippet:-1","max-image-preview":"max-image-preview:large","max-video-preview":"max-video-preview:-1"},"canonical":"https:\/\/poliklinika-kantrida-dental.com\/ljekarna\/product\/wow-bust\/","og_locale":"hr_HR","og_type":"article","og_title":"Wow Bust - Online Trgovina","og_description":"Wow Bust je revolucionarna krema za pove\u0107anje grudi koju sve vi\u0161e \u017eena \u0161irom Hrvatske prepoznaje kao sigurno i efikasno re\u0161enje za postizanje \u017eeljene veli\u010dine i \u010dvrsto\u0107e grudi. Dolazi u formi lagane kreme, \u0161to je \u010dini jednostavnom za kori\u0161tenje u svakodnevnoj rutini. Upotreba Wow Bust kreme zna\u010di da vi\u0161e nije potrebno pribegavati invazivnim i skupim procedurama [&hellip;]","og_url":"https:\/\/poliklinika-kantrida-dental.com\/ljekarna\/product\/wow-bust\/","og_site_name":"Online Trgovina","og_image":[{"width":250,"height":300,"url":"https:\/\/poliklinika-kantrida-dental.com\/ljekarna\/wp-content\/uploads\/2025\/06\/wow-bust.jpg","type":"image\/jpeg"}],"twitter_card":"summary_large_image","twitter_misc":{"Procijenjeno vrijeme \u010ditanja":"5 minuta"},"schema":{"@context":"https:\/\/schema.org","@graph":[{"@type":"WebPage","@id":"https:\/\/poliklinika-kantrida-dental.com\/ljekarna\/product\/wow-bust\/","url":"https:\/\/poliklinika-kantrida-dental.com\/ljekarna\/product\/wow-bust\/","name":"Wow Bust - Online Trgovina","isPartOf":{"@id":"https:\/\/poliklinika-kantrida-dental.com\/ljekarna\/#website"},"primaryImageOfPage":{"@id":"https:\/\/poliklinika-kantrida-dental.com\/ljekarna\/product\/wow-bust\/#primaryimage"},"image":{"@id":"https:\/\/poliklinika-kantrida-dental.com\/ljekarna\/product\/wow-bust\/#primaryimage"},"thumbnailUrl":"https:\/\/poliklinika-kantrida-dental.com\/ljekarna\/wp-content\/uploads\/2025\/06\/wow-bust.jpg","datePublished":"2025-06-12T18:40:40+00:00","breadcrumb":{"@id":"https:\/\/poliklinika-kantrida-dental.com\/ljekarna\/product\/wow-bust\/#breadcrumb"},"inLanguage":"hr","potentialAction":[{"@type":"ReadAction","target":["https:\/\/poliklinika-kantrida-dental.com\/ljekarna\/product\/wow-bust\/"]}]},{"@type":"ImageObject","inLanguage":"hr","@id":"https:\/\/poliklinika-kantrida-dental.com\/ljekarna\/product\/wow-bust\/#primaryimage","url":"https:\/\/poliklinika-kantrida-dental.com\/ljekarna\/wp-content\/uploads\/2025\/06\/wow-bust.jpg","contentUrl":"https:\/\/poliklinika-kantrida-dental.com\/ljekarna\/wp-content\/uploads\/2025\/06\/wow-bust.jpg","width":250,"height":300,"caption":"wow bust"},{"@type":"BreadcrumbList","@id":"https:\/\/poliklinika-kantrida-dental.com\/ljekarna\/product\/wow-bust\/#breadcrumb","itemListElement":[{"@type":"ListItem","position":1,"name":"Po\u010detna stranica","item":"https:\/\/poliklinika-kantrida-dental.com\/ljekarna\/"},{"@type":"ListItem","position":2,"name":"Proizvodi","item":"https:\/\/poliklinika-kantrida-dental.com\/ljekarna\/"},{"@type":"ListItem","position":3,"name":"Wow Bust"}]},{"@type":"WebSite","@id":"https:\/\/poliklinika-kantrida-dental.com\/ljekarna\/#website","url":"https:\/\/poliklinika-kantrida-dental.com\/ljekarna\/","name":"Online Trgovina","description":"","potentialAction":[{"@type":"SearchAction","target":{"@type":"EntryPoint","urlTemplate":"https:\/\/poliklinika-kantrida-dental.com\/ljekarna\/?s={search_term_string}"},"query-input":{"@type":"PropertyValueSpecification","valueRequired":true,"valueName":"search_term_string"}}],"inLanguage":"hr"}]}},"_links":{"self":[{"href":"https:\/\/poliklinika-kantrida-dental.com\/ljekarna\/wp-json\/wp\/v2\/product\/252","targetHints":{"allow":["GET"]}}],"collection":[{"href":"https:\/\/poliklinika-kantrida-dental.com\/ljekarna\/wp-json\/wp\/v2\/product"}],"about":[{"href":"https:\/\/poliklinika-kantrida-dental.com\/ljekarna\/wp-json\/wp\/v2\/types\/product"}],"wp:featuredmedia":[{"embeddable":true,"href":"https:\/\/poliklinika-kantrida-dental.com\/ljekarna\/wp-json\/wp\/v2\/media\/253"}],"wp:attachment":[{"href":"https:\/\/poliklinika-kantrida-dental.com\/ljekarna\/wp-json\/wp\/v2\/media?parent=252"}],"wp:term":[{"taxonomy":"product_brand","embeddable":true,"href":"https:\/\/poliklinika-kantrida-dental.com\/ljekarna\/wp-json\/wp\/v2\/product_brand?post=252"},{"taxonomy":"product_cat","embeddable":true,"href":"https:\/\/poliklinika-kantrida-dental.com\/ljekarna\/wp-json\/wp\/v2\/product_cat?post=252"},{"taxonomy":"product_tag","embeddable":true,"href":"https:\/\/poliklinika-kantrida-dental.com\/ljekarna\/wp-json\/wp\/v2\/product_tag?post=252"}],"curies":[{"name":"wp","href":"https:\/\/api.w.org\/{rel}","templated":true}]}}