{"id":174,"date":"2025-05-18T18:41:42","date_gmt":"2025-05-18T18:41:42","guid":{"rendered":"https:\/\/poliklinika-kantrida-dental.com\/ljekarna\/?post_type=product&#038;p=174"},"modified":"2025-05-18T18:41:42","modified_gmt":"2025-05-18T18:41:42","slug":"osteon","status":"publish","type":"product","link":"https:\/\/poliklinika-kantrida-dental.com\/ljekarna\/product\/osteon\/","title":{"rendered":"Osteon"},"content":{"rendered":"<p class=\"text-body font-regular leading-[24px] pt-[9px] pb-[2px]\" dir=\"ltr\"><b><strong class=\"font-semibold\">Osteon<\/strong><\/b> je inovativni gel osmi\u0161ljen kako bi pomogao osobama koje pate od bolova u zglobovima. Ovaj proizvod postao je popularan zahvaljuju\u0107i svojoj efikasnosti u smanjenju nelagode i pobolj\u0161anju pokretljivosti zglobova. Dostupan je u pristupa\u010dnoj formi gela, \u0161to omogu\u0107ava jednostavno kori\u0161tenje bez ikakvih komplikacija.<\/p>\n<p class=\"text-body font-regular leading-[24px] pt-[9px] pb-[2px]\" dir=\"ltr\">Gel se nanosi direktno na ko\u017eu, gdje njegovi aktivni sastojci prodiru u dublje slojeve i ciljano djeluju na podru\u010dje boli. Radi se o diskretnom proizvodu koji ne ostavlja masne tragove, \u0161to ga \u010dini idealnim za svakodnevnu upotrebu. Sve \u0161to trebate jest nanijeti malu koli\u010dinu gela na bolno podru\u010dje i nje\u017eno umasirati. Osteon pru\u017ea brzo olak\u0161anje i kontinuiranu podr\u0161ku za zdravlje zglobova, \u010dine\u0107i ga neophodnim saveznikom u borbi protiv neugodnih simptoma.<\/p>\n<p class=\"text-body font-regular leading-[24px] pt-[9px] pb-[2px]\" dir=\"ltr\">Ako tra\u017eite prakti\u010dan i siguran na\u010din da umanjite bolove u zglobovima, Osteon je upravo ono \u0161to vam treba.<\/p>\n<h2 class=\"font-semibold text-h3 leading-[40px] pt-[21px] pb-[2px] [&amp;_a]:underline-offset-[6px] [&amp;_.underline]:underline-offset-[6px]\" dir=\"ltr\">Osteon &#8211; Da li zaista djeluje?<\/h2>\n<p class=\"text-body font-regular leading-[24px] pt-[9px] pb-[2px]\" dir=\"ltr\">Da, <b><strong class=\"font-semibold\">Osteon zaista djeluje<\/strong><\/b> i dokazano poma\u017ee ljudima da se rije\u0161e bolova u zglobovima. Zahvaljuju\u0107i svojoj naprednoj formuli, ovaj gel pru\u017ea brzo olak\u0161anje ve\u0107 nakon nekoliko primjena. Njegova u\u010dinkovitost le\u017ei u sposobnosti da smanji upalu, pobolj\u0161a cirkulaciju i pove\u0107a fleksibilnost o\u0161te\u0107enih zglobova.<\/p>\n<p class=\"text-body font-regular leading-[24px] pt-[9px] pb-[2px]\" dir=\"ltr\">Rezultati govore sami za sebe. Mnogi korisnici navode kako su ve\u0107 nakon nekoliko kori\u0161tenja primijetili zna\u010dajno smanjenje boli i povratak normalnoj pokretljivosti. Uz to, Osteon je ekonomi\u010dan jer pru\u017ea dugotrajne rezultate, \u0161to ga \u010dini isplativim rje\u0161enjem za probleme sa zglobovima.<\/p>\n<h2 class=\"font-semibold text-h3 leading-[40px] pt-[21px] pb-[2px] [&amp;_a]:underline-offset-[6px] [&amp;_.underline]:underline-offset-[6px]\" dir=\"ltr\">Osteon &#8211; Iskustva korisnika u Hrvatskoj<\/h2>\n<p class=\"text-body font-regular leading-[24px] pt-[9px] pb-[2px]\" dir=\"ltr\">Korisnici \u0161irom Hrvatske odu\u0161evljeni su rezultatima koje pru\u017ea Osteon. Ovo su samo neka od njihovih iskustava:<\/p>\n<ul class=\"pt-[9px] pb-[2px] pl-[24px] list-inside list-disc pt-[5px]\">\n<li class=\"text-body font-regular leading-[24px] my-[5px] [&amp;&gt;ol]:!pt-0 [&amp;&gt;ol]:!pb-0 [&amp;&gt;ul]:!pt-0 [&amp;&gt;ul]:!pb-0\" value=\"1\"><b><strong class=\"font-semibold\">Marina (45) iz Zagreba<\/strong><\/b>: &#8220;Nakon vi\u0161emjese\u010dnih bolova u koljenima, odlu\u010dila sam isprobati Osteon. Ve\u0107 nakon prvih nekoliko dana, bol je zna\u010dajno smanjena, a sada se kona\u010dno mogu slobodno kretati.&#8221;<\/li>\n<li class=\"text-body font-regular leading-[24px] my-[5px] [&amp;&gt;ol]:!pt-0 [&amp;&gt;ol]:!pb-0 [&amp;&gt;ul]:!pt-0 [&amp;&gt;ul]:!pb-0\" value=\"2\"><b><strong class=\"font-semibold\">Ivan (52) iz Splita<\/strong><\/b>: &#8220;Skepti\u010dan sam prema gelovima, ali Osteon mi je promijenio mi\u0161ljenje. Ubla\u017eio je bol u le\u0111ima koja me mu\u010dila godinama.&#8221;<\/li>\n<li class=\"text-body font-regular leading-[24px] my-[5px] [&amp;&gt;ol]:!pt-0 [&amp;&gt;ol]:!pb-0 [&amp;&gt;ul]:!pt-0 [&amp;&gt;ul]:!pb-0\" value=\"3\"><b><strong class=\"font-semibold\">Maja (38) iz Osijeka<\/strong><\/b>: &#8220;Osteon mi je doslovno olak\u0161ao svakodnevicu! Sjajan proizvod koji preporu\u010dujem svima.&#8221;<\/li>\n<\/ul>\n<p class=\"text-body font-regular leading-[24px] pt-[9px] pb-[2px]\" dir=\"ltr\">Popularnost Osteona raste upravo zahvaljuju\u0107i ovako pozitivnim recenzijama korisnika.<\/p>\n<h2 class=\"font-semibold text-h3 leading-[40px] pt-[21px] pb-[2px] [&amp;_a]:underline-offset-[6px] [&amp;_.underline]:underline-offset-[6px]\" dir=\"ltr\">Osteon &#8211; Sastav proizvoda<\/h2>\n<p class=\"text-body font-regular leading-[24px] pt-[9px] pb-[2px]\" dir=\"ltr\">Jedna od tajni u\u010dinkovitosti Osteon gela krije se u njegovom pa\u017eljivo odabranom sastavu. Svaki sastojak ima specifi\u010dnu ulogu u olak\u0161anju bolova i regeneraciji zglobova:<\/p>\n<ul class=\"pt-[9px] pb-[2px] pl-[24px] list-inside list-disc pt-[5px]\">\n<li class=\"text-body font-regular leading-[24px] my-[5px] [&amp;&gt;ol]:!pt-0 [&amp;&gt;ol]:!pb-0 [&amp;&gt;ul]:!pt-0 [&amp;&gt;ul]:!pb-0\" value=\"1\"><b><strong class=\"font-semibold\">Mentol<\/strong><\/b>: Hla\u0111enje i smanjenje upale odmah nakon primjene.<\/li>\n<li class=\"text-body font-regular leading-[24px] my-[5px] [&amp;&gt;ol]:!pt-0 [&amp;&gt;ol]:!pb-0 [&amp;&gt;ul]:!pt-0 [&amp;&gt;ul]:!pb-0\" value=\"2\"><b><strong class=\"font-semibold\">Arnika<\/strong><\/b>: Poznata po svojim svojstvima smanjenja otoka i upale.<\/li>\n<li class=\"text-body font-regular leading-[24px] my-[5px] [&amp;&gt;ol]:!pt-0 [&amp;&gt;ol]:!pb-0 [&amp;&gt;ul]:!pt-0 [&amp;&gt;ul]:!pb-0\" value=\"3\"><b><strong class=\"font-semibold\">Ulje eukaliptusa<\/strong><\/b>: Poti\u010de cirkulaciju i djeluje umiruju\u0107e na bolne zglobove.<\/li>\n<li class=\"text-body font-regular leading-[24px] my-[5px] [&amp;&gt;ol]:!pt-0 [&amp;&gt;ol]:!pb-0 [&amp;&gt;ul]:!pt-0 [&amp;&gt;ul]:!pb-0\" value=\"4\"><b><strong class=\"font-semibold\">Ekstrakt gaveza<\/strong><\/b>: Prirodni sastojak koji podupire regeneraciju zglobova i hrskavice.<\/li>\n<li class=\"text-body font-regular leading-[24px] my-[5px] [&amp;&gt;ol]:!pt-0 [&amp;&gt;ol]:!pb-0 [&amp;&gt;ul]:!pt-0 [&amp;&gt;ul]:!pb-0\" value=\"5\"><b><strong class=\"font-semibold\">Vitamini i minerali<\/strong><\/b>: Dodaci za ja\u010danje i odr\u017eavanje zdravlja zglobova na dulje staze.<\/li>\n<\/ul>\n<h2 class=\"font-semibold text-h3 leading-[40px] pt-[21px] pb-[2px] [&amp;_a]:underline-offset-[6px] [&amp;_.underline]:underline-offset-[6px]\" dir=\"ltr\">Osteon &#8211; Glavne prednosti<\/h2>\n<p class=\"text-body font-regular leading-[24px] pt-[9px] pb-[2px]\" dir=\"ltr\">Za\u0161to odabrati Osteon? Evo nekoliko glavnih prednosti ovog proizvoda:<\/p>\n<ul class=\"pt-[9px] pb-[2px] pl-[24px] list-inside list-disc pt-[5px]\">\n<li class=\"text-body font-regular leading-[24px] my-[5px] [&amp;&gt;ol]:!pt-0 [&amp;&gt;ol]:!pb-0 [&amp;&gt;ul]:!pt-0 [&amp;&gt;ul]:!pb-0\" value=\"1\"><b><strong class=\"font-semibold\">Brzo djelovanje<\/strong><\/b> na bolna podru\u010dja.<\/li>\n<li class=\"text-body font-regular leading-[24px] my-[5px] [&amp;&gt;ol]:!pt-0 [&amp;&gt;ol]:!pb-0 [&amp;&gt;ul]:!pt-0 [&amp;&gt;ul]:!pb-0\" value=\"2\"><b><strong class=\"font-semibold\">Sigurnost<\/strong><\/b> zahvaljuju\u0107i prirodnim sastojcima.<\/li>\n<li class=\"text-body font-regular leading-[24px] my-[5px] [&amp;&gt;ol]:!pt-0 [&amp;&gt;ol]:!pb-0 [&amp;&gt;ul]:!pt-0 [&amp;&gt;ul]:!pb-0\" value=\"3\"><b><strong class=\"font-semibold\">Diskretnost<\/strong><\/b> u upotrebi bez masnih tragova.<\/li>\n<li class=\"text-body font-regular leading-[24px] my-[5px] [&amp;&gt;ol]:!pt-0 [&amp;&gt;ol]:!pb-0 [&amp;&gt;ul]:!pt-0 [&amp;&gt;ul]:!pb-0\" value=\"4\">Pogodan za osobe svih dobnih skupina.<\/li>\n<li class=\"text-body font-regular leading-[24px] my-[5px] [&amp;&gt;ol]:!pt-0 [&amp;&gt;ol]:!pb-0 [&amp;&gt;ul]:!pt-0 [&amp;&gt;ul]:!pb-0\" value=\"5\">Mo\u017ee se koristiti bilo kada i bilo gdje.<\/li>\n<\/ul>\n<h2 class=\"font-semibold text-h3 leading-[40px] pt-[21px] pb-[2px] [&amp;_a]:underline-offset-[6px] [&amp;_.underline]:underline-offset-[6px]\" dir=\"ltr\">dje Kupiti Osteon? Ljekarna, DM, Nju\u0161kalo<\/h2>\n<p class=\"text-body font-regular leading-[24px] pt-[9px] pb-[2px]\" dir=\"ltr\">Trenutno se Osteon <b><strong class=\"font-semibold\">ne mo\u017ee kupiti<\/strong><\/b> u obi\u010dnim ljekarnama, DM prodavaonicama ni na oglasnicima poput Nju\u0161kala. Ovaj proizvod dostupan je isklju\u010divo u ljekarnama koje sura\u0111uju izravno s proizvo\u0111a\u010dem.<\/p>\n<p class=\"text-body font-regular leading-[24px] pt-[9px] pb-[2px]\" dir=\"ltr\">Za kupnju, posjetite na\u0161u slu\u017ebenu ljekarni\u010dku web-stranicu. Sve \u0161to trebate jest kliknuti na &#8220;Naru\u010di&#8221;, ispuniti obrazac i odabrati na\u010din dostave i pla\u0107anja. Narud\u017eba se isporu\u010duje u roku od <b><strong class=\"font-semibold\">24-72 sata<\/strong><\/b>, a pla\u0107anje vr\u0161ite tek nakon \u0161to proizvod stigne na va\u0161u adresu.<\/p>\n<h2 class=\"font-semibold text-h3 leading-[40px] pt-[21px] pb-[2px] [&amp;_a]:underline-offset-[6px] [&amp;_.underline]:underline-offset-[6px]\" dir=\"ltr\">Koliko ko\u0161ta Osteon? Cijena<\/h2>\n<p class=\"text-body font-regular leading-[24px] pt-[9px] pb-[2px]\" dir=\"ltr\">Redovna cijena Osteona je <b><strong class=\"font-semibold\">78 eura<\/strong><\/b>, ali trenutno nudimo <b><strong class=\"font-semibold\">50% popusta<\/strong><\/b> za sve narud\u017ebe putem na\u0161e web stranice. Iskoristite ovu ograni\u010denu ponudu dok traje jer su zalihe brzo rasprodane zbog velike potra\u017enje.<\/p>\n<p class=\"text-body font-regular leading-[24px] pt-[9px] pb-[2px]\" dir=\"ltr\">Cijena nakon popusta iznosi samo <b><strong class=\"font-semibold\">39 eura<\/strong><\/b>, \u0161to Osteon \u010dini pristupa\u010dnim rje\u0161enjem za osobe koje pate od bolova u zglobovima.<\/p>\n<h2 class=\"font-semibold text-h3 leading-[40px] pt-[21px] pb-[2px] [&amp;_a]:underline-offset-[6px] [&amp;_.underline]:underline-offset-[6px]\" dir=\"ltr\">Kako se koristi Osteon? Uputstvo za kori\u0161tenje<\/h2>\n<p class=\"text-body font-regular leading-[24px] pt-[9px] pb-[2px]\" dir=\"ltr\">Kako biste maksimalno iskoristili Osteon, slijedite ove jednostavne upute:<\/p>\n<ol class=\"pt-[9px] pb-[2px] pl-[24px] list-inside list-decimal\">\n<li class=\"text-body font-regular leading-[24px] my-[5px] [&amp;&gt;ol]:!pt-0 [&amp;&gt;ol]:!pb-0 [&amp;&gt;ul]:!pt-0 [&amp;&gt;ul]:!pb-0\" value=\"1\"><b><strong class=\"font-semibold\">O\u010distite ko\u017eu<\/strong><\/b> na bolnom podru\u010dju prije nano\u0161enja.<\/li>\n<li class=\"text-body font-regular leading-[24px] my-[5px] [&amp;&gt;ol]:!pt-0 [&amp;&gt;ol]:!pb-0 [&amp;&gt;ul]:!pt-0 [&amp;&gt;ul]:!pb-0\" value=\"2\">Uzmite malu koli\u010dinu gela i <b><strong class=\"font-semibold\">nje\u017eno umasirajte<\/strong><\/b> dok se potpuno ne upije.<\/li>\n<li class=\"text-body font-regular leading-[24px] my-[5px] [&amp;&gt;ol]:!pt-0 [&amp;&gt;ol]:!pb-0 [&amp;&gt;ul]:!pt-0 [&amp;&gt;ul]:!pb-0\" value=\"3\">Koristite ga <b><strong class=\"font-semibold\">dva do tri puta dnevno<\/strong><\/b> za najbolje rezultate.<\/li>\n<li class=\"text-body font-regular leading-[24px] my-[5px] [&amp;&gt;ol]:!pt-0 [&amp;&gt;ol]:!pb-0 [&amp;&gt;ul]:!pt-0 [&amp;&gt;ul]:!pb-0\" value=\"4\">Nastavite s primjenom prema potrebi dok bol i nelagoda ne nestanu.<\/li>\n<\/ol>\n<p class=\"text-body font-regular leading-[24px] pt-[9px] pb-[2px]\" dir=\"ltr\">Prilikom kori\u0161tenja, izbjegavajte kontakt s o\u010dima i sluznicom te \u010duvajte gel na suhom i hladnom mjestu van dosega djece.<\/p>\n<h2 class=\"font-semibold text-h3 leading-[40px] pt-[21px] pb-[2px] [&amp;_a]:underline-offset-[6px] [&amp;_.underline]:underline-offset-[6px]\" dir=\"ltr\">Osteon &#8211; \u010cesto postavljena pitanja<\/h2>\n<h3 class=\"font-semibold text-h4 leading-[30px] pt-[15px] pb-[2px] [&amp;_a]:underline-offset-[6px] [&amp;_.underline]:underline-offset-[6px]\" dir=\"ltr\">Je li Osteon siguran za svakodnevnu upotrebu?<\/h3>\n<p class=\"text-body font-regular leading-[24px] pt-[9px] pb-[2px]\" dir=\"ltr\">Da, zahvaljuju\u0107i prirodnim sastojcima, Osteon je potpuno siguran za svakodnevno kori\u0161tenje.<\/p>\n<h3 class=\"font-semibold text-h4 leading-[30px] pt-[15px] pb-[2px] [&amp;_a]:underline-offset-[6px] [&amp;_.underline]:underline-offset-[6px]\" dir=\"ltr\">Koliko brzo \u0107u vidjeti rezultate?<\/h3>\n<p class=\"text-body font-regular leading-[24px] pt-[9px] pb-[2px]\" dir=\"ltr\">Mnogi korisnici primje\u0107uju olak\u0161anje ve\u0107 nakon prve primjene, dok kontinuirana upotreba donosi dugotrajnije rezultate.<\/p>\n<h3 class=\"font-semibold text-h4 leading-[30px] pt-[15px] pb-[2px] [&amp;_a]:underline-offset-[6px] [&amp;_.underline]:underline-offset-[6px]\" dir=\"ltr\">Mogu li naru\u010diti Osteon izvan Hrvatske?<\/h3>\n<p class=\"text-body font-regular leading-[24px] pt-[9px] pb-[2px]\" dir=\"ltr\">Trenutno je Osteon dostupan samo u Hrvatskoj putem slu\u017ebenih ljekarni.<\/p>\n","protected":false},"excerpt":{"rendered":"<p>Osteon je inovativni gel osmi\u0161ljen kako bi pomogao osobama koje pate od bolova u zglobovima. Ovaj proizvod postao je popularan zahvaljuju\u0107i svojoj efikasnosti u smanjenju nelagode i pobolj\u0161anju pokretljivosti zglobova. Dostupan je u pristupa\u010dnoj formi gela, \u0161to omogu\u0107ava jednostavno kori\u0161tenje bez ikakvih komplikacija. Gel se nanosi direktno na ko\u017eu, gdje njegovi aktivni sastojci prodiru u [&hellip;]<\/p>\n","protected":false},"featured_media":175,"template":"","meta":{"iawp_total_views":220},"product_brand":[],"product_cat":[15],"product_tag":[],"class_list":{"0":"post-174","1":"product","2":"type-product","3":"status-publish","4":"has-post-thumbnail","6":"product_cat-zdravlje","8":"entry","9":"has-media","11":"first","12":"instock","13":"sale","14":"shipping-taxable","15":"purchasable","16":"product-type-simple","17":"has-product-nav","18":"col","19":"span_1_of_3","20":"owp-content-center","21":"owp-thumbs-layout-horizontal","22":"owp-btn-normal","23":"owp-tabs-layout-horizontal","24":"has-no-thumbnails"},"yoast_head":"<!-- This site is optimized with the Yoast SEO plugin v27.6 - https:\/\/yoast.com\/product\/yoast-seo-wordpress\/ -->\n<title>Osteon - Online Trgovina<\/title>\n<meta name=\"robots\" content=\"index, follow, max-snippet:-1, max-image-preview:large, max-video-preview:-1\" \/>\n<link rel=\"canonical\" href=\"https:\/\/poliklinika-kantrida-dental.com\/ljekarna\/product\/osteon\/\" \/>\n<meta property=\"og:locale\" content=\"hr_HR\" \/>\n<meta property=\"og:type\" content=\"article\" \/>\n<meta property=\"og:title\" content=\"Osteon - Online Trgovina\" \/>\n<meta property=\"og:description\" content=\"Osteon je inovativni gel osmi\u0161ljen kako bi pomogao osobama koje pate od bolova u zglobovima. Ovaj proizvod postao je popularan zahvaljuju\u0107i svojoj efikasnosti u smanjenju nelagode i pobolj\u0161anju pokretljivosti zglobova. Dostupan je u pristupa\u010dnoj formi gela, \u0161to omogu\u0107ava jednostavno kori\u0161tenje bez ikakvih komplikacija. Gel se nanosi direktno na ko\u017eu, gdje njegovi aktivni sastojci prodiru u [&hellip;]\" \/>\n<meta property=\"og:url\" content=\"https:\/\/poliklinika-kantrida-dental.com\/ljekarna\/product\/osteon\/\" \/>\n<meta property=\"og:site_name\" content=\"Online Trgovina\" \/>\n<meta property=\"og:image\" content=\"https:\/\/poliklinika-kantrida-dental.com\/ljekarna\/wp-content\/uploads\/2025\/05\/osteon.jpg\" \/>\n\t<meta property=\"og:image:width\" content=\"250\" \/>\n\t<meta property=\"og:image:height\" content=\"300\" \/>\n\t<meta property=\"og:image:type\" content=\"image\/jpeg\" \/>\n<meta name=\"twitter:card\" content=\"summary_large_image\" \/>\n<meta name=\"twitter:label1\" content=\"Procijenjeno vrijeme \u010ditanja\" \/>\n\t<meta name=\"twitter:data1\" content=\"5 minuta\" \/>\n<script type=\"application\/ld+json\" class=\"yoast-schema-graph\">{\"@context\":\"https:\\\/\\\/schema.org\",\"@graph\":[{\"@type\":\"WebPage\",\"@id\":\"https:\\\/\\\/poliklinika-kantrida-dental.com\\\/ljekarna\\\/product\\\/osteon\\\/\",\"url\":\"https:\\\/\\\/poliklinika-kantrida-dental.com\\\/ljekarna\\\/product\\\/osteon\\\/\",\"name\":\"Osteon - Online Trgovina\",\"isPartOf\":{\"@id\":\"https:\\\/\\\/poliklinika-kantrida-dental.com\\\/ljekarna\\\/#website\"},\"primaryImageOfPage\":{\"@id\":\"https:\\\/\\\/poliklinika-kantrida-dental.com\\\/ljekarna\\\/product\\\/osteon\\\/#primaryimage\"},\"image\":{\"@id\":\"https:\\\/\\\/poliklinika-kantrida-dental.com\\\/ljekarna\\\/product\\\/osteon\\\/#primaryimage\"},\"thumbnailUrl\":\"https:\\\/\\\/poliklinika-kantrida-dental.com\\\/ljekarna\\\/wp-content\\\/uploads\\\/2025\\\/05\\\/osteon.jpg\",\"datePublished\":\"2025-05-18T18:41:42+00:00\",\"breadcrumb\":{\"@id\":\"https:\\\/\\\/poliklinika-kantrida-dental.com\\\/ljekarna\\\/product\\\/osteon\\\/#breadcrumb\"},\"inLanguage\":\"hr\",\"potentialAction\":[{\"@type\":\"ReadAction\",\"target\":[\"https:\\\/\\\/poliklinika-kantrida-dental.com\\\/ljekarna\\\/product\\\/osteon\\\/\"]}]},{\"@type\":\"ImageObject\",\"inLanguage\":\"hr\",\"@id\":\"https:\\\/\\\/poliklinika-kantrida-dental.com\\\/ljekarna\\\/product\\\/osteon\\\/#primaryimage\",\"url\":\"https:\\\/\\\/poliklinika-kantrida-dental.com\\\/ljekarna\\\/wp-content\\\/uploads\\\/2025\\\/05\\\/osteon.jpg\",\"contentUrl\":\"https:\\\/\\\/poliklinika-kantrida-dental.com\\\/ljekarna\\\/wp-content\\\/uploads\\\/2025\\\/05\\\/osteon.jpg\",\"width\":250,\"height\":300,\"caption\":\"osteon\"},{\"@type\":\"BreadcrumbList\",\"@id\":\"https:\\\/\\\/poliklinika-kantrida-dental.com\\\/ljekarna\\\/product\\\/osteon\\\/#breadcrumb\",\"itemListElement\":[{\"@type\":\"ListItem\",\"position\":1,\"name\":\"Po\u010detna stranica\",\"item\":\"https:\\\/\\\/poliklinika-kantrida-dental.com\\\/ljekarna\\\/\"},{\"@type\":\"ListItem\",\"position\":2,\"name\":\"Proizvodi\",\"item\":\"https:\\\/\\\/poliklinika-kantrida-dental.com\\\/ljekarna\\\/\"},{\"@type\":\"ListItem\",\"position\":3,\"name\":\"Osteon\"}]},{\"@type\":\"WebSite\",\"@id\":\"https:\\\/\\\/poliklinika-kantrida-dental.com\\\/ljekarna\\\/#website\",\"url\":\"https:\\\/\\\/poliklinika-kantrida-dental.com\\\/ljekarna\\\/\",\"name\":\"Online Trgovina\",\"description\":\"\",\"potentialAction\":[{\"@type\":\"SearchAction\",\"target\":{\"@type\":\"EntryPoint\",\"urlTemplate\":\"https:\\\/\\\/poliklinika-kantrida-dental.com\\\/ljekarna\\\/?s={search_term_string}\"},\"query-input\":{\"@type\":\"PropertyValueSpecification\",\"valueRequired\":true,\"valueName\":\"search_term_string\"}}],\"inLanguage\":\"hr\"}]}<\/script>\n<!-- \/ Yoast SEO plugin. -->","yoast_head_json":{"title":"Osteon - Online Trgovina","robots":{"index":"index","follow":"follow","max-snippet":"max-snippet:-1","max-image-preview":"max-image-preview:large","max-video-preview":"max-video-preview:-1"},"canonical":"https:\/\/poliklinika-kantrida-dental.com\/ljekarna\/product\/osteon\/","og_locale":"hr_HR","og_type":"article","og_title":"Osteon - Online Trgovina","og_description":"Osteon je inovativni gel osmi\u0161ljen kako bi pomogao osobama koje pate od bolova u zglobovima. Ovaj proizvod postao je popularan zahvaljuju\u0107i svojoj efikasnosti u smanjenju nelagode i pobolj\u0161anju pokretljivosti zglobova. Dostupan je u pristupa\u010dnoj formi gela, \u0161to omogu\u0107ava jednostavno kori\u0161tenje bez ikakvih komplikacija. Gel se nanosi direktno na ko\u017eu, gdje njegovi aktivni sastojci prodiru u [&hellip;]","og_url":"https:\/\/poliklinika-kantrida-dental.com\/ljekarna\/product\/osteon\/","og_site_name":"Online Trgovina","og_image":[{"width":250,"height":300,"url":"https:\/\/poliklinika-kantrida-dental.com\/ljekarna\/wp-content\/uploads\/2025\/05\/osteon.jpg","type":"image\/jpeg"}],"twitter_card":"summary_large_image","twitter_misc":{"Procijenjeno vrijeme \u010ditanja":"5 minuta"},"schema":{"@context":"https:\/\/schema.org","@graph":[{"@type":"WebPage","@id":"https:\/\/poliklinika-kantrida-dental.com\/ljekarna\/product\/osteon\/","url":"https:\/\/poliklinika-kantrida-dental.com\/ljekarna\/product\/osteon\/","name":"Osteon - Online Trgovina","isPartOf":{"@id":"https:\/\/poliklinika-kantrida-dental.com\/ljekarna\/#website"},"primaryImageOfPage":{"@id":"https:\/\/poliklinika-kantrida-dental.com\/ljekarna\/product\/osteon\/#primaryimage"},"image":{"@id":"https:\/\/poliklinika-kantrida-dental.com\/ljekarna\/product\/osteon\/#primaryimage"},"thumbnailUrl":"https:\/\/poliklinika-kantrida-dental.com\/ljekarna\/wp-content\/uploads\/2025\/05\/osteon.jpg","datePublished":"2025-05-18T18:41:42+00:00","breadcrumb":{"@id":"https:\/\/poliklinika-kantrida-dental.com\/ljekarna\/product\/osteon\/#breadcrumb"},"inLanguage":"hr","potentialAction":[{"@type":"ReadAction","target":["https:\/\/poliklinika-kantrida-dental.com\/ljekarna\/product\/osteon\/"]}]},{"@type":"ImageObject","inLanguage":"hr","@id":"https:\/\/poliklinika-kantrida-dental.com\/ljekarna\/product\/osteon\/#primaryimage","url":"https:\/\/poliklinika-kantrida-dental.com\/ljekarna\/wp-content\/uploads\/2025\/05\/osteon.jpg","contentUrl":"https:\/\/poliklinika-kantrida-dental.com\/ljekarna\/wp-content\/uploads\/2025\/05\/osteon.jpg","width":250,"height":300,"caption":"osteon"},{"@type":"BreadcrumbList","@id":"https:\/\/poliklinika-kantrida-dental.com\/ljekarna\/product\/osteon\/#breadcrumb","itemListElement":[{"@type":"ListItem","position":1,"name":"Po\u010detna stranica","item":"https:\/\/poliklinika-kantrida-dental.com\/ljekarna\/"},{"@type":"ListItem","position":2,"name":"Proizvodi","item":"https:\/\/poliklinika-kantrida-dental.com\/ljekarna\/"},{"@type":"ListItem","position":3,"name":"Osteon"}]},{"@type":"WebSite","@id":"https:\/\/poliklinika-kantrida-dental.com\/ljekarna\/#website","url":"https:\/\/poliklinika-kantrida-dental.com\/ljekarna\/","name":"Online Trgovina","description":"","potentialAction":[{"@type":"SearchAction","target":{"@type":"EntryPoint","urlTemplate":"https:\/\/poliklinika-kantrida-dental.com\/ljekarna\/?s={search_term_string}"},"query-input":{"@type":"PropertyValueSpecification","valueRequired":true,"valueName":"search_term_string"}}],"inLanguage":"hr"}]}},"_links":{"self":[{"href":"https:\/\/poliklinika-kantrida-dental.com\/ljekarna\/wp-json\/wp\/v2\/product\/174","targetHints":{"allow":["GET"]}}],"collection":[{"href":"https:\/\/poliklinika-kantrida-dental.com\/ljekarna\/wp-json\/wp\/v2\/product"}],"about":[{"href":"https:\/\/poliklinika-kantrida-dental.com\/ljekarna\/wp-json\/wp\/v2\/types\/product"}],"wp:featuredmedia":[{"embeddable":true,"href":"https:\/\/poliklinika-kantrida-dental.com\/ljekarna\/wp-json\/wp\/v2\/media\/175"}],"wp:attachment":[{"href":"https:\/\/poliklinika-kantrida-dental.com\/ljekarna\/wp-json\/wp\/v2\/media?parent=174"}],"wp:term":[{"taxonomy":"product_brand","embeddable":true,"href":"https:\/\/poliklinika-kantrida-dental.com\/ljekarna\/wp-json\/wp\/v2\/product_brand?post=174"},{"taxonomy":"product_cat","embeddable":true,"href":"https:\/\/poliklinika-kantrida-dental.com\/ljekarna\/wp-json\/wp\/v2\/product_cat?post=174"},{"taxonomy":"product_tag","embeddable":true,"href":"https:\/\/poliklinika-kantrida-dental.com\/ljekarna\/wp-json\/wp\/v2\/product_tag?post=174"}],"curies":[{"name":"wp","href":"https:\/\/api.w.org\/{rel}","templated":true}]}}