{"id":172,"date":"2025-05-18T18:39:09","date_gmt":"2025-05-18T18:39:09","guid":{"rendered":"https:\/\/poliklinika-kantrida-dental.com\/ljekarna\/?post_type=product&#038;p=172"},"modified":"2025-05-18T18:39:10","modified_gmt":"2025-05-18T18:39:10","slug":"u-caps","status":"publish","type":"product","link":"https:\/\/poliklinika-kantrida-dental.com\/ljekarna\/product\/u-caps\/","title":{"rendered":"U Caps"},"content":{"rendered":"<p class=\"text-body font-regular leading-[24px] pt-[9px] pb-[2px]\" dir=\"ltr\">U Caps su inovativne kapsule dizajnirane za pobolj\u0161anje sluha i vra\u0107anje jasno\u0107e slu\u0161anju. Ovaj jedinstveni proizvod temelji se na naprednim istra\u017eivanjima iz podru\u010dja zdravlja sluha i prilago\u0111en je osobama svih dobnih skupina koje pate od o\u0161te\u0107enog ili oslabljenog sluha.<\/p>\n<p class=\"text-body font-regular leading-[24px] pt-[9px] pb-[2px]\" dir=\"ltr\">Kapsule su jednostavne za kori\u0161tenje, sigurne i diskretne, \u010dine\u0107i ih prakti\u010dnim rje\u0161enjem za svakodnevnu upotrebu. U Caps poma\u017ee u pobolj\u0161anju kvalitete \u017eivota, omogu\u0107uju\u0107i korisnicima da ponovno u\u017eivaju u zvukovima oko sebe. Ako \u017eelite vratiti o\u0161trinu sluha i unaprijediti svoje iskustvo slu\u0161anja, U Caps je proizvod stvoren za vas.<\/p>\n<h2 class=\"font-semibold text-h3 leading-[40px] pt-[21px] pb-[2px] [&amp;_a]:underline-offset-[6px] [&amp;_.underline]:underline-offset-[6px]\" dir=\"ltr\">U Caps &#8211; Da li zaista djeluje?<\/h2>\n<p class=\"text-body font-regular leading-[24px] pt-[9px] pb-[2px]\" dir=\"ltr\">Da! <b><strong class=\"font-semibold\">U Caps<\/strong><\/b> zaista djeluje, i to zahvaljuju\u0107i pa\u017eljivom razvoju i naprednim tehnikama primijenjenim u njihovoj proizvodnji. Rezultati su vidljivi ve\u0107 nakon nekoliko tjedana redovne upotrebe, jer kapsule poma\u017eu pobolj\u0161ati osjetilne funkcije sluha. Mnogi korisnici izjavljuju da su primijetili zna\u010dajno smanjenje zvonjenja u u\u0161ima, jasniji zvukove okoline, te pove\u0107anu sposobnost razumijevanja govora.<\/p>\n<p class=\"text-body font-regular leading-[24px] pt-[9px] pb-[2px]\" dir=\"ltr\">Osim toga, cijena proizvoda i brzina djelovanja \u010dine ga veoma isplativom investicijom u va\u0161e zdravlje. Korisnici nagla\u0161avaju kako se ve\u0107 nakon prve bo\u010dice osje\u0107aju bolje i sigurniji su u svakodnevnim komunikacijama.<\/p>\n<h2 class=\"font-semibold text-h3 leading-[40px] pt-[21px] pb-[2px] [&amp;_a]:underline-offset-[6px] [&amp;_.underline]:underline-offset-[6px]\" dir=\"ltr\">U Caps &#8211; Iskustva korisnika u Hrvatskoj<\/h2>\n<p class=\"text-body font-regular leading-[24px] pt-[9px] pb-[2px]\" dir=\"ltr\"><b><strong class=\"font-semibold\">U Caps<\/strong><\/b> kapsule stekle su veliko povjerenje korisnika diljem Hrvatske. Donosimo stvarna iskustva kako bismo vam pribli\u017eili u\u010dinak ovog proizvoda:<\/p>\n<ul class=\"pt-[9px] pb-[2px] pl-[24px] list-inside list-disc pt-[5px]\">\n<li class=\"text-body font-regular leading-[24px] my-[5px] [&amp;&gt;ol]:!pt-0 [&amp;&gt;ol]:!pb-0 [&amp;&gt;ul]:!pt-0 [&amp;&gt;ul]:!pb-0\" value=\"1\"><b><strong class=\"font-semibold\">Ivana (34), Zagreb<\/strong><\/b><\/li>\n<li class=\"text-body font-regular leading-[24px] my-[5px] [&amp;&gt;ol]:!pt-0 [&amp;&gt;ol]:!pb-0 [&amp;&gt;ul]:!pt-0 [&amp;&gt;ul]:!pb-0 list-none\" value=\"2\">\n<ul class=\"pt-[9px] pb-[2px] pl-[24px] list-inside list-disc pt-[5px]\">\n<li class=\"text-body font-regular leading-[24px] my-[5px] [&amp;&gt;ol]:!pt-0 [&amp;&gt;ol]:!pb-0 [&amp;&gt;ul]:!pt-0 [&amp;&gt;ul]:!pb-0\" value=\"1\">\u201cGodinama sam imala problema s o\u0161trinom sluha, a konstantno zvonjenje u u\u0161ima me iscrpljivalo. U Caps mi je preporu\u010dila prijateljica, i ve\u0107 nakon dva tjedna osjetila sam olak\u0161anje. Zvu\u010di su postali jasniji, a sama komunikacija prirodnija.\u201d<\/li>\n<\/ul>\n<\/li>\n<li class=\"text-body font-regular leading-[24px] my-[5px] [&amp;&gt;ol]:!pt-0 [&amp;&gt;ol]:!pb-0 [&amp;&gt;ul]:!pt-0 [&amp;&gt;ul]:!pb-0\" value=\"2\"><b><strong class=\"font-semibold\">Marko (56), Split<\/strong><\/b><\/li>\n<li class=\"text-body font-regular leading-[24px] my-[5px] [&amp;&gt;ol]:!pt-0 [&amp;&gt;ol]:!pb-0 [&amp;&gt;ul]:!pt-0 [&amp;&gt;ul]:!pb-0 list-none\" value=\"3\">\n<ul class=\"pt-[9px] pb-[2px] pl-[24px] list-inside list-disc pt-[5px]\">\n<li class=\"text-body font-regular leading-[24px] my-[5px] [&amp;&gt;ol]:!pt-0 [&amp;&gt;ol]:!pb-0 [&amp;&gt;ul]:!pt-0 [&amp;&gt;ul]:!pb-0\" value=\"1\">\u201cNisam mogao normalno pratiti razgovore, posebno u bu\u010dnim okru\u017eenjima. Nakon tri tjedna kori\u0161tenja U Caps kapsula, primijetio sam izuzetne promjene. Ovo je definitivno proizvod koji bih preporu\u010dio.\u201d<\/li>\n<\/ul>\n<\/li>\n<li class=\"text-body font-regular leading-[24px] my-[5px] [&amp;&gt;ol]:!pt-0 [&amp;&gt;ol]:!pb-0 [&amp;&gt;ul]:!pt-0 [&amp;&gt;ul]:!pb-0\" value=\"3\"><b><strong class=\"font-semibold\">Ana (42), Osijek<\/strong><\/b><\/li>\n<li class=\"text-body font-regular leading-[24px] my-[5px] [&amp;&gt;ol]:!pt-0 [&amp;&gt;ol]:!pb-0 [&amp;&gt;ul]:!pt-0 [&amp;&gt;ul]:!pb-0 list-none\" value=\"4\">\n<ul class=\"pt-[9px] pb-[2px] pl-[24px] list-inside list-disc pt-[5px]\">\n<li class=\"text-body font-regular leading-[24px] my-[5px] [&amp;&gt;ol]:!pt-0 [&amp;&gt;ol]:!pb-0 [&amp;&gt;ul]:!pt-0 [&amp;&gt;ul]:!pb-0\" value=\"1\">\u201cKapsule su me odu\u0161evile. Ve\u0107 nakon prvih nekoliko dana osje\u0107ala sam pobolj\u0161anje, a sada, nakon mjesec dana, moj sluh je znatno bolji i buka u u\u0161ima je gotovo nestala.\u201d<\/li>\n<\/ul>\n<\/li>\n<\/ul>\n<h2 class=\"font-semibold text-h3 leading-[40px] pt-[21px] pb-[2px] [&amp;_a]:underline-offset-[6px] [&amp;_.underline]:underline-offset-[6px]\" dir=\"ltr\">U Caps &#8211; Sastav proizvoda<\/h2>\n<p class=\"text-body font-regular leading-[24px] pt-[9px] pb-[2px]\" dir=\"ltr\">Jedan od klju\u010deva uspjeha U Caps kapsula le\u017ei u njihovom pa\u017eljivo odabranom sastavu prirodnih i dokazanih sastojaka. Evo \u0161to svaka kapsula sadr\u017ei i kako sastojci djeluju:<\/p>\n<ul class=\"pt-[9px] pb-[2px] pl-[24px] list-inside list-disc pt-[5px]\">\n<li class=\"text-body font-regular leading-[24px] my-[5px] [&amp;&gt;ol]:!pt-0 [&amp;&gt;ol]:!pb-0 [&amp;&gt;ul]:!pt-0 [&amp;&gt;ul]:!pb-0\" value=\"1\"><b><strong class=\"font-semibold\">Ekstrakt ginka bilobe<\/strong><\/b> &#8211; Pobolj\u0161ava cirkulaciju i opskrbu u\u0161nih \u017eivaca kisikom, \u010dime poma\u017ee u regeneraciji slu\u0161nih stanica.<\/li>\n<li class=\"text-body font-regular leading-[24px] my-[5px] [&amp;&gt;ol]:!pt-0 [&amp;&gt;ol]:!pb-0 [&amp;&gt;ul]:!pt-0 [&amp;&gt;ul]:!pb-0\" value=\"2\"><b><strong class=\"font-semibold\">Magnezij<\/strong><\/b> &#8211; Poma\u017ee u smanjenju o\u0161te\u0107enja uzrokovanih glasnom bukom te podr\u017eava funkciju sluha.<\/li>\n<li class=\"text-body font-regular leading-[24px] my-[5px] [&amp;&gt;ol]:!pt-0 [&amp;&gt;ol]:!pb-0 [&amp;&gt;ul]:!pt-0 [&amp;&gt;ul]:!pb-0\" value=\"3\"><b><strong class=\"font-semibold\">Vitamin B kompleks<\/strong><\/b> &#8211; Klju\u010dan za pravilno funkcioniranje \u017eiv\u010danog sustava, uklju\u010duju\u0107i slu\u0161ne \u017eivce.<\/li>\n<li class=\"text-body font-regular leading-[24px] my-[5px] [&amp;&gt;ol]:!pt-0 [&amp;&gt;ol]:!pb-0 [&amp;&gt;ul]:!pt-0 [&amp;&gt;ul]:!pb-0\" value=\"4\"><b><strong class=\"font-semibold\">Omega-3 masne kiseline<\/strong><\/b> &#8211; Imaju protuupalne u\u010dinke koji poma\u017eu u ubla\u017eavanju simptoma problema sa sluhom.<\/li>\n<\/ul>\n<h2 class=\"font-semibold text-h3 leading-[40px] pt-[21px] pb-[2px] [&amp;_a]:underline-offset-[6px] [&amp;_.underline]:underline-offset-[6px]\" dir=\"ltr\">U Caps &#8211; Glavne prednosti<\/h2>\n<p class=\"text-body font-regular leading-[24px] pt-[9px] pb-[2px]\" dir=\"ltr\">Postoji mnogo razloga za\u0161to odabrati <b><strong class=\"font-semibold\">U Caps<\/strong><\/b> kao podr\u0161ku va\u0161em zdravlju sluha. Evo nekoliko klju\u010dnih prednosti ovog proizvoda:<\/p>\n<ul class=\"pt-[9px] pb-[2px] pl-[24px] list-inside list-disc pt-[5px]\">\n<li class=\"text-body font-regular leading-[24px] my-[5px] [&amp;&gt;ol]:!pt-0 [&amp;&gt;ol]:!pb-0 [&amp;&gt;ul]:!pt-0 [&amp;&gt;ul]:!pb-0\" value=\"1\"><b><strong class=\"font-semibold\">Brzo djelovanje<\/strong><\/b> &#8211; Prve rezultate mo\u017eete primijetiti ve\u0107 nakon nekoliko tjedana kori\u0161tenja.<\/li>\n<li class=\"text-body font-regular leading-[24px] my-[5px] [&amp;&gt;ol]:!pt-0 [&amp;&gt;ol]:!pb-0 [&amp;&gt;ul]:!pt-0 [&amp;&gt;ul]:!pb-0\" value=\"2\"><b><strong class=\"font-semibold\">Sigurnost<\/strong><\/b> &#8211; Proizvod je potpuno prirodan i ne izaziva nuspojave.<\/li>\n<li class=\"text-body font-regular leading-[24px] my-[5px] [&amp;&gt;ol]:!pt-0 [&amp;&gt;ol]:!pb-0 [&amp;&gt;ul]:!pt-0 [&amp;&gt;ul]:!pb-0\" value=\"3\"><b><strong class=\"font-semibold\">Diskretna upotreba<\/strong><\/b> &#8211; Jednostavan na\u010din pobolj\u0161anja sluha bez potrebe za pompama ili dodatnim ure\u0111ajima.<\/li>\n<li class=\"text-body font-regular leading-[24px] my-[5px] [&amp;&gt;ol]:!pt-0 [&amp;&gt;ol]:!pb-0 [&amp;&gt;ul]:!pt-0 [&amp;&gt;ul]:!pb-0\" value=\"4\"><b><strong class=\"font-semibold\">Povoljnost<\/strong><\/b> &#8211; U Caps pru\u017ea dugotrajne rezultate za ulaganje koje se vi\u0161estruko isplati.<\/li>\n<\/ul>\n<h2 class=\"font-semibold text-h3 leading-[40px] pt-[21px] pb-[2px] [&amp;_a]:underline-offset-[6px] [&amp;_.underline]:underline-offset-[6px]\" dir=\"ltr\">Gdje Kupiti U Caps? Ljekarna, DM, Nju\u0161kalo<\/h2>\n<p class=\"text-body font-regular leading-[24px] pt-[9px] pb-[2px]\" dir=\"ltr\">U Caps trenutno nije dostupan u ljekarnama poput DM-a ili internetskim platformama poput Nju\u0161kala. Zbog velike potra\u017enje i ograni\u010denih zaliha, proizvod je mogu\u0107e nabaviti isklju\u010divo u ljekarnama koje su sklopile ugovor s proizvo\u0111a\u010dem. Time jam\u010dimo originalnost i pouzdanost svakog pakiranja.<\/p>\n<p class=\"text-body font-regular leading-[24px] pt-[9px] pb-[2px]\" dir=\"ltr\">Jednostavno kliknite gumb \u201cNaru\u010di\u201d na na\u0161oj web stranici ljekarne, ispunite obrazac i odaberite na\u010din otpreme i pla\u0107anja koji vam najvi\u0161e odgovara. Narud\u017eba \u0107e vam biti isporu\u010dena u roku od 24 do 72 sata, a pla\u0107anje se vr\u0161i tek po dostavi proizvoda.<\/p>\n<h2 class=\"font-semibold text-h3 leading-[40px] pt-[21px] pb-[2px] [&amp;_a]:underline-offset-[6px] [&amp;_.underline]:underline-offset-[6px]\" dir=\"ltr\">Koliko ko\u0161ta U Caps? Cijena<\/h2>\n<p class=\"text-body font-regular leading-[24px] pt-[9px] pb-[2px]\" dir=\"ltr\">Redovna cijena za <b><strong class=\"font-semibold\">U Caps<\/strong><\/b> iznosi 78 eura. Me\u0111utim, trenutno traje posebna ponuda na na\u0161oj web stranici, gdje mo\u017eete ostvariti \u010dak <b><strong class=\"font-semibold\">50% popusta<\/strong><\/b> na ovaj proizvod.<\/p>\n<p class=\"text-body font-regular leading-[24px] pt-[9px] pb-[2px]\" dir=\"ltr\">Napominjemo da je zaliha po preferencijalnoj cijeni ograni\u010dena, stoga po\u017eurite i ugrabit svojih 50% dok su kapsule dostupne!<\/p>\n<h2 class=\"font-semibold text-h3 leading-[40px] pt-[21px] pb-[2px] [&amp;_a]:underline-offset-[6px] [&amp;_.underline]:underline-offset-[6px]\" dir=\"ltr\">Kako se koristi U Caps? Uputstvo za kori\u0161tenje<\/h2>\n<p class=\"text-body font-regular leading-[24px] pt-[9px] pb-[2px]\" dir=\"ltr\">Za najbolje rezultate, preporu\u010dujemo sljede\u0107e:<\/p>\n<ul class=\"pt-[9px] pb-[2px] pl-[24px] list-inside list-disc pt-[5px]\">\n<li class=\"text-body font-regular leading-[24px] my-[5px] [&amp;&gt;ol]:!pt-0 [&amp;&gt;ol]:!pb-0 [&amp;&gt;ul]:!pt-0 [&amp;&gt;ul]:!pb-0\" value=\"1\">Uzimajte <b><strong class=\"font-semibold\">jednu kapsulu dva puta dnevno<\/strong><\/b>, idealno prije obroka.<\/li>\n<li class=\"text-body font-regular leading-[24px] my-[5px] [&amp;&gt;ol]:!pt-0 [&amp;&gt;ol]:!pb-0 [&amp;&gt;ul]:!pt-0 [&amp;&gt;ul]:!pb-0\" value=\"2\">Kapsulu popijte s \u010da\u0161om vode.<\/li>\n<li class=\"text-body font-regular leading-[24px] my-[5px] [&amp;&gt;ol]:!pt-0 [&amp;&gt;ol]:!pb-0 [&amp;&gt;ul]:!pt-0 [&amp;&gt;ul]:!pb-0\" value=\"3\">Koristite redovito kako biste ostvarili maksimalan u\u010dinak.<\/li>\n<\/ul>\n<h2 class=\"font-semibold text-h3 leading-[40px] pt-[21px] pb-[2px] [&amp;_a]:underline-offset-[6px] [&amp;_.underline]:underline-offset-[6px]\" dir=\"ltr\">U Caps &#8211; \u010cesto postavljena pitanja<\/h2>\n<p class=\"text-body font-regular leading-[24px] pt-[9px] pb-[2px]\" dir=\"ltr\"><b><strong class=\"font-semibold\">Pitanje:<\/strong><\/b> Koliko brzo mogu o\u010dekivati rezultate?<\/p>\n<p class=\"text-body font-regular leading-[24px] pt-[9px] pb-[2px]\" dir=\"ltr\"><b><strong class=\"font-semibold\">Odgovor:<\/strong><\/b> Prvi rezultati mogu se primijetiti ve\u0107 nakon nekoliko tjedana redovne upotrebe.<\/p>\n<p class=\"text-body font-regular leading-[24px] pt-[9px] pb-[2px]\" dir=\"ltr\"><b><strong class=\"font-semibold\">Pitanje:<\/strong><\/b> Ima li U Caps nuspojave?<\/p>\n<p class=\"text-body font-regular leading-[24px] pt-[9px] pb-[2px]\" dir=\"ltr\"><b><strong class=\"font-semibold\">Odgovor:<\/strong><\/b> Ne, U Caps je potpuno prirodan i siguran za upotrebu.<\/p>\n<p class=\"text-body font-regular leading-[24px] pt-[9px] pb-[2px]\" dir=\"ltr\"><b><strong class=\"font-semibold\">Pitanje:<\/strong><\/b> Mogu li kombinirati U Caps s drugim lijekovima?<\/p>\n<p class=\"text-body font-regular leading-[24px] pt-[9px] pb-[2px]\" dir=\"ltr\"><b><strong class=\"font-semibold\">Odgovor:<\/strong><\/b> Preporu\u010dujemo konzultaciju s lije\u010dnikom ako koristite lijekove za ozbiljna zdravstvena stanja.<\/p>\n<p class=\"text-body font-regular leading-[24px] pt-[9px] pb-[2px]\" dir=\"ltr\"><b><strong class=\"font-semibold\">Pitanje:<\/strong><\/b> Koliko dugo trebam koristiti kapsule?<\/p>\n<p class=\"text-body font-regular leading-[24px] pt-[9px] pb-[2px]\" dir=\"ltr\"><b><strong class=\"font-semibold\">Odgovor:<\/strong><\/b> Da biste postigli dugotrajne rezultate, preporu\u010duje se kori\u0161tenje najmanje tri mjeseca.<\/p>\n","protected":false},"excerpt":{"rendered":"<p>U Caps su inovativne kapsule dizajnirane za pobolj\u0161anje sluha i vra\u0107anje jasno\u0107e slu\u0161anju. Ovaj jedinstveni proizvod temelji se na naprednim istra\u017eivanjima iz podru\u010dja zdravlja sluha i prilago\u0111en je osobama svih dobnih skupina koje pate od o\u0161te\u0107enog ili oslabljenog sluha. Kapsule su jednostavne za kori\u0161tenje, sigurne i diskretne, \u010dine\u0107i ih prakti\u010dnim rje\u0161enjem za svakodnevnu upotrebu. U [&hellip;]<\/p>\n","protected":false},"featured_media":173,"template":"","meta":{"iawp_total_views":57},"product_brand":[],"product_cat":[15],"product_tag":[],"class_list":{"0":"post-172","1":"product","2":"type-product","3":"status-publish","4":"has-post-thumbnail","6":"product_cat-zdravlje","8":"entry","9":"has-media","11":"first","12":"instock","13":"sale","14":"shipping-taxable","15":"purchasable","16":"product-type-simple","17":"has-product-nav","18":"col","19":"span_1_of_3","20":"owp-content-center","21":"owp-thumbs-layout-horizontal","22":"owp-btn-normal","23":"owp-tabs-layout-horizontal","24":"has-no-thumbnails"},"yoast_head":"<!-- This site is optimized with the Yoast SEO plugin v27.6 - https:\/\/yoast.com\/product\/yoast-seo-wordpress\/ -->\n<title>U Caps - Online Trgovina<\/title>\n<meta name=\"robots\" content=\"index, follow, max-snippet:-1, max-image-preview:large, max-video-preview:-1\" \/>\n<link rel=\"canonical\" href=\"https:\/\/poliklinika-kantrida-dental.com\/ljekarna\/product\/u-caps\/\" \/>\n<meta property=\"og:locale\" content=\"hr_HR\" \/>\n<meta property=\"og:type\" content=\"article\" \/>\n<meta property=\"og:title\" content=\"U Caps - Online Trgovina\" \/>\n<meta property=\"og:description\" content=\"U Caps su inovativne kapsule dizajnirane za pobolj\u0161anje sluha i vra\u0107anje jasno\u0107e slu\u0161anju. Ovaj jedinstveni proizvod temelji se na naprednim istra\u017eivanjima iz podru\u010dja zdravlja sluha i prilago\u0111en je osobama svih dobnih skupina koje pate od o\u0161te\u0107enog ili oslabljenog sluha. Kapsule su jednostavne za kori\u0161tenje, sigurne i diskretne, \u010dine\u0107i ih prakti\u010dnim rje\u0161enjem za svakodnevnu upotrebu. U [&hellip;]\" \/>\n<meta property=\"og:url\" content=\"https:\/\/poliklinika-kantrida-dental.com\/ljekarna\/product\/u-caps\/\" \/>\n<meta property=\"og:site_name\" content=\"Online Trgovina\" \/>\n<meta property=\"article:modified_time\" content=\"2025-05-18T18:39:10+00:00\" \/>\n<meta property=\"og:image\" content=\"https:\/\/poliklinika-kantrida-dental.com\/ljekarna\/wp-content\/uploads\/2025\/05\/u-caps.jpg\" \/>\n\t<meta property=\"og:image:width\" content=\"250\" \/>\n\t<meta property=\"og:image:height\" content=\"300\" \/>\n\t<meta property=\"og:image:type\" content=\"image\/jpeg\" \/>\n<meta name=\"twitter:card\" content=\"summary_large_image\" \/>\n<meta name=\"twitter:label1\" content=\"Procijenjeno vrijeme \u010ditanja\" \/>\n\t<meta name=\"twitter:data1\" content=\"5 minuta\" \/>\n<script type=\"application\/ld+json\" class=\"yoast-schema-graph\">{\"@context\":\"https:\\\/\\\/schema.org\",\"@graph\":[{\"@type\":\"WebPage\",\"@id\":\"https:\\\/\\\/poliklinika-kantrida-dental.com\\\/ljekarna\\\/product\\\/u-caps\\\/\",\"url\":\"https:\\\/\\\/poliklinika-kantrida-dental.com\\\/ljekarna\\\/product\\\/u-caps\\\/\",\"name\":\"U Caps - Online Trgovina\",\"isPartOf\":{\"@id\":\"https:\\\/\\\/poliklinika-kantrida-dental.com\\\/ljekarna\\\/#website\"},\"primaryImageOfPage\":{\"@id\":\"https:\\\/\\\/poliklinika-kantrida-dental.com\\\/ljekarna\\\/product\\\/u-caps\\\/#primaryimage\"},\"image\":{\"@id\":\"https:\\\/\\\/poliklinika-kantrida-dental.com\\\/ljekarna\\\/product\\\/u-caps\\\/#primaryimage\"},\"thumbnailUrl\":\"https:\\\/\\\/poliklinika-kantrida-dental.com\\\/ljekarna\\\/wp-content\\\/uploads\\\/2025\\\/05\\\/u-caps.jpg\",\"datePublished\":\"2025-05-18T18:39:09+00:00\",\"dateModified\":\"2025-05-18T18:39:10+00:00\",\"breadcrumb\":{\"@id\":\"https:\\\/\\\/poliklinika-kantrida-dental.com\\\/ljekarna\\\/product\\\/u-caps\\\/#breadcrumb\"},\"inLanguage\":\"hr\",\"potentialAction\":[{\"@type\":\"ReadAction\",\"target\":[\"https:\\\/\\\/poliklinika-kantrida-dental.com\\\/ljekarna\\\/product\\\/u-caps\\\/\"]}]},{\"@type\":\"ImageObject\",\"inLanguage\":\"hr\",\"@id\":\"https:\\\/\\\/poliklinika-kantrida-dental.com\\\/ljekarna\\\/product\\\/u-caps\\\/#primaryimage\",\"url\":\"https:\\\/\\\/poliklinika-kantrida-dental.com\\\/ljekarna\\\/wp-content\\\/uploads\\\/2025\\\/05\\\/u-caps.jpg\",\"contentUrl\":\"https:\\\/\\\/poliklinika-kantrida-dental.com\\\/ljekarna\\\/wp-content\\\/uploads\\\/2025\\\/05\\\/u-caps.jpg\",\"width\":250,\"height\":300,\"caption\":\"u caps\"},{\"@type\":\"BreadcrumbList\",\"@id\":\"https:\\\/\\\/poliklinika-kantrida-dental.com\\\/ljekarna\\\/product\\\/u-caps\\\/#breadcrumb\",\"itemListElement\":[{\"@type\":\"ListItem\",\"position\":1,\"name\":\"Po\u010detna stranica\",\"item\":\"https:\\\/\\\/poliklinika-kantrida-dental.com\\\/ljekarna\\\/\"},{\"@type\":\"ListItem\",\"position\":2,\"name\":\"Proizvodi\",\"item\":\"https:\\\/\\\/poliklinika-kantrida-dental.com\\\/ljekarna\\\/\"},{\"@type\":\"ListItem\",\"position\":3,\"name\":\"U Caps\"}]},{\"@type\":\"WebSite\",\"@id\":\"https:\\\/\\\/poliklinika-kantrida-dental.com\\\/ljekarna\\\/#website\",\"url\":\"https:\\\/\\\/poliklinika-kantrida-dental.com\\\/ljekarna\\\/\",\"name\":\"Online Trgovina\",\"description\":\"\",\"potentialAction\":[{\"@type\":\"SearchAction\",\"target\":{\"@type\":\"EntryPoint\",\"urlTemplate\":\"https:\\\/\\\/poliklinika-kantrida-dental.com\\\/ljekarna\\\/?s={search_term_string}\"},\"query-input\":{\"@type\":\"PropertyValueSpecification\",\"valueRequired\":true,\"valueName\":\"search_term_string\"}}],\"inLanguage\":\"hr\"}]}<\/script>\n<!-- \/ Yoast SEO plugin. -->","yoast_head_json":{"title":"U Caps - Online Trgovina","robots":{"index":"index","follow":"follow","max-snippet":"max-snippet:-1","max-image-preview":"max-image-preview:large","max-video-preview":"max-video-preview:-1"},"canonical":"https:\/\/poliklinika-kantrida-dental.com\/ljekarna\/product\/u-caps\/","og_locale":"hr_HR","og_type":"article","og_title":"U Caps - Online Trgovina","og_description":"U Caps su inovativne kapsule dizajnirane za pobolj\u0161anje sluha i vra\u0107anje jasno\u0107e slu\u0161anju. Ovaj jedinstveni proizvod temelji se na naprednim istra\u017eivanjima iz podru\u010dja zdravlja sluha i prilago\u0111en je osobama svih dobnih skupina koje pate od o\u0161te\u0107enog ili oslabljenog sluha. Kapsule su jednostavne za kori\u0161tenje, sigurne i diskretne, \u010dine\u0107i ih prakti\u010dnim rje\u0161enjem za svakodnevnu upotrebu. U [&hellip;]","og_url":"https:\/\/poliklinika-kantrida-dental.com\/ljekarna\/product\/u-caps\/","og_site_name":"Online Trgovina","article_modified_time":"2025-05-18T18:39:10+00:00","og_image":[{"width":250,"height":300,"url":"https:\/\/poliklinika-kantrida-dental.com\/ljekarna\/wp-content\/uploads\/2025\/05\/u-caps.jpg","type":"image\/jpeg"}],"twitter_card":"summary_large_image","twitter_misc":{"Procijenjeno vrijeme \u010ditanja":"5 minuta"},"schema":{"@context":"https:\/\/schema.org","@graph":[{"@type":"WebPage","@id":"https:\/\/poliklinika-kantrida-dental.com\/ljekarna\/product\/u-caps\/","url":"https:\/\/poliklinika-kantrida-dental.com\/ljekarna\/product\/u-caps\/","name":"U Caps - Online Trgovina","isPartOf":{"@id":"https:\/\/poliklinika-kantrida-dental.com\/ljekarna\/#website"},"primaryImageOfPage":{"@id":"https:\/\/poliklinika-kantrida-dental.com\/ljekarna\/product\/u-caps\/#primaryimage"},"image":{"@id":"https:\/\/poliklinika-kantrida-dental.com\/ljekarna\/product\/u-caps\/#primaryimage"},"thumbnailUrl":"https:\/\/poliklinika-kantrida-dental.com\/ljekarna\/wp-content\/uploads\/2025\/05\/u-caps.jpg","datePublished":"2025-05-18T18:39:09+00:00","dateModified":"2025-05-18T18:39:10+00:00","breadcrumb":{"@id":"https:\/\/poliklinika-kantrida-dental.com\/ljekarna\/product\/u-caps\/#breadcrumb"},"inLanguage":"hr","potentialAction":[{"@type":"ReadAction","target":["https:\/\/poliklinika-kantrida-dental.com\/ljekarna\/product\/u-caps\/"]}]},{"@type":"ImageObject","inLanguage":"hr","@id":"https:\/\/poliklinika-kantrida-dental.com\/ljekarna\/product\/u-caps\/#primaryimage","url":"https:\/\/poliklinika-kantrida-dental.com\/ljekarna\/wp-content\/uploads\/2025\/05\/u-caps.jpg","contentUrl":"https:\/\/poliklinika-kantrida-dental.com\/ljekarna\/wp-content\/uploads\/2025\/05\/u-caps.jpg","width":250,"height":300,"caption":"u caps"},{"@type":"BreadcrumbList","@id":"https:\/\/poliklinika-kantrida-dental.com\/ljekarna\/product\/u-caps\/#breadcrumb","itemListElement":[{"@type":"ListItem","position":1,"name":"Po\u010detna stranica","item":"https:\/\/poliklinika-kantrida-dental.com\/ljekarna\/"},{"@type":"ListItem","position":2,"name":"Proizvodi","item":"https:\/\/poliklinika-kantrida-dental.com\/ljekarna\/"},{"@type":"ListItem","position":3,"name":"U Caps"}]},{"@type":"WebSite","@id":"https:\/\/poliklinika-kantrida-dental.com\/ljekarna\/#website","url":"https:\/\/poliklinika-kantrida-dental.com\/ljekarna\/","name":"Online Trgovina","description":"","potentialAction":[{"@type":"SearchAction","target":{"@type":"EntryPoint","urlTemplate":"https:\/\/poliklinika-kantrida-dental.com\/ljekarna\/?s={search_term_string}"},"query-input":{"@type":"PropertyValueSpecification","valueRequired":true,"valueName":"search_term_string"}}],"inLanguage":"hr"}]}},"_links":{"self":[{"href":"https:\/\/poliklinika-kantrida-dental.com\/ljekarna\/wp-json\/wp\/v2\/product\/172","targetHints":{"allow":["GET"]}}],"collection":[{"href":"https:\/\/poliklinika-kantrida-dental.com\/ljekarna\/wp-json\/wp\/v2\/product"}],"about":[{"href":"https:\/\/poliklinika-kantrida-dental.com\/ljekarna\/wp-json\/wp\/v2\/types\/product"}],"wp:featuredmedia":[{"embeddable":true,"href":"https:\/\/poliklinika-kantrida-dental.com\/ljekarna\/wp-json\/wp\/v2\/media\/173"}],"wp:attachment":[{"href":"https:\/\/poliklinika-kantrida-dental.com\/ljekarna\/wp-json\/wp\/v2\/media?parent=172"}],"wp:term":[{"taxonomy":"product_brand","embeddable":true,"href":"https:\/\/poliklinika-kantrida-dental.com\/ljekarna\/wp-json\/wp\/v2\/product_brand?post=172"},{"taxonomy":"product_cat","embeddable":true,"href":"https:\/\/poliklinika-kantrida-dental.com\/ljekarna\/wp-json\/wp\/v2\/product_cat?post=172"},{"taxonomy":"product_tag","embeddable":true,"href":"https:\/\/poliklinika-kantrida-dental.com\/ljekarna\/wp-json\/wp\/v2\/product_tag?post=172"}],"curies":[{"name":"wp","href":"https:\/\/api.w.org\/{rel}","templated":true}]}}