{"id":168,"date":"2025-05-18T18:31:04","date_gmt":"2025-05-18T18:31:04","guid":{"rendered":"https:\/\/poliklinika-kantrida-dental.com\/ljekarna\/?post_type=product&#038;p=168"},"modified":"2025-05-18T18:31:04","modified_gmt":"2025-05-18T18:31:04","slug":"exofeet-oil","status":"publish","type":"product","link":"https:\/\/poliklinika-kantrida-dental.com\/ljekarna\/product\/exofeet-oil\/","title":{"rendered":"Exofeet Oil"},"content":{"rendered":"<p class=\"text-body font-regular leading-[24px] pt-[9px] pb-[2px]\" dir=\"ltr\">Exofeet Oil je inovativni proizvod dizajniran za borbu protiv gljivi\u010dnih infekcija stopala. Dolazi u obliku ulja, koje omogu\u0107ava jednostavnu i ciljanu primjenu na zahva\u0107ena podru\u010dja. Exofeet Oil je osmislio tim stru\u010dnjaka kako bi pru\u017eio brzo i u\u010dinkovito rje\u0161enje za probleme poput svrbe\u017ea, crvenila i neprijatnog mirisa uzrokovanih gljivicama. Zahvaljuju\u0107i svojoj jedinstvenoj formuli, ovaj proizvod omogu\u0107ava dubinsku hidrataciju i njegu ko\u017ee, smanjuju\u0107i iritacije i ostavljaju\u0107i stopala mekim i zdravim.<\/p>\n<p class=\"text-body font-regular leading-[24px] pt-[9px] pb-[2px]\" dir=\"ltr\">Pogodan je za svakodnevnu upotrebu i pru\u017ea rezultate ve\u0107 kroz nekoliko dana redovne primjene. Ako tra\u017eite na\u010din kako da se rije\u0161ite gljivica brzo, sigurno i u\u010dinkovito, Exofeet Oil mo\u017ee biti prava opcija za vas.<\/p>\n<h2 class=\"font-semibold text-h3 leading-[40px] pt-[21px] pb-[2px] [&amp;_a]:underline-offset-[6px] [&amp;_.underline]:underline-offset-[6px]\" dir=\"ltr\">Exofeet Oil &#8211; Da li zaista djeluje?<\/h2>\n<p class=\"text-body font-regular leading-[24px] pt-[9px] pb-[2px]\" dir=\"ltr\">Da, Exofeet Oil zaista djeluje! Mnogi korisnici su izjavili kako su ve\u0107 nakon nekoliko dana primjene uo\u010dili zna\u010dajno smanjenje neprijatnih simptoma poput svrbe\u017ea i crvenila. Ulje prodire duboko u ko\u017eu te se bori protiv uzroka gljivi\u010dnih infekcija, a ne samo simptoma.<\/p>\n<p class=\"text-body font-regular leading-[24px] pt-[9px] pb-[2px]\" dir=\"ltr\">Rezultati su dugotrajni, a njegova isplativost je jedna od glavnih prednosti u usporedbi s drugim proizvodima na tr\u017ei\u0161tu. Korisnici posebno cijene njegovu u\u010dinkovitost, jednostavnu primjenu i brzinu kojom vra\u0107a osje\u0107aj ugode i zdravlja stopalima.<\/p>\n<h2 class=\"font-semibold text-h3 leading-[40px] pt-[21px] pb-[2px] [&amp;_a]:underline-offset-[6px] [&amp;_.underline]:underline-offset-[6px]\" dir=\"ltr\">Exofeet Oil &#8211; Iskustva korisnika u Hrvatskoj<\/h2>\n<p class=\"text-body font-regular leading-[24px] pt-[9px] pb-[2px]\" dir=\"ltr\">Korisnici iz Hrvatske izrazito su zadovoljni u\u010dinkom Exofeet Oil-a. Proizvod je brzo stekao popularnost zbog svoje sposobnosti da u\u010dinkovito rje\u0161ava gljivi\u010dne infekcije. Evo nekoliko stvarnih iskustava zadovoljnih kupaca:<\/p>\n<ol class=\"pt-[9px] pb-[2px] pl-[24px] list-inside list-decimal\">\n<li class=\"text-body font-regular leading-[24px] my-[5px] [&amp;&gt;ol]:!pt-0 [&amp;&gt;ol]:!pb-0 [&amp;&gt;ul]:!pt-0 [&amp;&gt;ul]:!pb-0\" value=\"1\"><b><strong class=\"font-semibold\">Marija, 34, Zagreb:<\/strong><\/b> &#8220;Ve\u0107 nakon tre\u0107e primjene primijetila sam da svrbe\u017e nestaje. Stopala su mi mekanija nego ikad prije, i predivno zdravog izgleda.&#8221;<\/li>\n<li class=\"text-body font-regular leading-[24px] my-[5px] [&amp;&gt;ol]:!pt-0 [&amp;&gt;ol]:!pb-0 [&amp;&gt;ul]:!pt-0 [&amp;&gt;ul]:!pb-0\" value=\"2\"><b><strong class=\"font-semibold\">Ivan, 42, Split:<\/strong><\/b> &#8220;Potro\u0161io sam mnogo novca na razne kreme, ali Exofeet Oil je jedini proizvod koji je zaista djelovao. Svakako \u0107u ga ponovno naru\u010diti.&#8221;<\/li>\n<li class=\"text-body font-regular leading-[24px] my-[5px] [&amp;&gt;ol]:!pt-0 [&amp;&gt;ol]:!pb-0 [&amp;&gt;ul]:!pt-0 [&amp;&gt;ul]:!pb-0\" value=\"3\"><b><strong class=\"font-semibold\">Ana, 29, Osijek:<\/strong><\/b> &#8220;Najvi\u0161e volim \u0161to je jednostavan za upotrebu i \u0161to ne ostavlja neprijatan miris. Definitivno vrijedan svake kune.&#8221;<\/li>\n<\/ol>\n<h2 class=\"font-semibold text-h3 leading-[40px] pt-[21px] pb-[2px] [&amp;_a]:underline-offset-[6px] [&amp;_.underline]:underline-offset-[6px]\" dir=\"ltr\">Exofeet Oil &#8211; Sastav proizvoda<\/h2>\n<p class=\"text-body font-regular leading-[24px] pt-[9px] pb-[2px]\" dir=\"ltr\">Exofeet Oil sadr\u017ei pa\u017eljivo odabrane prirodne sastojke kako bi osigurao sigurnost i u\u010dinkovitost. Evo \u0161to svaki od njih doprinosi:<\/p>\n<ul class=\"pt-[9px] pb-[2px] pl-[24px] list-inside list-disc pt-[5px]\">\n<li class=\"text-body font-regular leading-[24px] my-[5px] [&amp;&gt;ol]:!pt-0 [&amp;&gt;ol]:!pb-0 [&amp;&gt;ul]:!pt-0 [&amp;&gt;ul]:!pb-0\" value=\"1\"><b><strong class=\"font-semibold\">\u010cajevac:<\/strong><\/b> Mo\u0107no antisepti\u010dko ulje koje uklanja gljivi\u010dne uzro\u010dnike i umiruje iritiranu ko\u017eu.<\/li>\n<li class=\"text-body font-regular leading-[24px] my-[5px] [&amp;&gt;ol]:!pt-0 [&amp;&gt;ol]:!pb-0 [&amp;&gt;ul]:!pt-0 [&amp;&gt;ul]:!pb-0\" value=\"2\"><b><strong class=\"font-semibold\">Ulje lavande:<\/strong><\/b> Doprinosi regeneraciji ko\u017ee i ostavlja ugodan miris nakon primjene.<\/li>\n<li class=\"text-body font-regular leading-[24px] my-[5px] [&amp;&gt;ol]:!pt-0 [&amp;&gt;ol]:!pb-0 [&amp;&gt;ul]:!pt-0 [&amp;&gt;ul]:!pb-0\" value=\"3\"><b><strong class=\"font-semibold\">Kokosovo ulje:<\/strong><\/b> Hidratizira ko\u017eu i sprje\u010dava pucanje, poma\u017eu\u0107i u obnovi o\u0161te\u0107enih podru\u010dja.<\/li>\n<li class=\"text-body font-regular leading-[24px] my-[5px] [&amp;&gt;ol]:!pt-0 [&amp;&gt;ol]:!pb-0 [&amp;&gt;ul]:!pt-0 [&amp;&gt;ul]:!pb-0\" value=\"4\"><b><strong class=\"font-semibold\">Ekstrakt eukaliptusa:<\/strong><\/b> Smiruje crvenilo i pru\u017ea osje\u0107aj hla\u0111enja, \u0161to je posebno ugodno kod svrbe\u017enih stanja.<\/li>\n<li class=\"text-body font-regular leading-[24px] my-[5px] [&amp;&gt;ol]:!pt-0 [&amp;&gt;ol]:!pb-0 [&amp;&gt;ul]:!pt-0 [&amp;&gt;ul]:!pb-0\" value=\"5\"><b><strong class=\"font-semibold\">Vitamin E:<\/strong><\/b> Dubinski njeguje i poma\u017ee u obnovi zdrave ko\u017ee.<\/li>\n<\/ul>\n<h2 class=\"font-semibold text-h3 leading-[40px] pt-[21px] pb-[2px] [&amp;_a]:underline-offset-[6px] [&amp;_.underline]:underline-offset-[6px]\" dir=\"ltr\">Exofeet Oil &#8211; Glavne prednosti<\/h2>\n<ul class=\"pt-[9px] pb-[2px] pl-[24px] list-inside list-disc pt-[5px]\">\n<li class=\"text-body font-regular leading-[24px] my-[5px] [&amp;&gt;ol]:!pt-0 [&amp;&gt;ol]:!pb-0 [&amp;&gt;ul]:!pt-0 [&amp;&gt;ul]:!pb-0\" value=\"1\"><b><strong class=\"font-semibold\">Brzo djelovanje:<\/strong><\/b> Uo\u010dljivi rezultati ve\u0107 kroz nekoliko dana redovne primjene.<\/li>\n<li class=\"text-body font-regular leading-[24px] my-[5px] [&amp;&gt;ol]:!pt-0 [&amp;&gt;ol]:!pb-0 [&amp;&gt;ul]:!pt-0 [&amp;&gt;ul]:!pb-0\" value=\"2\"><b><strong class=\"font-semibold\">Sigurnost:<\/strong><\/b> Prirodni sastav minimizira rizik od nuspojava i iritacija.<\/li>\n<li class=\"text-body font-regular leading-[24px] my-[5px] [&amp;&gt;ol]:!pt-0 [&amp;&gt;ol]:!pb-0 [&amp;&gt;ul]:!pt-0 [&amp;&gt;ul]:!pb-0\" value=\"3\"><b><strong class=\"font-semibold\">Diskretnost:<\/strong><\/b> Koristi se lako i ne ostavlja neugodan miris.<\/li>\n<li class=\"text-body font-regular leading-[24px] my-[5px] [&amp;&gt;ol]:!pt-0 [&amp;&gt;ol]:!pb-0 [&amp;&gt;ul]:!pt-0 [&amp;&gt;ul]:!pb-0\" value=\"4\"><b><strong class=\"font-semibold\">Dubinska njega:<\/strong><\/b> Uz borbu protiv gljivica, ulje njeguje ko\u017eu i \u010dini je glatkom i zdravom.<\/li>\n<\/ul>\n<h2 class=\"font-semibold text-h3 leading-[40px] pt-[21px] pb-[2px] [&amp;_a]:underline-offset-[6px] [&amp;_.underline]:underline-offset-[6px]\" dir=\"ltr\">Gdje kupiti Exofeet Oil? Ljekarna, DM, Nju\u0161kalo<\/h2>\n<p class=\"text-body font-regular leading-[24px] pt-[9px] pb-[2px]\" dir=\"ltr\">Exofeet Oil trenutno nije dostupan u internetskim ljekarnama, prodavnicama poput DM-a ili oglasniku Nju\u0161kalo. Zbog svoje velike potra\u017enje, proizvod je dostupan isklju\u010divo u odabranim ljekarnama koje rade direktno s proizvo\u0111a\u010dem. To osigurava originalnost proizvoda i pouzdanu uslugu.<\/p>\n<p class=\"text-body font-regular leading-[24px] pt-[9px] pb-[2px]\" dir=\"ltr\">Jednostavno kliknite gumb &#8220;Naru\u010di&#8221; na na\u0161oj web stranici, ispunite obrazac i odaberite na\u010din dostave koji vam najvi\u0161e odgovara. Narud\u017eba se obi\u010dno isporu\u010duje u roku od 24-72 sata, a pla\u0107ate tek kad vam proizvod stigne na adresu.<\/p>\n<h2 class=\"font-semibold text-h3 leading-[40px] pt-[21px] pb-[2px] [&amp;_a]:underline-offset-[6px] [&amp;_.underline]:underline-offset-[6px]\" dir=\"ltr\">Koliko ko\u0161ta Exofeet Oil? Cijena<\/h2>\n<p class=\"text-body font-regular leading-[24px] pt-[9px] pb-[2px]\" dir=\"ltr\">Cijena Exofeet Oil-a iznosi 78 eura. Me\u0111utim, trenutno na na\u0161oj web stranici nudimo posebnu ponudu s popustom od \u010dak 50%. Tako sada mo\u017eete naru\u010diti Exofeet Oil za samo 39 eura! Po\u017eurite, jer je zaliha ograni\u010dena zbog velike popularnosti.<\/p>\n<h2 class=\"font-semibold text-h3 leading-[40px] pt-[21px] pb-[2px] [&amp;_a]:underline-offset-[6px] [&amp;_.underline]:underline-offset-[6px]\" dir=\"ltr\">Kako se koristi Exofeet Oil? Uputstvo za kori\u0161tenje<\/h2>\n<p class=\"text-body font-regular leading-[24px] pt-[9px] pb-[2px]\" dir=\"ltr\">Za najbolje rezultate, slijedite ove jednostavne korake za upotrebu Exofeet Oil-a:<\/p>\n<ol class=\"pt-[9px] pb-[2px] pl-[24px] list-inside list-decimal\">\n<li class=\"text-body font-regular leading-[24px] my-[5px] [&amp;&gt;ol]:!pt-0 [&amp;&gt;ol]:!pb-0 [&amp;&gt;ul]:!pt-0 [&amp;&gt;ul]:!pb-0\" value=\"1\">Operite i osu\u0161ite stopala prije primjene.<\/li>\n<li class=\"text-body font-regular leading-[24px] my-[5px] [&amp;&gt;ol]:!pt-0 [&amp;&gt;ol]:!pb-0 [&amp;&gt;ul]:!pt-0 [&amp;&gt;ul]:!pb-0\" value=\"2\">Nanesite nekoliko kapi ulja na zahva\u0107eno podru\u010dje.<\/li>\n<li class=\"text-body font-regular leading-[24px] my-[5px] [&amp;&gt;ol]:!pt-0 [&amp;&gt;ol]:!pb-0 [&amp;&gt;ul]:!pt-0 [&amp;&gt;ul]:!pb-0\" value=\"3\">Blago umasirajte kako bi ulje u potpunosti prodrlo u ko\u017eu.<\/li>\n<li class=\"text-body font-regular leading-[24px] my-[5px] [&amp;&gt;ol]:!pt-0 [&amp;&gt;ol]:!pb-0 [&amp;&gt;ul]:!pt-0 [&amp;&gt;ul]:!pb-0\" value=\"4\">Koristite dva puta dnevno, ujutro i nave\u010der.<\/li>\n<\/ol>\n<p class=\"text-body font-regular leading-[24px] pt-[9px] pb-[2px]\" dir=\"ltr\">Preporu\u010duje se nastavak kori\u0161tenja nekoliko dana nakon nestanka simptoma kako biste osigurali dugotrajne rezultate.<\/p>\n<h2 class=\"font-semibold text-h3 leading-[40px] pt-[21px] pb-[2px] [&amp;_a]:underline-offset-[6px] [&amp;_.underline]:underline-offset-[6px]\" dir=\"ltr\">Exofeet Oil &#8211; \u010cesto postavljena pitanja<\/h2>\n<p class=\"text-body font-regular leading-[24px] pt-[9px] pb-[2px]\" dir=\"ltr\"><b><strong class=\"font-semibold\">1. Je li Exofeet Oil siguran za upotrebu?<\/strong><\/b><\/p>\n<p class=\"text-body font-regular leading-[24px] pt-[9px] pb-[2px]\" dir=\"ltr\">Da, proizvod sadr\u017ei prirodne sastojke i pogodan je za ve\u0107inu korisnika bez nuspojava.<\/p>\n<p class=\"text-body font-regular leading-[24px] pt-[9px] pb-[2px]\" dir=\"ltr\"><b><strong class=\"font-semibold\">2. Koliko dugo treba da se vide rezultati?<\/strong><\/b><\/p>\n<p class=\"text-body font-regular leading-[24px] pt-[9px] pb-[2px]\" dir=\"ltr\">Prvi rezultati mogu se vidjeti ve\u0107 nakon nekoliko dana redovne upotrebe.<\/p>\n<p class=\"text-body font-regular leading-[24px] pt-[9px] pb-[2px]\" dir=\"ltr\"><b><strong class=\"font-semibold\">3. Mogu li ga koristiti preventivno?<\/strong><\/b><\/p>\n<p class=\"text-body font-regular leading-[24px] pt-[9px] pb-[2px]\" dir=\"ltr\">Da, proizvod je siguran za preventivnu upotrebu kako bi se sprije\u010dio povratak infekcija.<\/p>\n","protected":false},"excerpt":{"rendered":"<p>Exofeet Oil je inovativni proizvod dizajniran za borbu protiv gljivi\u010dnih infekcija stopala. Dolazi u obliku ulja, koje omogu\u0107ava jednostavnu i ciljanu primjenu na zahva\u0107ena podru\u010dja. Exofeet Oil je osmislio tim stru\u010dnjaka kako bi pru\u017eio brzo i u\u010dinkovito rje\u0161enje za probleme poput svrbe\u017ea, crvenila i neprijatnog mirisa uzrokovanih gljivicama. Zahvaljuju\u0107i svojoj jedinstvenoj formuli, ovaj proizvod omogu\u0107ava [&hellip;]<\/p>\n","protected":false},"featured_media":169,"template":"","meta":{"iawp_total_views":36},"product_brand":[],"product_cat":[15],"product_tag":[],"class_list":{"0":"post-168","1":"product","2":"type-product","3":"status-publish","4":"has-post-thumbnail","6":"product_cat-zdravlje","8":"entry","9":"has-media","11":"first","12":"instock","13":"sale","14":"shipping-taxable","15":"purchasable","16":"product-type-simple","17":"has-product-nav","18":"col","19":"span_1_of_3","20":"owp-content-center","21":"owp-thumbs-layout-horizontal","22":"owp-btn-normal","23":"owp-tabs-layout-horizontal","24":"has-no-thumbnails"},"yoast_head":"<!-- This site is optimized with the Yoast SEO plugin v27.6 - https:\/\/yoast.com\/product\/yoast-seo-wordpress\/ -->\n<title>Exofeet Oil - Online Trgovina<\/title>\n<meta name=\"robots\" content=\"index, follow, max-snippet:-1, max-image-preview:large, max-video-preview:-1\" \/>\n<link rel=\"canonical\" href=\"https:\/\/poliklinika-kantrida-dental.com\/ljekarna\/product\/exofeet-oil\/\" \/>\n<meta property=\"og:locale\" content=\"hr_HR\" \/>\n<meta property=\"og:type\" content=\"article\" \/>\n<meta property=\"og:title\" content=\"Exofeet Oil - Online Trgovina\" \/>\n<meta property=\"og:description\" content=\"Exofeet Oil je inovativni proizvod dizajniran za borbu protiv gljivi\u010dnih infekcija stopala. Dolazi u obliku ulja, koje omogu\u0107ava jednostavnu i ciljanu primjenu na zahva\u0107ena podru\u010dja. Exofeet Oil je osmislio tim stru\u010dnjaka kako bi pru\u017eio brzo i u\u010dinkovito rje\u0161enje za probleme poput svrbe\u017ea, crvenila i neprijatnog mirisa uzrokovanih gljivicama. Zahvaljuju\u0107i svojoj jedinstvenoj formuli, ovaj proizvod omogu\u0107ava [&hellip;]\" \/>\n<meta property=\"og:url\" content=\"https:\/\/poliklinika-kantrida-dental.com\/ljekarna\/product\/exofeet-oil\/\" \/>\n<meta property=\"og:site_name\" content=\"Online Trgovina\" \/>\n<meta property=\"og:image\" content=\"https:\/\/poliklinika-kantrida-dental.com\/ljekarna\/wp-content\/uploads\/2025\/05\/exofeet-oil.jpg\" \/>\n\t<meta property=\"og:image:width\" content=\"250\" \/>\n\t<meta property=\"og:image:height\" content=\"300\" \/>\n\t<meta property=\"og:image:type\" content=\"image\/jpeg\" \/>\n<meta name=\"twitter:card\" content=\"summary_large_image\" \/>\n<meta name=\"twitter:label1\" content=\"Procijenjeno vrijeme \u010ditanja\" \/>\n\t<meta name=\"twitter:data1\" content=\"5 minuta\" \/>\n<script type=\"application\/ld+json\" class=\"yoast-schema-graph\">{\"@context\":\"https:\\\/\\\/schema.org\",\"@graph\":[{\"@type\":\"WebPage\",\"@id\":\"https:\\\/\\\/poliklinika-kantrida-dental.com\\\/ljekarna\\\/product\\\/exofeet-oil\\\/\",\"url\":\"https:\\\/\\\/poliklinika-kantrida-dental.com\\\/ljekarna\\\/product\\\/exofeet-oil\\\/\",\"name\":\"Exofeet Oil - Online Trgovina\",\"isPartOf\":{\"@id\":\"https:\\\/\\\/poliklinika-kantrida-dental.com\\\/ljekarna\\\/#website\"},\"primaryImageOfPage\":{\"@id\":\"https:\\\/\\\/poliklinika-kantrida-dental.com\\\/ljekarna\\\/product\\\/exofeet-oil\\\/#primaryimage\"},\"image\":{\"@id\":\"https:\\\/\\\/poliklinika-kantrida-dental.com\\\/ljekarna\\\/product\\\/exofeet-oil\\\/#primaryimage\"},\"thumbnailUrl\":\"https:\\\/\\\/poliklinika-kantrida-dental.com\\\/ljekarna\\\/wp-content\\\/uploads\\\/2025\\\/05\\\/exofeet-oil.jpg\",\"datePublished\":\"2025-05-18T18:31:04+00:00\",\"breadcrumb\":{\"@id\":\"https:\\\/\\\/poliklinika-kantrida-dental.com\\\/ljekarna\\\/product\\\/exofeet-oil\\\/#breadcrumb\"},\"inLanguage\":\"hr\",\"potentialAction\":[{\"@type\":\"ReadAction\",\"target\":[\"https:\\\/\\\/poliklinika-kantrida-dental.com\\\/ljekarna\\\/product\\\/exofeet-oil\\\/\"]}]},{\"@type\":\"ImageObject\",\"inLanguage\":\"hr\",\"@id\":\"https:\\\/\\\/poliklinika-kantrida-dental.com\\\/ljekarna\\\/product\\\/exofeet-oil\\\/#primaryimage\",\"url\":\"https:\\\/\\\/poliklinika-kantrida-dental.com\\\/ljekarna\\\/wp-content\\\/uploads\\\/2025\\\/05\\\/exofeet-oil.jpg\",\"contentUrl\":\"https:\\\/\\\/poliklinika-kantrida-dental.com\\\/ljekarna\\\/wp-content\\\/uploads\\\/2025\\\/05\\\/exofeet-oil.jpg\",\"width\":250,\"height\":300,\"caption\":\"exofeet oil\"},{\"@type\":\"BreadcrumbList\",\"@id\":\"https:\\\/\\\/poliklinika-kantrida-dental.com\\\/ljekarna\\\/product\\\/exofeet-oil\\\/#breadcrumb\",\"itemListElement\":[{\"@type\":\"ListItem\",\"position\":1,\"name\":\"Po\u010detna stranica\",\"item\":\"https:\\\/\\\/poliklinika-kantrida-dental.com\\\/ljekarna\\\/\"},{\"@type\":\"ListItem\",\"position\":2,\"name\":\"Proizvodi\",\"item\":\"https:\\\/\\\/poliklinika-kantrida-dental.com\\\/ljekarna\\\/\"},{\"@type\":\"ListItem\",\"position\":3,\"name\":\"Exofeet Oil\"}]},{\"@type\":\"WebSite\",\"@id\":\"https:\\\/\\\/poliklinika-kantrida-dental.com\\\/ljekarna\\\/#website\",\"url\":\"https:\\\/\\\/poliklinika-kantrida-dental.com\\\/ljekarna\\\/\",\"name\":\"Online Trgovina\",\"description\":\"\",\"potentialAction\":[{\"@type\":\"SearchAction\",\"target\":{\"@type\":\"EntryPoint\",\"urlTemplate\":\"https:\\\/\\\/poliklinika-kantrida-dental.com\\\/ljekarna\\\/?s={search_term_string}\"},\"query-input\":{\"@type\":\"PropertyValueSpecification\",\"valueRequired\":true,\"valueName\":\"search_term_string\"}}],\"inLanguage\":\"hr\"}]}<\/script>\n<!-- \/ Yoast SEO plugin. -->","yoast_head_json":{"title":"Exofeet Oil - Online Trgovina","robots":{"index":"index","follow":"follow","max-snippet":"max-snippet:-1","max-image-preview":"max-image-preview:large","max-video-preview":"max-video-preview:-1"},"canonical":"https:\/\/poliklinika-kantrida-dental.com\/ljekarna\/product\/exofeet-oil\/","og_locale":"hr_HR","og_type":"article","og_title":"Exofeet Oil - Online Trgovina","og_description":"Exofeet Oil je inovativni proizvod dizajniran za borbu protiv gljivi\u010dnih infekcija stopala. Dolazi u obliku ulja, koje omogu\u0107ava jednostavnu i ciljanu primjenu na zahva\u0107ena podru\u010dja. Exofeet Oil je osmislio tim stru\u010dnjaka kako bi pru\u017eio brzo i u\u010dinkovito rje\u0161enje za probleme poput svrbe\u017ea, crvenila i neprijatnog mirisa uzrokovanih gljivicama. Zahvaljuju\u0107i svojoj jedinstvenoj formuli, ovaj proizvod omogu\u0107ava [&hellip;]","og_url":"https:\/\/poliklinika-kantrida-dental.com\/ljekarna\/product\/exofeet-oil\/","og_site_name":"Online Trgovina","og_image":[{"width":250,"height":300,"url":"https:\/\/poliklinika-kantrida-dental.com\/ljekarna\/wp-content\/uploads\/2025\/05\/exofeet-oil.jpg","type":"image\/jpeg"}],"twitter_card":"summary_large_image","twitter_misc":{"Procijenjeno vrijeme \u010ditanja":"5 minuta"},"schema":{"@context":"https:\/\/schema.org","@graph":[{"@type":"WebPage","@id":"https:\/\/poliklinika-kantrida-dental.com\/ljekarna\/product\/exofeet-oil\/","url":"https:\/\/poliklinika-kantrida-dental.com\/ljekarna\/product\/exofeet-oil\/","name":"Exofeet Oil - Online Trgovina","isPartOf":{"@id":"https:\/\/poliklinika-kantrida-dental.com\/ljekarna\/#website"},"primaryImageOfPage":{"@id":"https:\/\/poliklinika-kantrida-dental.com\/ljekarna\/product\/exofeet-oil\/#primaryimage"},"image":{"@id":"https:\/\/poliklinika-kantrida-dental.com\/ljekarna\/product\/exofeet-oil\/#primaryimage"},"thumbnailUrl":"https:\/\/poliklinika-kantrida-dental.com\/ljekarna\/wp-content\/uploads\/2025\/05\/exofeet-oil.jpg","datePublished":"2025-05-18T18:31:04+00:00","breadcrumb":{"@id":"https:\/\/poliklinika-kantrida-dental.com\/ljekarna\/product\/exofeet-oil\/#breadcrumb"},"inLanguage":"hr","potentialAction":[{"@type":"ReadAction","target":["https:\/\/poliklinika-kantrida-dental.com\/ljekarna\/product\/exofeet-oil\/"]}]},{"@type":"ImageObject","inLanguage":"hr","@id":"https:\/\/poliklinika-kantrida-dental.com\/ljekarna\/product\/exofeet-oil\/#primaryimage","url":"https:\/\/poliklinika-kantrida-dental.com\/ljekarna\/wp-content\/uploads\/2025\/05\/exofeet-oil.jpg","contentUrl":"https:\/\/poliklinika-kantrida-dental.com\/ljekarna\/wp-content\/uploads\/2025\/05\/exofeet-oil.jpg","width":250,"height":300,"caption":"exofeet oil"},{"@type":"BreadcrumbList","@id":"https:\/\/poliklinika-kantrida-dental.com\/ljekarna\/product\/exofeet-oil\/#breadcrumb","itemListElement":[{"@type":"ListItem","position":1,"name":"Po\u010detna stranica","item":"https:\/\/poliklinika-kantrida-dental.com\/ljekarna\/"},{"@type":"ListItem","position":2,"name":"Proizvodi","item":"https:\/\/poliklinika-kantrida-dental.com\/ljekarna\/"},{"@type":"ListItem","position":3,"name":"Exofeet Oil"}]},{"@type":"WebSite","@id":"https:\/\/poliklinika-kantrida-dental.com\/ljekarna\/#website","url":"https:\/\/poliklinika-kantrida-dental.com\/ljekarna\/","name":"Online Trgovina","description":"","potentialAction":[{"@type":"SearchAction","target":{"@type":"EntryPoint","urlTemplate":"https:\/\/poliklinika-kantrida-dental.com\/ljekarna\/?s={search_term_string}"},"query-input":{"@type":"PropertyValueSpecification","valueRequired":true,"valueName":"search_term_string"}}],"inLanguage":"hr"}]}},"_links":{"self":[{"href":"https:\/\/poliklinika-kantrida-dental.com\/ljekarna\/wp-json\/wp\/v2\/product\/168","targetHints":{"allow":["GET"]}}],"collection":[{"href":"https:\/\/poliklinika-kantrida-dental.com\/ljekarna\/wp-json\/wp\/v2\/product"}],"about":[{"href":"https:\/\/poliklinika-kantrida-dental.com\/ljekarna\/wp-json\/wp\/v2\/types\/product"}],"wp:featuredmedia":[{"embeddable":true,"href":"https:\/\/poliklinika-kantrida-dental.com\/ljekarna\/wp-json\/wp\/v2\/media\/169"}],"wp:attachment":[{"href":"https:\/\/poliklinika-kantrida-dental.com\/ljekarna\/wp-json\/wp\/v2\/media?parent=168"}],"wp:term":[{"taxonomy":"product_brand","embeddable":true,"href":"https:\/\/poliklinika-kantrida-dental.com\/ljekarna\/wp-json\/wp\/v2\/product_brand?post=168"},{"taxonomy":"product_cat","embeddable":true,"href":"https:\/\/poliklinika-kantrida-dental.com\/ljekarna\/wp-json\/wp\/v2\/product_cat?post=168"},{"taxonomy":"product_tag","embeddable":true,"href":"https:\/\/poliklinika-kantrida-dental.com\/ljekarna\/wp-json\/wp\/v2\/product_tag?post=168"}],"curies":[{"name":"wp","href":"https:\/\/api.w.org\/{rel}","templated":true}]}}