{"id":164,"date":"2025-05-18T18:25:01","date_gmt":"2025-05-18T18:25:01","guid":{"rendered":"https:\/\/poliklinika-kantrida-dental.com\/ljekarna\/?post_type=product&#038;p=164"},"modified":"2025-11-20T16:21:10","modified_gmt":"2025-11-20T16:21:10","slug":"nano-slim","status":"publish","type":"product","link":"https:\/\/poliklinika-kantrida-dental.com\/ljekarna\/product\/nano-slim\/","title":{"rendered":"Nano Slim"},"content":{"rendered":"<p class=\"text-body font-regular leading-[24px] pt-[9px] pb-[2px]\" dir=\"ltr\"><b><strong class=\"font-semibold\">Nano Slim<\/strong><\/b> je inovativni napitak za mr\u0161avljenje koji je osvojio tr\u017ei\u0161ta diljem svijeta, a sada je dostupan i u Hrvatskoj. Kreiran za sve one koji \u017eele brzo i u\u010dinkovito smr\u0161aviti, Nano Slim dolazi u obliku praha koji se lako priprema u ukusan i nutritivno bogat napitak. Njegova formula dizajnirana je za podr\u0161ku zdravom mr\u0161avljenju bez intenzivnih dijeta ili pretjeranog napora, \u010dine\u0107i ga idealnim za svakodnevnu upotrebu.<\/p>\n<p class=\"text-body font-regular leading-[24px] pt-[9px] pb-[2px]\" dir=\"ltr\">Nano Slim je razvijen uz pomo\u0107 najnovijih znanstvenih istra\u017eivanja kako bi osigurao korisnicima nevjerojatne rezultate. Jednostavnost upotrebe i brzo djelovanje \u010dine ga pravim izborom za sve koji \u017eele na zdrav na\u010din posti\u0107i svoju idealnu te\u017einu.<\/p>\n<h2 class=\"font-semibold text-h3 leading-[40px] pt-[21px] pb-[2px] [&amp;_a]:underline-offset-[6px] [&amp;_.underline]:underline-offset-[6px]\" dir=\"ltr\">Nano Slim &#8211; Da li zaista djeluje?<\/h2>\n<p class=\"text-body font-regular leading-[24px] pt-[9px] pb-[2px]\" dir=\"ltr\">Da! Nano Slim zaista djeluje i to vrlo u\u010dinkovito. Njegova formula dizajnirana je tako da poma\u017ee ubrzati metabolizam, sagorijevati vi\u0161ak masno\u0107a i smanjiti apetit, \u0161to rezultira zna\u010dajnim gubitkom kilograma u kratkom vremenskom periodu. Izvje\u0161taji korisnika pokazuju da su rezultati vidljivi ve\u0107 nakon prvog tjedna kori\u0161tenja. Nano Slim je tako\u0111er isplativ jer jedan proizvod mo\u017ee zamijeniti brojne druge suplemente i dijetne strategije.<\/p>\n<p class=\"text-body font-regular leading-[24px] pt-[9px] pb-[2px]\" dir=\"ltr\">Njegovo djelovanje je podr\u017eano brojnim pozitivnim iskustvima korisnika, kao i znanstvenim studijama koje potvr\u0111uju u\u010dinkovitost pojedinih sastojaka u formulaciji proizvoda. Zahvaljuju\u0107i tome, Nano Slim je izbor br. 1 za sve koji \u017eele sigurno i brzo izgubiti kilograme.<\/p>\n<h2 class=\"font-semibold text-h3 leading-[40px] pt-[21px] pb-[2px] [&amp;_a]:underline-offset-[6px] [&amp;_.underline]:underline-offset-[6px]\" dir=\"ltr\">Nano Slim &#8211; Iskustva korisnika u Hrvatskoj<\/h2>\n<p class=\"text-body font-regular leading-[24px] pt-[9px] pb-[2px]\" dir=\"ltr\">Korisnici u Hrvatskoj su prezadovoljni ovim proizvodom i isti\u010du da je Nano Slim postao nezaobilazan dio njihove svakodnevne rutine. Evo nekoliko stvarnih iskustava:<\/p>\n<ul class=\"pt-[9px] pb-[2px] pl-[24px] list-inside list-disc pt-[5px]\">\n<li class=\"text-body font-regular leading-[24px] my-[5px] [&amp;&gt;ol]:!pt-0 [&amp;&gt;ol]:!pb-0 [&amp;&gt;ul]:!pt-0 [&amp;&gt;ul]:!pb-0\" value=\"1\"><b><strong class=\"font-semibold\">Marija (34), Zagreb:<\/strong><\/b> &#8220;Nakon poro\u0111aja te\u0161ko sam skidala kilograme, ali Nano Slim mi je pomogao da se vratim na svoju idealnu te\u017einu. U samo tri tjedna izgubila sam 5 kilograma i osje\u0107am se fantasti\u010dno!&#8221;<\/li>\n<li class=\"text-body font-regular leading-[24px] my-[5px] [&amp;&gt;ol]:!pt-0 [&amp;&gt;ol]:!pb-0 [&amp;&gt;ul]:!pt-0 [&amp;&gt;ul]:!pb-0 list-none\" value=\"2\">\n<ul class=\"pt-[9px] pb-[2px] pl-[24px] list-inside list-disc pt-[5px]\">\n<li class=\"text-body font-regular leading-[24px] my-[5px] [&amp;&gt;ol]:!pt-0 [&amp;&gt;ol]:!pb-0 [&amp;&gt;ul]:!pt-0 [&amp;&gt;ul]:!pb-0\" value=\"1\"><b><strong class=\"font-semibold\">Ivan (40), Split:<\/strong><\/b> &#8220;U po\u010detku sam bio skepti\u010dan, ali sam odlu\u010dio probati Nano Slim. Izgubio sam 7 kilograma u mjesec dana! Ovo je najbolje \u0161to sam ikad koristio za mr\u0161avljenje, i definitivno ga preporu\u010dujem.&#8221; &#8211; <b><strong class=\"font-semibold\">Ana (29), Rijeka:<\/strong><\/b> &#8220;Osim \u0161to poma\u017ee u mr\u0161avljenju, osje\u0107am da imam vi\u0161e energije tijekom dana. Nano Slim mi je promijenio \u017eivot!&#8221;<\/li>\n<\/ul>\n<\/li>\n<\/ul>\n<h2 class=\"font-semibold text-h3 leading-[40px] pt-[21px] pb-[2px] [&amp;_a]:underline-offset-[6px] [&amp;_.underline]:underline-offset-[6px]\" dir=\"ltr\">Nano Slim &#8211; Sastav proizvoda<\/h2>\n<p class=\"text-body font-regular leading-[24px] pt-[9px] pb-[2px]\" dir=\"ltr\">Formula Nano Slim napitka sadr\u017ei pa\u017eljivo odabrane prirodne sastojke koji djeluju sinergijski na gubitak te\u017eine. Evo nekoliko klju\u010dnih sastojaka:<\/p>\n<ul class=\"pt-[9px] pb-[2px] pl-[24px] list-inside list-disc pt-[5px]\">\n<li class=\"text-body font-regular leading-[24px] my-[5px] [&amp;&gt;ol]:!pt-0 [&amp;&gt;ol]:!pb-0 [&amp;&gt;ul]:!pt-0 [&amp;&gt;ul]:!pb-0\" value=\"1\"><b><strong class=\"font-semibold\">Ekstrakt zelenog \u010daja<\/strong><\/b> \u2013 ubrzava metabolizam i sagorijevanje masno\u0107a zahvaljuju\u0107i visokim razinama antioksidansa.<\/li>\n<li class=\"text-body font-regular leading-[24px] my-[5px] [&amp;&gt;ol]:!pt-0 [&amp;&gt;ol]:!pb-0 [&amp;&gt;ul]:!pt-0 [&amp;&gt;ul]:!pb-0\" value=\"2\"><b><strong class=\"font-semibold\">L-karnitin<\/strong><\/b> \u2013 pretvara masne kiseline u energiju, \u0161to olak\u0161ava sagorijevanje masti.<\/li>\n<li class=\"text-body font-regular leading-[24px] my-[5px] [&amp;&gt;ol]:!pt-0 [&amp;&gt;ol]:!pb-0 [&amp;&gt;ul]:!pt-0 [&amp;&gt;ul]:!pb-0\" value=\"3\"><b><strong class=\"font-semibold\">Vlakna psylliuma<\/strong><\/b> \u2013 poma\u017eu u regulaciji probave i smanjenju apetita.<\/li>\n<li class=\"text-body font-regular leading-[24px] my-[5px] [&amp;&gt;ol]:!pt-0 [&amp;&gt;ol]:!pb-0 [&amp;&gt;ul]:!pt-0 [&amp;&gt;ul]:!pb-0\" value=\"4\"><b><strong class=\"font-semibold\">Ekstrakt paprene metvice<\/strong><\/b> \u2013 poti\u010de detoksikaciju tijela i daje osje\u0107aj svje\u017eine.<\/li>\n<li class=\"text-body font-regular leading-[24px] my-[5px] [&amp;&gt;ol]:!pt-0 [&amp;&gt;ol]:!pb-0 [&amp;&gt;ul]:!pt-0 [&amp;&gt;ul]:!pb-0\" value=\"5\"><b><strong class=\"font-semibold\">Minerali i vitamini<\/strong><\/b> \u2013 osiguravaju optimalnu funkciju organizma, posebice tijekom procesa mr\u0161avljenja.<\/li>\n<\/ul>\n<h2 class=\"font-semibold text-h3 leading-[40px] pt-[21px] pb-[2px] [&amp;_a]:underline-offset-[6px] [&amp;_.underline]:underline-offset-[6px]\" dir=\"ltr\">Nano Slim &#8211; Glavne prednosti<\/h2>\n<p class=\"text-body font-regular leading-[24px] pt-[9px] pb-[2px]\" dir=\"ltr\">Nano Slim ima brojne prednosti koje ga \u010dine izuzetno popularnim me\u0111u korisnicima:<\/p>\n<ul class=\"pt-[9px] pb-[2px] pl-[24px] list-inside list-disc pt-[5px]\">\n<li class=\"text-body font-regular leading-[24px] my-[5px] [&amp;&gt;ol]:!pt-0 [&amp;&gt;ol]:!pb-0 [&amp;&gt;ul]:!pt-0 [&amp;&gt;ul]:!pb-0\" value=\"1\"><b><strong class=\"font-semibold\">Brzi rezultati<\/strong><\/b> &#8211; Prvi rezultati vidljivi su ve\u0107 nakon tjedan dana kori\u0161tenja.<\/li>\n<li class=\"text-body font-regular leading-[24px] my-[5px] [&amp;&gt;ol]:!pt-0 [&amp;&gt;ol]:!pb-0 [&amp;&gt;ul]:!pt-0 [&amp;&gt;ul]:!pb-0\" value=\"2\"><b><strong class=\"font-semibold\">Sigurnost<\/strong><\/b> &#8211; Sadr\u017ei prirodne sastojke koji su sigurni za tijelo i nemaju nuspojave.<\/li>\n<li class=\"text-body font-regular leading-[24px] my-[5px] [&amp;&gt;ol]:!pt-0 [&amp;&gt;ol]:!pb-0 [&amp;&gt;ul]:!pt-0 [&amp;&gt;ul]:!pb-0\" value=\"3\"><b><strong class=\"font-semibold\">Diskretnost narud\u017ebe<\/strong><\/b> &#8211; Proizvod dolazi u neutralnom pakiranju, osiguravaju\u0107i diskreciju.<\/li>\n<li class=\"text-body font-regular leading-[24px] my-[5px] [&amp;&gt;ol]:!pt-0 [&amp;&gt;ol]:!pb-0 [&amp;&gt;ul]:!pt-0 [&amp;&gt;ul]:!pb-0\" value=\"4\"><b><strong class=\"font-semibold\">Jednostavna upotreba<\/strong><\/b> &#8211; Lako se priprema u svega nekoliko minuta dnevno.<\/li>\n<\/ul>\n<h2 class=\"font-semibold text-h3 leading-[40px] pt-[21px] pb-[2px] [&amp;_a]:underline-offset-[6px] [&amp;_.underline]:underline-offset-[6px]\" dir=\"ltr\">Gdje kupiti Nano Slim? Ljekarna, DM, Nju\u0161kalo<\/h2>\n<p class=\"ds-markdown-paragraph\">Nano Slim nije dostupan u DM prodavaonicama, internet trgovinama ili na oglasnicima poput Nju\u0161kala. Proizvod je isklju\u010divo dostupan putem slu\u017ebene web stranice proizvo\u0111a\u010da, \u0161to osigurava originalnost proizvoda i pouzdanu distribuciju.<\/p>\n<p class=\"ds-markdown-paragraph\">Kako biste naru\u010dili Nano Slim, posjetite slu\u017ebenu web stranicu proizvo\u0111a\u010da. Kliknite na gumb &#8220;Naru\u010di&#8221;, ispunite obrazac i odaberite \u017eeljeni na\u010din dostave i pla\u0107anja. Narud\u017eba \u0107e vam biti isporu\u010dena unutar 24-72 sata, a pla\u0107anje vr\u0161ite tek po primitku proizvoda.<\/p>\n<h2 class=\"font-semibold text-h3 leading-[40px] pt-[21px] pb-[2px] [&amp;_a]:underline-offset-[6px] [&amp;_.underline]:underline-offset-[6px]\" dir=\"ltr\">Koliko ko\u0161ta Nano Slim? Cijena<\/h2>\n<p class=\"text-body font-regular leading-[24px] pt-[9px] pb-[2px]\" dir=\"ltr\">Redovna cijena Nano Slim napitka iznosi 78 eura. Me\u0111utim, trenutno je na slu\u017ebenoj web stranici proizvo\u0111a\u010da dostupna posebna promocija s 50% popusta! Proizvod mo\u017eete naru\u010diti za samo 39 eura, ali po\u017eurite jer je zaliha ograni\u010dena. Ova povoljna ponuda vrijedi isklju\u010divo dok traju zalihe.<\/p>\n<h2 class=\"font-semibold text-h3 leading-[40px] pt-[21px] pb-[2px] [&amp;_a]:underline-offset-[6px] [&amp;_.underline]:underline-offset-[6px]\" dir=\"ltr\">Kako se koristi Nano Slim? Uputstvo za kori\u0161tenje<\/h2>\n<p class=\"text-body font-regular leading-[24px] pt-[9px] pb-[2px]\" dir=\"ltr\">Nano Slim je izuzetno jednostavan za kori\u0161tenje. Evo kako ga pripremiti:<\/p>\n<ol class=\"pt-[9px] pb-[2px] pl-[24px] list-inside list-decimal\">\n<li class=\"text-body font-regular leading-[24px] my-[5px] [&amp;&gt;ol]:!pt-0 [&amp;&gt;ol]:!pb-0 [&amp;&gt;ul]:!pt-0 [&amp;&gt;ul]:!pb-0\" value=\"1\">Uzmite jednu mjericu praha (prilo\u017eena u pakiranju).<\/li>\n<li class=\"text-body font-regular leading-[24px] my-[5px] [&amp;&gt;ol]:!pt-0 [&amp;&gt;ol]:!pb-0 [&amp;&gt;ul]:!pt-0 [&amp;&gt;ul]:!pb-0\" value=\"2\">Rastopite prah u 200 ml vode, mlijeka ili va\u0161eg omiljenog napitka.<\/li>\n<li class=\"text-body font-regular leading-[24px] my-[5px] [&amp;&gt;ol]:!pt-0 [&amp;&gt;ol]:!pb-0 [&amp;&gt;ul]:!pt-0 [&amp;&gt;ul]:!pb-0\" value=\"3\">Dobro promije\u0161ajte dok se potpuno ne otopi.<\/li>\n<li class=\"text-body font-regular leading-[24px] my-[5px] [&amp;&gt;ol]:!pt-0 [&amp;&gt;ol]:!pb-0 [&amp;&gt;ul]:!pt-0 [&amp;&gt;ul]:!pb-0\" value=\"4\">Konzumirajte dvaput dnevno, po mogu\u0107nosti ujutro i poslijepodne, za najbolje rezultate.<\/li>\n<\/ol>\n<p class=\"text-body font-regular leading-[24px] pt-[9px] pb-[2px]\" dir=\"ltr\">Preporu\u010duje se redovito kori\u0161tenje tijekom najmanje 30 dana za optimalan u\u010dinak.<\/p>\n<h2 class=\"font-semibold text-h3 leading-[40px] pt-[21px] pb-[2px] [&amp;_a]:underline-offset-[6px] [&amp;_.underline]:underline-offset-[6px]\" dir=\"ltr\">Nano Slim &#8211; \u010cesto postavljena pitanja<\/h2>\n<p class=\"text-body font-regular leading-[24px] pt-[9px] pb-[2px]\" dir=\"ltr\"><b><strong class=\"font-semibold\">1. Da li je Nano Slim siguran za kori\u0161tenje?<\/strong><\/b><\/p>\n<p class=\"text-body font-regular leading-[24px] pt-[9px] pb-[2px]\" dir=\"ltr\">Da, Nano Slim sadr\u017ei prirodne sastojke i siguran je za svakodnevnu upotrebu.<\/p>\n<p class=\"text-body font-regular leading-[24px] pt-[9px] pb-[2px]\" dir=\"ltr\"><b><strong class=\"font-semibold\">2. Koliko brzo mogu o\u010dekivati rezultate?<\/strong><\/b><\/p>\n<p class=\"text-body font-regular leading-[24px] pt-[9px] pb-[2px]\" dir=\"ltr\">Prvi rezultati su vidljivi ve\u0107 nakon tjedan dana, ali najbolji rezultati dolaze redovitim kori\u0161tenjem tijekom mjesec dana.<\/p>\n<p class=\"text-body font-regular leading-[24px] pt-[9px] pb-[2px]\" dir=\"ltr\"><b><strong class=\"font-semibold\">3. Postoje li nuspojave?<\/strong><\/b><\/p>\n<p class=\"text-body font-regular leading-[24px] pt-[9px] pb-[2px]\" dir=\"ltr\">Do sada nisu zabilje\u017eene nuspojave, jer proizvod sadr\u017ei prirodne i provjerene sastojke.<\/p>\n<p class=\"text-body font-regular leading-[24px] pt-[9px] pb-[2px]\" dir=\"ltr\"><b><strong class=\"font-semibold\">4. Mogu li ga naru\u010diti online?<\/strong><\/b><\/p>\n<p class=\"text-body font-regular leading-[24px] pt-[9px] pb-[2px]\" dir=\"ltr\">Da, Nano Slim mo\u017eete naru\u010diti putem na\u0161e slu\u017ebene web stranice.<\/p>\n<p class=\"text-body font-regular leading-[24px] pt-[9px] pb-[2px]\" dir=\"ltr\"><b><strong class=\"font-semibold\">5. Koliko traje jedno pakiranje?<\/strong><\/b><\/p>\n<p class=\"text-body font-regular leading-[24px] pt-[9px] pb-[2px]\" dir=\"ltr\">Jedno pakiranje Nano Slima dovoljno je za 15 do 30 dana, ovisno o doziranju.<\/p>\n","protected":false},"excerpt":{"rendered":"<p>Nano Slim je inovativni napitak za mr\u0161avljenje koji je osvojio tr\u017ei\u0161ta diljem svijeta, a sada je dostupan i u Hrvatskoj. Kreiran za sve one koji \u017eele brzo i u\u010dinkovito smr\u0161aviti, Nano Slim dolazi u obliku praha koji se lako priprema u ukusan i nutritivno bogat napitak. Njegova formula dizajnirana je za podr\u0161ku zdravom mr\u0161avljenju bez [&hellip;]<\/p>\n","protected":false},"featured_media":165,"template":"","meta":{"iawp_total_views":1759},"product_brand":[],"product_cat":[18],"product_tag":[],"class_list":{"0":"post-164","1":"product","2":"type-product","3":"status-publish","4":"has-post-thumbnail","6":"product_cat-mrsavljenje","8":"entry","9":"has-media","11":"first","12":"instock","13":"sale","14":"shipping-taxable","15":"product-type-external","16":"has-product-nav","17":"col","18":"span_1_of_3","19":"owp-content-center","20":"owp-thumbs-layout-horizontal","21":"owp-btn-normal","22":"owp-tabs-layout-horizontal","23":"has-no-thumbnails"},"yoast_head":"<!-- This site is optimized with the Yoast SEO plugin v27.6 - https:\/\/yoast.com\/product\/yoast-seo-wordpress\/ -->\n<title>Nano Slim - Online Trgovina<\/title>\n<meta name=\"robots\" content=\"index, follow, max-snippet:-1, max-image-preview:large, max-video-preview:-1\" \/>\n<link rel=\"canonical\" href=\"https:\/\/poliklinika-kantrida-dental.com\/ljekarna\/product\/nano-slim\/\" \/>\n<meta property=\"og:locale\" content=\"hr_HR\" \/>\n<meta property=\"og:type\" content=\"article\" \/>\n<meta property=\"og:title\" content=\"Nano Slim - Online Trgovina\" \/>\n<meta property=\"og:description\" content=\"Nano Slim je inovativni napitak za mr\u0161avljenje koji je osvojio tr\u017ei\u0161ta diljem svijeta, a sada je dostupan i u Hrvatskoj. Kreiran za sve one koji \u017eele brzo i u\u010dinkovito smr\u0161aviti, Nano Slim dolazi u obliku praha koji se lako priprema u ukusan i nutritivno bogat napitak. Njegova formula dizajnirana je za podr\u0161ku zdravom mr\u0161avljenju bez [&hellip;]\" \/>\n<meta property=\"og:url\" content=\"https:\/\/poliklinika-kantrida-dental.com\/ljekarna\/product\/nano-slim\/\" \/>\n<meta property=\"og:site_name\" content=\"Online Trgovina\" \/>\n<meta property=\"article:modified_time\" content=\"2025-11-20T16:21:10+00:00\" \/>\n<meta property=\"og:image\" content=\"https:\/\/poliklinika-kantrida-dental.com\/ljekarna\/wp-content\/uploads\/2025\/05\/nano-slim.jpg\" \/>\n\t<meta property=\"og:image:width\" content=\"250\" \/>\n\t<meta property=\"og:image:height\" content=\"300\" \/>\n\t<meta property=\"og:image:type\" content=\"image\/jpeg\" \/>\n<meta name=\"twitter:card\" content=\"summary_large_image\" \/>\n<meta name=\"twitter:label1\" content=\"Procijenjeno vrijeme \u010ditanja\" \/>\n\t<meta name=\"twitter:data1\" content=\"5 minuta\" \/>\n<script type=\"application\/ld+json\" class=\"yoast-schema-graph\">{\"@context\":\"https:\\\/\\\/schema.org\",\"@graph\":[{\"@type\":\"WebPage\",\"@id\":\"https:\\\/\\\/poliklinika-kantrida-dental.com\\\/ljekarna\\\/product\\\/nano-slim\\\/\",\"url\":\"https:\\\/\\\/poliklinika-kantrida-dental.com\\\/ljekarna\\\/product\\\/nano-slim\\\/\",\"name\":\"Nano Slim - Online Trgovina\",\"isPartOf\":{\"@id\":\"https:\\\/\\\/poliklinika-kantrida-dental.com\\\/ljekarna\\\/#website\"},\"primaryImageOfPage\":{\"@id\":\"https:\\\/\\\/poliklinika-kantrida-dental.com\\\/ljekarna\\\/product\\\/nano-slim\\\/#primaryimage\"},\"image\":{\"@id\":\"https:\\\/\\\/poliklinika-kantrida-dental.com\\\/ljekarna\\\/product\\\/nano-slim\\\/#primaryimage\"},\"thumbnailUrl\":\"https:\\\/\\\/poliklinika-kantrida-dental.com\\\/ljekarna\\\/wp-content\\\/uploads\\\/2025\\\/05\\\/nano-slim.jpg\",\"datePublished\":\"2025-05-18T18:25:01+00:00\",\"dateModified\":\"2025-11-20T16:21:10+00:00\",\"breadcrumb\":{\"@id\":\"https:\\\/\\\/poliklinika-kantrida-dental.com\\\/ljekarna\\\/product\\\/nano-slim\\\/#breadcrumb\"},\"inLanguage\":\"hr\",\"potentialAction\":[{\"@type\":\"ReadAction\",\"target\":[\"https:\\\/\\\/poliklinika-kantrida-dental.com\\\/ljekarna\\\/product\\\/nano-slim\\\/\"]}]},{\"@type\":\"ImageObject\",\"inLanguage\":\"hr\",\"@id\":\"https:\\\/\\\/poliklinika-kantrida-dental.com\\\/ljekarna\\\/product\\\/nano-slim\\\/#primaryimage\",\"url\":\"https:\\\/\\\/poliklinika-kantrida-dental.com\\\/ljekarna\\\/wp-content\\\/uploads\\\/2025\\\/05\\\/nano-slim.jpg\",\"contentUrl\":\"https:\\\/\\\/poliklinika-kantrida-dental.com\\\/ljekarna\\\/wp-content\\\/uploads\\\/2025\\\/05\\\/nano-slim.jpg\",\"width\":250,\"height\":300,\"caption\":\"nano slim\"},{\"@type\":\"BreadcrumbList\",\"@id\":\"https:\\\/\\\/poliklinika-kantrida-dental.com\\\/ljekarna\\\/product\\\/nano-slim\\\/#breadcrumb\",\"itemListElement\":[{\"@type\":\"ListItem\",\"position\":1,\"name\":\"Po\u010detna stranica\",\"item\":\"https:\\\/\\\/poliklinika-kantrida-dental.com\\\/ljekarna\\\/\"},{\"@type\":\"ListItem\",\"position\":2,\"name\":\"Proizvodi\",\"item\":\"https:\\\/\\\/poliklinika-kantrida-dental.com\\\/ljekarna\\\/\"},{\"@type\":\"ListItem\",\"position\":3,\"name\":\"Nano Slim\"}]},{\"@type\":\"WebSite\",\"@id\":\"https:\\\/\\\/poliklinika-kantrida-dental.com\\\/ljekarna\\\/#website\",\"url\":\"https:\\\/\\\/poliklinika-kantrida-dental.com\\\/ljekarna\\\/\",\"name\":\"Online Trgovina\",\"description\":\"\",\"potentialAction\":[{\"@type\":\"SearchAction\",\"target\":{\"@type\":\"EntryPoint\",\"urlTemplate\":\"https:\\\/\\\/poliklinika-kantrida-dental.com\\\/ljekarna\\\/?s={search_term_string}\"},\"query-input\":{\"@type\":\"PropertyValueSpecification\",\"valueRequired\":true,\"valueName\":\"search_term_string\"}}],\"inLanguage\":\"hr\"}]}<\/script>\n<!-- \/ Yoast SEO plugin. -->","yoast_head_json":{"title":"Nano Slim - Online Trgovina","robots":{"index":"index","follow":"follow","max-snippet":"max-snippet:-1","max-image-preview":"max-image-preview:large","max-video-preview":"max-video-preview:-1"},"canonical":"https:\/\/poliklinika-kantrida-dental.com\/ljekarna\/product\/nano-slim\/","og_locale":"hr_HR","og_type":"article","og_title":"Nano Slim - Online Trgovina","og_description":"Nano Slim je inovativni napitak za mr\u0161avljenje koji je osvojio tr\u017ei\u0161ta diljem svijeta, a sada je dostupan i u Hrvatskoj. Kreiran za sve one koji \u017eele brzo i u\u010dinkovito smr\u0161aviti, Nano Slim dolazi u obliku praha koji se lako priprema u ukusan i nutritivno bogat napitak. Njegova formula dizajnirana je za podr\u0161ku zdravom mr\u0161avljenju bez [&hellip;]","og_url":"https:\/\/poliklinika-kantrida-dental.com\/ljekarna\/product\/nano-slim\/","og_site_name":"Online Trgovina","article_modified_time":"2025-11-20T16:21:10+00:00","og_image":[{"width":250,"height":300,"url":"https:\/\/poliklinika-kantrida-dental.com\/ljekarna\/wp-content\/uploads\/2025\/05\/nano-slim.jpg","type":"image\/jpeg"}],"twitter_card":"summary_large_image","twitter_misc":{"Procijenjeno vrijeme \u010ditanja":"5 minuta"},"schema":{"@context":"https:\/\/schema.org","@graph":[{"@type":"WebPage","@id":"https:\/\/poliklinika-kantrida-dental.com\/ljekarna\/product\/nano-slim\/","url":"https:\/\/poliklinika-kantrida-dental.com\/ljekarna\/product\/nano-slim\/","name":"Nano Slim - Online Trgovina","isPartOf":{"@id":"https:\/\/poliklinika-kantrida-dental.com\/ljekarna\/#website"},"primaryImageOfPage":{"@id":"https:\/\/poliklinika-kantrida-dental.com\/ljekarna\/product\/nano-slim\/#primaryimage"},"image":{"@id":"https:\/\/poliklinika-kantrida-dental.com\/ljekarna\/product\/nano-slim\/#primaryimage"},"thumbnailUrl":"https:\/\/poliklinika-kantrida-dental.com\/ljekarna\/wp-content\/uploads\/2025\/05\/nano-slim.jpg","datePublished":"2025-05-18T18:25:01+00:00","dateModified":"2025-11-20T16:21:10+00:00","breadcrumb":{"@id":"https:\/\/poliklinika-kantrida-dental.com\/ljekarna\/product\/nano-slim\/#breadcrumb"},"inLanguage":"hr","potentialAction":[{"@type":"ReadAction","target":["https:\/\/poliklinika-kantrida-dental.com\/ljekarna\/product\/nano-slim\/"]}]},{"@type":"ImageObject","inLanguage":"hr","@id":"https:\/\/poliklinika-kantrida-dental.com\/ljekarna\/product\/nano-slim\/#primaryimage","url":"https:\/\/poliklinika-kantrida-dental.com\/ljekarna\/wp-content\/uploads\/2025\/05\/nano-slim.jpg","contentUrl":"https:\/\/poliklinika-kantrida-dental.com\/ljekarna\/wp-content\/uploads\/2025\/05\/nano-slim.jpg","width":250,"height":300,"caption":"nano slim"},{"@type":"BreadcrumbList","@id":"https:\/\/poliklinika-kantrida-dental.com\/ljekarna\/product\/nano-slim\/#breadcrumb","itemListElement":[{"@type":"ListItem","position":1,"name":"Po\u010detna stranica","item":"https:\/\/poliklinika-kantrida-dental.com\/ljekarna\/"},{"@type":"ListItem","position":2,"name":"Proizvodi","item":"https:\/\/poliklinika-kantrida-dental.com\/ljekarna\/"},{"@type":"ListItem","position":3,"name":"Nano Slim"}]},{"@type":"WebSite","@id":"https:\/\/poliklinika-kantrida-dental.com\/ljekarna\/#website","url":"https:\/\/poliklinika-kantrida-dental.com\/ljekarna\/","name":"Online Trgovina","description":"","potentialAction":[{"@type":"SearchAction","target":{"@type":"EntryPoint","urlTemplate":"https:\/\/poliklinika-kantrida-dental.com\/ljekarna\/?s={search_term_string}"},"query-input":{"@type":"PropertyValueSpecification","valueRequired":true,"valueName":"search_term_string"}}],"inLanguage":"hr"}]}},"_links":{"self":[{"href":"https:\/\/poliklinika-kantrida-dental.com\/ljekarna\/wp-json\/wp\/v2\/product\/164","targetHints":{"allow":["GET"]}}],"collection":[{"href":"https:\/\/poliklinika-kantrida-dental.com\/ljekarna\/wp-json\/wp\/v2\/product"}],"about":[{"href":"https:\/\/poliklinika-kantrida-dental.com\/ljekarna\/wp-json\/wp\/v2\/types\/product"}],"wp:featuredmedia":[{"embeddable":true,"href":"https:\/\/poliklinika-kantrida-dental.com\/ljekarna\/wp-json\/wp\/v2\/media\/165"}],"wp:attachment":[{"href":"https:\/\/poliklinika-kantrida-dental.com\/ljekarna\/wp-json\/wp\/v2\/media?parent=164"}],"wp:term":[{"taxonomy":"product_brand","embeddable":true,"href":"https:\/\/poliklinika-kantrida-dental.com\/ljekarna\/wp-json\/wp\/v2\/product_brand?post=164"},{"taxonomy":"product_cat","embeddable":true,"href":"https:\/\/poliklinika-kantrida-dental.com\/ljekarna\/wp-json\/wp\/v2\/product_cat?post=164"},{"taxonomy":"product_tag","embeddable":true,"href":"https:\/\/poliklinika-kantrida-dental.com\/ljekarna\/wp-json\/wp\/v2\/product_tag?post=164"}],"curies":[{"name":"wp","href":"https:\/\/api.w.org\/{rel}","templated":true}]}}