{"id":156,"date":"2025-05-08T18:32:14","date_gmt":"2025-05-08T18:32:14","guid":{"rendered":"https:\/\/poliklinika-kantrida-dental.com\/ljekarna\/?post_type=product&#038;p=156"},"modified":"2025-05-08T18:32:14","modified_gmt":"2025-05-08T18:32:14","slug":"prostamid","status":"publish","type":"product","link":"https:\/\/poliklinika-kantrida-dental.com\/ljekarna\/product\/prostamid\/","title":{"rendered":"Prostamid"},"content":{"rendered":"<p class=\"text-body font-regular leading-[24px] pt-[9px] pb-[2px]\" dir=\"ltr\"><b><strong class=\"font-bold\">Prostamid<\/strong><\/b> je inovativni biljni \u010daj osmi\u0161ljen za pomo\u0107 mu\u0161karcima koji se suo\u010davaju s problemima prostate. Dolazi u prakti\u010dnoj formi \u010daja, \u010dime pru\u017ea lako\u0107u i ugodnost svakodnevnog kori\u0161tenja. Prostamid je formulisan da djeluje na prirodan na\u010din, pru\u017eaju\u0107i podr\u0161ku funkciji prostate i op\u0107em zdravlju urinarnog sustava. Njegov biljni sastav \u010dini ga sigurnim i pogodnim rje\u0161enjem za razne faze problema prostate, bilo kao prevencija ili kao dodatak tretmanu.<\/p>\n<p class=\"text-body font-regular leading-[24px] pt-[9px] pb-[2px]\" dir=\"ltr\">Mnogi korisnici biraju Prostamid zbog njegove jednostavne primjene, diskretnosti i visoke u\u010dinkovitosti. Piti Prostamid zna\u010di dodati zdravu i korisnu naviku u svoju dnevnu rutinu. Visoka potra\u017enja za ovim proizvodom pokazuje koliko mu\u0161karaca u Hrvatskoj ve\u0107 vjeruje u njegov u\u010dinak.<\/p>\n<h2 class=\"font-bold text-h3 leading-[40px] pt-[21px] pb-[2px] [&amp;_a]:underline-offset-[6px] [&amp;_.underline]:underline-offset-[6px]\" dir=\"ltr\">Prostamid &#8211; Da li zaista djeluje?<\/h2>\n<p class=\"text-body font-regular leading-[24px] pt-[9px] pb-[2px]\" dir=\"ltr\">Odgovor je jednostavan &#8211; <b><strong class=\"font-bold\">da, Prostamid zaista djeluje<\/strong><\/b>. Njegova formula cilja na ubla\u017eavanje simptoma povezanih s problemima prostate, poput \u010destog mokrenja, neprijatnog osje\u0107aja pritiska i slabog mlaza urina. Korisnici prijavljuju brze rezultate nakon redovnog kori\u0161tenja, \u0161to uklju\u010duje smirivanje simptoma i pobolj\u0161anje kvalitete \u017eivota.<\/p>\n<p class=\"text-body font-regular leading-[24px] pt-[9px] pb-[2px]\" dir=\"ltr\">Pored toga, Prostamid je ekonomski isplativ s obzirom da dolazi s kvalitetnim biljnim sastavom koji ne izaziva nuspojave. Prednosti ovog proizvoda su vi\u0161estruke i jedinstvene, \u010dime ga \u010dine omiljenim izborom kod mu\u0161karaca koji tra\u017ee sigurna i prirodna rje\u0161enja.<\/p>\n<h2 class=\"font-bold text-h3 leading-[40px] pt-[21px] pb-[2px] [&amp;_a]:underline-offset-[6px] [&amp;_.underline]:underline-offset-[6px]\" dir=\"ltr\">Prostamid &#8211; Iskustva Korisnika u Hrvatskoj<\/h2>\n<p class=\"text-body font-regular leading-[24px] pt-[9px] pb-[2px]\" dir=\"ltr\">Prostamid je osvojio povjerenje mnogih mu\u0161karaca u Hrvatskoj. Pozitivne recenzije svjedo\u010de o njegovoj u\u010dinkovitosti i sigurnosti. Evo nekoliko iskustava:<\/p>\n<ul class=\"pt-[9px] pb-[2px] pl-[24px] list-inside list-disc pt-[5px]\">\n<li class=\"text-body font-regular leading-[24px] my-[5px] [&amp;&gt;ol]:!pt-0 [&amp;&gt;ol]:!pb-0 [&amp;&gt;ul]:!pt-0 [&amp;&gt;ul]:!pb-0\" value=\"1\"><b><strong class=\"font-bold\">Ivan (55 godina, Zagreb)<\/strong><\/b> \u2013 &#8220;Borio sam se s problemima prostate godinama, ali od kada koristim Prostamid, osje\u0107am ogromno olak\u0161anje. Mnogo je prakti\u010dnije nego drugi proizvodi, a rezultati su o\u010diti ve\u0107 nakon prve dvije sedmice.&#8221;<\/li>\n<li class=\"text-body font-regular leading-[24px] my-[5px] [&amp;&gt;ol]:!pt-0 [&amp;&gt;ol]:!pb-0 [&amp;&gt;ul]:!pt-0 [&amp;&gt;ul]:!pb-0\" value=\"2\"><b><strong class=\"font-bold\">Marko (62 godine, Split)<\/strong><\/b> \u2013 &#8220;Svi simptomi koje sam imao, poput no\u0107nih bu\u0111enja i neprijatnosti kod mokrenja, su nestali nakon mjesec dana kori\u0161tenja Prostamida. Odu\u0161evljen sam kako djeluje!&#8221;<\/li>\n<li class=\"text-body font-regular leading-[24px] my-[5px] [&amp;&gt;ol]:!pt-0 [&amp;&gt;ol]:!pb-0 [&amp;&gt;ul]:!pt-0 [&amp;&gt;ul]:!pb-0\" value=\"3\"><b><strong class=\"font-bold\">Ante (45 godina, Osijek)<\/strong><\/b> \u2013 &#8220;Prostamid mi je pomogao da povratim osje\u0107aj kontrole nad svojim tijelom. Najvi\u0161e mi se svi\u0111a \u0161to dolazi s jasnim uputama i da je u potpunosti prirodan.&#8221;<\/li>\n<\/ul>\n<p class=\"text-body font-regular leading-[24px] pt-[9px] pb-[2px]\" dir=\"ltr\">Ova iskustva pokazuju za\u0161to je Prostamid postao toliko popularan u Hrvatskoj.<\/p>\n<h2 class=\"font-bold text-h3 leading-[40px] pt-[21px] pb-[2px] [&amp;_a]:underline-offset-[6px] [&amp;_.underline]:underline-offset-[6px]\" dir=\"ltr\">Prostamid &#8211; Sastav Proizvoda<\/h2>\n<p class=\"text-body font-regular leading-[24px] pt-[9px] pb-[2px]\" dir=\"ltr\">Prostamid se sastoji od pa\u017eljivo odabranih prirodnih biljnih sastojaka \u010dija kombinacija pru\u017ea ciljanu podr\u0161ku zdravlju prostate. Evo detalja o njegovim klju\u010dnim sastojcima:<\/p>\n<ul class=\"pt-[9px] pb-[2px] pl-[24px] list-inside list-disc pt-[5px]\">\n<li class=\"text-body font-regular leading-[24px] my-[5px] [&amp;&gt;ol]:!pt-0 [&amp;&gt;ol]:!pb-0 [&amp;&gt;ul]:!pt-0 [&amp;&gt;ul]:!pb-0\" value=\"1\"><b><strong class=\"font-bold\">Kamomila<\/strong><\/b> \u2013 Djeluje protuupalno i opu\u0161taju\u0107e, poma\u017eu\u0107i smiriti nadra\u017eenost.<\/li>\n<li class=\"text-body font-regular leading-[24px] my-[5px] [&amp;&gt;ol]:!pt-0 [&amp;&gt;ol]:!pb-0 [&amp;&gt;ul]:!pt-0 [&amp;&gt;ul]:!pb-0\" value=\"2\"><b><strong class=\"font-bold\">Kopriva<\/strong><\/b> \u2013 Poznata po svojim beneficijama za mokra\u0107ni sustav, potpoma\u017ee zdravlje prostate.<\/li>\n<li class=\"text-body font-regular leading-[24px] my-[5px] [&amp;&gt;ol]:!pt-0 [&amp;&gt;ol]:!pb-0 [&amp;&gt;ul]:!pt-0 [&amp;&gt;ul]:!pb-0\" value=\"3\"><b><strong class=\"font-bold\">Sljez<\/strong><\/b> \u2013 Utje\u010de na smirivanje simptoma i pobolj\u0161anje protoka urina.<\/li>\n<li class=\"text-body font-regular leading-[24px] my-[5px] [&amp;&gt;ol]:!pt-0 [&amp;&gt;ol]:!pb-0 [&amp;&gt;ul]:!pt-0 [&amp;&gt;ul]:!pb-0\" value=\"4\"><b><strong class=\"font-bold\">Zeleni \u010daj<\/strong><\/b> \u2013 Ima sna\u017ena antioksidativna svojstva koja podr\u017eavaju op\u0107e zdravlje.<\/li>\n<li class=\"text-body font-regular leading-[24px] my-[5px] [&amp;&gt;ol]:!pt-0 [&amp;&gt;ol]:!pb-0 [&amp;&gt;ul]:!pt-0 [&amp;&gt;ul]:!pb-0\" value=\"5\"><b><strong class=\"font-bold\">Kantarion (Gospina trava)<\/strong><\/b> \u2013 Tradicionalno djeluje na smanjenje upala, promoviraju\u0107i ravnote\u017eu organizma.<\/li>\n<\/ul>\n<p class=\"text-body font-regular leading-[24px] pt-[9px] pb-[2px]\" dir=\"ltr\">Svaki sastojak pa\u017eljivo je odabran kako bi osigurao maksimalnu u\u010dinkovitost i sigurnost.<\/p>\n<h2 class=\"font-bold text-h3 leading-[40px] pt-[21px] pb-[2px] [&amp;_a]:underline-offset-[6px] [&amp;_.underline]:underline-offset-[6px]\" dir=\"ltr\">Prostamid &#8211; Glavne Prednosti<\/h2>\n<p class=\"text-body font-regular leading-[24px] pt-[9px] pb-[2px]\" dir=\"ltr\">Prostamid se isti\u010de me\u0111u ostalim proizvodima na tr\u017ei\u0161tu zbog svojih brojnih prednosti:<\/p>\n<ul class=\"pt-[9px] pb-[2px] pl-[24px] list-inside list-disc pt-[5px]\">\n<li class=\"text-body font-regular leading-[24px] my-[5px] [&amp;&gt;ol]:!pt-0 [&amp;&gt;ol]:!pb-0 [&amp;&gt;ul]:!pt-0 [&amp;&gt;ul]:!pb-0\" value=\"1\"><b><strong class=\"font-bold\">Brzo djelovanje:<\/strong><\/b> Ve\u0107ina korisnika primijeti razliku u toku prvih tjedana kori\u0161tenja.<\/li>\n<li class=\"text-body font-regular leading-[24px] my-[5px] [&amp;&gt;ol]:!pt-0 [&amp;&gt;ol]:!pb-0 [&amp;&gt;ul]:!pt-0 [&amp;&gt;ul]:!pb-0\" value=\"2\"><b><strong class=\"font-bold\">Sigurnost:<\/strong><\/b> Prirodni sastojci \u010dine Prostamid sigurnim za dugotrajnu uporabu.<\/li>\n<li class=\"text-body font-regular leading-[24px] my-[5px] [&amp;&gt;ol]:!pt-0 [&amp;&gt;ol]:!pb-0 [&amp;&gt;ul]:!pt-0 [&amp;&gt;ul]:!pb-0\" value=\"3\"><b><strong class=\"font-bold\">Diskretnost:<\/strong><\/b> \u010caj se lako uklapa u dnevnu rutinu, pru\u017eaju\u0107i tiho i prakti\u010dno rje\u0161enje.<\/li>\n<li class=\"text-body font-regular leading-[24px] my-[5px] [&amp;&gt;ol]:!pt-0 [&amp;&gt;ol]:!pb-0 [&amp;&gt;ul]:!pt-0 [&amp;&gt;ul]:!pb-0\" value=\"4\"><b><strong class=\"font-bold\">Jednostavna primjena:<\/strong><\/b> Jasne upute za kori\u0161tenje osiguravaju pouzdanost u svakom koraku.<\/li>\n<\/ul>\n<h2 class=\"font-bold text-h3 leading-[40px] pt-[21px] pb-[2px] [&amp;_a]:underline-offset-[6px] [&amp;_.underline]:underline-offset-[6px]\" dir=\"ltr\">Gdje Kupiti Prostamid? Ljekarna, DM, Nju\u0161kalo<\/h2>\n<p class=\"text-body font-regular leading-[24px] pt-[9px] pb-[2px]\" dir=\"ltr\">Trenutno Prostamid nije dostupan u internet ljekarnama, DM prodavnicama ili oglasnicima poput Nju\u0161kala. Razlog tome je \u0161to je proizvod dostupan isklju\u010divo u na\u0161im ekskluzivnim ljekarnama, koje rade direktno s proizvo\u0111a\u010dem. Ova saradnja garantira originalnost proizvoda i vrhunsku uslugu.<\/p>\n<p class=\"text-body font-regular leading-[24px] pt-[9px] pb-[2px]\" dir=\"ltr\">Jednostavno kliknite gumb &#8220;Naru\u010di&#8221;, ispunite obrazac, i odaberite na\u010din otpreme i pla\u0107anja. Va\u0161a narud\u017eba sti\u017ee u roku od 24-72 sata, a pla\u0107anje vr\u0161ite tek kada vam proizvod bude dostavljen na adresu.<\/p>\n<h2 class=\"font-bold text-h3 leading-[40px] pt-[21px] pb-[2px] [&amp;_a]:underline-offset-[6px] [&amp;_.underline]:underline-offset-[6px]\" dir=\"ltr\">Koliko ko\u0161ta Prostamid? Cijena<\/h2>\n<p class=\"text-body font-regular leading-[24px] pt-[9px] pb-[2px]\" dir=\"ltr\">Cijena Prostamida je 78 eura. Me\u0111utim, trenutno je na na\u0161oj web stranici dostupna ekskluzivna promocija &#8211; <b><strong class=\"font-bold\">50% popusta<\/strong><\/b> dok zalihe traju. To zna\u010di da Prostamid mo\u017eete naru\u010diti za samo 39 eura!<\/p>\n<p class=\"text-body font-regular leading-[24px] pt-[9px] pb-[2px]\" dir=\"ltr\">Po\u017eurite, jer ograni\u010dena ponuda brzo nestaje zbog ogromne popularnosti ovog proizvoda.<\/p>\n<h2 class=\"font-bold text-h3 leading-[40px] pt-[21px] pb-[2px] [&amp;_a]:underline-offset-[6px] [&amp;_.underline]:underline-offset-[6px]\" dir=\"ltr\">Kako se koristi Prostamid? Uputstvo za kori\u0161tenje<\/h2>\n<p class=\"text-body font-regular leading-[24px] pt-[9px] pb-[2px]\" dir=\"ltr\">Prostamid se koristi jednostavno, ali pravilna primjena je klju\u010d za postizanje najboljih rezultata:<\/p>\n<ol class=\"pt-[9px] pb-[2px] pl-[24px] list-inside list-decimal\">\n<li class=\"text-body font-regular leading-[24px] my-[5px] [&amp;&gt;ol]:!pt-0 [&amp;&gt;ol]:!pb-0 [&amp;&gt;ul]:!pt-0 [&amp;&gt;ul]:!pb-0\" value=\"1\"><b><strong class=\"font-bold\">Priprema:<\/strong><\/b> Uzeti jednu \u010dajnu vre\u0107icu Prostamida i preliti je s 200 ml vru\u0107e vode.<\/li>\n<li class=\"text-body font-regular leading-[24px] my-[5px] [&amp;&gt;ol]:!pt-0 [&amp;&gt;ol]:!pb-0 [&amp;&gt;ul]:!pt-0 [&amp;&gt;ul]:!pb-0\" value=\"2\"><b><strong class=\"font-bold\">Vrijeme pripreme:<\/strong><\/b> Ostaviti da odstoji 5-7 minuta, a zatim ukloniti vre\u0107icu.<\/li>\n<li class=\"text-body font-regular leading-[24px] my-[5px] [&amp;&gt;ol]:!pt-0 [&amp;&gt;ol]:!pb-0 [&amp;&gt;ul]:!pt-0 [&amp;&gt;ul]:!pb-0\" value=\"3\"><b><strong class=\"font-bold\">Preporu\u010dena doza:<\/strong><\/b> Konzumirati 2 puta dnevno, po jednu \u0161olju \u010daja, najbolje ujutro i nave\u010der.<\/li>\n<li class=\"text-body font-regular leading-[24px] my-[5px] [&amp;&gt;ol]:!pt-0 [&amp;&gt;ol]:!pb-0 [&amp;&gt;ul]:!pt-0 [&amp;&gt;ul]:!pb-0\" value=\"4\"><b><strong class=\"font-bold\">Trajanje:<\/strong><\/b> Kori\u0161tenje Prostadima preporu\u010duje se kao dio kontinuirane dnevne rutine.<\/li>\n<\/ol>\n<p class=\"text-body font-regular leading-[24px] pt-[9px] pb-[2px]\" dir=\"ltr\">Pridr\u017eavanje ovih uputa osigurava optimalne rezultate i dugotrajnu podr\u0161ku.<\/p>\n<h2 class=\"font-bold text-h3 leading-[40px] pt-[21px] pb-[2px] [&amp;_a]:underline-offset-[6px] [&amp;_.underline]:underline-offset-[6px]\" dir=\"ltr\">Prostamid &#8211; \u010cesto postavljena pitanja (FAQ)<\/h2>\n<p class=\"text-body font-regular leading-[24px] pt-[9px] pb-[2px]\" dir=\"ltr\"><b><strong class=\"font-bold\">1. Koliko brzo djeluje Prostamid?<\/strong><\/b><\/p>\n<p class=\"text-body font-regular leading-[24px] pt-[9px] pb-[2px]\" dir=\"ltr\">Korisnici \u010desto prijave pobolj\u0161anje simptoma ve\u0107 nakon prve dvije tjedne uporabe.<\/p>\n<p class=\"text-body font-regular leading-[24px] pt-[9px] pb-[2px]\" dir=\"ltr\"><b><strong class=\"font-bold\">2. Je li Prostamid siguran za dugotrajnu uporabu?<\/strong><\/b><\/p>\n<p class=\"text-body font-regular leading-[24px] pt-[9px] pb-[2px]\" dir=\"ltr\">Da, Prostamid je napravljen od prirodnih sastojaka, \u0161to ga \u010dini sigurnim za dulje kori\u0161tenje.<\/p>\n<p class=\"text-body font-regular leading-[24px] pt-[9px] pb-[2px]\" dir=\"ltr\"><b><strong class=\"font-bold\">3. Mogu li Prostamid naru\u010diti izvan Hrvatske?<\/strong><\/b><\/p>\n<p class=\"text-body font-regular leading-[24px] pt-[9px] pb-[2px]\" dir=\"ltr\">Trenutno je proizvod dostupan samo u Hrvatskoj putem na\u0161ih ekskluzivnih ljekarni.<\/p>\n<p class=\"text-body font-regular leading-[24px] pt-[9px] pb-[2px]\" dir=\"ltr\"><b><strong class=\"font-bold\">4. Kako mogu biti siguran da je proizvod originalan?<\/strong><\/b><\/p>\n<p class=\"text-body font-regular leading-[24px] pt-[9px] pb-[2px]\" dir=\"ltr\">Prostamid je dostupan samo u ljekarnama koje sura\u0111uju direktno s proizvo\u0111a\u010dem, \u010dime garantiramo originalnost.<\/p>\n<p class=\"text-body font-regular leading-[24px] pt-[9px] pb-[2px]\" dir=\"ltr\"><b><strong class=\"font-bold\">5. Ima li Prostamid nuspojave?<\/strong><\/b><\/p>\n<p class=\"text-body font-regular leading-[24px] pt-[9px] pb-[2px]\" dir=\"ltr\">Zbog prirodnog sastava, proizvodi nuspojave su izuzetno rijetke, ali uvijek se preporu\u010duje konzultacija s lije\u010dnikom prije po\u010detka kori\u0161tenja.<\/p>\n","protected":false},"excerpt":{"rendered":"<p>Prostamid je inovativni biljni \u010daj osmi\u0161ljen za pomo\u0107 mu\u0161karcima koji se suo\u010davaju s problemima prostate. Dolazi u prakti\u010dnoj formi \u010daja, \u010dime pru\u017ea lako\u0107u i ugodnost svakodnevnog kori\u0161tenja. Prostamid je formulisan da djeluje na prirodan na\u010din, pru\u017eaju\u0107i podr\u0161ku funkciji prostate i op\u0107em zdravlju urinarnog sustava. Njegov biljni sastav \u010dini ga sigurnim i pogodnim rje\u0161enjem za razne [&hellip;]<\/p>\n","protected":false},"featured_media":157,"template":"","meta":{"iawp_total_views":8},"product_brand":[],"product_cat":[15],"product_tag":[],"class_list":{"0":"post-156","1":"product","2":"type-product","3":"status-publish","4":"has-post-thumbnail","6":"product_cat-zdravlje","8":"entry","9":"has-media","11":"first","12":"instock","13":"sale","14":"shipping-taxable","15":"purchasable","16":"product-type-simple","17":"has-product-nav","18":"col","19":"span_1_of_3","20":"owp-content-center","21":"owp-thumbs-layout-horizontal","22":"owp-btn-normal","23":"owp-tabs-layout-horizontal","24":"has-no-thumbnails"},"yoast_head":"<!-- This site is optimized with the Yoast SEO plugin v27.6 - https:\/\/yoast.com\/product\/yoast-seo-wordpress\/ -->\n<title>Prostamid - Online Trgovina<\/title>\n<meta name=\"robots\" content=\"index, follow, max-snippet:-1, max-image-preview:large, max-video-preview:-1\" \/>\n<link rel=\"canonical\" href=\"https:\/\/poliklinika-kantrida-dental.com\/ljekarna\/product\/prostamid\/\" \/>\n<meta property=\"og:locale\" content=\"hr_HR\" \/>\n<meta property=\"og:type\" content=\"article\" \/>\n<meta property=\"og:title\" content=\"Prostamid - Online Trgovina\" \/>\n<meta property=\"og:description\" content=\"Prostamid je inovativni biljni \u010daj osmi\u0161ljen za pomo\u0107 mu\u0161karcima koji se suo\u010davaju s problemima prostate. Dolazi u prakti\u010dnoj formi \u010daja, \u010dime pru\u017ea lako\u0107u i ugodnost svakodnevnog kori\u0161tenja. Prostamid je formulisan da djeluje na prirodan na\u010din, pru\u017eaju\u0107i podr\u0161ku funkciji prostate i op\u0107em zdravlju urinarnog sustava. Njegov biljni sastav \u010dini ga sigurnim i pogodnim rje\u0161enjem za razne [&hellip;]\" \/>\n<meta property=\"og:url\" content=\"https:\/\/poliklinika-kantrida-dental.com\/ljekarna\/product\/prostamid\/\" \/>\n<meta property=\"og:site_name\" content=\"Online Trgovina\" \/>\n<meta property=\"og:image\" content=\"https:\/\/poliklinika-kantrida-dental.com\/ljekarna\/wp-content\/uploads\/2025\/05\/prostamid.jpg\" \/>\n\t<meta property=\"og:image:width\" content=\"250\" \/>\n\t<meta property=\"og:image:height\" content=\"300\" \/>\n\t<meta property=\"og:image:type\" content=\"image\/jpeg\" \/>\n<meta name=\"twitter:card\" content=\"summary_large_image\" \/>\n<meta name=\"twitter:label1\" content=\"Procijenjeno vrijeme \u010ditanja\" \/>\n\t<meta name=\"twitter:data1\" content=\"5 minuta\" \/>\n<script type=\"application\/ld+json\" class=\"yoast-schema-graph\">{\"@context\":\"https:\\\/\\\/schema.org\",\"@graph\":[{\"@type\":\"WebPage\",\"@id\":\"https:\\\/\\\/poliklinika-kantrida-dental.com\\\/ljekarna\\\/product\\\/prostamid\\\/\",\"url\":\"https:\\\/\\\/poliklinika-kantrida-dental.com\\\/ljekarna\\\/product\\\/prostamid\\\/\",\"name\":\"Prostamid - Online Trgovina\",\"isPartOf\":{\"@id\":\"https:\\\/\\\/poliklinika-kantrida-dental.com\\\/ljekarna\\\/#website\"},\"primaryImageOfPage\":{\"@id\":\"https:\\\/\\\/poliklinika-kantrida-dental.com\\\/ljekarna\\\/product\\\/prostamid\\\/#primaryimage\"},\"image\":{\"@id\":\"https:\\\/\\\/poliklinika-kantrida-dental.com\\\/ljekarna\\\/product\\\/prostamid\\\/#primaryimage\"},\"thumbnailUrl\":\"https:\\\/\\\/poliklinika-kantrida-dental.com\\\/ljekarna\\\/wp-content\\\/uploads\\\/2025\\\/05\\\/prostamid.jpg\",\"datePublished\":\"2025-05-08T18:32:14+00:00\",\"breadcrumb\":{\"@id\":\"https:\\\/\\\/poliklinika-kantrida-dental.com\\\/ljekarna\\\/product\\\/prostamid\\\/#breadcrumb\"},\"inLanguage\":\"hr\",\"potentialAction\":[{\"@type\":\"ReadAction\",\"target\":[\"https:\\\/\\\/poliklinika-kantrida-dental.com\\\/ljekarna\\\/product\\\/prostamid\\\/\"]}]},{\"@type\":\"ImageObject\",\"inLanguage\":\"hr\",\"@id\":\"https:\\\/\\\/poliklinika-kantrida-dental.com\\\/ljekarna\\\/product\\\/prostamid\\\/#primaryimage\",\"url\":\"https:\\\/\\\/poliklinika-kantrida-dental.com\\\/ljekarna\\\/wp-content\\\/uploads\\\/2025\\\/05\\\/prostamid.jpg\",\"contentUrl\":\"https:\\\/\\\/poliklinika-kantrida-dental.com\\\/ljekarna\\\/wp-content\\\/uploads\\\/2025\\\/05\\\/prostamid.jpg\",\"width\":250,\"height\":300,\"caption\":\"prostamid\"},{\"@type\":\"BreadcrumbList\",\"@id\":\"https:\\\/\\\/poliklinika-kantrida-dental.com\\\/ljekarna\\\/product\\\/prostamid\\\/#breadcrumb\",\"itemListElement\":[{\"@type\":\"ListItem\",\"position\":1,\"name\":\"Po\u010detna stranica\",\"item\":\"https:\\\/\\\/poliklinika-kantrida-dental.com\\\/ljekarna\\\/\"},{\"@type\":\"ListItem\",\"position\":2,\"name\":\"Proizvodi\",\"item\":\"https:\\\/\\\/poliklinika-kantrida-dental.com\\\/ljekarna\\\/\"},{\"@type\":\"ListItem\",\"position\":3,\"name\":\"Prostamid\"}]},{\"@type\":\"WebSite\",\"@id\":\"https:\\\/\\\/poliklinika-kantrida-dental.com\\\/ljekarna\\\/#website\",\"url\":\"https:\\\/\\\/poliklinika-kantrida-dental.com\\\/ljekarna\\\/\",\"name\":\"Online Trgovina\",\"description\":\"\",\"potentialAction\":[{\"@type\":\"SearchAction\",\"target\":{\"@type\":\"EntryPoint\",\"urlTemplate\":\"https:\\\/\\\/poliklinika-kantrida-dental.com\\\/ljekarna\\\/?s={search_term_string}\"},\"query-input\":{\"@type\":\"PropertyValueSpecification\",\"valueRequired\":true,\"valueName\":\"search_term_string\"}}],\"inLanguage\":\"hr\"}]}<\/script>\n<!-- \/ Yoast SEO plugin. -->","yoast_head_json":{"title":"Prostamid - Online Trgovina","robots":{"index":"index","follow":"follow","max-snippet":"max-snippet:-1","max-image-preview":"max-image-preview:large","max-video-preview":"max-video-preview:-1"},"canonical":"https:\/\/poliklinika-kantrida-dental.com\/ljekarna\/product\/prostamid\/","og_locale":"hr_HR","og_type":"article","og_title":"Prostamid - Online Trgovina","og_description":"Prostamid je inovativni biljni \u010daj osmi\u0161ljen za pomo\u0107 mu\u0161karcima koji se suo\u010davaju s problemima prostate. Dolazi u prakti\u010dnoj formi \u010daja, \u010dime pru\u017ea lako\u0107u i ugodnost svakodnevnog kori\u0161tenja. Prostamid je formulisan da djeluje na prirodan na\u010din, pru\u017eaju\u0107i podr\u0161ku funkciji prostate i op\u0107em zdravlju urinarnog sustava. Njegov biljni sastav \u010dini ga sigurnim i pogodnim rje\u0161enjem za razne [&hellip;]","og_url":"https:\/\/poliklinika-kantrida-dental.com\/ljekarna\/product\/prostamid\/","og_site_name":"Online Trgovina","og_image":[{"width":250,"height":300,"url":"https:\/\/poliklinika-kantrida-dental.com\/ljekarna\/wp-content\/uploads\/2025\/05\/prostamid.jpg","type":"image\/jpeg"}],"twitter_card":"summary_large_image","twitter_misc":{"Procijenjeno vrijeme \u010ditanja":"5 minuta"},"schema":{"@context":"https:\/\/schema.org","@graph":[{"@type":"WebPage","@id":"https:\/\/poliklinika-kantrida-dental.com\/ljekarna\/product\/prostamid\/","url":"https:\/\/poliklinika-kantrida-dental.com\/ljekarna\/product\/prostamid\/","name":"Prostamid - Online Trgovina","isPartOf":{"@id":"https:\/\/poliklinika-kantrida-dental.com\/ljekarna\/#website"},"primaryImageOfPage":{"@id":"https:\/\/poliklinika-kantrida-dental.com\/ljekarna\/product\/prostamid\/#primaryimage"},"image":{"@id":"https:\/\/poliklinika-kantrida-dental.com\/ljekarna\/product\/prostamid\/#primaryimage"},"thumbnailUrl":"https:\/\/poliklinika-kantrida-dental.com\/ljekarna\/wp-content\/uploads\/2025\/05\/prostamid.jpg","datePublished":"2025-05-08T18:32:14+00:00","breadcrumb":{"@id":"https:\/\/poliklinika-kantrida-dental.com\/ljekarna\/product\/prostamid\/#breadcrumb"},"inLanguage":"hr","potentialAction":[{"@type":"ReadAction","target":["https:\/\/poliklinika-kantrida-dental.com\/ljekarna\/product\/prostamid\/"]}]},{"@type":"ImageObject","inLanguage":"hr","@id":"https:\/\/poliklinika-kantrida-dental.com\/ljekarna\/product\/prostamid\/#primaryimage","url":"https:\/\/poliklinika-kantrida-dental.com\/ljekarna\/wp-content\/uploads\/2025\/05\/prostamid.jpg","contentUrl":"https:\/\/poliklinika-kantrida-dental.com\/ljekarna\/wp-content\/uploads\/2025\/05\/prostamid.jpg","width":250,"height":300,"caption":"prostamid"},{"@type":"BreadcrumbList","@id":"https:\/\/poliklinika-kantrida-dental.com\/ljekarna\/product\/prostamid\/#breadcrumb","itemListElement":[{"@type":"ListItem","position":1,"name":"Po\u010detna stranica","item":"https:\/\/poliklinika-kantrida-dental.com\/ljekarna\/"},{"@type":"ListItem","position":2,"name":"Proizvodi","item":"https:\/\/poliklinika-kantrida-dental.com\/ljekarna\/"},{"@type":"ListItem","position":3,"name":"Prostamid"}]},{"@type":"WebSite","@id":"https:\/\/poliklinika-kantrida-dental.com\/ljekarna\/#website","url":"https:\/\/poliklinika-kantrida-dental.com\/ljekarna\/","name":"Online Trgovina","description":"","potentialAction":[{"@type":"SearchAction","target":{"@type":"EntryPoint","urlTemplate":"https:\/\/poliklinika-kantrida-dental.com\/ljekarna\/?s={search_term_string}"},"query-input":{"@type":"PropertyValueSpecification","valueRequired":true,"valueName":"search_term_string"}}],"inLanguage":"hr"}]}},"_links":{"self":[{"href":"https:\/\/poliklinika-kantrida-dental.com\/ljekarna\/wp-json\/wp\/v2\/product\/156","targetHints":{"allow":["GET"]}}],"collection":[{"href":"https:\/\/poliklinika-kantrida-dental.com\/ljekarna\/wp-json\/wp\/v2\/product"}],"about":[{"href":"https:\/\/poliklinika-kantrida-dental.com\/ljekarna\/wp-json\/wp\/v2\/types\/product"}],"wp:featuredmedia":[{"embeddable":true,"href":"https:\/\/poliklinika-kantrida-dental.com\/ljekarna\/wp-json\/wp\/v2\/media\/157"}],"wp:attachment":[{"href":"https:\/\/poliklinika-kantrida-dental.com\/ljekarna\/wp-json\/wp\/v2\/media?parent=156"}],"wp:term":[{"taxonomy":"product_brand","embeddable":true,"href":"https:\/\/poliklinika-kantrida-dental.com\/ljekarna\/wp-json\/wp\/v2\/product_brand?post=156"},{"taxonomy":"product_cat","embeddable":true,"href":"https:\/\/poliklinika-kantrida-dental.com\/ljekarna\/wp-json\/wp\/v2\/product_cat?post=156"},{"taxonomy":"product_tag","embeddable":true,"href":"https:\/\/poliklinika-kantrida-dental.com\/ljekarna\/wp-json\/wp\/v2\/product_tag?post=156"}],"curies":[{"name":"wp","href":"https:\/\/api.w.org\/{rel}","templated":true}]}}