{"id":154,"date":"2025-05-08T18:30:16","date_gmt":"2025-05-08T18:30:16","guid":{"rendered":"https:\/\/poliklinika-kantrida-dental.com\/ljekarna\/?post_type=product&#038;p=154"},"modified":"2025-05-08T18:30:16","modified_gmt":"2025-05-08T18:30:16","slug":"testoy-kapsule","status":"publish","type":"product","link":"https:\/\/poliklinika-kantrida-dental.com\/ljekarna\/product\/testoy-kapsule\/","title":{"rendered":"TestoY Kapsule"},"content":{"rendered":"<p class=\"text-body font-regular leading-[24px] pt-[9px] pb-[2px]\" dir=\"ltr\">TestoY je inovativan proizvod osmi\u0161ljen za mu\u0161karce koji \u017eele pove\u0107ati svoj penis na siguran, u\u010dinkovit i diskretan na\u010din. Dolazi u obliku kapsula koje se lako koriste, a koje pru\u017eaju prirodno rje\u0161enje bez potrebe za invazivnim procedurama ili skupim tretmanima. Ove kapsule pa\u017eljivo su razvijene kako bi osigurale maksimalne rezultate, uz minimalan rizik nuspojava. Prikladne su za svakodnevnu upotrebu, a zahvaljuju\u0107i svom jedinstvenom sastavu, poma\u017eu mu\u0161karcima da povrate samopouzdanje i osobno zadovoljstvo.<\/p>\n<p class=\"text-body font-regular leading-[24px] pt-[9px] pb-[2px]\" dir=\"ltr\">TestoY je rezultat vi\u0161egodi\u0161njeg istra\u017eivanja i fokusira se na unaprje\u0111enje mu\u0161ke seksualne funkcije i pobolj\u0161anje kvalitete \u017eivota. Zahvaljuju\u0107i svojoj prakti\u010dnoj primjeni i brzim rezultatima, postao je jedan od najtra\u017eenijih proizvoda u svojoj kategoriji.<\/p>\n<h2 class=\"font-bold text-h3 leading-[40px] pt-[21px] pb-[2px] [&amp;_a]:underline-offset-[6px] [&amp;_.underline]:underline-offset-[6px]\" dir=\"ltr\">TestoY &#8211; Da li zaista djeluje?<\/h2>\n<p class=\"text-body font-regular leading-[24px] pt-[9px] pb-[2px]\" dir=\"ltr\">Da, TestoY zaista djeluje, a brojni zadovoljni korisnici mogu potvrditi njegovu u\u010dinkovitost. Ovaj proizvod funkcionira tako \u0161to pobolj\u0161ava cirkulaciju krvi u podru\u010dju genitalija, \u0161to doprinosi pove\u0107anju veli\u010dine penisa i ja\u010danju seksualne funkcije. Redovnom upotrebom, korisnici su primijetili znatna pobolj\u0161anja ne samo u fizi\u010dkom izgledu ve\u0107 i u ukupnom seksualnom zadovoljstvu.<\/p>\n<p class=\"text-body font-regular leading-[24px] pt-[9px] pb-[2px]\" dir=\"ltr\">Osim \u0161to daje vidljive rezultate, TestoY je tako\u0111er isplativ u usporedbi s alternativnim metodama pove\u0107anja penisa. Bez obzira na to tra\u017eite li proizvod za momentalno djelovanje ili \u017eelite dugotrajno rje\u0161enje, TestoY se pokazao kao fantasti\u010dan izbor.<\/p>\n<h2 class=\"font-bold text-h3 leading-[40px] pt-[21px] pb-[2px] [&amp;_a]:underline-offset-[6px] [&amp;_.underline]:underline-offset-[6px]\" dir=\"ltr\">TestoY &#8211; Iskustva Korisnika u Hrvatskoj<\/h2>\n<p class=\"text-body font-regular leading-[24px] pt-[9px] pb-[2px]\" dir=\"ltr\">Korisnici u Hrvatskoj izrazito su zadovoljni rezultatima koje donosi TestoY. Njegova popularnost u regiji samo raste, zahvaljuju\u0107i pozitivnim recenzijama onih koji su ga isprobali. Evo nekih od stvarnih iskustava:<\/p>\n<ol class=\"pt-[9px] pb-[2px] pl-[24px] list-inside list-decimal\">\n<li class=\"text-body font-regular leading-[24px] my-[5px] [&amp;&gt;ol]:!pt-0 [&amp;&gt;ol]:!pb-0 [&amp;&gt;ul]:!pt-0 [&amp;&gt;ul]:!pb-0\" value=\"1\"><b><strong class=\"font-bold\">Ante, 34 godine, Split<\/strong><\/b><\/li>\n<\/ol>\n<p class=\"text-body font-regular leading-[24px] pt-[9px] pb-[2px]\" dir=\"ltr\">&#8220;Bio sam skepti\u010dan, ali nakon mjesec dana kori\u0161tenja TestoY-a, primijetio sam o\u010digledne promjene. Osje\u0107am se puno samopouzdanije i zadovoljnije sobom.&#8221;<\/p>\n<ol class=\"pt-[9px] pb-[2px] pl-[24px] list-inside list-decimal\" start=\"2\">\n<li class=\"text-body font-regular leading-[24px] my-[5px] [&amp;&gt;ol]:!pt-0 [&amp;&gt;ol]:!pb-0 [&amp;&gt;ul]:!pt-0 [&amp;&gt;ul]:!pb-0\" value=\"2\"><b><strong class=\"font-bold\">Ivan, 40 godina, Zagreb<\/strong><\/b><\/li>\n<\/ol>\n<p class=\"text-body font-regular leading-[24px] pt-[9px] pb-[2px]\" dir=\"ltr\">&#8220;Za mene, TestoY nije samo pove\u0107ao veli\u010dinu ve\u0107 mi je pomogao i da ponovno u\u017eivam u intimi. Preporu\u010dujem ga svakome tko ima sli\u010dne potrebe.&#8221;<\/p>\n<ol class=\"pt-[9px] pb-[2px] pl-[24px] list-inside list-decimal\" start=\"3\">\n<li class=\"text-body font-regular leading-[24px] my-[5px] [&amp;&gt;ol]:!pt-0 [&amp;&gt;ol]:!pb-0 [&amp;&gt;ul]:!pt-0 [&amp;&gt;ul]:!pb-0\" value=\"3\"><b><strong class=\"font-bold\">Marko, 29 godina, Rijeka<\/strong><\/b><\/li>\n<\/ol>\n<p class=\"text-body font-regular leading-[24px] pt-[9px] pb-[2px]\" dir=\"ltr\">&#8220;Jednostavno kori\u0161tenje, brzi rezultati, apsolutno vrijedi. Bio sam ugodno iznena\u0111en diskretno\u0161\u0107u dostave!&#8221;<\/p>\n<h2 class=\"font-bold text-h3 leading-[40px] pt-[21px] pb-[2px] [&amp;_a]:underline-offset-[6px] [&amp;_.underline]:underline-offset-[6px]\" dir=\"ltr\">TestoY &#8211; Sastav Proizvoda<\/h2>\n<p class=\"text-body font-regular leading-[24px] pt-[9px] pb-[2px]\" dir=\"ltr\">TestoY je formuliran od prirodnih sastojaka koji imaju znanstveno potvr\u0111ene benefite za mu\u0161ko zdravlje. Njegova formula uklju\u010duje:<\/p>\n<ul class=\"pt-[9px] pb-[2px] pl-[24px] list-inside list-disc pt-[5px]\">\n<li class=\"text-body font-regular leading-[24px] my-[5px] [&amp;&gt;ol]:!pt-0 [&amp;&gt;ol]:!pb-0 [&amp;&gt;ul]:!pt-0 [&amp;&gt;ul]:!pb-0\" value=\"1\"><b><strong class=\"font-bold\">Ekstrakt korijena ginsenga<\/strong><\/b><\/li>\n<\/ul>\n<p class=\"text-body font-regular leading-[24px] pt-[9px] pb-[2px]\" dir=\"ltr\">Poznat po svom pozitivnom utjecaju na cirkulaciju i energiju, ginseng pove\u0107ava protok krvi, \u0161to direktno doprinosi boljoj izvedbi.<\/p>\n<ul class=\"pt-[9px] pb-[2px] pl-[24px] list-inside list-disc pt-[5px]\">\n<li class=\"text-body font-regular leading-[24px] my-[5px] [&amp;&gt;ol]:!pt-0 [&amp;&gt;ol]:!pb-0 [&amp;&gt;ul]:!pt-0 [&amp;&gt;ul]:!pb-0\" value=\"1\"><b><strong class=\"font-bold\">L-arginin<\/strong><\/b><\/li>\n<\/ul>\n<p class=\"text-body font-regular leading-[24px] pt-[9px] pb-[2px]\" dir=\"ltr\">Aminokiselina koja podr\u017eava \u0161irenje krvnih \u017eila i pove\u0107ava opskrbu tkiva kisikom, \u010dine\u0107i penis ve\u0107im i potencijalno tvr\u0111im.<\/p>\n<ul class=\"pt-[9px] pb-[2px] pl-[24px] list-inside list-disc pt-[5px]\">\n<li class=\"text-body font-regular leading-[24px] my-[5px] [&amp;&gt;ol]:!pt-0 [&amp;&gt;ol]:!pb-0 [&amp;&gt;ul]:!pt-0 [&amp;&gt;ul]:!pb-0\" value=\"1\"><b><strong class=\"font-bold\">Cink<\/strong><\/b><\/li>\n<\/ul>\n<p class=\"text-body font-regular leading-[24px] pt-[9px] pb-[2px]\" dir=\"ltr\">Mineral klju\u010dan za proizvodnju testosterona i ukupno seksualno zdravlje.<\/p>\n<ul class=\"pt-[9px] pb-[2px] pl-[24px] list-inside list-disc pt-[5px]\">\n<li class=\"text-body font-regular leading-[24px] my-[5px] [&amp;&gt;ol]:!pt-0 [&amp;&gt;ol]:!pb-0 [&amp;&gt;ul]:!pt-0 [&amp;&gt;ul]:!pb-0\" value=\"1\"><b><strong class=\"font-bold\">Tribulus terrestris<\/strong><\/b><\/li>\n<\/ul>\n<p class=\"text-body font-regular leading-[24px] pt-[9px] pb-[2px]\" dir=\"ltr\">Prirodni afrodizijak koji poma\u017ee pove\u0107ati libido i podr\u017eava prirodnu hormonalnu ravnote\u017eu.<\/p>\n<p class=\"text-body font-regular leading-[24px] pt-[9px] pb-[2px]\" dir=\"ltr\">Sve komponente su pa\u017eljivo odabrane kako bi osigurale sigurnost i u\u010dinkovitost.<\/p>\n<h2 class=\"font-bold text-h3 leading-[40px] pt-[21px] pb-[2px] [&amp;_a]:underline-offset-[6px] [&amp;_.underline]:underline-offset-[6px]\" dir=\"ltr\">TestoY &#8211; Glavne Prednosti<\/h2>\n<p class=\"text-body font-regular leading-[24px] pt-[9px] pb-[2px]\" dir=\"ltr\">TestoY nudi niz prednosti koje ga \u010dine jedinstvenim na tr\u017ei\u0161tu:<\/p>\n<ul class=\"pt-[9px] pb-[2px] pl-[24px] list-inside list-disc pt-[5px]\">\n<li class=\"text-body font-regular leading-[24px] my-[5px] [&amp;&gt;ol]:!pt-0 [&amp;&gt;ol]:!pb-0 [&amp;&gt;ul]:!pt-0 [&amp;&gt;ul]:!pb-0\" value=\"1\"><b><strong class=\"font-bold\">Brzo djelovanje<\/strong><\/b> &#8211; Prvi rezultati vidljivi su ve\u0107 nakon nekoliko tjedana.<\/li>\n<li class=\"text-body font-regular leading-[24px] my-[5px] [&amp;&gt;ol]:!pt-0 [&amp;&gt;ol]:!pb-0 [&amp;&gt;ul]:!pt-0 [&amp;&gt;ul]:!pb-0\" value=\"2\"><b><strong class=\"font-bold\">Diskretna dostava<\/strong><\/b> &#8211; Va\u0161a privatnost nam je va\u017ena.<\/li>\n<li class=\"text-body font-regular leading-[24px] my-[5px] [&amp;&gt;ol]:!pt-0 [&amp;&gt;ol]:!pb-0 [&amp;&gt;ul]:!pt-0 [&amp;&gt;ul]:!pb-0\" value=\"3\"><b><strong class=\"font-bold\">Sigurnost<\/strong><\/b> &#8211; Prirodni sastojci smanjuju rizik od nuspojava.<\/li>\n<li class=\"text-body font-regular leading-[24px] my-[5px] [&amp;&gt;ol]:!pt-0 [&amp;&gt;ol]:!pb-0 [&amp;&gt;ul]:!pt-0 [&amp;&gt;ul]:!pb-0\" value=\"4\"><b><strong class=\"font-bold\">Jednostavno kori\u0161tenje<\/strong><\/b> &#8211; Uzimanje kapsula je jednostavno i lako se uklapa u dnevnu rutinu.<\/li>\n<\/ul>\n<h2 class=\"font-bold text-h3 leading-[40px] pt-[21px] pb-[2px] [&amp;_a]:underline-offset-[6px] [&amp;_.underline]:underline-offset-[6px]\" dir=\"ltr\">Gdje Kupiti TestoY? Ljekarna, DM, Nju\u0161kalo<\/h2>\n<p class=\"text-body font-regular leading-[24px] pt-[9px] pb-[2px]\" dir=\"ltr\">TestoY nije dostupan u internetskim ljekarnama, trgovinama poput DM-a ili na oglasnicima poput Nju\u0161kala. Ovaj proizvod mo\u017eete naru\u010diti isklju\u010divo u ljekarnama koje imaju ekskluzivan ugovor s proizvo\u0111a\u010dem.<\/p>\n<p class=\"text-body font-regular leading-[24px] pt-[9px] pb-[2px]\" dir=\"ltr\">Narud\u017ebu mo\u017eete realizirati jednostavnim klikom na gumb &#8220;Naru\u010di&#8221; u na\u0161oj online ljekarni. Ispunite obrazac, odaberite na\u010din dostave i pla\u0107anja, a va\u0161 TestoY sti\u017ee na adresu u roku od 24 do 72 sata. Pla\u0107anje se vr\u0161i isklju\u010divo pri dostavi.<\/p>\n<h2 class=\"font-bold text-h3 leading-[40px] pt-[21px] pb-[2px] [&amp;_a]:underline-offset-[6px] [&amp;_.underline]:underline-offset-[6px]\" dir=\"ltr\">Koliko ko\u0161ta TestoY? Cijena<\/h2>\n<p class=\"text-body font-regular leading-[24px] pt-[9px] pb-[2px]\" dir=\"ltr\">Cijena TestoY kapsula iznosi 78 eura, no trenutno nudimo <b><strong class=\"font-bold\">poseban popust od 50%!<\/strong><\/b> Ova akcija vrijedi dok traju zalihe, stoga iskoristite priliku \u0161to prije!<\/p>\n<p class=\"text-body font-regular leading-[24px] pt-[9px] pb-[2px]\" dir=\"ltr\">Napominjemo da su koli\u010dine ograni\u010dene zbog velike potra\u017enje.<\/p>\n<h2 class=\"font-bold text-h3 leading-[40px] pt-[21px] pb-[2px] [&amp;_a]:underline-offset-[6px] [&amp;_.underline]:underline-offset-[6px]\" dir=\"ltr\">Kako se koristi TestoY? Uputstvo za kori\u0161tenje<\/h2>\n<p class=\"text-body font-regular leading-[24px] pt-[9px] pb-[2px]\" dir=\"ltr\">Korisiti TestoY je vrlo jednostavno. Preporu\u010dena doza je <b><strong class=\"font-bold\">jedna kapsula dva puta dnevno<\/strong><\/b>, uz \u010da\u0161u vode, najbolje nakon obroka. Redovito uzimanje omogu\u0107ava maksimalne rezultate, te se preporu\u010duje kontinuirana upotreba kroz nekoliko tjedana.<\/p>\n<h2 class=\"font-bold text-h3 leading-[40px] pt-[21px] pb-[2px] [&amp;_a]:underline-offset-[6px] [&amp;_.underline]:underline-offset-[6px]\" dir=\"ltr\">TestoY &#8211; \u010cesto postavljena pitanja<\/h2>\n<h3 class=\"font-bold text-h4 leading-[30px] pt-[15px] pb-[2px] [&amp;_a]:underline-offset-[6px] [&amp;_.underline]:underline-offset-[6px]\" dir=\"ltr\">Koliko brzo mogu o\u010dekivati rezultate?<\/h3>\n<p class=\"text-body font-regular leading-[24px] pt-[9px] pb-[2px]\" dir=\"ltr\">Prvi rezultati mogu se primijetiti ve\u0107 nakon nekoliko tjedana, no optimalne rezultate mo\u017eete o\u010dekivati nakon redovite upotrebe kroz 1-3 mjeseca.<\/p>\n<h3 class=\"font-bold text-h4 leading-[30px] pt-[15px] pb-[2px] [&amp;_a]:underline-offset-[6px] [&amp;_.underline]:underline-offset-[6px]\" dir=\"ltr\">Je li sigurno koristiti TestoY?<\/h3>\n<p class=\"text-body font-regular leading-[24px] pt-[9px] pb-[2px]\" dir=\"ltr\">Da, TestoY je formuliran od prirodnih i sigurnih sastojaka, \u0161to ga \u010dini pogodnim za ve\u0107inu korisnika.<\/p>\n<h3 class=\"font-bold text-h4 leading-[30px] pt-[15px] pb-[2px] [&amp;_a]:underline-offset-[6px] [&amp;_.underline]:underline-offset-[6px]\" dir=\"ltr\">Ima li nuspojava?<\/h3>\n<p class=\"text-body font-regular leading-[24px] pt-[9px] pb-[2px]\" dir=\"ltr\">U slu\u010daju pravilne primjene prema uputama, nuspojave su vrlo rijetke.<\/p>\n","protected":false},"excerpt":{"rendered":"<p>TestoY je inovativan proizvod osmi\u0161ljen za mu\u0161karce koji \u017eele pove\u0107ati svoj penis na siguran, u\u010dinkovit i diskretan na\u010din. Dolazi u obliku kapsula koje se lako koriste, a koje pru\u017eaju prirodno rje\u0161enje bez potrebe za invazivnim procedurama ili skupim tretmanima. Ove kapsule pa\u017eljivo su razvijene kako bi osigurale maksimalne rezultate, uz minimalan rizik nuspojava. Prikladne su [&hellip;]<\/p>\n","protected":false},"featured_media":155,"template":"","meta":{"iawp_total_views":397},"product_brand":[],"product_cat":[17],"product_tag":[],"class_list":{"0":"post-154","1":"product","2":"type-product","3":"status-publish","4":"has-post-thumbnail","6":"product_cat-potencija","8":"entry","9":"has-media","11":"first","12":"instock","13":"sale","14":"shipping-taxable","15":"purchasable","16":"product-type-simple","17":"has-product-nav","18":"col","19":"span_1_of_3","20":"owp-content-center","21":"owp-thumbs-layout-horizontal","22":"owp-btn-normal","23":"owp-tabs-layout-horizontal","24":"has-no-thumbnails"},"yoast_head":"<!-- This site is optimized with the Yoast SEO plugin v27.6 - https:\/\/yoast.com\/product\/yoast-seo-wordpress\/ -->\n<title>TestoY Kapsule - Online Trgovina<\/title>\n<meta name=\"robots\" content=\"index, follow, max-snippet:-1, max-image-preview:large, max-video-preview:-1\" \/>\n<link rel=\"canonical\" href=\"https:\/\/poliklinika-kantrida-dental.com\/ljekarna\/product\/testoy-kapsule\/\" \/>\n<meta property=\"og:locale\" content=\"hr_HR\" \/>\n<meta property=\"og:type\" content=\"article\" \/>\n<meta property=\"og:title\" content=\"TestoY Kapsule - Online Trgovina\" \/>\n<meta property=\"og:description\" content=\"TestoY je inovativan proizvod osmi\u0161ljen za mu\u0161karce koji \u017eele pove\u0107ati svoj penis na siguran, u\u010dinkovit i diskretan na\u010din. Dolazi u obliku kapsula koje se lako koriste, a koje pru\u017eaju prirodno rje\u0161enje bez potrebe za invazivnim procedurama ili skupim tretmanima. Ove kapsule pa\u017eljivo su razvijene kako bi osigurale maksimalne rezultate, uz minimalan rizik nuspojava. Prikladne su [&hellip;]\" \/>\n<meta property=\"og:url\" content=\"https:\/\/poliklinika-kantrida-dental.com\/ljekarna\/product\/testoy-kapsule\/\" \/>\n<meta property=\"og:site_name\" content=\"Online Trgovina\" \/>\n<meta property=\"og:image\" content=\"https:\/\/poliklinika-kantrida-dental.com\/ljekarna\/wp-content\/uploads\/2025\/05\/testoy-kapsule.jpg\" \/>\n\t<meta property=\"og:image:width\" content=\"250\" \/>\n\t<meta property=\"og:image:height\" content=\"300\" \/>\n\t<meta property=\"og:image:type\" content=\"image\/jpeg\" \/>\n<meta name=\"twitter:card\" content=\"summary_large_image\" \/>\n<meta name=\"twitter:label1\" content=\"Procijenjeno vrijeme \u010ditanja\" \/>\n\t<meta name=\"twitter:data1\" content=\"5 minuta\" \/>\n<script type=\"application\/ld+json\" class=\"yoast-schema-graph\">{\"@context\":\"https:\\\/\\\/schema.org\",\"@graph\":[{\"@type\":\"WebPage\",\"@id\":\"https:\\\/\\\/poliklinika-kantrida-dental.com\\\/ljekarna\\\/product\\\/testoy-kapsule\\\/\",\"url\":\"https:\\\/\\\/poliklinika-kantrida-dental.com\\\/ljekarna\\\/product\\\/testoy-kapsule\\\/\",\"name\":\"TestoY Kapsule - Online Trgovina\",\"isPartOf\":{\"@id\":\"https:\\\/\\\/poliklinika-kantrida-dental.com\\\/ljekarna\\\/#website\"},\"primaryImageOfPage\":{\"@id\":\"https:\\\/\\\/poliklinika-kantrida-dental.com\\\/ljekarna\\\/product\\\/testoy-kapsule\\\/#primaryimage\"},\"image\":{\"@id\":\"https:\\\/\\\/poliklinika-kantrida-dental.com\\\/ljekarna\\\/product\\\/testoy-kapsule\\\/#primaryimage\"},\"thumbnailUrl\":\"https:\\\/\\\/poliklinika-kantrida-dental.com\\\/ljekarna\\\/wp-content\\\/uploads\\\/2025\\\/05\\\/testoy-kapsule.jpg\",\"datePublished\":\"2025-05-08T18:30:16+00:00\",\"breadcrumb\":{\"@id\":\"https:\\\/\\\/poliklinika-kantrida-dental.com\\\/ljekarna\\\/product\\\/testoy-kapsule\\\/#breadcrumb\"},\"inLanguage\":\"hr\",\"potentialAction\":[{\"@type\":\"ReadAction\",\"target\":[\"https:\\\/\\\/poliklinika-kantrida-dental.com\\\/ljekarna\\\/product\\\/testoy-kapsule\\\/\"]}]},{\"@type\":\"ImageObject\",\"inLanguage\":\"hr\",\"@id\":\"https:\\\/\\\/poliklinika-kantrida-dental.com\\\/ljekarna\\\/product\\\/testoy-kapsule\\\/#primaryimage\",\"url\":\"https:\\\/\\\/poliklinika-kantrida-dental.com\\\/ljekarna\\\/wp-content\\\/uploads\\\/2025\\\/05\\\/testoy-kapsule.jpg\",\"contentUrl\":\"https:\\\/\\\/poliklinika-kantrida-dental.com\\\/ljekarna\\\/wp-content\\\/uploads\\\/2025\\\/05\\\/testoy-kapsule.jpg\",\"width\":250,\"height\":300,\"caption\":\"testoy kapsule\"},{\"@type\":\"BreadcrumbList\",\"@id\":\"https:\\\/\\\/poliklinika-kantrida-dental.com\\\/ljekarna\\\/product\\\/testoy-kapsule\\\/#breadcrumb\",\"itemListElement\":[{\"@type\":\"ListItem\",\"position\":1,\"name\":\"Po\u010detna stranica\",\"item\":\"https:\\\/\\\/poliklinika-kantrida-dental.com\\\/ljekarna\\\/\"},{\"@type\":\"ListItem\",\"position\":2,\"name\":\"Proizvodi\",\"item\":\"https:\\\/\\\/poliklinika-kantrida-dental.com\\\/ljekarna\\\/\"},{\"@type\":\"ListItem\",\"position\":3,\"name\":\"TestoY Kapsule\"}]},{\"@type\":\"WebSite\",\"@id\":\"https:\\\/\\\/poliklinika-kantrida-dental.com\\\/ljekarna\\\/#website\",\"url\":\"https:\\\/\\\/poliklinika-kantrida-dental.com\\\/ljekarna\\\/\",\"name\":\"Online Trgovina\",\"description\":\"\",\"potentialAction\":[{\"@type\":\"SearchAction\",\"target\":{\"@type\":\"EntryPoint\",\"urlTemplate\":\"https:\\\/\\\/poliklinika-kantrida-dental.com\\\/ljekarna\\\/?s={search_term_string}\"},\"query-input\":{\"@type\":\"PropertyValueSpecification\",\"valueRequired\":true,\"valueName\":\"search_term_string\"}}],\"inLanguage\":\"hr\"}]}<\/script>\n<!-- \/ Yoast SEO plugin. -->","yoast_head_json":{"title":"TestoY Kapsule - Online Trgovina","robots":{"index":"index","follow":"follow","max-snippet":"max-snippet:-1","max-image-preview":"max-image-preview:large","max-video-preview":"max-video-preview:-1"},"canonical":"https:\/\/poliklinika-kantrida-dental.com\/ljekarna\/product\/testoy-kapsule\/","og_locale":"hr_HR","og_type":"article","og_title":"TestoY Kapsule - Online Trgovina","og_description":"TestoY je inovativan proizvod osmi\u0161ljen za mu\u0161karce koji \u017eele pove\u0107ati svoj penis na siguran, u\u010dinkovit i diskretan na\u010din. Dolazi u obliku kapsula koje se lako koriste, a koje pru\u017eaju prirodno rje\u0161enje bez potrebe za invazivnim procedurama ili skupim tretmanima. Ove kapsule pa\u017eljivo su razvijene kako bi osigurale maksimalne rezultate, uz minimalan rizik nuspojava. Prikladne su [&hellip;]","og_url":"https:\/\/poliklinika-kantrida-dental.com\/ljekarna\/product\/testoy-kapsule\/","og_site_name":"Online Trgovina","og_image":[{"width":250,"height":300,"url":"https:\/\/poliklinika-kantrida-dental.com\/ljekarna\/wp-content\/uploads\/2025\/05\/testoy-kapsule.jpg","type":"image\/jpeg"}],"twitter_card":"summary_large_image","twitter_misc":{"Procijenjeno vrijeme \u010ditanja":"5 minuta"},"schema":{"@context":"https:\/\/schema.org","@graph":[{"@type":"WebPage","@id":"https:\/\/poliklinika-kantrida-dental.com\/ljekarna\/product\/testoy-kapsule\/","url":"https:\/\/poliklinika-kantrida-dental.com\/ljekarna\/product\/testoy-kapsule\/","name":"TestoY Kapsule - Online Trgovina","isPartOf":{"@id":"https:\/\/poliklinika-kantrida-dental.com\/ljekarna\/#website"},"primaryImageOfPage":{"@id":"https:\/\/poliklinika-kantrida-dental.com\/ljekarna\/product\/testoy-kapsule\/#primaryimage"},"image":{"@id":"https:\/\/poliklinika-kantrida-dental.com\/ljekarna\/product\/testoy-kapsule\/#primaryimage"},"thumbnailUrl":"https:\/\/poliklinika-kantrida-dental.com\/ljekarna\/wp-content\/uploads\/2025\/05\/testoy-kapsule.jpg","datePublished":"2025-05-08T18:30:16+00:00","breadcrumb":{"@id":"https:\/\/poliklinika-kantrida-dental.com\/ljekarna\/product\/testoy-kapsule\/#breadcrumb"},"inLanguage":"hr","potentialAction":[{"@type":"ReadAction","target":["https:\/\/poliklinika-kantrida-dental.com\/ljekarna\/product\/testoy-kapsule\/"]}]},{"@type":"ImageObject","inLanguage":"hr","@id":"https:\/\/poliklinika-kantrida-dental.com\/ljekarna\/product\/testoy-kapsule\/#primaryimage","url":"https:\/\/poliklinika-kantrida-dental.com\/ljekarna\/wp-content\/uploads\/2025\/05\/testoy-kapsule.jpg","contentUrl":"https:\/\/poliklinika-kantrida-dental.com\/ljekarna\/wp-content\/uploads\/2025\/05\/testoy-kapsule.jpg","width":250,"height":300,"caption":"testoy kapsule"},{"@type":"BreadcrumbList","@id":"https:\/\/poliklinika-kantrida-dental.com\/ljekarna\/product\/testoy-kapsule\/#breadcrumb","itemListElement":[{"@type":"ListItem","position":1,"name":"Po\u010detna stranica","item":"https:\/\/poliklinika-kantrida-dental.com\/ljekarna\/"},{"@type":"ListItem","position":2,"name":"Proizvodi","item":"https:\/\/poliklinika-kantrida-dental.com\/ljekarna\/"},{"@type":"ListItem","position":3,"name":"TestoY Kapsule"}]},{"@type":"WebSite","@id":"https:\/\/poliklinika-kantrida-dental.com\/ljekarna\/#website","url":"https:\/\/poliklinika-kantrida-dental.com\/ljekarna\/","name":"Online Trgovina","description":"","potentialAction":[{"@type":"SearchAction","target":{"@type":"EntryPoint","urlTemplate":"https:\/\/poliklinika-kantrida-dental.com\/ljekarna\/?s={search_term_string}"},"query-input":{"@type":"PropertyValueSpecification","valueRequired":true,"valueName":"search_term_string"}}],"inLanguage":"hr"}]}},"_links":{"self":[{"href":"https:\/\/poliklinika-kantrida-dental.com\/ljekarna\/wp-json\/wp\/v2\/product\/154","targetHints":{"allow":["GET"]}}],"collection":[{"href":"https:\/\/poliklinika-kantrida-dental.com\/ljekarna\/wp-json\/wp\/v2\/product"}],"about":[{"href":"https:\/\/poliklinika-kantrida-dental.com\/ljekarna\/wp-json\/wp\/v2\/types\/product"}],"wp:featuredmedia":[{"embeddable":true,"href":"https:\/\/poliklinika-kantrida-dental.com\/ljekarna\/wp-json\/wp\/v2\/media\/155"}],"wp:attachment":[{"href":"https:\/\/poliklinika-kantrida-dental.com\/ljekarna\/wp-json\/wp\/v2\/media?parent=154"}],"wp:term":[{"taxonomy":"product_brand","embeddable":true,"href":"https:\/\/poliklinika-kantrida-dental.com\/ljekarna\/wp-json\/wp\/v2\/product_brand?post=154"},{"taxonomy":"product_cat","embeddable":true,"href":"https:\/\/poliklinika-kantrida-dental.com\/ljekarna\/wp-json\/wp\/v2\/product_cat?post=154"},{"taxonomy":"product_tag","embeddable":true,"href":"https:\/\/poliklinika-kantrida-dental.com\/ljekarna\/wp-json\/wp\/v2\/product_tag?post=154"}],"curies":[{"name":"wp","href":"https:\/\/api.w.org\/{rel}","templated":true}]}}