{"id":152,"date":"2025-05-08T18:26:52","date_gmt":"2025-05-08T18:26:52","guid":{"rendered":"https:\/\/poliklinika-kantrida-dental.com\/ljekarna\/?post_type=product&#038;p=152"},"modified":"2025-05-08T18:26:52","modified_gmt":"2025-05-08T18:26:52","slug":"nautubone","status":"publish","type":"product","link":"https:\/\/poliklinika-kantrida-dental.com\/ljekarna\/product\/nautubone\/","title":{"rendered":"Nautubone"},"content":{"rendered":"<p class=\"text-body font-regular leading-[24px] pt-[9px] pb-[2px]\" dir=\"ltr\">Nautubone je gel specijalno kreiran za osobe koje pate od bolova u le\u0111ima, zglobovima i mi\u0161i\u0107ima. Ovaj proizvod je razvijen kako bi pru\u017eio brzo i u\u010dinkovito olak\u0161anje upravo tamo gdje je najpotrebnije. Gel je lagane konzistencije i lako se nanosi, prodire duboko u ko\u017eu i cilja problemati\u010dna podru\u010dja. Njegova jedinstvena formula omogu\u0107ava udobnost prilikom kori\u0161tenja, bez masnih tragova ili neugodnog mirisa.<\/p>\n<p class=\"text-body font-regular leading-[24px] pt-[9px] pb-[2px]\" dir=\"ltr\">Prakti\u010dan za ku\u0107nu upotrebu, Nautubone se mo\u017ee koristiti svakodnevno kako bi se smanjili bolovi i pobolj\u0161ala mobilnost. Bez obzira na to da li ste sportista, starija osoba ili neko ko jednostavno \u017eeli olak\u0161ati svakodnevne bolove, Nautubone vam stoji na raspolaganju kao pouzdan saveznik.<\/p>\n<h2 class=\"font-bold text-h3 leading-[40px] pt-[21px] pb-[2px] [&amp;_a]:underline-offset-[6px] [&amp;_.underline]:underline-offset-[6px]\" dir=\"ltr\">Nautubone &#8211; Da li zaista djeluje?<\/h2>\n<p class=\"text-body font-regular leading-[24px] pt-[9px] pb-[2px]\" dir=\"ltr\">Kada se kupci pitaju da li Nautubone zaista djeluje, odgovor je jednostavan \u2013 da, djeluje! Mnogi korisnici potvr\u0111uju vidljive rezultate nakon samo nekoliko primjena. Gel je osmi\u0161ljen kako bi smanjio bol i uko\u010denost, omogu\u0107avaju\u0107i korisnicima da se vrate svojim svakodnevnim aktivnostima bez ometanja.<\/p>\n<p class=\"text-body font-regular leading-[24px] pt-[9px] pb-[2px]\" dir=\"ltr\">Ono \u0161to Nautubone \u010dini posebnim jeste njegova brzina djelovanja i dugoro\u010dan u\u010dinak. Osim \u0161to pru\u017ea trenutno olak\u0161anje, gel doprinosi i borbi sa uzrokom boli, \u010dime se preveniraju novi problemi. Uz to, ekonomski je isplativ jer dolazi u prakti\u010dnom pakiranju koje traje dugo, \u010dak i uz redovitu upotrebu.<\/p>\n<h2 class=\"font-bold text-h3 leading-[40px] pt-[21px] pb-[2px] [&amp;_a]:underline-offset-[6px] [&amp;_.underline]:underline-offset-[6px]\" dir=\"ltr\">Nautubone &#8211; Iskustva Korisnika u Hrvatskoj<\/h2>\n<p class=\"text-body font-regular leading-[24px] pt-[9px] pb-[2px]\" dir=\"ltr\">Iskustva korisnika u Hrvatskoj potvr\u0111uju popularnost i u\u010dinkovitost ovog proizvoda. Evo \u0161to neki od njih ka\u017eu:<\/p>\n<ul class=\"pt-[9px] pb-[2px] pl-[24px] list-inside list-disc pt-[5px]\">\n<li class=\"text-body font-regular leading-[24px] my-[5px] [&amp;&gt;ol]:!pt-0 [&amp;&gt;ol]:!pb-0 [&amp;&gt;ul]:!pt-0 [&amp;&gt;ul]:!pb-0\" value=\"1\"><b><strong class=\"font-bold\">Ana (38) iz Zagreba<\/strong><\/b> ka\u017ee da je Nautubone postao neizostavan dio njezine dnevne rutine. \u201eBolovi u le\u0111ima su me ograni\u010davali u dnevnim aktivnostima, ali nakon samo nekoliko dana kori\u0161tenja Nautubonea osje\u0107am veliko olak\u0161anje.\u201c<\/li>\n<li class=\"text-body font-regular leading-[24px] my-[5px] [&amp;&gt;ol]:!pt-0 [&amp;&gt;ol]:!pb-0 [&amp;&gt;ul]:!pt-0 [&amp;&gt;ul]:!pb-0 list-none\" value=\"2\">\n<ul class=\"pt-[9px] pb-[2px] pl-[24px] list-inside list-disc pt-[5px]\">\n<li class=\"text-body font-regular leading-[24px] my-[5px] [&amp;&gt;ol]:!pt-0 [&amp;&gt;ol]:!pb-0 [&amp;&gt;ul]:!pt-0 [&amp;&gt;ul]:!pb-0\" value=\"1\">**Ivan (52) iz Splita** isti\u010de kako mu je gel pomogao da se vrati sportskim aktivnostima nakon povrede koljena. \u201eNisam vjerovao da \u0107e jedan gel tako brzo djelovati, ali Nautubone me odu\u0161evio.\u201c &#8211; **Marija (45) iz Rijeke** navodi da joj je gel preporu\u010dila prijateljica. \u201eKoristim ga za bolove u zglobovima i prezadovoljna sam rezultatima. Plus, miris gela je vrlo ugodan.\u201c<\/li>\n<\/ul>\n<\/li>\n<\/ul>\n<p class=\"text-body font-regular leading-[24px] pt-[9px] pb-[2px]\" dir=\"ltr\">Ova i mnogobrojna druga pozitivna iskustva dodatno potvr\u0111uju kvalitetu proizvoda.<\/p>\n<h2 class=\"font-bold text-h3 leading-[40px] pt-[21px] pb-[2px] [&amp;_a]:underline-offset-[6px] [&amp;_.underline]:underline-offset-[6px]\" dir=\"ltr\">Nautubone &#8211; Sastav Proizvoda<\/h2>\n<p class=\"text-body font-regular leading-[24px] pt-[9px] pb-[2px]\" dir=\"ltr\">Jedna od glavnih prednosti Nautubonea je njegov prirodni i pa\u017eljivo odabran sastav. Svaki sastojak igra klju\u010dnu ulogu u postizanju maksimalnih rezultata:<\/p>\n<ul class=\"pt-[9px] pb-[2px] pl-[24px] list-inside list-disc pt-[5px]\">\n<li class=\"text-body font-regular leading-[24px] my-[5px] [&amp;&gt;ol]:!pt-0 [&amp;&gt;ol]:!pb-0 [&amp;&gt;ul]:!pt-0 [&amp;&gt;ul]:!pb-0\" value=\"1\"><b><strong class=\"font-bold\">Glukozamin<\/strong><\/b>: Poma\u017ee u regeneraciji hrskavice i smanjuje bol u zglobovima.<\/li>\n<li class=\"text-body font-regular leading-[24px] my-[5px] [&amp;&gt;ol]:!pt-0 [&amp;&gt;ol]:!pb-0 [&amp;&gt;ul]:!pt-0 [&amp;&gt;ul]:!pb-0\" value=\"2\"><b><strong class=\"font-bold\">Hondroitin<\/strong><\/b>: Doprinosi o\u010duvanju elasti\u010dnosti zglobova i za\u0161titi od daljnjeg tro\u0161enja.<\/li>\n<li class=\"text-body font-regular leading-[24px] my-[5px] [&amp;&gt;ol]:!pt-0 [&amp;&gt;ol]:!pb-0 [&amp;&gt;ul]:!pt-0 [&amp;&gt;ul]:!pb-0\" value=\"3\"><b><strong class=\"font-bold\">Arnika<\/strong><\/b>: Poznata po svojim protuupalnim svojstvima, smanjuje oticanje i bol.<\/li>\n<li class=\"text-body font-regular leading-[24px] my-[5px] [&amp;&gt;ol]:!pt-0 [&amp;&gt;ol]:!pb-0 [&amp;&gt;ul]:!pt-0 [&amp;&gt;ul]:!pb-0\" value=\"4\"><b><strong class=\"font-bold\">Ulje eukaliptusa<\/strong><\/b>: Donosi osje\u0107aj hla\u0111enja i smiruje mi\u0161i\u0107e.<\/li>\n<li class=\"text-body font-regular leading-[24px] my-[5px] [&amp;&gt;ol]:!pt-0 [&amp;&gt;ol]:!pb-0 [&amp;&gt;ul]:!pt-0 [&amp;&gt;ul]:!pb-0\" value=\"5\"><b><strong class=\"font-bold\">Mentol<\/strong><\/b>: Pru\u017ea trenutno olak\u0161anje zahvaljuju\u0107i hla\u0111enju i stimulaciji cirkulacije.<\/li>\n<\/ul>\n<p class=\"text-body font-regular leading-[24px] pt-[9px] pb-[2px]\" dir=\"ltr\">Ovaj skladan spoj omogu\u0107uje u\u010dinkovito rje\u0161enje za bolne mi\u0161i\u0107e i zglobove.<\/p>\n<h2 class=\"font-bold text-h3 leading-[40px] pt-[21px] pb-[2px] [&amp;_a]:underline-offset-[6px] [&amp;_.underline]:underline-offset-[6px]\" dir=\"ltr\">Nautubone &#8211; Glavne Prednosti<\/h2>\n<p class=\"text-body font-regular leading-[24px] pt-[9px] pb-[2px]\" dir=\"ltr\">Za\u0161to odabrati Nautubone? Evo glavnih prednosti koje ga \u010dine izuzetnim:<\/p>\n<ul class=\"pt-[9px] pb-[2px] pl-[24px] list-inside list-disc pt-[5px]\">\n<li class=\"text-body font-regular leading-[24px] my-[5px] [&amp;&gt;ol]:!pt-0 [&amp;&gt;ol]:!pb-0 [&amp;&gt;ul]:!pt-0 [&amp;&gt;ul]:!pb-0\" value=\"1\"><b><strong class=\"font-bold\">Brzo djelovanje<\/strong><\/b>: U\u010dinak se osjeti ve\u0107 nakon prve primjene.<\/li>\n<li class=\"text-body font-regular leading-[24px] my-[5px] [&amp;&gt;ol]:!pt-0 [&amp;&gt;ol]:!pb-0 [&amp;&gt;ul]:!pt-0 [&amp;&gt;ul]:!pb-0\" value=\"2\"><b><strong class=\"font-bold\">Sigurnost<\/strong><\/b>: Prirodni sastav garantira sigurnost bez ne\u017eeljenih efekata.<\/li>\n<li class=\"text-body font-regular leading-[24px] my-[5px] [&amp;&gt;ol]:!pt-0 [&amp;&gt;ol]:!pb-0 [&amp;&gt;ul]:!pt-0 [&amp;&gt;ul]:!pb-0\" value=\"3\"><b><strong class=\"font-bold\">Jednostavna upotreba<\/strong><\/b>: Gel se lako nanosi i brzo upija.<\/li>\n<li class=\"text-body font-regular leading-[24px] my-[5px] [&amp;&gt;ol]:!pt-0 [&amp;&gt;ol]:!pb-0 [&amp;&gt;ul]:!pt-0 [&amp;&gt;ul]:!pb-0\" value=\"4\"><b><strong class=\"font-bold\">Diskretno pakiranje<\/strong><\/b>: Idealan za kori\u0161tenje bilo gdje, bez neugodnosti.<\/li>\n<li class=\"text-body font-regular leading-[24px] my-[5px] [&amp;&gt;ol]:!pt-0 [&amp;&gt;ol]:!pb-0 [&amp;&gt;ul]:!pt-0 [&amp;&gt;ul]:!pb-0\" value=\"5\"><b><strong class=\"font-bold\">Povjerenje korisnika<\/strong><\/b>: Dokazani rezultati kod mnogih zadovoljnih korisnika.<\/li>\n<\/ul>\n<h2 class=\"font-bold text-h3 leading-[40px] pt-[21px] pb-[2px] [&amp;_a]:underline-offset-[6px] [&amp;_.underline]:underline-offset-[6px]\" dir=\"ltr\">Gdje Kupiti Nautubone? Ljekarna, DM, Nju\u0161kalo<\/h2>\n<p class=\"text-body font-regular leading-[24px] pt-[9px] pb-[2px]\" dir=\"ltr\">Nautubone je trenutno dostupan isklju\u010divo u odabranim ljekarnama koje direktno sura\u0111uju s proizvo\u0111a\u010dem. To osigurava autent\u010dnost i kvalitetu proizvoda. Na\u017ealost, proizvod nije dostupan u DM prodavaonicama ili putem oglasa na platformama poput Nju\u0161kala. Za najpouzdaniju uslugu, preporu\u010dujemo narud\u017ebu direktno preko na\u0161e web stranice, gdje mo\u017eete ispuniti obrazac i odabrati na\u010din pla\u0107anja i dostave.<\/p>\n<p class=\"text-body font-regular leading-[24px] pt-[9px] pb-[2px]\" dir=\"ltr\">Va\u0161a narud\u017eba bit \u0107e isporu\u010dena u roku od 24-72 sata, a pla\u0107anje se vr\u0161i tek prilikom dostave na va\u0161u adresu.<\/p>\n<h2 class=\"font-bold text-h3 leading-[40px] pt-[21px] pb-[2px] [&amp;_a]:underline-offset-[6px] [&amp;_.underline]:underline-offset-[6px]\" dir=\"ltr\">Koliko ko\u0161ta Nautubone? Cijena<\/h2>\n<p class=\"text-body font-regular leading-[24px] pt-[9px] pb-[2px]\" dir=\"ltr\">Cijena Nautubonea iznosi 78 eura, ali trenutno postoji posebna promotivna ponuda! Na na\u0161oj web stranici mo\u017eete osigurati \u010dak 50% popusta, \u0161to zna\u010di da ovaj iznimni proizvod sada mo\u017eete dobiti za samo 39 eura. Budu\u0107i da je ponuda ograni\u010dena zbog velike popularnosti, savjetujemo da svoje pakiranje osigurate \u0161to prije.<\/p>\n<h2 class=\"font-bold text-h3 leading-[40px] pt-[21px] pb-[2px] [&amp;_a]:underline-offset-[6px] [&amp;_.underline]:underline-offset-[6px]\" dir=\"ltr\">Kako se koristi Nautubone? Uputstvo za kori\u0161tenje<\/h2>\n<p class=\"text-body font-regular leading-[24px] pt-[9px] pb-[2px]\" dir=\"ltr\">Upotreba Nautubonea je jednostavna i prakti\u010dna:<\/p>\n<ol class=\"pt-[9px] pb-[2px] pl-[24px] list-inside list-decimal\">\n<li class=\"text-body font-regular leading-[24px] my-[5px] [&amp;&gt;ol]:!pt-0 [&amp;&gt;ol]:!pb-0 [&amp;&gt;ul]:!pt-0 [&amp;&gt;ul]:!pb-0\" value=\"1\">Nanesite malu koli\u010dinu gela na \u010disti dio ko\u017ee.<\/li>\n<li class=\"text-body font-regular leading-[24px] my-[5px] [&amp;&gt;ol]:!pt-0 [&amp;&gt;ol]:!pb-0 [&amp;&gt;ul]:!pt-0 [&amp;&gt;ul]:!pb-0\" value=\"2\">Lagano umasirajte kru\u017enim pokretima dok se potpuno ne upije.<\/li>\n<li class=\"text-body font-regular leading-[24px] my-[5px] [&amp;&gt;ol]:!pt-0 [&amp;&gt;ol]:!pb-0 [&amp;&gt;ul]:!pt-0 [&amp;&gt;ul]:!pb-0\" value=\"3\">Preporu\u010duje se upotreba 2-3 puta dnevno, ovisno o intenzitetu boli.<\/li>\n<\/ol>\n<p class=\"text-body font-regular leading-[24px] pt-[9px] pb-[2px]\" dir=\"ltr\">Redovita primjena omogu\u0107ava najbolje rezultate.<\/p>\n<h2 class=\"font-bold text-h3 leading-[40px] pt-[21px] pb-[2px] [&amp;_a]:underline-offset-[6px] [&amp;_.underline]:underline-offset-[6px]\" dir=\"ltr\">Nautubone &#8211; \u010cesto postavljena pitanja<\/h2>\n<h3 class=\"font-bold text-h4 leading-[30px] pt-[15px] pb-[2px] [&amp;_a]:underline-offset-[6px] [&amp;_.underline]:underline-offset-[6px]\" dir=\"ltr\">Je li Nautubone prikladan za svakodnevnu upotrebu?<\/h3>\n<p class=\"text-body font-regular leading-[24px] pt-[9px] pb-[2px]\" dir=\"ltr\">Da, gel je siguran za svakodnevnu upotrebu zahvaljuju\u0107i prirodnom sastavu.<\/p>\n<h3 class=\"font-bold text-h4 leading-[30px] pt-[15px] pb-[2px] [&amp;_a]:underline-offset-[6px] [&amp;_.underline]:underline-offset-[6px]\" dir=\"ltr\">Koliko dugo treba \u010dekati na rezultate?<\/h3>\n<p class=\"text-body font-regular leading-[24px] pt-[9px] pb-[2px]\" dir=\"ltr\">Rezultati su vidljivi ve\u0107 nakon prve primjene, no maksimalne koristi dolaze s redovitom primjenom.<\/p>\n<h3 class=\"font-bold text-h4 leading-[30px] pt-[15px] pb-[2px] [&amp;_a]:underline-offset-[6px] [&amp;_.underline]:underline-offset-[6px]\" dir=\"ltr\">Ima li nuspojava?<\/h3>\n<p class=\"text-body font-regular leading-[24px] pt-[9px] pb-[2px]\" dir=\"ltr\">Nautubone je formula s prirodnim sastojcima, a nuspojave su izuzetno rijetke.<\/p>\n","protected":false},"excerpt":{"rendered":"<p>Nautubone je gel specijalno kreiran za osobe koje pate od bolova u le\u0111ima, zglobovima i mi\u0161i\u0107ima. Ovaj proizvod je razvijen kako bi pru\u017eio brzo i u\u010dinkovito olak\u0161anje upravo tamo gdje je najpotrebnije. Gel je lagane konzistencije i lako se nanosi, prodire duboko u ko\u017eu i cilja problemati\u010dna podru\u010dja. Njegova jedinstvena formula omogu\u0107ava udobnost prilikom kori\u0161tenja, [&hellip;]<\/p>\n","protected":false},"featured_media":153,"template":"","meta":{"iawp_total_views":117},"product_brand":[],"product_cat":[15],"product_tag":[],"class_list":{"0":"post-152","1":"product","2":"type-product","3":"status-publish","4":"has-post-thumbnail","6":"product_cat-zdravlje","8":"entry","9":"has-media","11":"first","12":"instock","13":"sale","14":"shipping-taxable","15":"purchasable","16":"product-type-simple","17":"has-product-nav","18":"col","19":"span_1_of_3","20":"owp-content-center","21":"owp-thumbs-layout-horizontal","22":"owp-btn-normal","23":"owp-tabs-layout-horizontal","24":"has-no-thumbnails"},"yoast_head":"<!-- This site is optimized with the Yoast SEO plugin v27.6 - https:\/\/yoast.com\/product\/yoast-seo-wordpress\/ -->\n<title>Nautubone - Online Trgovina<\/title>\n<meta name=\"robots\" content=\"index, follow, max-snippet:-1, max-image-preview:large, max-video-preview:-1\" \/>\n<link rel=\"canonical\" href=\"https:\/\/poliklinika-kantrida-dental.com\/ljekarna\/product\/nautubone\/\" \/>\n<meta property=\"og:locale\" content=\"hr_HR\" \/>\n<meta property=\"og:type\" content=\"article\" \/>\n<meta property=\"og:title\" content=\"Nautubone - Online Trgovina\" \/>\n<meta property=\"og:description\" content=\"Nautubone je gel specijalno kreiran za osobe koje pate od bolova u le\u0111ima, zglobovima i mi\u0161i\u0107ima. Ovaj proizvod je razvijen kako bi pru\u017eio brzo i u\u010dinkovito olak\u0161anje upravo tamo gdje je najpotrebnije. Gel je lagane konzistencije i lako se nanosi, prodire duboko u ko\u017eu i cilja problemati\u010dna podru\u010dja. Njegova jedinstvena formula omogu\u0107ava udobnost prilikom kori\u0161tenja, [&hellip;]\" \/>\n<meta property=\"og:url\" content=\"https:\/\/poliklinika-kantrida-dental.com\/ljekarna\/product\/nautubone\/\" \/>\n<meta property=\"og:site_name\" content=\"Online Trgovina\" \/>\n<meta property=\"og:image\" content=\"https:\/\/poliklinika-kantrida-dental.com\/ljekarna\/wp-content\/uploads\/2025\/05\/nautubone.jpg\" \/>\n\t<meta property=\"og:image:width\" content=\"250\" \/>\n\t<meta property=\"og:image:height\" content=\"300\" \/>\n\t<meta property=\"og:image:type\" content=\"image\/jpeg\" \/>\n<meta name=\"twitter:card\" content=\"summary_large_image\" \/>\n<meta name=\"twitter:label1\" content=\"Procijenjeno vrijeme \u010ditanja\" \/>\n\t<meta name=\"twitter:data1\" content=\"5 minuta\" \/>\n<script type=\"application\/ld+json\" class=\"yoast-schema-graph\">{\"@context\":\"https:\\\/\\\/schema.org\",\"@graph\":[{\"@type\":\"WebPage\",\"@id\":\"https:\\\/\\\/poliklinika-kantrida-dental.com\\\/ljekarna\\\/product\\\/nautubone\\\/\",\"url\":\"https:\\\/\\\/poliklinika-kantrida-dental.com\\\/ljekarna\\\/product\\\/nautubone\\\/\",\"name\":\"Nautubone - Online Trgovina\",\"isPartOf\":{\"@id\":\"https:\\\/\\\/poliklinika-kantrida-dental.com\\\/ljekarna\\\/#website\"},\"primaryImageOfPage\":{\"@id\":\"https:\\\/\\\/poliklinika-kantrida-dental.com\\\/ljekarna\\\/product\\\/nautubone\\\/#primaryimage\"},\"image\":{\"@id\":\"https:\\\/\\\/poliklinika-kantrida-dental.com\\\/ljekarna\\\/product\\\/nautubone\\\/#primaryimage\"},\"thumbnailUrl\":\"https:\\\/\\\/poliklinika-kantrida-dental.com\\\/ljekarna\\\/wp-content\\\/uploads\\\/2025\\\/05\\\/nautubone.jpg\",\"datePublished\":\"2025-05-08T18:26:52+00:00\",\"breadcrumb\":{\"@id\":\"https:\\\/\\\/poliklinika-kantrida-dental.com\\\/ljekarna\\\/product\\\/nautubone\\\/#breadcrumb\"},\"inLanguage\":\"hr\",\"potentialAction\":[{\"@type\":\"ReadAction\",\"target\":[\"https:\\\/\\\/poliklinika-kantrida-dental.com\\\/ljekarna\\\/product\\\/nautubone\\\/\"]}]},{\"@type\":\"ImageObject\",\"inLanguage\":\"hr\",\"@id\":\"https:\\\/\\\/poliklinika-kantrida-dental.com\\\/ljekarna\\\/product\\\/nautubone\\\/#primaryimage\",\"url\":\"https:\\\/\\\/poliklinika-kantrida-dental.com\\\/ljekarna\\\/wp-content\\\/uploads\\\/2025\\\/05\\\/nautubone.jpg\",\"contentUrl\":\"https:\\\/\\\/poliklinika-kantrida-dental.com\\\/ljekarna\\\/wp-content\\\/uploads\\\/2025\\\/05\\\/nautubone.jpg\",\"width\":250,\"height\":300,\"caption\":\"nautubone\"},{\"@type\":\"BreadcrumbList\",\"@id\":\"https:\\\/\\\/poliklinika-kantrida-dental.com\\\/ljekarna\\\/product\\\/nautubone\\\/#breadcrumb\",\"itemListElement\":[{\"@type\":\"ListItem\",\"position\":1,\"name\":\"Po\u010detna stranica\",\"item\":\"https:\\\/\\\/poliklinika-kantrida-dental.com\\\/ljekarna\\\/\"},{\"@type\":\"ListItem\",\"position\":2,\"name\":\"Proizvodi\",\"item\":\"https:\\\/\\\/poliklinika-kantrida-dental.com\\\/ljekarna\\\/\"},{\"@type\":\"ListItem\",\"position\":3,\"name\":\"Nautubone\"}]},{\"@type\":\"WebSite\",\"@id\":\"https:\\\/\\\/poliklinika-kantrida-dental.com\\\/ljekarna\\\/#website\",\"url\":\"https:\\\/\\\/poliklinika-kantrida-dental.com\\\/ljekarna\\\/\",\"name\":\"Online Trgovina\",\"description\":\"\",\"potentialAction\":[{\"@type\":\"SearchAction\",\"target\":{\"@type\":\"EntryPoint\",\"urlTemplate\":\"https:\\\/\\\/poliklinika-kantrida-dental.com\\\/ljekarna\\\/?s={search_term_string}\"},\"query-input\":{\"@type\":\"PropertyValueSpecification\",\"valueRequired\":true,\"valueName\":\"search_term_string\"}}],\"inLanguage\":\"hr\"}]}<\/script>\n<!-- \/ Yoast SEO plugin. -->","yoast_head_json":{"title":"Nautubone - Online Trgovina","robots":{"index":"index","follow":"follow","max-snippet":"max-snippet:-1","max-image-preview":"max-image-preview:large","max-video-preview":"max-video-preview:-1"},"canonical":"https:\/\/poliklinika-kantrida-dental.com\/ljekarna\/product\/nautubone\/","og_locale":"hr_HR","og_type":"article","og_title":"Nautubone - Online Trgovina","og_description":"Nautubone je gel specijalno kreiran za osobe koje pate od bolova u le\u0111ima, zglobovima i mi\u0161i\u0107ima. Ovaj proizvod je razvijen kako bi pru\u017eio brzo i u\u010dinkovito olak\u0161anje upravo tamo gdje je najpotrebnije. Gel je lagane konzistencije i lako se nanosi, prodire duboko u ko\u017eu i cilja problemati\u010dna podru\u010dja. Njegova jedinstvena formula omogu\u0107ava udobnost prilikom kori\u0161tenja, [&hellip;]","og_url":"https:\/\/poliklinika-kantrida-dental.com\/ljekarna\/product\/nautubone\/","og_site_name":"Online Trgovina","og_image":[{"width":250,"height":300,"url":"https:\/\/poliklinika-kantrida-dental.com\/ljekarna\/wp-content\/uploads\/2025\/05\/nautubone.jpg","type":"image\/jpeg"}],"twitter_card":"summary_large_image","twitter_misc":{"Procijenjeno vrijeme \u010ditanja":"5 minuta"},"schema":{"@context":"https:\/\/schema.org","@graph":[{"@type":"WebPage","@id":"https:\/\/poliklinika-kantrida-dental.com\/ljekarna\/product\/nautubone\/","url":"https:\/\/poliklinika-kantrida-dental.com\/ljekarna\/product\/nautubone\/","name":"Nautubone - Online Trgovina","isPartOf":{"@id":"https:\/\/poliklinika-kantrida-dental.com\/ljekarna\/#website"},"primaryImageOfPage":{"@id":"https:\/\/poliklinika-kantrida-dental.com\/ljekarna\/product\/nautubone\/#primaryimage"},"image":{"@id":"https:\/\/poliklinika-kantrida-dental.com\/ljekarna\/product\/nautubone\/#primaryimage"},"thumbnailUrl":"https:\/\/poliklinika-kantrida-dental.com\/ljekarna\/wp-content\/uploads\/2025\/05\/nautubone.jpg","datePublished":"2025-05-08T18:26:52+00:00","breadcrumb":{"@id":"https:\/\/poliklinika-kantrida-dental.com\/ljekarna\/product\/nautubone\/#breadcrumb"},"inLanguage":"hr","potentialAction":[{"@type":"ReadAction","target":["https:\/\/poliklinika-kantrida-dental.com\/ljekarna\/product\/nautubone\/"]}]},{"@type":"ImageObject","inLanguage":"hr","@id":"https:\/\/poliklinika-kantrida-dental.com\/ljekarna\/product\/nautubone\/#primaryimage","url":"https:\/\/poliklinika-kantrida-dental.com\/ljekarna\/wp-content\/uploads\/2025\/05\/nautubone.jpg","contentUrl":"https:\/\/poliklinika-kantrida-dental.com\/ljekarna\/wp-content\/uploads\/2025\/05\/nautubone.jpg","width":250,"height":300,"caption":"nautubone"},{"@type":"BreadcrumbList","@id":"https:\/\/poliklinika-kantrida-dental.com\/ljekarna\/product\/nautubone\/#breadcrumb","itemListElement":[{"@type":"ListItem","position":1,"name":"Po\u010detna stranica","item":"https:\/\/poliklinika-kantrida-dental.com\/ljekarna\/"},{"@type":"ListItem","position":2,"name":"Proizvodi","item":"https:\/\/poliklinika-kantrida-dental.com\/ljekarna\/"},{"@type":"ListItem","position":3,"name":"Nautubone"}]},{"@type":"WebSite","@id":"https:\/\/poliklinika-kantrida-dental.com\/ljekarna\/#website","url":"https:\/\/poliklinika-kantrida-dental.com\/ljekarna\/","name":"Online Trgovina","description":"","potentialAction":[{"@type":"SearchAction","target":{"@type":"EntryPoint","urlTemplate":"https:\/\/poliklinika-kantrida-dental.com\/ljekarna\/?s={search_term_string}"},"query-input":{"@type":"PropertyValueSpecification","valueRequired":true,"valueName":"search_term_string"}}],"inLanguage":"hr"}]}},"_links":{"self":[{"href":"https:\/\/poliklinika-kantrida-dental.com\/ljekarna\/wp-json\/wp\/v2\/product\/152","targetHints":{"allow":["GET"]}}],"collection":[{"href":"https:\/\/poliklinika-kantrida-dental.com\/ljekarna\/wp-json\/wp\/v2\/product"}],"about":[{"href":"https:\/\/poliklinika-kantrida-dental.com\/ljekarna\/wp-json\/wp\/v2\/types\/product"}],"wp:featuredmedia":[{"embeddable":true,"href":"https:\/\/poliklinika-kantrida-dental.com\/ljekarna\/wp-json\/wp\/v2\/media\/153"}],"wp:attachment":[{"href":"https:\/\/poliklinika-kantrida-dental.com\/ljekarna\/wp-json\/wp\/v2\/media?parent=152"}],"wp:term":[{"taxonomy":"product_brand","embeddable":true,"href":"https:\/\/poliklinika-kantrida-dental.com\/ljekarna\/wp-json\/wp\/v2\/product_brand?post=152"},{"taxonomy":"product_cat","embeddable":true,"href":"https:\/\/poliklinika-kantrida-dental.com\/ljekarna\/wp-json\/wp\/v2\/product_cat?post=152"},{"taxonomy":"product_tag","embeddable":true,"href":"https:\/\/poliklinika-kantrida-dental.com\/ljekarna\/wp-json\/wp\/v2\/product_tag?post=152"}],"curies":[{"name":"wp","href":"https:\/\/api.w.org\/{rel}","templated":true}]}}