{"id":135,"date":"2025-05-01T17:04:25","date_gmt":"2025-05-01T17:04:25","guid":{"rendered":"https:\/\/poliklinika-kantrida-dental.com\/ljekarna\/?post_type=product&#038;p=135"},"modified":"2025-05-01T17:04:25","modified_gmt":"2025-05-01T17:04:25","slug":"altea","status":"publish","type":"product","link":"https:\/\/poliklinika-kantrida-dental.com\/ljekarna\/product\/altea\/","title":{"rendered":"Altea"},"content":{"rendered":"<p class=\"text-body font-regular leading-[24px] pt-[9px] pb-[2px]\" dir=\"ltr\">Altea je pa\u017eljivo formuliran biljni \u010daj koji pru\u017ea podr\u0161ku zdravlju jetre. Dolazi u obliku prirodne mje\u0161avine biljaka koja je lako pripremiti i koristiti u va\u0161oj svakodnevnoj rutini. Posebno je razvijen za sve one koji \u017eele o\u010duvati funkciju jetre, povoljno djelovati na detoksikaciju tijela i unaprijediti svoje op\u0107e zdravlje. Altea nije samo obi\u010dan \u010daj &#8211; to je va\u0161 saveznik na putu prema zdravijem \u017eivotu. Za kra\u0107e vrijeme \u0107ete osjetiti olak\u0161anje i pobolj\u0161anje zahvaljuju\u0107i njezinoj prilago\u0111enoj recepturi koja koristi mo\u0107 prirode. Svaka \u0161alica Alteje donosi opu\u0161tanje i sigurnost u brigu za va\u0161e tijelo.<\/p>\n<h2 class=\"font-bold text-h3 leading-[40px] pt-[21px] pb-[2px] [&amp;_a]:underline-offset-[6px] [&amp;_.underline]:underline-offset-[6px]\" dir=\"ltr\">Altea &#8211; Da li zaista djeluje?<\/h2>\n<p class=\"text-body font-regular leading-[24px] pt-[9px] pb-[2px]\" dir=\"ltr\">Da, Altea zaista djeluje. Dugogodi\u0161nja iskustva i pozitivne povratne informacije korisnika potvr\u0111uju njezinu u\u010dinkovitost. Njegova snaga le\u017ei u mo\u0107noj sinergiji prirodnih sastojaka koji pa\u017eljivo podr\u017eavaju regeneraciju i funkciju jetre. Koriste\u0107i Altea \u010daj, primijetit \u0107ete pobolj\u0161anje u probavi, osje\u0107aj lako\u0107e i energije, a dugoro\u010dno kori\u0161tenje mo\u017ee pomo\u0107i u detoksikaciji i o\u010duvanju zdravlja va\u0161e jetre. Osim toga, isplativost je ono \u0161to korisnici isti\u010du, jer dobivate kvalitetan proizvod po povoljnoj cijeni.<\/p>\n<h2 class=\"font-bold text-h3 leading-[40px] pt-[21px] pb-[2px] [&amp;_a]:underline-offset-[6px] [&amp;_.underline]:underline-offset-[6px]\" dir=\"ltr\">Altea &#8211; Iskustva korisnika u Hrvatskoj<\/h2>\n<p class=\"text-body font-regular leading-[24px] pt-[9px] pb-[2px]\" dir=\"ltr\">Altea je postala izuzetno omiljena u Hrvatskoj, a zadovoljstvo korisnika samo potvr\u0111uje njezinu u\u010dinkovitost i kvalitetu.<\/p>\n<ul class=\"pt-[9px] pb-[2px] pl-[24px] list-inside list-disc pt-[5px]\">\n<li class=\"text-body font-regular leading-[24px] my-[5px] [&amp;&gt;ol]:!pt-0 [&amp;&gt;ol]:!pb-0 [&amp;&gt;ul]:!pt-0 [&amp;&gt;ul]:!pb-0\" value=\"1\"><b><strong class=\"font-bold\">Ivana (32, Zagreb):<\/strong><\/b> &#8220;Nakon \u0161to sam poku\u0161ala razne proizvode za zdravlje jetre, prona\u0161la sam Altea i rezultati su fantasti\u010dni. Prvi u\u010dinci su se vidjeli ve\u0107 nakon nekoliko dana!&#8221;<\/li>\n<li class=\"text-body font-regular leading-[24px] my-[5px] [&amp;&gt;ol]:!pt-0 [&amp;&gt;ol]:!pb-0 [&amp;&gt;ul]:!pt-0 [&amp;&gt;ul]:!pb-0\" value=\"2\"><b><strong class=\"font-bold\">Marko (45, Split):<\/strong><\/b> &#8220;Isprva nisam bio siguran, ali nakon preporuka prijatelja odlu\u010dio sam probati. Moj osje\u0107aj energije i lako\u0107e sada je neusporediv.&#8221;<\/li>\n<li class=\"text-body font-regular leading-[24px] my-[5px] [&amp;&gt;ol]:!pt-0 [&amp;&gt;ol]:!pb-0 [&amp;&gt;ul]:!pt-0 [&amp;&gt;ul]:!pb-0\" value=\"3\"><b><strong class=\"font-bold\">Ana (50, Rijeka):<\/strong><\/b> &#8220;Altea je za mene vi\u0161e od \u010daja. Postala je dio mog svakodnevnog rituala i osje\u0107am kako mi tijelo zahvaljuje.&#8221;<\/li>\n<\/ul>\n<p class=\"text-body font-regular leading-[24px] pt-[9px] pb-[2px]\" dir=\"ltr\">Korisnici diljem Hrvatske cijene njezinu jednostavnost kori\u0161tenja i brzo djelovanje.<\/p>\n<h2 class=\"font-bold text-h3 leading-[40px] pt-[21px] pb-[2px] [&amp;_a]:underline-offset-[6px] [&amp;_.underline]:underline-offset-[6px]\" dir=\"ltr\">Altea &#8211; Sastav proizvoda<\/h2>\n<p class=\"text-body font-regular leading-[24px] pt-[9px] pb-[2px]\" dir=\"ltr\">Altea se ponosi svojim prirodnim sastavom, \u0161to je \u010dini sigurnim i u\u010dinkovitim za redovitu upotrebu. Klju\u010dni sastojci su:<\/p>\n<ul class=\"pt-[9px] pb-[2px] pl-[24px] list-inside list-disc pt-[5px]\">\n<li class=\"text-body font-regular leading-[24px] my-[5px] [&amp;&gt;ol]:!pt-0 [&amp;&gt;ol]:!pb-0 [&amp;&gt;ul]:!pt-0 [&amp;&gt;ul]:!pb-0\" value=\"1\"><b><strong class=\"font-bold\">Korijen masla\u010dka:<\/strong><\/b> Podupire detoksikaciju jetre i potpoma\u017ee zdravu probavu.<\/li>\n<li class=\"text-body font-regular leading-[24px] my-[5px] [&amp;&gt;ol]:!pt-0 [&amp;&gt;ol]:!pb-0 [&amp;&gt;ul]:!pt-0 [&amp;&gt;ul]:!pb-0\" value=\"2\"><b><strong class=\"font-bold\">\u010ci\u010dak:<\/strong><\/b> Poznat po svojim protuupalnim svojstvima i blagotvornom djelovanju na jetru.<\/li>\n<li class=\"text-body font-regular leading-[24px] my-[5px] [&amp;&gt;ol]:!pt-0 [&amp;&gt;ol]:!pb-0 [&amp;&gt;ul]:!pt-0 [&amp;&gt;ul]:!pb-0\" value=\"3\"><b><strong class=\"font-bold\">Plod sikavice:<\/strong><\/b> Prirodni spoj bogat silimarinom koji \u0161titi jetru od toksina.<\/li>\n<li class=\"text-body font-regular leading-[24px] my-[5px] [&amp;&gt;ol]:!pt-0 [&amp;&gt;ol]:!pb-0 [&amp;&gt;ul]:!pt-0 [&amp;&gt;ul]:!pb-0\" value=\"4\"><b><strong class=\"font-bold\">Mentol:<\/strong><\/b> Poma\u017ee kod probave i pridonosi svje\u017eini okusnog profila.<\/li>\n<\/ul>\n<p class=\"text-body font-regular leading-[24px] pt-[9px] pb-[2px]\" dir=\"ltr\">Svaki sastojak pa\u017eljivo je odabran kako bi se postigao maksimalan u\u010dinak.<\/p>\n<h2 class=\"font-bold text-h3 leading-[40px] pt-[21px] pb-[2px] [&amp;_a]:underline-offset-[6px] [&amp;_.underline]:underline-offset-[6px]\" dir=\"ltr\">Altea &#8211; Glavne prednosti<\/h2>\n<p class=\"text-body font-regular leading-[24px] pt-[9px] pb-[2px]\" dir=\"ltr\">Altea \u010daj donosi brojne prednosti, uklju\u010duju\u0107i:<\/p>\n<ul class=\"pt-[9px] pb-[2px] pl-[24px] list-inside list-disc pt-[5px]\">\n<li class=\"text-body font-regular leading-[24px] my-[5px] [&amp;&gt;ol]:!pt-0 [&amp;&gt;ol]:!pb-0 [&amp;&gt;ul]:!pt-0 [&amp;&gt;ul]:!pb-0\" value=\"1\"><b><strong class=\"font-bold\">Brzo djelovanje:<\/strong><\/b> Prvi u\u010dinci mogu se primijetiti u kratkom roku.<\/li>\n<li class=\"text-body font-regular leading-[24px] my-[5px] [&amp;&gt;ol]:!pt-0 [&amp;&gt;ol]:!pb-0 [&amp;&gt;ul]:!pt-0 [&amp;&gt;ul]:!pb-0\" value=\"2\"><b><strong class=\"font-bold\">Sigurnost:<\/strong><\/b> Prirodni sastojci osiguravaju njegu va\u0161eg tijela bez kemikalija.<\/li>\n<li class=\"text-body font-regular leading-[24px] my-[5px] [&amp;&gt;ol]:!pt-0 [&amp;&gt;ol]:!pb-0 [&amp;&gt;ul]:!pt-0 [&amp;&gt;ul]:!pb-0\" value=\"3\"><b><strong class=\"font-bold\">Jednostavna uporaba:<\/strong><\/b> Priprema nema slo\u017eenih koraka i lako se uklapa u va\u0161 raspored.<\/li>\n<li class=\"text-body font-regular leading-[24px] my-[5px] [&amp;&gt;ol]:!pt-0 [&amp;&gt;ol]:!pb-0 [&amp;&gt;ul]:!pt-0 [&amp;&gt;ul]:!pb-0\" value=\"4\"><b><strong class=\"font-bold\">Diskretnost:<\/strong><\/b> Proizvod dolazi u skromnom pakiranju i dostavlja se pravo na va\u0161a vrata.<\/li>\n<\/ul>\n<h2 class=\"font-bold text-h3 leading-[40px] pt-[21px] pb-[2px] [&amp;_a]:underline-offset-[6px] [&amp;_.underline]:underline-offset-[6px]\" dir=\"ltr\">Gdje kupiti Altea? Ljekarna, DM, Nju\u0161kalo<\/h2>\n<p class=\"text-body font-regular leading-[24px] pt-[9px] pb-[2px]\" dir=\"ltr\">Altea trenutno nije dostupna u regularnim ljekarnama, trgovinama poput DM-a, niti na oglasnicima poput Nju\u0161kala. Razlog tome le\u017ei u ograni\u010denim koli\u010dinama i suradnji isklju\u010divo s odabranim ljekarnama koje rade direktno s proizvo\u0111a\u010dem. Stoga, kako biste osigurali originalan proizvod i pouzdanu uslugu, Altea je dostupna samo putem na\u0161e web stranice.<\/p>\n<p class=\"text-body font-regular leading-[24px] pt-[9px] pb-[2px]\" dir=\"ltr\">Jednostavno kliknite gumb <b><strong class=\"font-bold\">&#8220;Naru\u010di&#8221;<\/strong><\/b>, ispunite obrazac i odaberite na\u010din dostave koji vam odgovara. Va\u0161a narud\u017eba sti\u017ee unutar 24-72 sata, uz pla\u0107anje po dostavi.<\/p>\n<h2 class=\"font-bold text-h3 leading-[40px] pt-[21px] pb-[2px] [&amp;_a]:underline-offset-[6px] [&amp;_.underline]:underline-offset-[6px]\" dir=\"ltr\">Koliko ko\u0161ta Altea? Cijena<\/h2>\n<p class=\"text-body font-regular leading-[24px] pt-[9px] pb-[2px]\" dir=\"ltr\">Cijena Altea \u010daja trenutno iznosi 78 eura. Me\u0111utim, osigurali smo posebnu akciju s 50% popusta, pa sada mo\u017eete dobiti svoj Altea \u010daj za samo 39 eura! Va\u017eno je napomenuti da je zaliha ove ponude ograni\u010dena zbog velike potra\u017enje. Preporu\u010dujemo da \u0161to prije osigurate svoju narud\u017ebu po ovoj akcijskoj cijeni.<\/p>\n<h2 class=\"font-bold text-h3 leading-[40px] pt-[21px] pb-[2px] [&amp;_a]:underline-offset-[6px] [&amp;_.underline]:underline-offset-[6px]\" dir=\"ltr\">Kako se koristi Altea? Uputstvo za kori\u0161tenje<\/h2>\n<p class=\"text-body font-regular leading-[24px] pt-[9px] pb-[2px]\" dir=\"ltr\">Kori\u0161tenje Altea \u010daja je vrlo jednostavno:<\/p>\n<ol class=\"pt-[9px] pb-[2px] pl-[24px] list-inside list-decimal\">\n<li class=\"text-body font-regular leading-[24px] my-[5px] [&amp;&gt;ol]:!pt-0 [&amp;&gt;ol]:!pb-0 [&amp;&gt;ul]:!pt-0 [&amp;&gt;ul]:!pb-0\" value=\"1\">Uzmite jednu \u010dajnu vre\u0107icu i stavite u \u0161alicu od 250 ml.<\/li>\n<li class=\"text-body font-regular leading-[24px] my-[5px] [&amp;&gt;ol]:!pt-0 [&amp;&gt;ol]:!pb-0 [&amp;&gt;ul]:!pt-0 [&amp;&gt;ul]:!pb-0\" value=\"2\">Zalijte vre\u0107icu s kipu\u0107om vodom i pustite da odstoji 5-7 minuta.<\/li>\n<li class=\"text-body font-regular leading-[24px] my-[5px] [&amp;&gt;ol]:!pt-0 [&amp;&gt;ol]:!pb-0 [&amp;&gt;ul]:!pt-0 [&amp;&gt;ul]:!pb-0\" value=\"3\">\u010caj konzumirajte 2-3 puta dnevno, najbolje nakon obroka.<\/li>\n<\/ol>\n<p class=\"text-body font-regular leading-[24px] pt-[9px] pb-[2px]\" dir=\"ltr\">Pridr\u017eavanje preporu\u010dene doze osigurat \u0107e maksimalan u\u010dinak i zdravstvenu sigurnost.<\/p>\n<h2 class=\"font-bold text-h3 leading-[40px] pt-[21px] pb-[2px] [&amp;_a]:underline-offset-[6px] [&amp;_.underline]:underline-offset-[6px]\" dir=\"ltr\">Altea &#8211; \u010cesto postavljena pitanja<\/h2>\n<p class=\"text-body font-regular leading-[24px] pt-[9px] pb-[2px]\" dir=\"ltr\"><b><strong class=\"font-bold\">Pitanje:<\/strong><\/b> Koliko brzo mogu o\u010dekivati rezultate?<\/p>\n<p class=\"text-body font-regular leading-[24px] pt-[9px] pb-[2px]\" dir=\"ltr\"><b><strong class=\"font-bold\">Odgovor:<\/strong><\/b> Mnogi korisnici primje\u0107uju prve u\u010dinke ve\u0107 nakon nekoliko dana redovitog kori\u0161tenja.<\/p>\n<p class=\"text-body font-regular leading-[24px] pt-[9px] pb-[2px]\" dir=\"ltr\"><b><strong class=\"font-bold\">Pitanje:<\/strong><\/b> Ima li Altea nuspojave?<\/p>\n<p class=\"text-body font-regular leading-[24px] pt-[9px] pb-[2px]\" dir=\"ltr\"><b><strong class=\"font-bold\">Odgovor:<\/strong><\/b> Zbog potpuno prirodnog sastava, nuspojave su vrlo rijetke. Me\u0111utim, uvijek preporu\u010dujemo da se konzultirate s lije\u010dnikom ako imate odre\u0111ene zdravstvene uvjete.<\/p>\n<p class=\"text-body font-regular leading-[24px] pt-[9px] pb-[2px]\" dir=\"ltr\"><b><strong class=\"font-bold\">Pitanje:<\/strong><\/b> Je li proizvod pogodan za vegane?<\/p>\n<p class=\"text-body font-regular leading-[24px] pt-[9px] pb-[2px]\" dir=\"ltr\"><b><strong class=\"font-bold\">Odgovor:<\/strong><\/b> Da, Altea je potpuno biljnog podrijetla i pogodna za vegane.<\/p>\n","protected":false},"excerpt":{"rendered":"<p>Altea je pa\u017eljivo formuliran biljni \u010daj koji pru\u017ea podr\u0161ku zdravlju jetre. Dolazi u obliku prirodne mje\u0161avine biljaka koja je lako pripremiti i koristiti u va\u0161oj svakodnevnoj rutini. Posebno je razvijen za sve one koji \u017eele o\u010duvati funkciju jetre, povoljno djelovati na detoksikaciju tijela i unaprijediti svoje op\u0107e zdravlje. Altea nije samo obi\u010dan \u010daj &#8211; to [&hellip;]<\/p>\n","protected":false},"featured_media":136,"template":"","meta":{"iawp_total_views":112},"product_brand":[],"product_cat":[15],"product_tag":[],"class_list":{"0":"post-135","1":"product","2":"type-product","3":"status-publish","4":"has-post-thumbnail","6":"product_cat-zdravlje","8":"entry","9":"has-media","11":"first","12":"instock","13":"sale","14":"shipping-taxable","15":"purchasable","16":"product-type-simple","17":"has-product-nav","18":"col","19":"span_1_of_3","20":"owp-content-center","21":"owp-thumbs-layout-horizontal","22":"owp-btn-normal","23":"owp-tabs-layout-horizontal","24":"has-no-thumbnails"},"yoast_head":"<!-- This site is optimized with the Yoast SEO plugin v27.6 - https:\/\/yoast.com\/product\/yoast-seo-wordpress\/ -->\n<title>Altea - Online Trgovina<\/title>\n<meta name=\"robots\" content=\"index, follow, max-snippet:-1, max-image-preview:large, max-video-preview:-1\" \/>\n<link rel=\"canonical\" href=\"https:\/\/poliklinika-kantrida-dental.com\/ljekarna\/product\/altea\/\" \/>\n<meta property=\"og:locale\" content=\"hr_HR\" \/>\n<meta property=\"og:type\" content=\"article\" \/>\n<meta property=\"og:title\" content=\"Altea - Online Trgovina\" \/>\n<meta property=\"og:description\" content=\"Altea je pa\u017eljivo formuliran biljni \u010daj koji pru\u017ea podr\u0161ku zdravlju jetre. Dolazi u obliku prirodne mje\u0161avine biljaka koja je lako pripremiti i koristiti u va\u0161oj svakodnevnoj rutini. Posebno je razvijen za sve one koji \u017eele o\u010duvati funkciju jetre, povoljno djelovati na detoksikaciju tijela i unaprijediti svoje op\u0107e zdravlje. Altea nije samo obi\u010dan \u010daj &#8211; to [&hellip;]\" \/>\n<meta property=\"og:url\" content=\"https:\/\/poliklinika-kantrida-dental.com\/ljekarna\/product\/altea\/\" \/>\n<meta property=\"og:site_name\" content=\"Online Trgovina\" \/>\n<meta property=\"og:image\" content=\"https:\/\/poliklinika-kantrida-dental.com\/ljekarna\/wp-content\/uploads\/2025\/05\/altea.jpg\" \/>\n\t<meta property=\"og:image:width\" content=\"250\" \/>\n\t<meta property=\"og:image:height\" content=\"300\" \/>\n\t<meta property=\"og:image:type\" content=\"image\/jpeg\" \/>\n<meta name=\"twitter:card\" content=\"summary_large_image\" \/>\n<meta name=\"twitter:label1\" content=\"Procijenjeno vrijeme \u010ditanja\" \/>\n\t<meta name=\"twitter:data1\" content=\"5 minuta\" \/>\n<script type=\"application\/ld+json\" class=\"yoast-schema-graph\">{\"@context\":\"https:\\\/\\\/schema.org\",\"@graph\":[{\"@type\":\"WebPage\",\"@id\":\"https:\\\/\\\/poliklinika-kantrida-dental.com\\\/ljekarna\\\/product\\\/altea\\\/\",\"url\":\"https:\\\/\\\/poliklinika-kantrida-dental.com\\\/ljekarna\\\/product\\\/altea\\\/\",\"name\":\"Altea - Online Trgovina\",\"isPartOf\":{\"@id\":\"https:\\\/\\\/poliklinika-kantrida-dental.com\\\/ljekarna\\\/#website\"},\"primaryImageOfPage\":{\"@id\":\"https:\\\/\\\/poliklinika-kantrida-dental.com\\\/ljekarna\\\/product\\\/altea\\\/#primaryimage\"},\"image\":{\"@id\":\"https:\\\/\\\/poliklinika-kantrida-dental.com\\\/ljekarna\\\/product\\\/altea\\\/#primaryimage\"},\"thumbnailUrl\":\"https:\\\/\\\/poliklinika-kantrida-dental.com\\\/ljekarna\\\/wp-content\\\/uploads\\\/2025\\\/05\\\/altea.jpg\",\"datePublished\":\"2025-05-01T17:04:25+00:00\",\"breadcrumb\":{\"@id\":\"https:\\\/\\\/poliklinika-kantrida-dental.com\\\/ljekarna\\\/product\\\/altea\\\/#breadcrumb\"},\"inLanguage\":\"hr\",\"potentialAction\":[{\"@type\":\"ReadAction\",\"target\":[\"https:\\\/\\\/poliklinika-kantrida-dental.com\\\/ljekarna\\\/product\\\/altea\\\/\"]}]},{\"@type\":\"ImageObject\",\"inLanguage\":\"hr\",\"@id\":\"https:\\\/\\\/poliklinika-kantrida-dental.com\\\/ljekarna\\\/product\\\/altea\\\/#primaryimage\",\"url\":\"https:\\\/\\\/poliklinika-kantrida-dental.com\\\/ljekarna\\\/wp-content\\\/uploads\\\/2025\\\/05\\\/altea.jpg\",\"contentUrl\":\"https:\\\/\\\/poliklinika-kantrida-dental.com\\\/ljekarna\\\/wp-content\\\/uploads\\\/2025\\\/05\\\/altea.jpg\",\"width\":250,\"height\":300,\"caption\":\"altea\"},{\"@type\":\"BreadcrumbList\",\"@id\":\"https:\\\/\\\/poliklinika-kantrida-dental.com\\\/ljekarna\\\/product\\\/altea\\\/#breadcrumb\",\"itemListElement\":[{\"@type\":\"ListItem\",\"position\":1,\"name\":\"Po\u010detna stranica\",\"item\":\"https:\\\/\\\/poliklinika-kantrida-dental.com\\\/ljekarna\\\/\"},{\"@type\":\"ListItem\",\"position\":2,\"name\":\"Proizvodi\",\"item\":\"https:\\\/\\\/poliklinika-kantrida-dental.com\\\/ljekarna\\\/\"},{\"@type\":\"ListItem\",\"position\":3,\"name\":\"Altea\"}]},{\"@type\":\"WebSite\",\"@id\":\"https:\\\/\\\/poliklinika-kantrida-dental.com\\\/ljekarna\\\/#website\",\"url\":\"https:\\\/\\\/poliklinika-kantrida-dental.com\\\/ljekarna\\\/\",\"name\":\"Online Trgovina\",\"description\":\"\",\"potentialAction\":[{\"@type\":\"SearchAction\",\"target\":{\"@type\":\"EntryPoint\",\"urlTemplate\":\"https:\\\/\\\/poliklinika-kantrida-dental.com\\\/ljekarna\\\/?s={search_term_string}\"},\"query-input\":{\"@type\":\"PropertyValueSpecification\",\"valueRequired\":true,\"valueName\":\"search_term_string\"}}],\"inLanguage\":\"hr\"}]}<\/script>\n<!-- \/ Yoast SEO plugin. -->","yoast_head_json":{"title":"Altea - Online Trgovina","robots":{"index":"index","follow":"follow","max-snippet":"max-snippet:-1","max-image-preview":"max-image-preview:large","max-video-preview":"max-video-preview:-1"},"canonical":"https:\/\/poliklinika-kantrida-dental.com\/ljekarna\/product\/altea\/","og_locale":"hr_HR","og_type":"article","og_title":"Altea - Online Trgovina","og_description":"Altea je pa\u017eljivo formuliran biljni \u010daj koji pru\u017ea podr\u0161ku zdravlju jetre. Dolazi u obliku prirodne mje\u0161avine biljaka koja je lako pripremiti i koristiti u va\u0161oj svakodnevnoj rutini. Posebno je razvijen za sve one koji \u017eele o\u010duvati funkciju jetre, povoljno djelovati na detoksikaciju tijela i unaprijediti svoje op\u0107e zdravlje. Altea nije samo obi\u010dan \u010daj &#8211; to [&hellip;]","og_url":"https:\/\/poliklinika-kantrida-dental.com\/ljekarna\/product\/altea\/","og_site_name":"Online Trgovina","og_image":[{"width":250,"height":300,"url":"https:\/\/poliklinika-kantrida-dental.com\/ljekarna\/wp-content\/uploads\/2025\/05\/altea.jpg","type":"image\/jpeg"}],"twitter_card":"summary_large_image","twitter_misc":{"Procijenjeno vrijeme \u010ditanja":"5 minuta"},"schema":{"@context":"https:\/\/schema.org","@graph":[{"@type":"WebPage","@id":"https:\/\/poliklinika-kantrida-dental.com\/ljekarna\/product\/altea\/","url":"https:\/\/poliklinika-kantrida-dental.com\/ljekarna\/product\/altea\/","name":"Altea - Online Trgovina","isPartOf":{"@id":"https:\/\/poliklinika-kantrida-dental.com\/ljekarna\/#website"},"primaryImageOfPage":{"@id":"https:\/\/poliklinika-kantrida-dental.com\/ljekarna\/product\/altea\/#primaryimage"},"image":{"@id":"https:\/\/poliklinika-kantrida-dental.com\/ljekarna\/product\/altea\/#primaryimage"},"thumbnailUrl":"https:\/\/poliklinika-kantrida-dental.com\/ljekarna\/wp-content\/uploads\/2025\/05\/altea.jpg","datePublished":"2025-05-01T17:04:25+00:00","breadcrumb":{"@id":"https:\/\/poliklinika-kantrida-dental.com\/ljekarna\/product\/altea\/#breadcrumb"},"inLanguage":"hr","potentialAction":[{"@type":"ReadAction","target":["https:\/\/poliklinika-kantrida-dental.com\/ljekarna\/product\/altea\/"]}]},{"@type":"ImageObject","inLanguage":"hr","@id":"https:\/\/poliklinika-kantrida-dental.com\/ljekarna\/product\/altea\/#primaryimage","url":"https:\/\/poliklinika-kantrida-dental.com\/ljekarna\/wp-content\/uploads\/2025\/05\/altea.jpg","contentUrl":"https:\/\/poliklinika-kantrida-dental.com\/ljekarna\/wp-content\/uploads\/2025\/05\/altea.jpg","width":250,"height":300,"caption":"altea"},{"@type":"BreadcrumbList","@id":"https:\/\/poliklinika-kantrida-dental.com\/ljekarna\/product\/altea\/#breadcrumb","itemListElement":[{"@type":"ListItem","position":1,"name":"Po\u010detna stranica","item":"https:\/\/poliklinika-kantrida-dental.com\/ljekarna\/"},{"@type":"ListItem","position":2,"name":"Proizvodi","item":"https:\/\/poliklinika-kantrida-dental.com\/ljekarna\/"},{"@type":"ListItem","position":3,"name":"Altea"}]},{"@type":"WebSite","@id":"https:\/\/poliklinika-kantrida-dental.com\/ljekarna\/#website","url":"https:\/\/poliklinika-kantrida-dental.com\/ljekarna\/","name":"Online Trgovina","description":"","potentialAction":[{"@type":"SearchAction","target":{"@type":"EntryPoint","urlTemplate":"https:\/\/poliklinika-kantrida-dental.com\/ljekarna\/?s={search_term_string}"},"query-input":{"@type":"PropertyValueSpecification","valueRequired":true,"valueName":"search_term_string"}}],"inLanguage":"hr"}]}},"_links":{"self":[{"href":"https:\/\/poliklinika-kantrida-dental.com\/ljekarna\/wp-json\/wp\/v2\/product\/135","targetHints":{"allow":["GET"]}}],"collection":[{"href":"https:\/\/poliklinika-kantrida-dental.com\/ljekarna\/wp-json\/wp\/v2\/product"}],"about":[{"href":"https:\/\/poliklinika-kantrida-dental.com\/ljekarna\/wp-json\/wp\/v2\/types\/product"}],"wp:featuredmedia":[{"embeddable":true,"href":"https:\/\/poliklinika-kantrida-dental.com\/ljekarna\/wp-json\/wp\/v2\/media\/136"}],"wp:attachment":[{"href":"https:\/\/poliklinika-kantrida-dental.com\/ljekarna\/wp-json\/wp\/v2\/media?parent=135"}],"wp:term":[{"taxonomy":"product_brand","embeddable":true,"href":"https:\/\/poliklinika-kantrida-dental.com\/ljekarna\/wp-json\/wp\/v2\/product_brand?post=135"},{"taxonomy":"product_cat","embeddable":true,"href":"https:\/\/poliklinika-kantrida-dental.com\/ljekarna\/wp-json\/wp\/v2\/product_cat?post=135"},{"taxonomy":"product_tag","embeddable":true,"href":"https:\/\/poliklinika-kantrida-dental.com\/ljekarna\/wp-json\/wp\/v2\/product_tag?post=135"}],"curies":[{"name":"wp","href":"https:\/\/api.w.org\/{rel}","templated":true}]}}