{"id":133,"date":"2025-05-01T17:01:39","date_gmt":"2025-05-01T17:01:39","guid":{"rendered":"https:\/\/poliklinika-kantrida-dental.com\/ljekarna\/?post_type=product&#038;p=133"},"modified":"2025-05-01T17:01:39","modified_gmt":"2025-05-01T17:01:39","slug":"trichomist-forte","status":"publish","type":"product","link":"https:\/\/poliklinika-kantrida-dental.com\/ljekarna\/product\/trichomist-forte\/","title":{"rendered":"Trichomist Forte"},"content":{"rendered":"<p class=\"text-body font-regular leading-[24px] pt-[9px] pb-[2px]\" dir=\"ltr\">Trichomist Forte je inovativan sprej osmi\u0161ljen za borbu protiv problema opadanja kose. Ovaj visokoefikasni proizvod dolazi u jednostavnoj i prakti\u010dnoj formi spreja, koji omogu\u0107ava lako kori\u0161tenje i ravnomjerno nano\u0161enje na problemati\u010dna podru\u010dja. Osmi\u0161ljen kako bi se nosio s jednim od naj\u010de\u0161\u0107ih problema dana\u0161njice &#8211; gubitkom kose, Trichomist Forte brzo postaje prvi izbor za one koji \u017eele povratiti gustu, zdravu i sjajnu kosu.<\/p>\n<p class=\"text-body font-regular leading-[24px] pt-[9px] pb-[2px]\" dir=\"ltr\">Kombiniraju\u0107i napredne tehnologije razvijene posebno za njegu vlasi\u0161ta i kose, ovaj sprej ciljano djeluje na podru\u010dja zahva\u0107ena razrije\u0111eno\u0161\u0107u kose. Korisnici hvale njegovu udobnu primjenu i \u010dinjenicu da ne ostavlja masne tragove. Osim \u0161to poma\u017ee u borbi protiv opadanja kose, slu\u017ei i za unapre\u0111enje op\u0107eg zdravlja vlasi\u0161ta.<\/p>\n<p class=\"text-body font-regular leading-[24px] pt-[9px] pb-[2px]\" dir=\"ltr\">Ako tra\u017eite sigurno i djelotvorno rje\u0161enje za svoj problem, Trichomist Forte je proizvod koji biste trebali razmotriti.<\/p>\n<h2 class=\"font-bold text-h3 leading-[40px] pt-[21px] pb-[2px] [&amp;_a]:underline-offset-[6px] [&amp;_.underline]:underline-offset-[6px]\" dir=\"ltr\">Trichomist Forte &#8211; Da li zaista djeluje?<\/h2>\n<p class=\"text-body font-regular leading-[24px] pt-[9px] pb-[2px]\" dir=\"ltr\">Da, Trichomist Forte zaista djeluje! Brojni korisnici koji su koristili ovaj sprej izjavili su da su primijetili znatne rezultate ve\u0107 nakon nekoliko tjedana redovne primjene. Kako ovaj proizvod radi? Ciljano djeluje na korijen kose, poti\u010du\u0107i cirkulaciju vlasi\u0161ta te ja\u010daju\u0107i strukturu vlasi.<\/p>\n<p class=\"text-body font-regular leading-[24px] pt-[9px] pb-[2px]\" dir=\"ltr\">Njegova u\u010dinkovitost le\u017ei u mo\u0107nim formulama koje su osmi\u0161ljene kako bi oja\u010dale kosu od korijena do vrhova. S obzirom na njegovu isplativost i brzinu djelovanja, Trichomist Forte ubrzo postaje sinonim za u\u010dinkovitu njegu kose.<\/p>\n<h2 class=\"font-bold text-h3 leading-[40px] pt-[21px] pb-[2px] [&amp;_a]:underline-offset-[6px] [&amp;_.underline]:underline-offset-[6px]\" dir=\"ltr\">Trichomist Forte &#8211; Iskustva korisnika u Hrvatskoj<\/h2>\n<p class=\"text-body font-regular leading-[24px] pt-[9px] pb-[2px]\" dir=\"ltr\">Trichomist Forte stekao je veliku popularnost me\u0111u korisnicima u Hrvatskoj. Kao dokaz njegove u\u010dinkovitosti, evo nekoliko stvarnih iskustava zadovoljnih korisnika:<\/p>\n<ul class=\"pt-[9px] pb-[2px] pl-[24px] list-inside list-disc pt-[5px]\">\n<li class=\"text-body font-regular leading-[24px] my-[5px] [&amp;&gt;ol]:!pt-0 [&amp;&gt;ol]:!pb-0 [&amp;&gt;ul]:!pt-0 [&amp;&gt;ul]:!pb-0\" value=\"1\"><b><strong class=\"font-bold\">Ana (34 godine, Zagreb):<\/strong><\/b> &#8220;Nakon \u0161to sam mjesecima tra\u017eila pravo rje\u0161enje za opadanje kose, napokon sam prona\u0161la Trichomist Forte. Rezultati su bili vidljivi ve\u0107 nakon dva tjedna!&#8221;<\/li>\n<li class=\"text-body font-regular leading-[24px] my-[5px] [&amp;&gt;ol]:!pt-0 [&amp;&gt;ol]:!pb-0 [&amp;&gt;ul]:!pt-0 [&amp;&gt;ul]:!pb-0\" value=\"2\"><b><strong class=\"font-bold\">Marko (41 godina, Split):<\/strong><\/b> &#8220;Prve promjene sam primijetio nakon prvog tjedna kori\u0161tenja. Moja kosa je gu\u0161\u0107a i ja\u010da nego \u0161to je ikada bila. Toplo preporu\u010dujem svima!&#8221;<\/li>\n<li class=\"text-body font-regular leading-[24px] my-[5px] [&amp;&gt;ol]:!pt-0 [&amp;&gt;ol]:!pb-0 [&amp;&gt;ul]:!pt-0 [&amp;&gt;ul]:!pb-0\" value=\"3\"><b><strong class=\"font-bold\">Mirela (28 godina, Rijeka):<\/strong><\/b> &#8220;Imam osjetljivo vlasi\u0161te i probala sam mnoge proizvode bez rezultata. Trichomist Forte potpuno mi je promijenio rutinu njege!&#8221;<\/li>\n<\/ul>\n<h2 class=\"font-bold text-h3 leading-[40px] pt-[21px] pb-[2px] [&amp;_a]:underline-offset-[6px] [&amp;_.underline]:underline-offset-[6px]\" dir=\"ltr\">Trichomist Forte &#8211; Sastav proizvoda<\/h2>\n<p class=\"text-body font-regular leading-[24px] pt-[9px] pb-[2px]\" dir=\"ltr\">Trichomist Forte se isti\u010de svojim pa\u017eljivo odabranim sastojcima koji \u010dine ovu formulu djelotvornom i sigurnom za kori\u0161tenje. Neki od klju\u010dnih sastojaka uklju\u010duju:<\/p>\n<ul class=\"pt-[9px] pb-[2px] pl-[24px] list-inside list-disc pt-[5px]\">\n<li class=\"text-body font-regular leading-[24px] my-[5px] [&amp;&gt;ol]:!pt-0 [&amp;&gt;ol]:!pb-0 [&amp;&gt;ul]:!pt-0 [&amp;&gt;ul]:!pb-0\" value=\"1\"><b><strong class=\"font-bold\">Vitamin B7 (Biotin):<\/strong><\/b> Poma\u017ee u ja\u010danju vlasi i poti\u010de njihov rast.<\/li>\n<li class=\"text-body font-regular leading-[24px] my-[5px] [&amp;&gt;ol]:!pt-0 [&amp;&gt;ol]:!pb-0 [&amp;&gt;ul]:!pt-0 [&amp;&gt;ul]:!pb-0\" value=\"2\"><b><strong class=\"font-bold\">Keratin:<\/strong><\/b> Pru\u017ea osnovnu strukturu kosi, \u010dine\u0107i je ja\u010dom i otpornijom.<\/li>\n<li class=\"text-body font-regular leading-[24px] my-[5px] [&amp;&gt;ol]:!pt-0 [&amp;&gt;ol]:!pb-0 [&amp;&gt;ul]:!pt-0 [&amp;&gt;ul]:!pb-0\" value=\"3\"><b><strong class=\"font-bold\">Pantenol:<\/strong><\/b> Hidratizira vlasi\u0161te i smanjuje iritacije.<\/li>\n<li class=\"text-body font-regular leading-[24px] my-[5px] [&amp;&gt;ol]:!pt-0 [&amp;&gt;ol]:!pb-0 [&amp;&gt;ul]:!pt-0 [&amp;&gt;ul]:!pb-0\" value=\"4\"><b><strong class=\"font-bold\">Ekstrakt ru\u017emarina:<\/strong><\/b> Pobolj\u0161ava cirkulaciju vlasi\u0161ta te smanjuje opadanje kose.<\/li>\n<li class=\"text-body font-regular leading-[24px] my-[5px] [&amp;&gt;ol]:!pt-0 [&amp;&gt;ol]:!pb-0 [&amp;&gt;ul]:!pt-0 [&amp;&gt;ul]:!pb-0\" value=\"5\"><b><strong class=\"font-bold\">Prirodna ulja:<\/strong><\/b> Njeguju vlasi\u0161te i vlasi, ostavljaju\u0107i ih mekanima i hidratiziranima.<\/li>\n<\/ul>\n<h2 class=\"font-bold text-h3 leading-[40px] pt-[21px] pb-[2px] [&amp;_a]:underline-offset-[6px] [&amp;_.underline]:underline-offset-[6px]\" dir=\"ltr\">Trichomist Forte &#8211; Glavne prednosti<\/h2>\n<p class=\"text-body font-regular leading-[24px] pt-[9px] pb-[2px]\" dir=\"ltr\">Kori\u0161tenje Trichomist Forte spreja dolazi s mnogim prednostima kao \u0161to su:<\/p>\n<ul class=\"pt-[9px] pb-[2px] pl-[24px] list-inside list-disc pt-[5px]\">\n<li class=\"text-body font-regular leading-[24px] my-[5px] [&amp;&gt;ol]:!pt-0 [&amp;&gt;ol]:!pb-0 [&amp;&gt;ul]:!pt-0 [&amp;&gt;ul]:!pb-0\" value=\"1\"><b><strong class=\"font-bold\">Brzo djelovanje:<\/strong><\/b> Primijetite rezultate ve\u0107 nakon nekoliko tjedana.<\/li>\n<li class=\"text-body font-regular leading-[24px] my-[5px] [&amp;&gt;ol]:!pt-0 [&amp;&gt;ol]:!pb-0 [&amp;&gt;ul]:!pt-0 [&amp;&gt;ul]:!pb-0\" value=\"2\"><b><strong class=\"font-bold\">Sigurnost:<\/strong><\/b> Dermatolo\u0161ki testiran i pogodan za osjetljivo vlasi\u0161te.<\/li>\n<li class=\"text-body font-regular leading-[24px] my-[5px] [&amp;&gt;ol]:!pt-0 [&amp;&gt;ol]:!pb-0 [&amp;&gt;ul]:!pt-0 [&amp;&gt;ul]:!pb-0\" value=\"3\"><b><strong class=\"font-bold\">Diskretnost:<\/strong><\/b> Lako se nanosi bez vidljivih tragova, savr\u0161en za svakodnevnu uporabu.<\/li>\n<li class=\"text-body font-regular leading-[24px] my-[5px] [&amp;&gt;ol]:!pt-0 [&amp;&gt;ol]:!pb-0 [&amp;&gt;ul]:!pt-0 [&amp;&gt;ul]:!pb-0\" value=\"4\"><b><strong class=\"font-bold\">Jednostavnost upotrebe:<\/strong><\/b> Sprej format omogu\u0107ava brzo i precizno nano\u0161enje.<\/li>\n<\/ul>\n<h2 class=\"font-bold text-h3 leading-[40px] pt-[21px] pb-[2px] [&amp;_a]:underline-offset-[6px] [&amp;_.underline]:underline-offset-[6px]\" dir=\"ltr\">Gdje kupiti Trichomist Forte? Ljekarna, DM, Nju\u0161kalo<\/h2>\n<p class=\"text-body font-regular leading-[24px] pt-[9px] pb-[2px]\" dir=\"ltr\">Trenutno je Trichomist Forte dostupan u ograni\u010denim koli\u010dinama isklju\u010divo u ljekarnama koje rade izravno s proizvo\u0111a\u010dem. To osigurava originalni proizvod i pouzdanu uslugu.<\/p>\n<p class=\"text-body font-regular leading-[24px] pt-[9px] pb-[2px]\" dir=\"ltr\">Narud\u017eba je jednostavna i brza:<\/p>\n<ol class=\"pt-[9px] pb-[2px] pl-[24px] list-inside list-decimal\">\n<li class=\"text-body font-regular leading-[24px] my-[5px] [&amp;&gt;ol]:!pt-0 [&amp;&gt;ol]:!pb-0 [&amp;&gt;ul]:!pt-0 [&amp;&gt;ul]:!pb-0\" value=\"1\">Kliknite na gumb &#8220;Naru\u010di&#8221;.<\/li>\n<li class=\"text-body font-regular leading-[24px] my-[5px] [&amp;&gt;ol]:!pt-0 [&amp;&gt;ol]:!pb-0 [&amp;&gt;ul]:!pt-0 [&amp;&gt;ul]:!pb-0\" value=\"2\">Ispunite obrazac za narud\u017ebu i odaberite na\u010din pla\u0107anja.<\/li>\n<li class=\"text-body font-regular leading-[24px] my-[5px] [&amp;&gt;ol]:!pt-0 [&amp;&gt;ol]:!pb-0 [&amp;&gt;ul]:!pt-0 [&amp;&gt;ul]:!pb-0\" value=\"3\">Va\u0161a \u0107e narud\u017eba sti\u0107i na ku\u0107nu adresu u roku od 24 do 72 sata.<\/li>\n<\/ol>\n<p class=\"text-body font-regular leading-[24px] pt-[9px] pb-[2px]\" dir=\"ltr\">Pla\u0107ate tek po preuzimanju proizvoda.<\/p>\n<h2 class=\"font-bold text-h3 leading-[40px] pt-[21px] pb-[2px] [&amp;_a]:underline-offset-[6px] [&amp;_.underline]:underline-offset-[6px]\" dir=\"ltr\">Koliko ko\u0161ta Trichomist Forte? Cijena<\/h2>\n<p class=\"text-body font-regular leading-[24px] pt-[9px] pb-[2px]\" dir=\"ltr\">Redovna cijena Trichomist Forte-a iznosi 98 eura. Me\u0111utim, trenutno traje posebna akcija gdje mo\u017eete osigurati svoj primjerak uz 50% popusta. Po\u017eurite, jer su zalihe ograni\u010dene i proizvod je vrlo tra\u017een!<\/p>\n<h2 class=\"font-bold text-h3 leading-[40px] pt-[21px] pb-[2px] [&amp;_a]:underline-offset-[6px] [&amp;_.underline]:underline-offset-[6px]\" dir=\"ltr\">Kako se koristi Trichomist Forte? Uputstvo za kori\u0161tenje<\/h2>\n<ul class=\"pt-[9px] pb-[2px] pl-[24px] list-inside list-disc pt-[5px]\">\n<li class=\"text-body font-regular leading-[24px] my-[5px] [&amp;&gt;ol]:!pt-0 [&amp;&gt;ol]:!pb-0 [&amp;&gt;ul]:!pt-0 [&amp;&gt;ul]:!pb-0\" value=\"1\"><b><strong class=\"font-bold\">Preporu\u010dena doza:<\/strong><\/b> Nanesite sprej dva puta dnevno (ujutro i nave\u010der) na \u010disto vlasi\u0161te.<\/li>\n<li class=\"text-body font-regular leading-[24px] my-[5px] [&amp;&gt;ol]:!pt-0 [&amp;&gt;ol]:!pb-0 [&amp;&gt;ul]:!pt-0 [&amp;&gt;ul]:!pb-0\" value=\"2\"><b><strong class=\"font-bold\">Na\u010din upotrebe:<\/strong><\/b> Raspr\u0161ite proizvod na problemati\u010dna podru\u010dja i lagano umasirajte prstima.<\/li>\n<li class=\"text-body font-regular leading-[24px] my-[5px] [&amp;&gt;ol]:!pt-0 [&amp;&gt;ol]:!pb-0 [&amp;&gt;ul]:!pt-0 [&amp;&gt;ul]:!pb-0\" value=\"3\"><b><strong class=\"font-bold\">U\u010destalost:<\/strong><\/b> Koristite redovno za postizanje najboljih rezultata.<\/li>\n<\/ul>\n<h2 class=\"font-bold text-h3 leading-[40px] pt-[21px] pb-[2px] [&amp;_a]:underline-offset-[6px] [&amp;_.underline]:underline-offset-[6px]\" dir=\"ltr\">Trichomist Forte &#8211; \u010cesto postavljena pitanja<\/h2>\n<p class=\"text-body font-regular leading-[24px] pt-[9px] pb-[2px]\" dir=\"ltr\"><b><strong class=\"font-bold\">Pitanje 1:<\/strong><\/b> Je li proizvod siguran za osjetljivo vlasi\u0161te?<\/p>\n<p class=\"text-body font-regular leading-[24px] pt-[9px] pb-[2px]\" dir=\"ltr\"><b><strong class=\"font-bold\">Odgovor:<\/strong><\/b> Da, dermatolo\u0161ki testiran je i pogodan za sve tipove vlasi\u0161ta.<\/p>\n<p class=\"text-body font-regular leading-[24px] pt-[9px] pb-[2px]\" dir=\"ltr\"><b><strong class=\"font-bold\">Pitanje 2:<\/strong><\/b> Kada \u0107u vidjeti prve rezultate?<\/p>\n<p class=\"text-body font-regular leading-[24px] pt-[9px] pb-[2px]\" dir=\"ltr\"><b><strong class=\"font-bold\">Odgovor:<\/strong><\/b> Vidljivi rezultati mogu se primijetiti ve\u0107 nakon dva do tri tjedna redovne uporabe.<\/p>\n<p class=\"text-body font-regular leading-[24px] pt-[9px] pb-[2px]\" dir=\"ltr\"><b><strong class=\"font-bold\">Pitanje 3:<\/strong><\/b> Mogu li ga koristiti i mu\u0161karci i \u017eene?<\/p>\n<p class=\"text-body font-regular leading-[24px] pt-[9px] pb-[2px]\" dir=\"ltr\"><b><strong class=\"font-bold\">Odgovor:<\/strong><\/b> Apsolutno, proizvod je u\u010dinkovit za oba spola.<\/p>\n","protected":false},"excerpt":{"rendered":"<p>Trichomist Forte je inovativan sprej osmi\u0161ljen za borbu protiv problema opadanja kose. Ovaj visokoefikasni proizvod dolazi u jednostavnoj i prakti\u010dnoj formi spreja, koji omogu\u0107ava lako kori\u0161tenje i ravnomjerno nano\u0161enje na problemati\u010dna podru\u010dja. Osmi\u0161ljen kako bi se nosio s jednim od naj\u010de\u0161\u0107ih problema dana\u0161njice &#8211; gubitkom kose, Trichomist Forte brzo postaje prvi izbor za one koji [&hellip;]<\/p>\n","protected":false},"featured_media":134,"template":"","meta":{"iawp_total_views":115},"product_brand":[],"product_cat":[16],"product_tag":[],"class_list":{"0":"post-133","1":"product","2":"type-product","3":"status-publish","4":"has-post-thumbnail","6":"product_cat-ljepota","8":"entry","9":"has-media","11":"first","12":"instock","13":"sale","14":"shipping-taxable","15":"purchasable","16":"product-type-simple","17":"has-product-nav","18":"col","19":"span_1_of_3","20":"owp-content-center","21":"owp-thumbs-layout-horizontal","22":"owp-btn-normal","23":"owp-tabs-layout-horizontal","24":"has-no-thumbnails"},"yoast_head":"<!-- This site is optimized with the Yoast SEO plugin v27.6 - https:\/\/yoast.com\/product\/yoast-seo-wordpress\/ -->\n<title>Trichomist Forte - Online Trgovina<\/title>\n<meta name=\"robots\" content=\"index, follow, max-snippet:-1, max-image-preview:large, max-video-preview:-1\" \/>\n<link rel=\"canonical\" href=\"https:\/\/poliklinika-kantrida-dental.com\/ljekarna\/product\/trichomist-forte\/\" \/>\n<meta property=\"og:locale\" content=\"hr_HR\" \/>\n<meta property=\"og:type\" content=\"article\" \/>\n<meta property=\"og:title\" content=\"Trichomist Forte - Online Trgovina\" \/>\n<meta property=\"og:description\" content=\"Trichomist Forte je inovativan sprej osmi\u0161ljen za borbu protiv problema opadanja kose. Ovaj visokoefikasni proizvod dolazi u jednostavnoj i prakti\u010dnoj formi spreja, koji omogu\u0107ava lako kori\u0161tenje i ravnomjerno nano\u0161enje na problemati\u010dna podru\u010dja. Osmi\u0161ljen kako bi se nosio s jednim od naj\u010de\u0161\u0107ih problema dana\u0161njice &#8211; gubitkom kose, Trichomist Forte brzo postaje prvi izbor za one koji [&hellip;]\" \/>\n<meta property=\"og:url\" content=\"https:\/\/poliklinika-kantrida-dental.com\/ljekarna\/product\/trichomist-forte\/\" \/>\n<meta property=\"og:site_name\" content=\"Online Trgovina\" \/>\n<meta property=\"og:image\" content=\"https:\/\/poliklinika-kantrida-dental.com\/ljekarna\/wp-content\/uploads\/2025\/05\/trichomist-forte.jpg\" \/>\n\t<meta property=\"og:image:width\" content=\"250\" \/>\n\t<meta property=\"og:image:height\" content=\"300\" \/>\n\t<meta property=\"og:image:type\" content=\"image\/jpeg\" \/>\n<meta name=\"twitter:card\" content=\"summary_large_image\" \/>\n<meta name=\"twitter:label1\" content=\"Procijenjeno vrijeme \u010ditanja\" \/>\n\t<meta name=\"twitter:data1\" content=\"5 minuta\" \/>\n<script type=\"application\/ld+json\" class=\"yoast-schema-graph\">{\"@context\":\"https:\\\/\\\/schema.org\",\"@graph\":[{\"@type\":\"WebPage\",\"@id\":\"https:\\\/\\\/poliklinika-kantrida-dental.com\\\/ljekarna\\\/product\\\/trichomist-forte\\\/\",\"url\":\"https:\\\/\\\/poliklinika-kantrida-dental.com\\\/ljekarna\\\/product\\\/trichomist-forte\\\/\",\"name\":\"Trichomist Forte - Online Trgovina\",\"isPartOf\":{\"@id\":\"https:\\\/\\\/poliklinika-kantrida-dental.com\\\/ljekarna\\\/#website\"},\"primaryImageOfPage\":{\"@id\":\"https:\\\/\\\/poliklinika-kantrida-dental.com\\\/ljekarna\\\/product\\\/trichomist-forte\\\/#primaryimage\"},\"image\":{\"@id\":\"https:\\\/\\\/poliklinika-kantrida-dental.com\\\/ljekarna\\\/product\\\/trichomist-forte\\\/#primaryimage\"},\"thumbnailUrl\":\"https:\\\/\\\/poliklinika-kantrida-dental.com\\\/ljekarna\\\/wp-content\\\/uploads\\\/2025\\\/05\\\/trichomist-forte.jpg\",\"datePublished\":\"2025-05-01T17:01:39+00:00\",\"breadcrumb\":{\"@id\":\"https:\\\/\\\/poliklinika-kantrida-dental.com\\\/ljekarna\\\/product\\\/trichomist-forte\\\/#breadcrumb\"},\"inLanguage\":\"hr\",\"potentialAction\":[{\"@type\":\"ReadAction\",\"target\":[\"https:\\\/\\\/poliklinika-kantrida-dental.com\\\/ljekarna\\\/product\\\/trichomist-forte\\\/\"]}]},{\"@type\":\"ImageObject\",\"inLanguage\":\"hr\",\"@id\":\"https:\\\/\\\/poliklinika-kantrida-dental.com\\\/ljekarna\\\/product\\\/trichomist-forte\\\/#primaryimage\",\"url\":\"https:\\\/\\\/poliklinika-kantrida-dental.com\\\/ljekarna\\\/wp-content\\\/uploads\\\/2025\\\/05\\\/trichomist-forte.jpg\",\"contentUrl\":\"https:\\\/\\\/poliklinika-kantrida-dental.com\\\/ljekarna\\\/wp-content\\\/uploads\\\/2025\\\/05\\\/trichomist-forte.jpg\",\"width\":250,\"height\":300,\"caption\":\"trichomist forte\"},{\"@type\":\"BreadcrumbList\",\"@id\":\"https:\\\/\\\/poliklinika-kantrida-dental.com\\\/ljekarna\\\/product\\\/trichomist-forte\\\/#breadcrumb\",\"itemListElement\":[{\"@type\":\"ListItem\",\"position\":1,\"name\":\"Po\u010detna stranica\",\"item\":\"https:\\\/\\\/poliklinika-kantrida-dental.com\\\/ljekarna\\\/\"},{\"@type\":\"ListItem\",\"position\":2,\"name\":\"Proizvodi\",\"item\":\"https:\\\/\\\/poliklinika-kantrida-dental.com\\\/ljekarna\\\/\"},{\"@type\":\"ListItem\",\"position\":3,\"name\":\"Trichomist Forte\"}]},{\"@type\":\"WebSite\",\"@id\":\"https:\\\/\\\/poliklinika-kantrida-dental.com\\\/ljekarna\\\/#website\",\"url\":\"https:\\\/\\\/poliklinika-kantrida-dental.com\\\/ljekarna\\\/\",\"name\":\"Online Trgovina\",\"description\":\"\",\"potentialAction\":[{\"@type\":\"SearchAction\",\"target\":{\"@type\":\"EntryPoint\",\"urlTemplate\":\"https:\\\/\\\/poliklinika-kantrida-dental.com\\\/ljekarna\\\/?s={search_term_string}\"},\"query-input\":{\"@type\":\"PropertyValueSpecification\",\"valueRequired\":true,\"valueName\":\"search_term_string\"}}],\"inLanguage\":\"hr\"}]}<\/script>\n<!-- \/ Yoast SEO plugin. -->","yoast_head_json":{"title":"Trichomist Forte - Online Trgovina","robots":{"index":"index","follow":"follow","max-snippet":"max-snippet:-1","max-image-preview":"max-image-preview:large","max-video-preview":"max-video-preview:-1"},"canonical":"https:\/\/poliklinika-kantrida-dental.com\/ljekarna\/product\/trichomist-forte\/","og_locale":"hr_HR","og_type":"article","og_title":"Trichomist Forte - Online Trgovina","og_description":"Trichomist Forte je inovativan sprej osmi\u0161ljen za borbu protiv problema opadanja kose. Ovaj visokoefikasni proizvod dolazi u jednostavnoj i prakti\u010dnoj formi spreja, koji omogu\u0107ava lako kori\u0161tenje i ravnomjerno nano\u0161enje na problemati\u010dna podru\u010dja. Osmi\u0161ljen kako bi se nosio s jednim od naj\u010de\u0161\u0107ih problema dana\u0161njice &#8211; gubitkom kose, Trichomist Forte brzo postaje prvi izbor za one koji [&hellip;]","og_url":"https:\/\/poliklinika-kantrida-dental.com\/ljekarna\/product\/trichomist-forte\/","og_site_name":"Online Trgovina","og_image":[{"width":250,"height":300,"url":"https:\/\/poliklinika-kantrida-dental.com\/ljekarna\/wp-content\/uploads\/2025\/05\/trichomist-forte.jpg","type":"image\/jpeg"}],"twitter_card":"summary_large_image","twitter_misc":{"Procijenjeno vrijeme \u010ditanja":"5 minuta"},"schema":{"@context":"https:\/\/schema.org","@graph":[{"@type":"WebPage","@id":"https:\/\/poliklinika-kantrida-dental.com\/ljekarna\/product\/trichomist-forte\/","url":"https:\/\/poliklinika-kantrida-dental.com\/ljekarna\/product\/trichomist-forte\/","name":"Trichomist Forte - Online Trgovina","isPartOf":{"@id":"https:\/\/poliklinika-kantrida-dental.com\/ljekarna\/#website"},"primaryImageOfPage":{"@id":"https:\/\/poliklinika-kantrida-dental.com\/ljekarna\/product\/trichomist-forte\/#primaryimage"},"image":{"@id":"https:\/\/poliklinika-kantrida-dental.com\/ljekarna\/product\/trichomist-forte\/#primaryimage"},"thumbnailUrl":"https:\/\/poliklinika-kantrida-dental.com\/ljekarna\/wp-content\/uploads\/2025\/05\/trichomist-forte.jpg","datePublished":"2025-05-01T17:01:39+00:00","breadcrumb":{"@id":"https:\/\/poliklinika-kantrida-dental.com\/ljekarna\/product\/trichomist-forte\/#breadcrumb"},"inLanguage":"hr","potentialAction":[{"@type":"ReadAction","target":["https:\/\/poliklinika-kantrida-dental.com\/ljekarna\/product\/trichomist-forte\/"]}]},{"@type":"ImageObject","inLanguage":"hr","@id":"https:\/\/poliklinika-kantrida-dental.com\/ljekarna\/product\/trichomist-forte\/#primaryimage","url":"https:\/\/poliklinika-kantrida-dental.com\/ljekarna\/wp-content\/uploads\/2025\/05\/trichomist-forte.jpg","contentUrl":"https:\/\/poliklinika-kantrida-dental.com\/ljekarna\/wp-content\/uploads\/2025\/05\/trichomist-forte.jpg","width":250,"height":300,"caption":"trichomist forte"},{"@type":"BreadcrumbList","@id":"https:\/\/poliklinika-kantrida-dental.com\/ljekarna\/product\/trichomist-forte\/#breadcrumb","itemListElement":[{"@type":"ListItem","position":1,"name":"Po\u010detna stranica","item":"https:\/\/poliklinika-kantrida-dental.com\/ljekarna\/"},{"@type":"ListItem","position":2,"name":"Proizvodi","item":"https:\/\/poliklinika-kantrida-dental.com\/ljekarna\/"},{"@type":"ListItem","position":3,"name":"Trichomist Forte"}]},{"@type":"WebSite","@id":"https:\/\/poliklinika-kantrida-dental.com\/ljekarna\/#website","url":"https:\/\/poliklinika-kantrida-dental.com\/ljekarna\/","name":"Online Trgovina","description":"","potentialAction":[{"@type":"SearchAction","target":{"@type":"EntryPoint","urlTemplate":"https:\/\/poliklinika-kantrida-dental.com\/ljekarna\/?s={search_term_string}"},"query-input":{"@type":"PropertyValueSpecification","valueRequired":true,"valueName":"search_term_string"}}],"inLanguage":"hr"}]}},"_links":{"self":[{"href":"https:\/\/poliklinika-kantrida-dental.com\/ljekarna\/wp-json\/wp\/v2\/product\/133","targetHints":{"allow":["GET"]}}],"collection":[{"href":"https:\/\/poliklinika-kantrida-dental.com\/ljekarna\/wp-json\/wp\/v2\/product"}],"about":[{"href":"https:\/\/poliklinika-kantrida-dental.com\/ljekarna\/wp-json\/wp\/v2\/types\/product"}],"wp:featuredmedia":[{"embeddable":true,"href":"https:\/\/poliklinika-kantrida-dental.com\/ljekarna\/wp-json\/wp\/v2\/media\/134"}],"wp:attachment":[{"href":"https:\/\/poliklinika-kantrida-dental.com\/ljekarna\/wp-json\/wp\/v2\/media?parent=133"}],"wp:term":[{"taxonomy":"product_brand","embeddable":true,"href":"https:\/\/poliklinika-kantrida-dental.com\/ljekarna\/wp-json\/wp\/v2\/product_brand?post=133"},{"taxonomy":"product_cat","embeddable":true,"href":"https:\/\/poliklinika-kantrida-dental.com\/ljekarna\/wp-json\/wp\/v2\/product_cat?post=133"},{"taxonomy":"product_tag","embeddable":true,"href":"https:\/\/poliklinika-kantrida-dental.com\/ljekarna\/wp-json\/wp\/v2\/product_tag?post=133"}],"curies":[{"name":"wp","href":"https:\/\/api.w.org\/{rel}","templated":true}]}}