{"id":127,"date":"2025-04-24T18:26:30","date_gmt":"2025-04-24T18:26:30","guid":{"rendered":"https:\/\/poliklinika-kantrida-dental.com\/ljekarna\/?post_type=product&#038;p=127"},"modified":"2025-04-24T18:26:31","modified_gmt":"2025-04-24T18:26:31","slug":"celluless","status":"publish","type":"product","link":"https:\/\/poliklinika-kantrida-dental.com\/ljekarna\/product\/celluless\/","title":{"rendered":"Celluless"},"content":{"rendered":"<p class=\"text-body font-regular leading-[24px] pt-[9px] pb-[2px]\" dir=\"ltr\">Celluless je inovativni gel dizajniran da pomogne u borbi protiv celulita, problemati\u010dnog stanja ko\u017ee koje poga\u0111a veliki broj \u017eena. Ovaj proizvod dolazi u obliku laganog gela, koji se jednostavno nanosi na ko\u017eu i brzo upija, pru\u017eaju\u0107i trenutni osje\u0107aj hidratacije i zategnutosti. Celluless je razvijen kako bi omogu\u0107io korisnicima u\u010dinkovit i prakti\u010dan na\u010din za ubla\u017eavanje vidljivosti celulita, bez potrebe za skupim tretmanima ili invazivnim procedurama.<\/p>\n<p class=\"text-body font-regular leading-[24px] pt-[9px] pb-[2px]\" dir=\"ltr\">Zahvaljuju\u0107i svojoj naprednoj formuli, Celluless djeluje na problem iznutra, prodiru\u0107i duboko u slojeve ko\u017ee kako bi tretirao uzrok celulita. Redovnom upotrebom ovog gela mo\u017eete o\u010dekivati ne samo pobolj\u0161anje izgleda ko\u017ee, ve\u0107 i pove\u0107anje samopouzdanja. Celluless je odli\u010dan izbor za sve koji \u017eele brzo i sigurno rje\u0161enje za mek\u0161u, glatkiju i \u010dvr\u0161\u0107u ko\u017eu.<\/p>\n<h2 class=\"font-bold text-h3 leading-[40px] pt-[21px] pb-[2px] [&amp;_a]:underline-offset-[6px] [&amp;_.underline]:underline-offset-[6px]\" dir=\"ltr\">Celluless &#8211; Da li zaista djeluje?<\/h2>\n<p class=\"text-body font-regular leading-[24px] pt-[9px] pb-[2px]\" dir=\"ltr\">Odgovor je jednostavan &#8211; da, Celluless zaista djeluje! Prema iskustvima brojnih korisnika, rezultati su vidljivi ve\u0107 nakon nekoliko sedmica redovne upotrebe. Gel penetrira duboko u ko\u017eu, poma\u017eu\u0107i razgradnju masnih naslaga koje uzrokuju pojavu celulita. Osim \u0161to u\u010dvr\u0161\u0107uje ko\u017eu, Celluless doprinosi pobolj\u0161anju cirkulacije, \u0161to dodatno pospje\u0161uje u\u010dinke tretmana.<\/p>\n<p class=\"text-body font-regular leading-[24px] pt-[9px] pb-[2px]\" dir=\"ltr\">\u0160to Celluless \u010dini posebno isplativim jeste njegova u\u010dinkovitost u doma\u0107im uvjetima, bez potrebe za dodatnim preparatima ili tretmanima. Za razliku od mnogih alternativa, Celluless pru\u017ea mjerljive rezultate uz minimalno ulaganje vremena i truda, \u010dine\u0107i ga idealnim rje\u0161enjem za zauzete \u017eene koje \u017eele posti\u0107i glatku i \u010dvrstu ko\u017eu.<\/p>\n<h2 class=\"font-bold text-h3 leading-[40px] pt-[21px] pb-[2px] [&amp;_a]:underline-offset-[6px] [&amp;_.underline]:underline-offset-[6px]\" dir=\"ltr\">Celluless &#8211; Iskustva Korisnika u Hrvatskoj<\/h2>\n<p class=\"text-body font-regular leading-[24px] pt-[9px] pb-[2px]\" dir=\"ltr\">Korisnici u Hrvatskoj imaju samo rije\u010di hvale za Celluless. Proizvod je postao hit me\u0111u \u017eenama koje \u017eele efikasno rje\u0161enje za celulit.<\/p>\n<ul class=\"pt-[9px] pb-[2px] pl-[24px] list-inside list-disc pt-[5px]\">\n<li class=\"text-body font-regular leading-[24px] my-[5px] [&amp;&gt;ol]:!pt-0 [&amp;&gt;ol]:!pb-0 [&amp;&gt;ul]:!pt-0 [&amp;&gt;ul]:!pb-0\" value=\"1\"><b><strong class=\"font-bold\">Ana, 34, Zagreb<\/strong><\/b> &#8211; &#8220;Nakon dva tjedna kori\u0161tenja Celluless-a, primijetila sam da je moja ko\u017ea vidno glatkija. Isprva sam bila skepti\u010dna, ali rezultati su me odu\u0161evili!&#8221;<\/li>\n<li class=\"text-body font-regular leading-[24px] my-[5px] [&amp;&gt;ol]:!pt-0 [&amp;&gt;ol]:!pb-0 [&amp;&gt;ul]:!pt-0 [&amp;&gt;ul]:!pb-0\" value=\"2\"><b><strong class=\"font-bold\">Ivana, 29, Split<\/strong><\/b> &#8211; &#8220;Celulit na bedrima mi je bio ogroman izvor nesigurnosti. Celluless mi je pomogao da povratim samopouzdanje, i to ve\u0107 nakon mjesec dana kori\u0161tenja.&#8221;<\/li>\n<li class=\"text-body font-regular leading-[24px] my-[5px] [&amp;&gt;ol]:!pt-0 [&amp;&gt;ol]:!pb-0 [&amp;&gt;ul]:!pt-0 [&amp;&gt;ul]:!pb-0\" value=\"3\"><b><strong class=\"font-bold\">Maja, 40, Rijeka<\/strong><\/b> &#8211; &#8220;Proizvod je jednostavan za kori\u0161tenje, a rezultati su nevjerojatni. Preporu\u010dila bih ga svakoj prijateljici.&#8221;<\/li>\n<\/ul>\n<h2 class=\"font-bold text-h3 leading-[40px] pt-[21px] pb-[2px] [&amp;_a]:underline-offset-[6px] [&amp;_.underline]:underline-offset-[6px]\" dir=\"ltr\">Celluless &#8211; Sastav Proizvoda<\/h2>\n<p class=\"text-body font-regular leading-[24px] pt-[9px] pb-[2px]\" dir=\"ltr\">Celluless je formuliran s pa\u017eljivo odabranim sastojcima koji zajedni\u010dki djeluju na smanjenje celulita. Evo pogleda na klju\u010dne komponente ovog proizvoda:<\/p>\n<ul class=\"pt-[9px] pb-[2px] pl-[24px] list-inside list-disc pt-[5px]\">\n<li class=\"text-body font-regular leading-[24px] my-[5px] [&amp;&gt;ol]:!pt-0 [&amp;&gt;ol]:!pb-0 [&amp;&gt;ul]:!pt-0 [&amp;&gt;ul]:!pb-0\" value=\"1\"><b><strong class=\"font-bold\">Kofein<\/strong><\/b> &#8211; Poznat po svojim svojstvima stimulacije cirkulacije i razgradnje masnih stanica.<\/li>\n<li class=\"text-body font-regular leading-[24px] my-[5px] [&amp;&gt;ol]:!pt-0 [&amp;&gt;ol]:!pb-0 [&amp;&gt;ul]:!pt-0 [&amp;&gt;ul]:!pb-0\" value=\"2\"><b><strong class=\"font-bold\">Ekstrakt br\u0161ljana<\/strong><\/b> &#8211; Poma\u017ee u detoksikaciji ko\u017ee i pobolj\u0161ava elasti\u010dnost.<\/li>\n<li class=\"text-body font-regular leading-[24px] my-[5px] [&amp;&gt;ol]:!pt-0 [&amp;&gt;ol]:!pb-0 [&amp;&gt;ul]:!pt-0 [&amp;&gt;ul]:!pb-0\" value=\"3\"><b><strong class=\"font-bold\">Hijaluronska kiselina<\/strong><\/b> &#8211; Intenzivno hidrira ko\u017eu, ostavljaju\u0107i je \u010dvrstom i glatkom.<\/li>\n<li class=\"text-body font-regular leading-[24px] my-[5px] [&amp;&gt;ol]:!pt-0 [&amp;&gt;ol]:!pb-0 [&amp;&gt;ul]:!pt-0 [&amp;&gt;ul]:!pb-0\" value=\"4\"><b><strong class=\"font-bold\">Vitamin E<\/strong><\/b> &#8211; Antioksidans koji \u0161titi ko\u017eu od \u0161tetnih utjecaja i podr\u017eava regeneraciju.<\/li>\n<li class=\"text-body font-regular leading-[24px] my-[5px] [&amp;&gt;ol]:!pt-0 [&amp;&gt;ol]:!pb-0 [&amp;&gt;ul]:!pt-0 [&amp;&gt;ul]:!pb-0\" value=\"5\"><b><strong class=\"font-bold\">Morski kolagen<\/strong><\/b> &#8211; Obnavlja strukturu ko\u017ee, pru\u017eaju\u0107i \u010dvrsto\u0107u i mladala\u010dki izgled.<\/li>\n<\/ul>\n<h2 class=\"font-bold text-h3 leading-[40px] pt-[21px] pb-[2px] [&amp;_a]:underline-offset-[6px] [&amp;_.underline]:underline-offset-[6px]\" dir=\"ltr\">Celluless &#8211; Glavne Prednosti<\/h2>\n<p class=\"text-body font-regular leading-[24px] pt-[9px] pb-[2px]\" dir=\"ltr\">Celluless nudi brojne prednosti koje ga izdvajaju od drugih proizvoda na tr\u017ei\u0161tu:<\/p>\n<ul class=\"pt-[9px] pb-[2px] pl-[24px] list-inside list-disc pt-[5px]\">\n<li class=\"text-body font-regular leading-[24px] my-[5px] [&amp;&gt;ol]:!pt-0 [&amp;&gt;ol]:!pb-0 [&amp;&gt;ul]:!pt-0 [&amp;&gt;ul]:!pb-0\" value=\"1\"><b><strong class=\"font-bold\">Brzo djelovanje<\/strong><\/b> &#8211; Rezultati su vidljivi za samo nekoliko nedelja.<\/li>\n<li class=\"text-body font-regular leading-[24px] my-[5px] [&amp;&gt;ol]:!pt-0 [&amp;&gt;ol]:!pb-0 [&amp;&gt;ul]:!pt-0 [&amp;&gt;ul]:!pb-0\" value=\"2\"><b><strong class=\"font-bold\">Sigurnost<\/strong><\/b> &#8211; Proizvod je dermatolo\u0161ki testiran i siguran za sve tipove ko\u017ee.<\/li>\n<li class=\"text-body font-regular leading-[24px] my-[5px] [&amp;&gt;ol]:!pt-0 [&amp;&gt;ol]:!pb-0 [&amp;&gt;ul]:!pt-0 [&amp;&gt;ul]:!pb-0\" value=\"3\"><b><strong class=\"font-bold\">Diskretnost<\/strong><\/b> &#8211; Jednostavan za upotrebu u privatnosti va\u0161eg doma.<\/li>\n<li class=\"text-body font-regular leading-[24px] my-[5px] [&amp;&gt;ol]:!pt-0 [&amp;&gt;ol]:!pb-0 [&amp;&gt;ul]:!pt-0 [&amp;&gt;ul]:!pb-0\" value=\"4\"><b><strong class=\"font-bold\">Prakti\u010dnost<\/strong><\/b> &#8211; Nema potrebe za dodatnim tretmanima ili skupim proizvodima.<\/li>\n<li class=\"text-body font-regular leading-[24px] my-[5px] [&amp;&gt;ol]:!pt-0 [&amp;&gt;ol]:!pb-0 [&amp;&gt;ul]:!pt-0 [&amp;&gt;ul]:!pb-0\" value=\"5\"><b><strong class=\"font-bold\">Hidratacija<\/strong><\/b> &#8211; Dodatna njega ko\u017ee zahvaljuju\u0107i hidratantnim sastojcima.<\/li>\n<\/ul>\n<h2 class=\"font-bold text-h3 leading-[40px] pt-[21px] pb-[2px] [&amp;_a]:underline-offset-[6px] [&amp;_.underline]:underline-offset-[6px]\" dir=\"ltr\">Gdje Kupiti Celluless? Ljekarna, DM, Nju\u0161kalo<\/h2>\n<p class=\"text-body font-regular leading-[24px] pt-[9px] pb-[2px]\" dir=\"ltr\">Celluless trenutno nije dostupan u DM prodavnicama, na oglasniku Nju\u0161kalo, niti drugim internetskim ljekarnama. Proizvod je u ograni\u010denim koli\u010dinama i dostupan je isklju\u010divo u ljekarnama koje rade izravno s proizvo\u0111a\u010dem. Ove ljekarne imaju ekskluzivni ugovor za opskrbu, \u0161to garantira originalnost proizvoda.<\/p>\n<p class=\"text-body font-regular leading-[24px] pt-[9px] pb-[2px]\" dir=\"ltr\">Ako \u017eelite nabaviti Celluless, jednostavno posjetite na\u0161u ljekarni\u010dku web stranicu, kliknite na gumb &#8220;Naru\u010di&#8221;, ispunite obrazac i odaberite na\u010din dostave i pla\u0107anja. Narud\u017ebe se obi\u010dno isporu\u010duju u roku od 24-72 sata, s opcijom pla\u0107anja prilikom dostave.<\/p>\n<h2 class=\"font-bold text-h3 leading-[40px] pt-[21px] pb-[2px] [&amp;_a]:underline-offset-[6px] [&amp;_.underline]:underline-offset-[6px]\" dir=\"ltr\">Koliko ko\u0161ta Celluless? Cijena<\/h2>\n<p class=\"text-body font-regular leading-[24px] pt-[9px] pb-[2px]\" dir=\"ltr\">Standardna cijena Celluless-a iznosi 78 eura. Me\u0111utim, trenutno na na\u0161oj web stranici nudimo promotivni popust od 50%, tako da sada mo\u017eete nabaviti Celluless za samo 39 eura. Napominjemo, zalihe su ograni\u010dene zbog visoke popularnosti proizvoda. Po\u017eurite i iskoristite ovu ponudu prije nego \u0161to nestane!<\/p>\n<h2 class=\"font-bold text-h3 leading-[40px] pt-[21px] pb-[2px] [&amp;_a]:underline-offset-[6px] [&amp;_.underline]:underline-offset-[6px]\" dir=\"ltr\">Kako se koristi Celluless? Uputstvo za kori\u0161tenje<\/h2>\n<p class=\"text-body font-regular leading-[24px] pt-[9px] pb-[2px]\" dir=\"ltr\">Za najbolje rezultate, pratite sljede\u0107e upute za kori\u0161tenje Celluless-a:<\/p>\n<ol class=\"pt-[9px] pb-[2px] pl-[24px] list-inside list-decimal\">\n<li class=\"text-body font-regular leading-[24px] my-[5px] [&amp;&gt;ol]:!pt-0 [&amp;&gt;ol]:!pb-0 [&amp;&gt;ul]:!pt-0 [&amp;&gt;ul]:!pb-0\" value=\"1\"><b><strong class=\"font-bold\">Pripremite ko\u017eu<\/strong><\/b> &#8211; Operite i osu\u0161ite podru\u010dje ko\u017ee gdje \u0107ete nanijeti gel.<\/li>\n<li class=\"text-body font-regular leading-[24px] my-[5px] [&amp;&gt;ol]:!pt-0 [&amp;&gt;ol]:!pb-0 [&amp;&gt;ul]:!pt-0 [&amp;&gt;ul]:!pb-0\" value=\"2\"><b><strong class=\"font-bold\">Nano\u0161enje<\/strong><\/b> &#8211; Uzmite odgovaraju\u0107u koli\u010dinu gela i nje\u017eno masirajte kru\u017enim pokretima dok se potpuno ne upije.<\/li>\n<li class=\"text-body font-regular leading-[24px] my-[5px] [&amp;&gt;ol]:!pt-0 [&amp;&gt;ol]:!pb-0 [&amp;&gt;ul]:!pt-0 [&amp;&gt;ul]:!pb-0\" value=\"3\"><b><strong class=\"font-bold\">U\u010destalost<\/strong><\/b> &#8211; Koristite gel dvaput dnevno, ujutro i nave\u010der, za optimalne rezultate.<\/li>\n<li class=\"text-body font-regular leading-[24px] my-[5px] [&amp;&gt;ol]:!pt-0 [&amp;&gt;ol]:!pb-0 [&amp;&gt;ul]:!pt-0 [&amp;&gt;ul]:!pb-0\" value=\"4\"><b><strong class=\"font-bold\">Kontinuitet<\/strong><\/b> &#8211; Preporu\u010duje se redovna upotreba tijekom najmanje 4 tjedna.<\/li>\n<\/ol>\n<h2 class=\"font-bold text-h3 leading-[40px] pt-[21px] pb-[2px] [&amp;_a]:underline-offset-[6px] [&amp;_.underline]:underline-offset-[6px]\" dir=\"ltr\">Celluless &#8211; \u010cesto postavljena pitanja<\/h2>\n<p class=\"text-body font-regular leading-[24px] pt-[9px] pb-[2px]\" dir=\"ltr\"><b><strong class=\"font-bold\">Pitanje:<\/strong><\/b> Je li Celluless prikladan za osjetljivu ko\u017eu?<\/p>\n<p class=\"text-body font-regular leading-[24px] pt-[9px] pb-[2px]\" dir=\"ltr\"><b><strong class=\"font-bold\">Odgovor:<\/strong><\/b> Da, Celluless je testiran i siguran za sve tipove ko\u017ee, uklju\u010duju\u0107i osjetljivu.<\/p>\n<p class=\"text-body font-regular leading-[24px] pt-[9px] pb-[2px]\" dir=\"ltr\"><b><strong class=\"font-bold\">Pitanje:<\/strong><\/b> Kada mogu o\u010dekivati rezultate?<\/p>\n<p class=\"text-body font-regular leading-[24px] pt-[9px] pb-[2px]\" dir=\"ltr\"><b><strong class=\"font-bold\">Odgovor:<\/strong><\/b> Ve\u0107ina korisnica primijeti pobolj\u0161anje u teksturi ko\u017ee nakon 2 do 4 tjedna redovne upotrebe.<\/p>\n<p class=\"text-body font-regular leading-[24px] pt-[9px] pb-[2px]\" dir=\"ltr\"><b><strong class=\"font-bold\">Pitanje:<\/strong><\/b> Mogu li koristiti Celluless ako sam trudna?<\/p>\n<p class=\"text-body font-regular leading-[24px] pt-[9px] pb-[2px]\" dir=\"ltr\"><b><strong class=\"font-bold\">Odgovor:<\/strong><\/b> Preporu\u010dujemo da se konzultirate sa svojim ljekarom prije upotrebe bilo kojeg proizvoda tijekom trudno\u0107e.<\/p>\n<p class=\"text-body font-regular leading-[24px] pt-[9px] pb-[2px]\" dir=\"ltr\"><b><strong class=\"font-bold\">Pitanje:<\/strong><\/b> Koliko dugo traje jedna bo\u010dica?<\/p>\n<p class=\"text-body font-regular leading-[24px] pt-[9px] pb-[2px]\" dir=\"ltr\"><b><strong class=\"font-bold\">Odgovor:<\/strong><\/b> Jedna bo\u010dica traje otprilike mjesec dana, ovisno o podru\u010dju primjene.<\/p>\n","protected":false},"excerpt":{"rendered":"<p>Celluless je inovativni gel dizajniran da pomogne u borbi protiv celulita, problemati\u010dnog stanja ko\u017ee koje poga\u0111a veliki broj \u017eena. Ovaj proizvod dolazi u obliku laganog gela, koji se jednostavno nanosi na ko\u017eu i brzo upija, pru\u017eaju\u0107i trenutni osje\u0107aj hidratacije i zategnutosti. Celluless je razvijen kako bi omogu\u0107io korisnicima u\u010dinkovit i prakti\u010dan na\u010din za ubla\u017eavanje vidljivosti [&hellip;]<\/p>\n","protected":false},"featured_media":128,"template":"","meta":{"iawp_total_views":41},"product_brand":[],"product_cat":[18],"product_tag":[],"class_list":{"0":"post-127","1":"product","2":"type-product","3":"status-publish","4":"has-post-thumbnail","6":"product_cat-mrsavljenje","8":"entry","9":"has-media","11":"first","12":"instock","13":"sale","14":"shipping-taxable","15":"purchasable","16":"product-type-simple","17":"has-product-nav","18":"col","19":"span_1_of_3","20":"owp-content-center","21":"owp-thumbs-layout-horizontal","22":"owp-btn-normal","23":"owp-tabs-layout-horizontal","24":"has-no-thumbnails"},"yoast_head":"<!-- This site is optimized with the Yoast SEO plugin v27.6 - https:\/\/yoast.com\/product\/yoast-seo-wordpress\/ -->\n<title>Celluless - Online Trgovina<\/title>\n<meta name=\"robots\" content=\"index, follow, max-snippet:-1, max-image-preview:large, max-video-preview:-1\" \/>\n<link rel=\"canonical\" href=\"https:\/\/poliklinika-kantrida-dental.com\/ljekarna\/product\/celluless\/\" \/>\n<meta property=\"og:locale\" content=\"hr_HR\" \/>\n<meta property=\"og:type\" content=\"article\" \/>\n<meta property=\"og:title\" content=\"Celluless - Online Trgovina\" \/>\n<meta property=\"og:description\" content=\"Celluless je inovativni gel dizajniran da pomogne u borbi protiv celulita, problemati\u010dnog stanja ko\u017ee koje poga\u0111a veliki broj \u017eena. Ovaj proizvod dolazi u obliku laganog gela, koji se jednostavno nanosi na ko\u017eu i brzo upija, pru\u017eaju\u0107i trenutni osje\u0107aj hidratacije i zategnutosti. Celluless je razvijen kako bi omogu\u0107io korisnicima u\u010dinkovit i prakti\u010dan na\u010din za ubla\u017eavanje vidljivosti [&hellip;]\" \/>\n<meta property=\"og:url\" content=\"https:\/\/poliklinika-kantrida-dental.com\/ljekarna\/product\/celluless\/\" \/>\n<meta property=\"og:site_name\" content=\"Online Trgovina\" \/>\n<meta property=\"article:modified_time\" content=\"2025-04-24T18:26:31+00:00\" \/>\n<meta property=\"og:image\" content=\"https:\/\/poliklinika-kantrida-dental.com\/ljekarna\/wp-content\/uploads\/2025\/04\/celluless.jpg\" \/>\n\t<meta property=\"og:image:width\" content=\"250\" \/>\n\t<meta property=\"og:image:height\" content=\"300\" \/>\n\t<meta property=\"og:image:type\" content=\"image\/jpeg\" \/>\n<meta name=\"twitter:card\" content=\"summary_large_image\" \/>\n<meta name=\"twitter:label1\" content=\"Procijenjeno vrijeme \u010ditanja\" \/>\n\t<meta name=\"twitter:data1\" content=\"5 minuta\" \/>\n<script type=\"application\/ld+json\" class=\"yoast-schema-graph\">{\"@context\":\"https:\\\/\\\/schema.org\",\"@graph\":[{\"@type\":\"WebPage\",\"@id\":\"https:\\\/\\\/poliklinika-kantrida-dental.com\\\/ljekarna\\\/product\\\/celluless\\\/\",\"url\":\"https:\\\/\\\/poliklinika-kantrida-dental.com\\\/ljekarna\\\/product\\\/celluless\\\/\",\"name\":\"Celluless - Online Trgovina\",\"isPartOf\":{\"@id\":\"https:\\\/\\\/poliklinika-kantrida-dental.com\\\/ljekarna\\\/#website\"},\"primaryImageOfPage\":{\"@id\":\"https:\\\/\\\/poliklinika-kantrida-dental.com\\\/ljekarna\\\/product\\\/celluless\\\/#primaryimage\"},\"image\":{\"@id\":\"https:\\\/\\\/poliklinika-kantrida-dental.com\\\/ljekarna\\\/product\\\/celluless\\\/#primaryimage\"},\"thumbnailUrl\":\"https:\\\/\\\/poliklinika-kantrida-dental.com\\\/ljekarna\\\/wp-content\\\/uploads\\\/2025\\\/04\\\/celluless.jpg\",\"datePublished\":\"2025-04-24T18:26:30+00:00\",\"dateModified\":\"2025-04-24T18:26:31+00:00\",\"breadcrumb\":{\"@id\":\"https:\\\/\\\/poliklinika-kantrida-dental.com\\\/ljekarna\\\/product\\\/celluless\\\/#breadcrumb\"},\"inLanguage\":\"hr\",\"potentialAction\":[{\"@type\":\"ReadAction\",\"target\":[\"https:\\\/\\\/poliklinika-kantrida-dental.com\\\/ljekarna\\\/product\\\/celluless\\\/\"]}]},{\"@type\":\"ImageObject\",\"inLanguage\":\"hr\",\"@id\":\"https:\\\/\\\/poliklinika-kantrida-dental.com\\\/ljekarna\\\/product\\\/celluless\\\/#primaryimage\",\"url\":\"https:\\\/\\\/poliklinika-kantrida-dental.com\\\/ljekarna\\\/wp-content\\\/uploads\\\/2025\\\/04\\\/celluless.jpg\",\"contentUrl\":\"https:\\\/\\\/poliklinika-kantrida-dental.com\\\/ljekarna\\\/wp-content\\\/uploads\\\/2025\\\/04\\\/celluless.jpg\",\"width\":250,\"height\":300,\"caption\":\"celluless\"},{\"@type\":\"BreadcrumbList\",\"@id\":\"https:\\\/\\\/poliklinika-kantrida-dental.com\\\/ljekarna\\\/product\\\/celluless\\\/#breadcrumb\",\"itemListElement\":[{\"@type\":\"ListItem\",\"position\":1,\"name\":\"Po\u010detna stranica\",\"item\":\"https:\\\/\\\/poliklinika-kantrida-dental.com\\\/ljekarna\\\/\"},{\"@type\":\"ListItem\",\"position\":2,\"name\":\"Proizvodi\",\"item\":\"https:\\\/\\\/poliklinika-kantrida-dental.com\\\/ljekarna\\\/\"},{\"@type\":\"ListItem\",\"position\":3,\"name\":\"Celluless\"}]},{\"@type\":\"WebSite\",\"@id\":\"https:\\\/\\\/poliklinika-kantrida-dental.com\\\/ljekarna\\\/#website\",\"url\":\"https:\\\/\\\/poliklinika-kantrida-dental.com\\\/ljekarna\\\/\",\"name\":\"Online Trgovina\",\"description\":\"\",\"potentialAction\":[{\"@type\":\"SearchAction\",\"target\":{\"@type\":\"EntryPoint\",\"urlTemplate\":\"https:\\\/\\\/poliklinika-kantrida-dental.com\\\/ljekarna\\\/?s={search_term_string}\"},\"query-input\":{\"@type\":\"PropertyValueSpecification\",\"valueRequired\":true,\"valueName\":\"search_term_string\"}}],\"inLanguage\":\"hr\"}]}<\/script>\n<!-- \/ Yoast SEO plugin. -->","yoast_head_json":{"title":"Celluless - Online Trgovina","robots":{"index":"index","follow":"follow","max-snippet":"max-snippet:-1","max-image-preview":"max-image-preview:large","max-video-preview":"max-video-preview:-1"},"canonical":"https:\/\/poliklinika-kantrida-dental.com\/ljekarna\/product\/celluless\/","og_locale":"hr_HR","og_type":"article","og_title":"Celluless - Online Trgovina","og_description":"Celluless je inovativni gel dizajniran da pomogne u borbi protiv celulita, problemati\u010dnog stanja ko\u017ee koje poga\u0111a veliki broj \u017eena. Ovaj proizvod dolazi u obliku laganog gela, koji se jednostavno nanosi na ko\u017eu i brzo upija, pru\u017eaju\u0107i trenutni osje\u0107aj hidratacije i zategnutosti. Celluless je razvijen kako bi omogu\u0107io korisnicima u\u010dinkovit i prakti\u010dan na\u010din za ubla\u017eavanje vidljivosti [&hellip;]","og_url":"https:\/\/poliklinika-kantrida-dental.com\/ljekarna\/product\/celluless\/","og_site_name":"Online Trgovina","article_modified_time":"2025-04-24T18:26:31+00:00","og_image":[{"width":250,"height":300,"url":"https:\/\/poliklinika-kantrida-dental.com\/ljekarna\/wp-content\/uploads\/2025\/04\/celluless.jpg","type":"image\/jpeg"}],"twitter_card":"summary_large_image","twitter_misc":{"Procijenjeno vrijeme \u010ditanja":"5 minuta"},"schema":{"@context":"https:\/\/schema.org","@graph":[{"@type":"WebPage","@id":"https:\/\/poliklinika-kantrida-dental.com\/ljekarna\/product\/celluless\/","url":"https:\/\/poliklinika-kantrida-dental.com\/ljekarna\/product\/celluless\/","name":"Celluless - Online Trgovina","isPartOf":{"@id":"https:\/\/poliklinika-kantrida-dental.com\/ljekarna\/#website"},"primaryImageOfPage":{"@id":"https:\/\/poliklinika-kantrida-dental.com\/ljekarna\/product\/celluless\/#primaryimage"},"image":{"@id":"https:\/\/poliklinika-kantrida-dental.com\/ljekarna\/product\/celluless\/#primaryimage"},"thumbnailUrl":"https:\/\/poliklinika-kantrida-dental.com\/ljekarna\/wp-content\/uploads\/2025\/04\/celluless.jpg","datePublished":"2025-04-24T18:26:30+00:00","dateModified":"2025-04-24T18:26:31+00:00","breadcrumb":{"@id":"https:\/\/poliklinika-kantrida-dental.com\/ljekarna\/product\/celluless\/#breadcrumb"},"inLanguage":"hr","potentialAction":[{"@type":"ReadAction","target":["https:\/\/poliklinika-kantrida-dental.com\/ljekarna\/product\/celluless\/"]}]},{"@type":"ImageObject","inLanguage":"hr","@id":"https:\/\/poliklinika-kantrida-dental.com\/ljekarna\/product\/celluless\/#primaryimage","url":"https:\/\/poliklinika-kantrida-dental.com\/ljekarna\/wp-content\/uploads\/2025\/04\/celluless.jpg","contentUrl":"https:\/\/poliklinika-kantrida-dental.com\/ljekarna\/wp-content\/uploads\/2025\/04\/celluless.jpg","width":250,"height":300,"caption":"celluless"},{"@type":"BreadcrumbList","@id":"https:\/\/poliklinika-kantrida-dental.com\/ljekarna\/product\/celluless\/#breadcrumb","itemListElement":[{"@type":"ListItem","position":1,"name":"Po\u010detna stranica","item":"https:\/\/poliklinika-kantrida-dental.com\/ljekarna\/"},{"@type":"ListItem","position":2,"name":"Proizvodi","item":"https:\/\/poliklinika-kantrida-dental.com\/ljekarna\/"},{"@type":"ListItem","position":3,"name":"Celluless"}]},{"@type":"WebSite","@id":"https:\/\/poliklinika-kantrida-dental.com\/ljekarna\/#website","url":"https:\/\/poliklinika-kantrida-dental.com\/ljekarna\/","name":"Online Trgovina","description":"","potentialAction":[{"@type":"SearchAction","target":{"@type":"EntryPoint","urlTemplate":"https:\/\/poliklinika-kantrida-dental.com\/ljekarna\/?s={search_term_string}"},"query-input":{"@type":"PropertyValueSpecification","valueRequired":true,"valueName":"search_term_string"}}],"inLanguage":"hr"}]}},"_links":{"self":[{"href":"https:\/\/poliklinika-kantrida-dental.com\/ljekarna\/wp-json\/wp\/v2\/product\/127","targetHints":{"allow":["GET"]}}],"collection":[{"href":"https:\/\/poliklinika-kantrida-dental.com\/ljekarna\/wp-json\/wp\/v2\/product"}],"about":[{"href":"https:\/\/poliklinika-kantrida-dental.com\/ljekarna\/wp-json\/wp\/v2\/types\/product"}],"wp:featuredmedia":[{"embeddable":true,"href":"https:\/\/poliklinika-kantrida-dental.com\/ljekarna\/wp-json\/wp\/v2\/media\/128"}],"wp:attachment":[{"href":"https:\/\/poliklinika-kantrida-dental.com\/ljekarna\/wp-json\/wp\/v2\/media?parent=127"}],"wp:term":[{"taxonomy":"product_brand","embeddable":true,"href":"https:\/\/poliklinika-kantrida-dental.com\/ljekarna\/wp-json\/wp\/v2\/product_brand?post=127"},{"taxonomy":"product_cat","embeddable":true,"href":"https:\/\/poliklinika-kantrida-dental.com\/ljekarna\/wp-json\/wp\/v2\/product_cat?post=127"},{"taxonomy":"product_tag","embeddable":true,"href":"https:\/\/poliklinika-kantrida-dental.com\/ljekarna\/wp-json\/wp\/v2\/product_tag?post=127"}],"curies":[{"name":"wp","href":"https:\/\/api.w.org\/{rel}","templated":true}]}}