{"id":110,"date":"2025-04-21T16:11:07","date_gmt":"2025-04-21T16:11:07","guid":{"rendered":"https:\/\/poliklinika-kantrida-dental.com\/ljekarna\/?post_type=product&#038;p=110"},"modified":"2025-11-20T16:17:21","modified_gmt":"2025-11-20T16:17:21","slug":"hondro-sol","status":"publish","type":"product","link":"https:\/\/poliklinika-kantrida-dental.com\/ljekarna\/product\/hondro-sol\/","title":{"rendered":"Hondro Sol"},"content":{"rendered":"<p class=\"text-body font-regular leading-[24px] pt-[9px] pb-[2px]\" dir=\"ltr\">Hondro Sol je inovativni sprej osmi\u0161ljen kao pomo\u0107 u borbi protiv bolova u zglobovima. Savr\u0161eno je rje\u0161enje za sve one koji tra\u017ee u\u010dinkovit i prakti\u010dan na\u010din za pobolj\u0161anje pokretljivosti i kvalitete \u017eivota. Ovaj proizvod dolazi u obliku laganog spreja koji omogu\u0107ava jednostavno nano\u0161enje izravno na bolno mjesto. Zahvaljuju\u0107i svojoj formuli, brzo prodire u problemati\u010dno podru\u010dje i donosi olak\u0161anje ve\u0107 nakon prve primjene.<\/p>\n<p class=\"text-body font-regular leading-[24px] pt-[9px] pb-[2px]\" dir=\"ltr\">Ono \u0161to Hondro Sol \u010dini posebnim jeste njegova u\u010dinkovitost i prakti\u010dni oblik pakiranja koji mo\u017eete ponijeti sa sobom bilo gdje. Da li se radi o svakodnevnoj upotrebi kod ku\u0107e ili brzom rje\u0161enju dok ste na putu, Hondro Sol je tu da vam pomogne. Njegova jedinstvena formula u\u010dinila ga je popularnim izborom kod korisnika koji \u017eele djelotvoran i siguran na\u010din da podr\u017ee zdravlje svojih zglobova.<\/p>\n<h2 class=\"font-bold text-h3 leading-[40px] pt-[21px] pb-[2px] [&amp;_a]:underline-offset-[6px] [&amp;_.underline]:underline-offset-[6px]\" dir=\"ltr\">Hondro Sol &#8211; Da li zaista djeluje?<\/h2>\n<p class=\"text-body font-regular leading-[24px] pt-[9px] pb-[2px]\" dir=\"ltr\">Odgovor je da! Hondro Sol zaista djeluje i brzo pokazuje rezultate. Djeluje tako \u0161to duboko prodire u tkiva, smanjuje upalu i poma\u017ee kod regeneracije zglobova. Mnogi korisnici hvale brzo djelovanje, jer olak\u0161anje dolazi ve\u0107 u prvim satima nakon primjene. Uz to, redovita upotreba mo\u017ee pomo\u0107i u dugoro\u010dnom pobolj\u0161anju pokretljivosti i smanjenju nelagode.<\/p>\n<p class=\"text-body font-regular leading-[24px] pt-[9px] pb-[2px]\" dir=\"ltr\">Ono \u0161to dodatno izdvaja Hondro Sol jeste njegova isplativost. U usporedbi s drugim metodama koje zahtijevaju vi\u0161e truda i ulaganja, ovaj sprej nudi jednostavno i u\u010dinkovito rje\u0161enje koje odgovara svakodnevnim potrebama korisnika.<\/p>\n<h2 class=\"font-bold text-h3 leading-[40px] pt-[21px] pb-[2px] [&amp;_a]:underline-offset-[6px] [&amp;_.underline]:underline-offset-[6px]\" dir=\"ltr\">Hondro Sol &#8211; Iskustva korisnika u Hrvatskoj<\/h2>\n<p class=\"text-body font-regular leading-[24px] pt-[9px] pb-[2px]\" dir=\"ltr\">Zadovoljstvo korisnika dodatno potvr\u0111uje popularnost ovog proizvoda u Hrvatskoj. Evo nekoliko stvarnih recenzija koje svjedo\u010de o u\u010dinkovitosti Hondro Sol -a:<\/p>\n<ul class=\"pt-[9px] pb-[2px] pl-[24px] list-inside list-disc pt-[5px]\">\n<li class=\"text-body font-regular leading-[24px] my-[5px] [&amp;&gt;ol]:!pt-0 [&amp;&gt;ol]:!pb-0 [&amp;&gt;ul]:!pt-0 [&amp;&gt;ul]:!pb-0\" value=\"1\"><b><strong class=\"font-bold\">Marija (45), Split:<\/strong><\/b> &#8220;Bolovi u koljenima postali su svakodnevni problem, ali Hondro Sol je u\u010dinio \u010dudo. Jednostavan je za upotrebu, a olak\u0161anje dolazi gotovo odmah!&#8221;<\/li>\n<li class=\"text-body font-regular leading-[24px] my-[5px] [&amp;&gt;ol]:!pt-0 [&amp;&gt;ol]:!pb-0 [&amp;&gt;ul]:!pt-0 [&amp;&gt;ul]:!pb-0\" value=\"2\"><b><strong class=\"font-bold\">Ivan (52), Zagreb:<\/strong><\/b> &#8220;Nakon godina rada u gra\u0111evini, osje\u0107ao sam bol u donjem dijelu le\u0111a. Otkad koristim Hondro Sol osje\u0107am se bolje i pokretljivost mi se znatno pobolj\u0161ala.&#8221;<\/li>\n<li class=\"text-body font-regular leading-[24px] my-[5px] [&amp;&gt;ol]:!pt-0 [&amp;&gt;ol]:!pb-0 [&amp;&gt;ul]:!pt-0 [&amp;&gt;ul]:!pb-0\" value=\"3\"><b><strong class=\"font-bold\">Ana (39), Rijeka:<\/strong><\/b> &#8220;Ovaj sprej mi je preporu\u010dila prijateljica. Iskreno, nisam o\u010dekivala ovakve rezultate. Nakon prvog tjedna kori\u0161tenja, osjetila sam ogromnu razliku!&#8221;<\/li>\n<\/ul>\n<h2 class=\"font-bold text-h3 leading-[40px] pt-[21px] pb-[2px] [&amp;_a]:underline-offset-[6px] [&amp;_.underline]:underline-offset-[6px]\" dir=\"ltr\">Hondro Sol &#8211; Sastav Proizvoda<\/h2>\n<p class=\"text-body font-regular leading-[24px] pt-[9px] pb-[2px]\" dir=\"ltr\">Hondro Sol se sastoji od pa\u017eljivo biranih sastojaka koji sinergijski djeluju na zdravlje zglobova. Evo detaljnog pregleda glavnih sastojaka:<\/p>\n<ul class=\"pt-[9px] pb-[2px] pl-[24px] list-inside list-disc pt-[5px]\">\n<li class=\"text-body font-regular leading-[24px] my-[5px] [&amp;&gt;ol]:!pt-0 [&amp;&gt;ol]:!pb-0 [&amp;&gt;ul]:!pt-0 [&amp;&gt;ul]:!pb-0\" value=\"1\"><b><strong class=\"font-bold\">Glukozamin:<\/strong><\/b> Poma\u017ee u obnovi o\u0161te\u0107enog tkiva i zglobne hrskavice.<\/li>\n<li class=\"text-body font-regular leading-[24px] my-[5px] [&amp;&gt;ol]:!pt-0 [&amp;&gt;ol]:!pb-0 [&amp;&gt;ul]:!pt-0 [&amp;&gt;ul]:!pb-0\" value=\"2\"><b><strong class=\"font-bold\">Kondroitin:<\/strong><\/b> Ubla\u017eava bol i upalu, te pove\u0107ava elasti\u010dnost zglobova.<\/li>\n<li class=\"text-body font-regular leading-[24px] my-[5px] [&amp;&gt;ol]:!pt-0 [&amp;&gt;ol]:!pb-0 [&amp;&gt;ul]:!pt-0 [&amp;&gt;ul]:!pb-0\" value=\"3\"><b><strong class=\"font-bold\">Ulje eukaliptusa:<\/strong><\/b> Poznato po svojim protuupalnim svojstvima. Pru\u017ea osje\u0107aj hla\u0111enja i olak\u0161anja.<\/li>\n<li class=\"text-body font-regular leading-[24px] my-[5px] [&amp;&gt;ol]:!pt-0 [&amp;&gt;ol]:!pb-0 [&amp;&gt;ul]:!pt-0 [&amp;&gt;ul]:!pb-0\" value=\"4\"><b><strong class=\"font-bold\">Mentol:<\/strong><\/b> Brzo osvje\u017eava i pru\u017ea trenuta\u010dno olak\u0161anje od bola.<\/li>\n<li class=\"text-body font-regular leading-[24px] my-[5px] [&amp;&gt;ol]:!pt-0 [&amp;&gt;ol]:!pb-0 [&amp;&gt;ul]:!pt-0 [&amp;&gt;ul]:!pb-0\" value=\"5\"><b><strong class=\"font-bold\">Vitamin E:<\/strong><\/b> Sna\u017ean antioksidans koji poma\u017ee u za\u0161titi stanica od o\u0161te\u0107enja.<\/li>\n<\/ul>\n<p class=\"text-body font-regular leading-[24px] pt-[9px] pb-[2px]\" dir=\"ltr\">Ovi sastojci \u010dine Hondro Sol mo\u0107nim saveznikom u borbi protiv bolova u zglobovima i nelagode.<\/p>\n<h2 class=\"font-bold text-h3 leading-[40px] pt-[21px] pb-[2px] [&amp;_a]:underline-offset-[6px] [&amp;_.underline]:underline-offset-[6px]\" dir=\"ltr\">Hondro Sol &#8211; Glavne Prednosti<\/h2>\n<p class=\"text-body font-regular leading-[24px] pt-[9px] pb-[2px]\" dir=\"ltr\">Kori\u0161tenje Hondro Sol -a donosi brojne prednosti, me\u0111u kojima se isti\u010du:<\/p>\n<ul class=\"pt-[9px] pb-[2px] pl-[24px] list-inside list-disc pt-[5px]\">\n<li class=\"text-body font-regular leading-[24px] my-[5px] [&amp;&gt;ol]:!pt-0 [&amp;&gt;ol]:!pb-0 [&amp;&gt;ul]:!pt-0 [&amp;&gt;ul]:!pb-0\" value=\"1\"><b><strong class=\"font-bold\">Brzo djelovanje:<\/strong><\/b> Olak\u0161anje dolazi ve\u0107 nakon prvih primjena.<\/li>\n<li class=\"text-body font-regular leading-[24px] my-[5px] [&amp;&gt;ol]:!pt-0 [&amp;&gt;ol]:!pb-0 [&amp;&gt;ul]:!pt-0 [&amp;&gt;ul]:!pb-0\" value=\"2\"><b><strong class=\"font-bold\">Jednostavnost upotrebe:<\/strong><\/b> Sprej aplikacija omogu\u0107ava prakti\u010dno i ciljano nano\u0161enje.<\/li>\n<li class=\"text-body font-regular leading-[24px] my-[5px] [&amp;&gt;ol]:!pt-0 [&amp;&gt;ol]:!pb-0 [&amp;&gt;ul]:!pt-0 [&amp;&gt;ul]:!pb-0\" value=\"3\"><b><strong class=\"font-bold\">Sigurnost i prirodnost:<\/strong><\/b> Napravljen od kvalitetnih i sigurnih sastojaka.<\/li>\n<li class=\"text-body font-regular leading-[24px] my-[5px] [&amp;&gt;ol]:!pt-0 [&amp;&gt;ol]:!pb-0 [&amp;&gt;ul]:!pt-0 [&amp;&gt;ul]:!pb-0\" value=\"4\"><b><strong class=\"font-bold\">Diskretnost:<\/strong><\/b> Mo\u017eete ga nositi sa sobom i koristiti bilo gdje, bez ne\u017eeljenih pogleda.<\/li>\n<li class=\"text-body font-regular leading-[24px] my-[5px] [&amp;&gt;ol]:!pt-0 [&amp;&gt;ol]:!pb-0 [&amp;&gt;ul]:!pt-0 [&amp;&gt;ul]:!pb-0\" value=\"5\"><b><strong class=\"font-bold\">Pogodan za sve uzraste:<\/strong><\/b> Idealan je i za mla\u0111e i za starije osobe.<\/li>\n<\/ul>\n<h2 class=\"font-bold text-h3 leading-[40px] pt-[21px] pb-[2px] [&amp;_a]:underline-offset-[6px] [&amp;_.underline]:underline-offset-[6px]\" dir=\"ltr\">Gdje kupiti Hondro Sol? Ljekarna, DM, Nju\u0161kalo<\/h2>\n<p class=\"ds-markdown-paragraph\">Hondro Sol trenutno nije dostupan u DM-u, Nju\u0161kalu ili drugim internetskim trgovinama. Proizvod je dostupan u ograni\u010denim koli\u010dinama isklju\u010divo putem slu\u017ebene web stranice proizvo\u0111a\u010da.<\/p>\n<p class=\"ds-markdown-paragraph\">Da biste osigurali originalni proizvod, Hondro Sol mo\u017eete naru\u010diti isklju\u010divo putem slu\u017ebene web stranice proizvo\u0111a\u010da. Kliknite gumb &#8220;Naru\u010di&#8221;, ispunite obrazac i odaberite na\u010din dostave i pla\u0107anja koji vam najvi\u0161e odgovara. Narud\u017eba \u0107e vam biti dostavljena u roku od 24 do 72 sata, a pla\u0107anje vr\u0161ite tek po primitku proizvoda.<\/p>\n<h2 class=\"font-bold text-h3 leading-[40px] pt-[21px] pb-[2px] [&amp;_a]:underline-offset-[6px] [&amp;_.underline]:underline-offset-[6px]\" dir=\"ltr\">Koliko ko\u0161ta Hondro Sol? Cijena<\/h2>\n<p class=\"ds-markdown-paragraph\">Standardna cijena Hondro Sola je 78 eura. No, trenutno traje posebna promocija na slu\u017ebenoj web stranici proizvo\u0111a\u010da, gdje mo\u017eete ostvariti 50% popusta i nabaviti ga za samo 39 eura!<\/p>\n<p class=\"ds-markdown-paragraph\">Imajte na umu da je ova ponuda ograni\u010dena zbog velike potra\u017enje. Stoga, ukoliko \u017eelite iskoristiti ovu akciju, preporu\u010dujemo da po\u017eurite s narud\u017ebom.<\/p>\n<h2 class=\"font-bold text-h3 leading-[40px] pt-[21px] pb-[2px] [&amp;_a]:underline-offset-[6px] [&amp;_.underline]:underline-offset-[6px]\" dir=\"ltr\">Kako se koristi Hondro Sol? Uputstvo za kori\u0161tenje<\/h2>\n<p class=\"text-body font-regular leading-[24px] pt-[9px] pb-[2px]\" dir=\"ltr\">Kori\u0161tenje Hondro Sol -a je jednostavno i prakti\u010dno. Slijedite ove korake za najbolje rezultate:<\/p>\n<ol class=\"pt-[9px] pb-[2px] pl-[24px] list-inside list-decimal\">\n<li class=\"text-body font-regular leading-[24px] my-[5px] [&amp;&gt;ol]:!pt-0 [&amp;&gt;ol]:!pb-0 [&amp;&gt;ul]:!pt-0 [&amp;&gt;ul]:!pb-0\" value=\"1\">O\u010distite i osu\u0161ite podru\u010dje na koje \u017eelite nanijeti proizvod.<\/li>\n<li class=\"text-body font-regular leading-[24px] my-[5px] [&amp;&gt;ol]:!pt-0 [&amp;&gt;ol]:!pb-0 [&amp;&gt;ul]:!pt-0 [&amp;&gt;ul]:!pb-0\" value=\"2\">Sprej ravnomjerno rasporedite na bolno mjesto s udaljenosti od 10-15 cm.<\/li>\n<li class=\"text-body font-regular leading-[24px] my-[5px] [&amp;&gt;ol]:!pt-0 [&amp;&gt;ol]:!pb-0 [&amp;&gt;ul]:!pt-0 [&amp;&gt;ul]:!pb-0\" value=\"3\">Lagano umasirajte kako bi se proizvod potpuno apsorbirao.<\/li>\n<li class=\"text-body font-regular leading-[24px] my-[5px] [&amp;&gt;ol]:!pt-0 [&amp;&gt;ol]:!pb-0 [&amp;&gt;ul]:!pt-0 [&amp;&gt;ul]:!pb-0\" value=\"4\">Koristite 2-3 puta dnevno za optimalne rezultate.<\/li>\n<\/ol>\n<p class=\"text-body font-regular leading-[24px] pt-[9px] pb-[2px]\" dir=\"ltr\">Savjetujemo redovitu upotrebu kako biste osigurali dugotrajne u\u010dinke i maksimalnu korist.<\/p>\n<h2 class=\"font-bold text-h3 leading-[40px] pt-[21px] pb-[2px] [&amp;_a]:underline-offset-[6px] [&amp;_.underline]:underline-offset-[6px]\" dir=\"ltr\">Hondro Sol &#8211; \u010cesto postavljena pitanja<\/h2>\n<p class=\"text-body font-regular leading-[24px] pt-[9px] pb-[2px]\" dir=\"ltr\"><b><strong class=\"font-bold\">Da li je proizvod siguran za svakodnevnu upotrebu?<\/strong><\/b><\/p>\n<p class=\"text-body font-regular leading-[24px] pt-[9px] pb-[2px]\" dir=\"ltr\">Apsolutno! Hondro Sol je izra\u0111en od sigurnih i testiranih sastojaka pogodnih za svakodnevno kori\u0161tenje.<\/p>\n<p class=\"text-body font-regular leading-[24px] pt-[9px] pb-[2px]\" dir=\"ltr\"><b><strong class=\"font-bold\">Mogu li ga koristiti trudnice ili dojilje?<\/strong><\/b><\/p>\n<p class=\"text-body font-regular leading-[24px] pt-[9px] pb-[2px]\" dir=\"ltr\">Preporu\u010dujemo konzultiranje s lije\u010dnikom prije upotrebe.<\/p>\n<p class=\"text-body font-regular leading-[24px] pt-[9px] pb-[2px]\" dir=\"ltr\"><b><strong class=\"font-bold\">Koliko traje jedno pakiranje?<\/strong><\/b><\/p>\n<p class=\"text-body font-regular leading-[24px] pt-[9px] pb-[2px]\" dir=\"ltr\">Jedno pakiranje mo\u017ee trajati do mjesec dana, ovisno o u\u010destalosti kori\u0161tenja.<\/p>\n","protected":false},"excerpt":{"rendered":"<p>Hondro Sol je inovativni sprej osmi\u0161ljen kao pomo\u0107 u borbi protiv bolova u zglobovima. Savr\u0161eno je rje\u0161enje za sve one koji tra\u017ee u\u010dinkovit i prakti\u010dan na\u010din za pobolj\u0161anje pokretljivosti i kvalitete \u017eivota. Ovaj proizvod dolazi u obliku laganog spreja koji omogu\u0107ava jednostavno nano\u0161enje izravno na bolno mjesto. Zahvaljuju\u0107i svojoj formuli, brzo prodire u problemati\u010dno podru\u010dje [&hellip;]<\/p>\n","protected":false},"featured_media":111,"template":"","meta":{"iawp_total_views":1259},"product_brand":[],"product_cat":[15],"product_tag":[],"class_list":{"0":"post-110","1":"product","2":"type-product","3":"status-publish","4":"has-post-thumbnail","6":"product_cat-zdravlje","8":"entry","9":"has-media","11":"first","12":"instock","13":"sale","14":"shipping-taxable","15":"product-type-external","16":"has-product-nav","17":"col","18":"span_1_of_3","19":"owp-content-center","20":"owp-thumbs-layout-horizontal","21":"owp-btn-normal","22":"owp-tabs-layout-horizontal","23":"has-no-thumbnails"},"yoast_head":"<!-- This site is optimized with the Yoast SEO plugin v27.6 - https:\/\/yoast.com\/product\/yoast-seo-wordpress\/ -->\n<title>Hondro Sol - Online Trgovina<\/title>\n<meta name=\"robots\" content=\"index, follow, max-snippet:-1, max-image-preview:large, max-video-preview:-1\" \/>\n<link rel=\"canonical\" href=\"https:\/\/poliklinika-kantrida-dental.com\/ljekarna\/product\/hondro-sol\/\" \/>\n<meta property=\"og:locale\" content=\"hr_HR\" \/>\n<meta property=\"og:type\" content=\"article\" \/>\n<meta property=\"og:title\" content=\"Hondro Sol - Online Trgovina\" \/>\n<meta property=\"og:description\" content=\"Hondro Sol je inovativni sprej osmi\u0161ljen kao pomo\u0107 u borbi protiv bolova u zglobovima. Savr\u0161eno je rje\u0161enje za sve one koji tra\u017ee u\u010dinkovit i prakti\u010dan na\u010din za pobolj\u0161anje pokretljivosti i kvalitete \u017eivota. Ovaj proizvod dolazi u obliku laganog spreja koji omogu\u0107ava jednostavno nano\u0161enje izravno na bolno mjesto. Zahvaljuju\u0107i svojoj formuli, brzo prodire u problemati\u010dno podru\u010dje [&hellip;]\" \/>\n<meta property=\"og:url\" content=\"https:\/\/poliklinika-kantrida-dental.com\/ljekarna\/product\/hondro-sol\/\" \/>\n<meta property=\"og:site_name\" content=\"Online Trgovina\" \/>\n<meta property=\"article:modified_time\" content=\"2025-11-20T16:17:21+00:00\" \/>\n<meta property=\"og:image\" content=\"https:\/\/poliklinika-kantrida-dental.com\/ljekarna\/wp-content\/uploads\/2025\/04\/hondro-sol.jpg\" \/>\n\t<meta property=\"og:image:width\" content=\"250\" \/>\n\t<meta property=\"og:image:height\" content=\"300\" \/>\n\t<meta property=\"og:image:type\" content=\"image\/jpeg\" \/>\n<meta name=\"twitter:card\" content=\"summary_large_image\" \/>\n<meta name=\"twitter:label1\" content=\"Procijenjeno vrijeme \u010ditanja\" \/>\n\t<meta name=\"twitter:data1\" content=\"5 minuta\" \/>\n<script type=\"application\/ld+json\" class=\"yoast-schema-graph\">{\"@context\":\"https:\\\/\\\/schema.org\",\"@graph\":[{\"@type\":\"WebPage\",\"@id\":\"https:\\\/\\\/poliklinika-kantrida-dental.com\\\/ljekarna\\\/product\\\/hondro-sol\\\/\",\"url\":\"https:\\\/\\\/poliklinika-kantrida-dental.com\\\/ljekarna\\\/product\\\/hondro-sol\\\/\",\"name\":\"Hondro Sol - Online Trgovina\",\"isPartOf\":{\"@id\":\"https:\\\/\\\/poliklinika-kantrida-dental.com\\\/ljekarna\\\/#website\"},\"primaryImageOfPage\":{\"@id\":\"https:\\\/\\\/poliklinika-kantrida-dental.com\\\/ljekarna\\\/product\\\/hondro-sol\\\/#primaryimage\"},\"image\":{\"@id\":\"https:\\\/\\\/poliklinika-kantrida-dental.com\\\/ljekarna\\\/product\\\/hondro-sol\\\/#primaryimage\"},\"thumbnailUrl\":\"https:\\\/\\\/poliklinika-kantrida-dental.com\\\/ljekarna\\\/wp-content\\\/uploads\\\/2025\\\/04\\\/hondro-sol.jpg\",\"datePublished\":\"2025-04-21T16:11:07+00:00\",\"dateModified\":\"2025-11-20T16:17:21+00:00\",\"breadcrumb\":{\"@id\":\"https:\\\/\\\/poliklinika-kantrida-dental.com\\\/ljekarna\\\/product\\\/hondro-sol\\\/#breadcrumb\"},\"inLanguage\":\"hr\",\"potentialAction\":[{\"@type\":\"ReadAction\",\"target\":[\"https:\\\/\\\/poliklinika-kantrida-dental.com\\\/ljekarna\\\/product\\\/hondro-sol\\\/\"]}]},{\"@type\":\"ImageObject\",\"inLanguage\":\"hr\",\"@id\":\"https:\\\/\\\/poliklinika-kantrida-dental.com\\\/ljekarna\\\/product\\\/hondro-sol\\\/#primaryimage\",\"url\":\"https:\\\/\\\/poliklinika-kantrida-dental.com\\\/ljekarna\\\/wp-content\\\/uploads\\\/2025\\\/04\\\/hondro-sol.jpg\",\"contentUrl\":\"https:\\\/\\\/poliklinika-kantrida-dental.com\\\/ljekarna\\\/wp-content\\\/uploads\\\/2025\\\/04\\\/hondro-sol.jpg\",\"width\":250,\"height\":300,\"caption\":\"hondro sol\"},{\"@type\":\"BreadcrumbList\",\"@id\":\"https:\\\/\\\/poliklinika-kantrida-dental.com\\\/ljekarna\\\/product\\\/hondro-sol\\\/#breadcrumb\",\"itemListElement\":[{\"@type\":\"ListItem\",\"position\":1,\"name\":\"Po\u010detna stranica\",\"item\":\"https:\\\/\\\/poliklinika-kantrida-dental.com\\\/ljekarna\\\/\"},{\"@type\":\"ListItem\",\"position\":2,\"name\":\"Proizvodi\",\"item\":\"https:\\\/\\\/poliklinika-kantrida-dental.com\\\/ljekarna\\\/\"},{\"@type\":\"ListItem\",\"position\":3,\"name\":\"Hondro Sol\"}]},{\"@type\":\"WebSite\",\"@id\":\"https:\\\/\\\/poliklinika-kantrida-dental.com\\\/ljekarna\\\/#website\",\"url\":\"https:\\\/\\\/poliklinika-kantrida-dental.com\\\/ljekarna\\\/\",\"name\":\"Online Trgovina\",\"description\":\"\",\"potentialAction\":[{\"@type\":\"SearchAction\",\"target\":{\"@type\":\"EntryPoint\",\"urlTemplate\":\"https:\\\/\\\/poliklinika-kantrida-dental.com\\\/ljekarna\\\/?s={search_term_string}\"},\"query-input\":{\"@type\":\"PropertyValueSpecification\",\"valueRequired\":true,\"valueName\":\"search_term_string\"}}],\"inLanguage\":\"hr\"}]}<\/script>\n<!-- \/ Yoast SEO plugin. -->","yoast_head_json":{"title":"Hondro Sol - Online Trgovina","robots":{"index":"index","follow":"follow","max-snippet":"max-snippet:-1","max-image-preview":"max-image-preview:large","max-video-preview":"max-video-preview:-1"},"canonical":"https:\/\/poliklinika-kantrida-dental.com\/ljekarna\/product\/hondro-sol\/","og_locale":"hr_HR","og_type":"article","og_title":"Hondro Sol - Online Trgovina","og_description":"Hondro Sol je inovativni sprej osmi\u0161ljen kao pomo\u0107 u borbi protiv bolova u zglobovima. Savr\u0161eno je rje\u0161enje za sve one koji tra\u017ee u\u010dinkovit i prakti\u010dan na\u010din za pobolj\u0161anje pokretljivosti i kvalitete \u017eivota. Ovaj proizvod dolazi u obliku laganog spreja koji omogu\u0107ava jednostavno nano\u0161enje izravno na bolno mjesto. Zahvaljuju\u0107i svojoj formuli, brzo prodire u problemati\u010dno podru\u010dje [&hellip;]","og_url":"https:\/\/poliklinika-kantrida-dental.com\/ljekarna\/product\/hondro-sol\/","og_site_name":"Online Trgovina","article_modified_time":"2025-11-20T16:17:21+00:00","og_image":[{"width":250,"height":300,"url":"https:\/\/poliklinika-kantrida-dental.com\/ljekarna\/wp-content\/uploads\/2025\/04\/hondro-sol.jpg","type":"image\/jpeg"}],"twitter_card":"summary_large_image","twitter_misc":{"Procijenjeno vrijeme \u010ditanja":"5 minuta"},"schema":{"@context":"https:\/\/schema.org","@graph":[{"@type":"WebPage","@id":"https:\/\/poliklinika-kantrida-dental.com\/ljekarna\/product\/hondro-sol\/","url":"https:\/\/poliklinika-kantrida-dental.com\/ljekarna\/product\/hondro-sol\/","name":"Hondro Sol - Online Trgovina","isPartOf":{"@id":"https:\/\/poliklinika-kantrida-dental.com\/ljekarna\/#website"},"primaryImageOfPage":{"@id":"https:\/\/poliklinika-kantrida-dental.com\/ljekarna\/product\/hondro-sol\/#primaryimage"},"image":{"@id":"https:\/\/poliklinika-kantrida-dental.com\/ljekarna\/product\/hondro-sol\/#primaryimage"},"thumbnailUrl":"https:\/\/poliklinika-kantrida-dental.com\/ljekarna\/wp-content\/uploads\/2025\/04\/hondro-sol.jpg","datePublished":"2025-04-21T16:11:07+00:00","dateModified":"2025-11-20T16:17:21+00:00","breadcrumb":{"@id":"https:\/\/poliklinika-kantrida-dental.com\/ljekarna\/product\/hondro-sol\/#breadcrumb"},"inLanguage":"hr","potentialAction":[{"@type":"ReadAction","target":["https:\/\/poliklinika-kantrida-dental.com\/ljekarna\/product\/hondro-sol\/"]}]},{"@type":"ImageObject","inLanguage":"hr","@id":"https:\/\/poliklinika-kantrida-dental.com\/ljekarna\/product\/hondro-sol\/#primaryimage","url":"https:\/\/poliklinika-kantrida-dental.com\/ljekarna\/wp-content\/uploads\/2025\/04\/hondro-sol.jpg","contentUrl":"https:\/\/poliklinika-kantrida-dental.com\/ljekarna\/wp-content\/uploads\/2025\/04\/hondro-sol.jpg","width":250,"height":300,"caption":"hondro sol"},{"@type":"BreadcrumbList","@id":"https:\/\/poliklinika-kantrida-dental.com\/ljekarna\/product\/hondro-sol\/#breadcrumb","itemListElement":[{"@type":"ListItem","position":1,"name":"Po\u010detna stranica","item":"https:\/\/poliklinika-kantrida-dental.com\/ljekarna\/"},{"@type":"ListItem","position":2,"name":"Proizvodi","item":"https:\/\/poliklinika-kantrida-dental.com\/ljekarna\/"},{"@type":"ListItem","position":3,"name":"Hondro Sol"}]},{"@type":"WebSite","@id":"https:\/\/poliklinika-kantrida-dental.com\/ljekarna\/#website","url":"https:\/\/poliklinika-kantrida-dental.com\/ljekarna\/","name":"Online Trgovina","description":"","potentialAction":[{"@type":"SearchAction","target":{"@type":"EntryPoint","urlTemplate":"https:\/\/poliklinika-kantrida-dental.com\/ljekarna\/?s={search_term_string}"},"query-input":{"@type":"PropertyValueSpecification","valueRequired":true,"valueName":"search_term_string"}}],"inLanguage":"hr"}]}},"_links":{"self":[{"href":"https:\/\/poliklinika-kantrida-dental.com\/ljekarna\/wp-json\/wp\/v2\/product\/110","targetHints":{"allow":["GET"]}}],"collection":[{"href":"https:\/\/poliklinika-kantrida-dental.com\/ljekarna\/wp-json\/wp\/v2\/product"}],"about":[{"href":"https:\/\/poliklinika-kantrida-dental.com\/ljekarna\/wp-json\/wp\/v2\/types\/product"}],"wp:featuredmedia":[{"embeddable":true,"href":"https:\/\/poliklinika-kantrida-dental.com\/ljekarna\/wp-json\/wp\/v2\/media\/111"}],"wp:attachment":[{"href":"https:\/\/poliklinika-kantrida-dental.com\/ljekarna\/wp-json\/wp\/v2\/media?parent=110"}],"wp:term":[{"taxonomy":"product_brand","embeddable":true,"href":"https:\/\/poliklinika-kantrida-dental.com\/ljekarna\/wp-json\/wp\/v2\/product_brand?post=110"},{"taxonomy":"product_cat","embeddable":true,"href":"https:\/\/poliklinika-kantrida-dental.com\/ljekarna\/wp-json\/wp\/v2\/product_cat?post=110"},{"taxonomy":"product_tag","embeddable":true,"href":"https:\/\/poliklinika-kantrida-dental.com\/ljekarna\/wp-json\/wp\/v2\/product_tag?post=110"}],"curies":[{"name":"wp","href":"https:\/\/api.w.org\/{rel}","templated":true}]}}