{"id":100,"date":"2025-04-21T15:45:13","date_gmt":"2025-04-21T15:45:13","guid":{"rendered":"https:\/\/poliklinika-kantrida-dental.com\/ljekarna\/?post_type=product&#038;p=100"},"modified":"2025-11-20T17:14:56","modified_gmt":"2025-11-20T17:14:56","slug":"pro-caps","status":"publish","type":"product","link":"https:\/\/poliklinika-kantrida-dental.com\/ljekarna\/product\/pro-caps\/","title":{"rendered":"Pro Caps"},"content":{"rendered":"<p class=\"text-body font-regular leading-[24px] pt-[9px] pb-[2px]\" dir=\"ltr\"><b><strong class=\"font-bold\">Pro Caps<\/strong><\/b> je inovativan proizvod koji je osmi\u0161ljen kako bi podr\u017eao zdravlje prostate na prirodan i siguran na\u010din. Dolazi u formi lako probavljivih kapsula, \u0161to omogu\u0107uje korisnicima prakti\u010dnu i bezbri\u017enu svakodnevnu upotrebu. Kapsule su proizvedene uz primjenu visokokvalitetnih standarda i pa\u017eljivo su prilago\u0111ene potrebama mu\u0161karaca koji se suo\u010davaju s problemima prostate, poput u\u010destale potrebe za mokrenjem, bola ili nelagode.<\/p>\n<p class=\"text-body font-regular leading-[24px] pt-[9px] pb-[2px]\" dir=\"ltr\">Jedna od klju\u010dnih prednosti Pro Caps-a je njegova prirodna formulacija, koja omogu\u0107ava ciljanu pomo\u0107 bez izazivanja ne\u017eeljenih efekata. Osim toga, proizvod je prakti\u010dan za no\u0161enje, \u0161to ga \u010dini idealnim rje\u0161enjem za one koji \u017eele diskretan i efikasan tretman.<\/p>\n<p class=\"text-body font-regular leading-[24px] pt-[9px] pb-[2px]\" dir=\"ltr\">Ovaj proizvod je dobio veliku pa\u017enju zbog svoje sposobnosti da brzo djeluje i pobolj\u0161a kvalitet \u017eivota korisnika. Mnogi korisnici su prijavili osje\u0107aj olak\u0161anja i smanjenja simptoma ve\u0107 nakon nekoliko dana redovne upotrebe.<\/p>\n<h2 class=\"font-bold text-h3 leading-[40px] pt-[21px] pb-[2px] [&amp;_a]:underline-offset-[6px] [&amp;_.underline]:underline-offset-[6px]\" dir=\"ltr\">Pro Caps &#8211; Da li zaista djeluje?<\/h2>\n<p class=\"text-body font-regular leading-[24px] pt-[9px] pb-[2px]\" dir=\"ltr\">Odgovor na ovo pitanje je jednostavan &#8211; da, djeluje! <b><strong class=\"font-bold\">Pro Caps<\/strong><\/b> je osmi\u0161ljen kako bi se specifi\u010dno fokusirao na probleme prostate i, prema brojnim iskustvima korisnika, rezultati su vi\u0161e nego zadovoljavaju\u0107i.<\/p>\n<p class=\"text-body font-regular leading-[24px] pt-[9px] pb-[2px]\" dir=\"ltr\">Proizvod djeluje tako \u0161to smanjuje upalu i oticanje prostate, olak\u0161ava mokrenje te vra\u0107a osje\u0107aj udobnosti tokom svakodnevnih aktivnosti. Osim \u0161to nudi brzo djelovanje, <b><strong class=\"font-bold\">Pro Caps<\/strong><\/b> je isplativo rje\u0161enje jer kombinuje vi\u0161estruke koristi u jedinstvenoj formuli.<\/p>\n<p class=\"text-body font-regular leading-[24px] pt-[9px] pb-[2px]\" dir=\"ltr\">Njegovo djelovanje je klini\u010dki potvr\u0111eno, \u0161to dodatno ulijeva povjerenje i garantira visoku u\u010dinkovitost.<\/p>\n<h2 class=\"font-bold text-h3 leading-[40px] pt-[21px] pb-[2px] [&amp;_a]:underline-offset-[6px] [&amp;_.underline]:underline-offset-[6px]\" dir=\"ltr\">Pro Caps &#8211; Iskustva Korisnika u Hrvatskoj<\/h2>\n<p class=\"text-body font-regular leading-[24px] pt-[9px] pb-[2px]\" dir=\"ltr\">Pro Caps je stekao veliku popularnost me\u0111u korisnicima u Hrvatskoj. Mnogi mu\u0161karci isti\u010du odu\u0161evljenje rezultatima i navode kako im je ovaj proizvod zna\u010dajno olak\u0161ao svakodnevnicu.<\/p>\n<ul class=\"pt-[9px] pb-[2px] pl-[24px] list-inside list-disc pt-[5px]\">\n<li class=\"text-body font-regular leading-[24px] my-[5px] [&amp;&gt;ol]:!pt-0 [&amp;&gt;ol]:!pb-0 [&amp;&gt;ul]:!pt-0 [&amp;&gt;ul]:!pb-0\" value=\"1\"><b><strong class=\"font-bold\">Ivan (56 godina, Zagreb):<\/strong><\/b> &#8220;Nisam bio siguran \u0161to o\u010dekivati od Pro Caps-a, ali ve\u0107 za par dana osjetio sam pobolj\u0161anje. Sada se budim samo jednom no\u0107u umjesto tri puta i puno sam zadovoljniji.&#8221;<\/li>\n<li class=\"text-body font-regular leading-[24px] my-[5px] [&amp;&gt;ol]:!pt-0 [&amp;&gt;ol]:!pb-0 [&amp;&gt;ul]:!pt-0 [&amp;&gt;ul]:!pb-0\" value=\"2\"><b><strong class=\"font-bold\">Marko (65 godina, Split):<\/strong><\/b> &#8220;S Pro Caps-om sam napokon rije\u0161io problem koji me mu\u010dio godinama. Diskretnost i brzina dostave su mi dodatni plus.&#8221;<\/li>\n<li class=\"text-body font-regular leading-[24px] my-[5px] [&amp;&gt;ol]:!pt-0 [&amp;&gt;ol]:!pb-0 [&amp;&gt;ul]:!pt-0 [&amp;&gt;ul]:!pb-0\" value=\"3\"><b><strong class=\"font-bold\">Tomislav (49 godina, Osijek):<\/strong><\/b> &#8220;Nevjerojatno koliko mi je ovaj proizvod pomogao. Ne mogu vjerovati da nisam ranije probao!&#8221;<\/li>\n<\/ul>\n<h2 class=\"font-bold text-h3 leading-[40px] pt-[21px] pb-[2px] [&amp;_a]:underline-offset-[6px] [&amp;_.underline]:underline-offset-[6px]\" dir=\"ltr\">Pro Caps &#8211; Sastav Proizvoda<\/h2>\n<p class=\"text-body font-regular leading-[24px] pt-[9px] pb-[2px]\" dir=\"ltr\"><b><strong class=\"font-bold\">Pro Caps<\/strong><\/b> se isti\u010de svojim pa\u017eljivo osmi\u0161ljenim sastavom, koji uklju\u010duje samo prirodne sastojke poznate po svojim blagotvornim u\u010dincima na prostatu. Evo nekoliko klju\u010dnih sastojaka i njihovih koristi:<\/p>\n<ul class=\"pt-[9px] pb-[2px] pl-[24px] list-inside list-disc pt-[5px]\">\n<li class=\"text-body font-regular leading-[24px] my-[5px] [&amp;&gt;ol]:!pt-0 [&amp;&gt;ol]:!pb-0 [&amp;&gt;ul]:!pt-0 [&amp;&gt;ul]:!pb-0\" value=\"1\"><b><strong class=\"font-bold\">Ekstrakt sjemenki bundeve:<\/strong><\/b> Poma\u017ee u regulaciji funkcija mokra\u0107nog sustava i smanjuje upalu.<\/li>\n<li class=\"text-body font-regular leading-[24px] my-[5px] [&amp;&gt;ol]:!pt-0 [&amp;&gt;ol]:!pb-0 [&amp;&gt;ul]:!pt-0 [&amp;&gt;ul]:!pb-0\" value=\"2\"><b><strong class=\"font-bold\">Saw Palmetto (Serenoa repens):<\/strong><\/b> Dokazano doprinosi smanjenju simptoma benigne hiperplazije prostate (BHP).<\/li>\n<li class=\"text-body font-regular leading-[24px] my-[5px] [&amp;&gt;ol]:!pt-0 [&amp;&gt;ol]:!pb-0 [&amp;&gt;ul]:!pt-0 [&amp;&gt;ul]:!pb-0\" value=\"3\"><b><strong class=\"font-bold\">Cink:<\/strong><\/b> Esencijalni mineral koji podr\u017eava zdravlje prostate i ja\u010da imunitet.<\/li>\n<li class=\"text-body font-regular leading-[24px] my-[5px] [&amp;&gt;ol]:!pt-0 [&amp;&gt;ol]:!pb-0 [&amp;&gt;ul]:!pt-0 [&amp;&gt;ul]:!pb-0\" value=\"4\"><b><strong class=\"font-bold\">Vitamini B6 i E:<\/strong><\/b> Djeluju kao sna\u017eni antioksidansi i poma\u017eu u za\u0161titi \u0107elija od o\u0161te\u0107enja.<\/li>\n<\/ul>\n<h2 class=\"font-bold text-h3 leading-[40px] pt-[21px] pb-[2px] [&amp;_a]:underline-offset-[6px] [&amp;_.underline]:underline-offset-[6px]\" dir=\"ltr\">Pro Caps &#8211; Glavne Prednosti<\/h2>\n<p class=\"text-body font-regular leading-[24px] pt-[9px] pb-[2px]\" dir=\"ltr\">Najve\u0107e prednosti koje korisnici \u010desto isti\u010du su:<\/p>\n<ul class=\"pt-[9px] pb-[2px] pl-[24px] list-inside list-disc pt-[5px]\">\n<li class=\"text-body font-regular leading-[24px] my-[5px] [&amp;&gt;ol]:!pt-0 [&amp;&gt;ol]:!pb-0 [&amp;&gt;ul]:!pt-0 [&amp;&gt;ul]:!pb-0\" value=\"1\"><b><strong class=\"font-bold\">Brzo djelovanje:<\/strong><\/b> Prvi rezultati se mogu primijetiti ve\u0107 nakon nekoliko dana.<\/li>\n<li class=\"text-body font-regular leading-[24px] my-[5px] [&amp;&gt;ol]:!pt-0 [&amp;&gt;ol]:!pb-0 [&amp;&gt;ul]:!pt-0 [&amp;&gt;ul]:!pb-0\" value=\"2\"><b><strong class=\"font-bold\">Sigurnost:<\/strong><\/b> Prirodna formulacija bez nuspojava.<\/li>\n<li class=\"text-body font-regular leading-[24px] my-[5px] [&amp;&gt;ol]:!pt-0 [&amp;&gt;ol]:!pb-0 [&amp;&gt;ul]:!pt-0 [&amp;&gt;ul]:!pb-0\" value=\"3\"><b><strong class=\"font-bold\">Diskretnost:<\/strong><\/b> Jednostavna dostava i upotreba u vlastitom domu.<\/li>\n<li class=\"text-body font-regular leading-[24px] my-[5px] [&amp;&gt;ol]:!pt-0 [&amp;&gt;ol]:!pb-0 [&amp;&gt;ul]:!pt-0 [&amp;&gt;ul]:!pb-0\" value=\"4\"><b><strong class=\"font-bold\">Prakti\u010dnost:<\/strong><\/b> Pakiranje koje je lako za no\u0161enje i upotrebu.<\/li>\n<\/ul>\n<h2 class=\"font-bold text-h3 leading-[40px] pt-[21px] pb-[2px] [&amp;_a]:underline-offset-[6px] [&amp;_.underline]:underline-offset-[6px]\" dir=\"ltr\">Gdje Kupiti Pro Caps? Ljekarna, DM, Nju\u0161kalo<\/h2>\n<p class=\"ds-markdown-paragraph\">Pro Caps trenutno nije dostupan u internetskim ljekarnama, DM trgovinama ili na oglasnicima poput Nju\u0161kala. Zbog svoje ekskluzivnosti, proizvod se mo\u017ee naru\u010diti isklju\u010divo putem slu\u017ebene web stranice proizvo\u0111a\u010da.<\/p>\n<p class=\"ds-markdown-paragraph\">Postupak narud\u017ebe je jednostavan:<\/p>\n<ol start=\"1\">\n<li>\n<p class=\"ds-markdown-paragraph\">Posjetite slu\u017ebenu web stranicu proizvo\u0111a\u010da<\/p>\n<\/li>\n<li>\n<p class=\"ds-markdown-paragraph\">Kliknite na gumb &#8220;Naru\u010di s web stranice proizvo\u0111a\u010da&#8221;<\/p>\n<\/li>\n<li>\n<p class=\"ds-markdown-paragraph\">Ispunite online obrazac<\/p>\n<\/li>\n<li>\n<p class=\"ds-markdown-paragraph\">Odaberite \u017eeljeni na\u010din dostave i pla\u0107anja<\/p>\n<\/li>\n<\/ol>\n<p class=\"ds-markdown-paragraph\">Narud\u017eba \u0107e vam biti isporu\u010dena unutar 24-72 sata, a pla\u0107anje vr\u0161ite tek po primitku proizvoda.<\/p>\n<h2 class=\"font-bold text-h3 leading-[40px] pt-[21px] pb-[2px] [&amp;_a]:underline-offset-[6px] [&amp;_.underline]:underline-offset-[6px]\" dir=\"ltr\">Koliko ko\u0161ta Pro Caps? Cijena<\/h2>\n<p class=\"ds-markdown-paragraph\">Redovna cijena Pro Caps proizvoda iznosi 78 eura. Trenutno putem slu\u017ebene web stranice proizvo\u0111a\u010da mo\u017eete iskoristiti ograni\u010denu akciju s 50% popusta, \u0161to zna\u010di da ga mo\u017eete nabaviti za samo 39 eura!<\/p>\n<p class=\"ds-markdown-paragraph\">Ova posebna cijena vrijedi isklju\u010divo do isteka zaliha namijenjenih akciji. Zbog velike potra\u017enje, preporu\u010dujemo da po\u017eurite s narud\u017ebom kako biste osigurali svoj primjerak po ovoj povoljnoj cijeni.<\/p>\n<h2 class=\"font-bold text-h3 leading-[40px] pt-[21px] pb-[2px] [&amp;_a]:underline-offset-[6px] [&amp;_.underline]:underline-offset-[6px]\" dir=\"ltr\">Kako se koristi Pro Caps? Uputstvo za kori\u0161tenje<\/h2>\n<p class=\"text-body font-regular leading-[24px] pt-[9px] pb-[2px]\" dir=\"ltr\">Preporu\u010dena dnevna doza Pro Caps-a je <b><strong class=\"font-bold\">jedna kapsula dva puta dnevno<\/strong><\/b>. Uzmite jednu kapsulu ujutro i jednu nave\u010der, po mogu\u0107nosti uz obrok i \u010da\u0161u vode. Redovna i dosljedna upotreba osigurava najbolje rezultate. Preporu\u010duje se kori\u0161tenje minimalno mjesec dana za optimalni u\u010dinak.<\/p>\n<h2 class=\"font-bold text-h3 leading-[40px] pt-[21px] pb-[2px] [&amp;_a]:underline-offset-[6px] [&amp;_.underline]:underline-offset-[6px]\" dir=\"ltr\">Pro Caps &#8211; \u010cesto postavljena pitanja<\/h2>\n<h3 class=\"font-bold text-h4 leading-[30px] pt-[15px] pb-[2px] [&amp;_a]:underline-offset-[6px] [&amp;_.underline]:underline-offset-[6px]\" dir=\"ltr\">Da li je Pro Caps siguran za upotrebu?<\/h3>\n<p class=\"text-body font-regular leading-[24px] pt-[9px] pb-[2px]\" dir=\"ltr\">Da, Pro Caps je potpuno prirodan i siguran za upotrebu. Proizvod je pro\u0161ao stroge kontrole kvalitete.<\/p>\n<h3 class=\"font-bold text-h4 leading-[30px] pt-[15px] pb-[2px] [&amp;_a]:underline-offset-[6px] [&amp;_.underline]:underline-offset-[6px]\" dir=\"ltr\">Kada se mogu o\u010dekivati prvi rezultati?<\/h3>\n<p class=\"text-body font-regular leading-[24px] pt-[9px] pb-[2px]\" dir=\"ltr\">Prvi rezultati \u010desto se primje\u0107uju unutar nekoliko dana, no preporu\u010da se kontinuirana upotreba kroz mjesec za dugoro\u010dne u\u010dinke.<\/p>\n<h3 class=\"font-bold text-h4 leading-[30px] pt-[15px] pb-[2px] [&amp;_a]:underline-offset-[6px] [&amp;_.underline]:underline-offset-[6px]\" dir=\"ltr\">Mo\u017ee li se kombinirati s drugim lijekovima?<\/h3>\n<p class=\"text-body font-regular leading-[24px] pt-[9px] pb-[2px]\" dir=\"ltr\">Pro Caps je prirodan dodatak prehrani i ne ometa djelovanje ve\u0107ine lijekova. Ipak, savjetujemo da se konzultirate sa svojim lije\u010dnikom ako imate specifi\u010dna zdravstvena stanja.<\/p>\n<h3 class=\"font-bold text-h4 leading-[30px] pt-[15px] pb-[2px] [&amp;_a]:underline-offset-[6px] [&amp;_.underline]:underline-offset-[6px]\" dir=\"ltr\">Gdje je proizvod dostupan?<\/h3>\n<p class=\"text-body font-regular leading-[24px] pt-[9px] pb-[2px]\" dir=\"ltr\">Trenutno je dostupan isklju\u010divo putem na\u0161e slu\u017ebene web stranice i odabranih ljekarni.<\/p>\n","protected":false},"excerpt":{"rendered":"<p>Pro Caps je inovativan proizvod koji je osmi\u0161ljen kako bi podr\u017eao zdravlje prostate na prirodan i siguran na\u010din. Dolazi u formi lako probavljivih kapsula, \u0161to omogu\u0107uje korisnicima prakti\u010dnu i bezbri\u017enu svakodnevnu upotrebu. Kapsule su proizvedene uz primjenu visokokvalitetnih standarda i pa\u017eljivo su prilago\u0111ene potrebama mu\u0161karaca koji se suo\u010davaju s problemima prostate, poput u\u010destale potrebe za [&hellip;]<\/p>\n","protected":false},"featured_media":101,"template":"","meta":{"iawp_total_views":244},"product_brand":[],"product_cat":[15],"product_tag":[],"class_list":{"0":"post-100","1":"product","2":"type-product","3":"status-publish","4":"has-post-thumbnail","6":"product_cat-zdravlje","8":"entry","9":"has-media","11":"first","12":"instock","13":"sale","14":"shipping-taxable","15":"product-type-external","16":"has-product-nav","17":"col","18":"span_1_of_3","19":"owp-content-center","20":"owp-thumbs-layout-horizontal","21":"owp-btn-normal","22":"owp-tabs-layout-horizontal","23":"has-no-thumbnails"},"yoast_head":"<!-- This site is optimized with the Yoast SEO plugin v27.6 - https:\/\/yoast.com\/product\/yoast-seo-wordpress\/ -->\n<title>Pro Caps - Online Trgovina<\/title>\n<meta name=\"robots\" content=\"index, follow, max-snippet:-1, max-image-preview:large, max-video-preview:-1\" \/>\n<link rel=\"canonical\" href=\"https:\/\/poliklinika-kantrida-dental.com\/ljekarna\/product\/pro-caps\/\" \/>\n<meta property=\"og:locale\" content=\"hr_HR\" \/>\n<meta property=\"og:type\" content=\"article\" \/>\n<meta property=\"og:title\" content=\"Pro Caps - Online Trgovina\" \/>\n<meta property=\"og:description\" content=\"Pro Caps je inovativan proizvod koji je osmi\u0161ljen kako bi podr\u017eao zdravlje prostate na prirodan i siguran na\u010din. Dolazi u formi lako probavljivih kapsula, \u0161to omogu\u0107uje korisnicima prakti\u010dnu i bezbri\u017enu svakodnevnu upotrebu. Kapsule su proizvedene uz primjenu visokokvalitetnih standarda i pa\u017eljivo su prilago\u0111ene potrebama mu\u0161karaca koji se suo\u010davaju s problemima prostate, poput u\u010destale potrebe za [&hellip;]\" \/>\n<meta property=\"og:url\" content=\"https:\/\/poliklinika-kantrida-dental.com\/ljekarna\/product\/pro-caps\/\" \/>\n<meta property=\"og:site_name\" content=\"Online Trgovina\" \/>\n<meta property=\"article:modified_time\" content=\"2025-11-20T17:14:56+00:00\" \/>\n<meta property=\"og:image\" content=\"https:\/\/poliklinika-kantrida-dental.com\/ljekarna\/wp-content\/uploads\/2025\/04\/pro-caps.jpg\" \/>\n\t<meta property=\"og:image:width\" content=\"250\" \/>\n\t<meta property=\"og:image:height\" content=\"300\" \/>\n\t<meta property=\"og:image:type\" content=\"image\/jpeg\" \/>\n<meta name=\"twitter:card\" content=\"summary_large_image\" \/>\n<meta name=\"twitter:label1\" content=\"Procijenjeno vrijeme \u010ditanja\" \/>\n\t<meta name=\"twitter:data1\" content=\"5 minuta\" \/>\n<script type=\"application\/ld+json\" class=\"yoast-schema-graph\">{\"@context\":\"https:\\\/\\\/schema.org\",\"@graph\":[{\"@type\":\"WebPage\",\"@id\":\"https:\\\/\\\/poliklinika-kantrida-dental.com\\\/ljekarna\\\/product\\\/pro-caps\\\/\",\"url\":\"https:\\\/\\\/poliklinika-kantrida-dental.com\\\/ljekarna\\\/product\\\/pro-caps\\\/\",\"name\":\"Pro Caps - Online Trgovina\",\"isPartOf\":{\"@id\":\"https:\\\/\\\/poliklinika-kantrida-dental.com\\\/ljekarna\\\/#website\"},\"primaryImageOfPage\":{\"@id\":\"https:\\\/\\\/poliklinika-kantrida-dental.com\\\/ljekarna\\\/product\\\/pro-caps\\\/#primaryimage\"},\"image\":{\"@id\":\"https:\\\/\\\/poliklinika-kantrida-dental.com\\\/ljekarna\\\/product\\\/pro-caps\\\/#primaryimage\"},\"thumbnailUrl\":\"https:\\\/\\\/poliklinika-kantrida-dental.com\\\/ljekarna\\\/wp-content\\\/uploads\\\/2025\\\/04\\\/pro-caps.jpg\",\"datePublished\":\"2025-04-21T15:45:13+00:00\",\"dateModified\":\"2025-11-20T17:14:56+00:00\",\"breadcrumb\":{\"@id\":\"https:\\\/\\\/poliklinika-kantrida-dental.com\\\/ljekarna\\\/product\\\/pro-caps\\\/#breadcrumb\"},\"inLanguage\":\"hr\",\"potentialAction\":[{\"@type\":\"ReadAction\",\"target\":[\"https:\\\/\\\/poliklinika-kantrida-dental.com\\\/ljekarna\\\/product\\\/pro-caps\\\/\"]}]},{\"@type\":\"ImageObject\",\"inLanguage\":\"hr\",\"@id\":\"https:\\\/\\\/poliklinika-kantrida-dental.com\\\/ljekarna\\\/product\\\/pro-caps\\\/#primaryimage\",\"url\":\"https:\\\/\\\/poliklinika-kantrida-dental.com\\\/ljekarna\\\/wp-content\\\/uploads\\\/2025\\\/04\\\/pro-caps.jpg\",\"contentUrl\":\"https:\\\/\\\/poliklinika-kantrida-dental.com\\\/ljekarna\\\/wp-content\\\/uploads\\\/2025\\\/04\\\/pro-caps.jpg\",\"width\":250,\"height\":300,\"caption\":\"pro caps\"},{\"@type\":\"BreadcrumbList\",\"@id\":\"https:\\\/\\\/poliklinika-kantrida-dental.com\\\/ljekarna\\\/product\\\/pro-caps\\\/#breadcrumb\",\"itemListElement\":[{\"@type\":\"ListItem\",\"position\":1,\"name\":\"Po\u010detna stranica\",\"item\":\"https:\\\/\\\/poliklinika-kantrida-dental.com\\\/ljekarna\\\/\"},{\"@type\":\"ListItem\",\"position\":2,\"name\":\"Proizvodi\",\"item\":\"https:\\\/\\\/poliklinika-kantrida-dental.com\\\/ljekarna\\\/\"},{\"@type\":\"ListItem\",\"position\":3,\"name\":\"Pro Caps\"}]},{\"@type\":\"WebSite\",\"@id\":\"https:\\\/\\\/poliklinika-kantrida-dental.com\\\/ljekarna\\\/#website\",\"url\":\"https:\\\/\\\/poliklinika-kantrida-dental.com\\\/ljekarna\\\/\",\"name\":\"Online Trgovina\",\"description\":\"\",\"potentialAction\":[{\"@type\":\"SearchAction\",\"target\":{\"@type\":\"EntryPoint\",\"urlTemplate\":\"https:\\\/\\\/poliklinika-kantrida-dental.com\\\/ljekarna\\\/?s={search_term_string}\"},\"query-input\":{\"@type\":\"PropertyValueSpecification\",\"valueRequired\":true,\"valueName\":\"search_term_string\"}}],\"inLanguage\":\"hr\"}]}<\/script>\n<!-- \/ Yoast SEO plugin. -->","yoast_head_json":{"title":"Pro Caps - Online Trgovina","robots":{"index":"index","follow":"follow","max-snippet":"max-snippet:-1","max-image-preview":"max-image-preview:large","max-video-preview":"max-video-preview:-1"},"canonical":"https:\/\/poliklinika-kantrida-dental.com\/ljekarna\/product\/pro-caps\/","og_locale":"hr_HR","og_type":"article","og_title":"Pro Caps - Online Trgovina","og_description":"Pro Caps je inovativan proizvod koji je osmi\u0161ljen kako bi podr\u017eao zdravlje prostate na prirodan i siguran na\u010din. Dolazi u formi lako probavljivih kapsula, \u0161to omogu\u0107uje korisnicima prakti\u010dnu i bezbri\u017enu svakodnevnu upotrebu. Kapsule su proizvedene uz primjenu visokokvalitetnih standarda i pa\u017eljivo su prilago\u0111ene potrebama mu\u0161karaca koji se suo\u010davaju s problemima prostate, poput u\u010destale potrebe za [&hellip;]","og_url":"https:\/\/poliklinika-kantrida-dental.com\/ljekarna\/product\/pro-caps\/","og_site_name":"Online Trgovina","article_modified_time":"2025-11-20T17:14:56+00:00","og_image":[{"width":250,"height":300,"url":"https:\/\/poliklinika-kantrida-dental.com\/ljekarna\/wp-content\/uploads\/2025\/04\/pro-caps.jpg","type":"image\/jpeg"}],"twitter_card":"summary_large_image","twitter_misc":{"Procijenjeno vrijeme \u010ditanja":"5 minuta"},"schema":{"@context":"https:\/\/schema.org","@graph":[{"@type":"WebPage","@id":"https:\/\/poliklinika-kantrida-dental.com\/ljekarna\/product\/pro-caps\/","url":"https:\/\/poliklinika-kantrida-dental.com\/ljekarna\/product\/pro-caps\/","name":"Pro Caps - Online Trgovina","isPartOf":{"@id":"https:\/\/poliklinika-kantrida-dental.com\/ljekarna\/#website"},"primaryImageOfPage":{"@id":"https:\/\/poliklinika-kantrida-dental.com\/ljekarna\/product\/pro-caps\/#primaryimage"},"image":{"@id":"https:\/\/poliklinika-kantrida-dental.com\/ljekarna\/product\/pro-caps\/#primaryimage"},"thumbnailUrl":"https:\/\/poliklinika-kantrida-dental.com\/ljekarna\/wp-content\/uploads\/2025\/04\/pro-caps.jpg","datePublished":"2025-04-21T15:45:13+00:00","dateModified":"2025-11-20T17:14:56+00:00","breadcrumb":{"@id":"https:\/\/poliklinika-kantrida-dental.com\/ljekarna\/product\/pro-caps\/#breadcrumb"},"inLanguage":"hr","potentialAction":[{"@type":"ReadAction","target":["https:\/\/poliklinika-kantrida-dental.com\/ljekarna\/product\/pro-caps\/"]}]},{"@type":"ImageObject","inLanguage":"hr","@id":"https:\/\/poliklinika-kantrida-dental.com\/ljekarna\/product\/pro-caps\/#primaryimage","url":"https:\/\/poliklinika-kantrida-dental.com\/ljekarna\/wp-content\/uploads\/2025\/04\/pro-caps.jpg","contentUrl":"https:\/\/poliklinika-kantrida-dental.com\/ljekarna\/wp-content\/uploads\/2025\/04\/pro-caps.jpg","width":250,"height":300,"caption":"pro caps"},{"@type":"BreadcrumbList","@id":"https:\/\/poliklinika-kantrida-dental.com\/ljekarna\/product\/pro-caps\/#breadcrumb","itemListElement":[{"@type":"ListItem","position":1,"name":"Po\u010detna stranica","item":"https:\/\/poliklinika-kantrida-dental.com\/ljekarna\/"},{"@type":"ListItem","position":2,"name":"Proizvodi","item":"https:\/\/poliklinika-kantrida-dental.com\/ljekarna\/"},{"@type":"ListItem","position":3,"name":"Pro Caps"}]},{"@type":"WebSite","@id":"https:\/\/poliklinika-kantrida-dental.com\/ljekarna\/#website","url":"https:\/\/poliklinika-kantrida-dental.com\/ljekarna\/","name":"Online Trgovina","description":"","potentialAction":[{"@type":"SearchAction","target":{"@type":"EntryPoint","urlTemplate":"https:\/\/poliklinika-kantrida-dental.com\/ljekarna\/?s={search_term_string}"},"query-input":{"@type":"PropertyValueSpecification","valueRequired":true,"valueName":"search_term_string"}}],"inLanguage":"hr"}]}},"_links":{"self":[{"href":"https:\/\/poliklinika-kantrida-dental.com\/ljekarna\/wp-json\/wp\/v2\/product\/100","targetHints":{"allow":["GET"]}}],"collection":[{"href":"https:\/\/poliklinika-kantrida-dental.com\/ljekarna\/wp-json\/wp\/v2\/product"}],"about":[{"href":"https:\/\/poliklinika-kantrida-dental.com\/ljekarna\/wp-json\/wp\/v2\/types\/product"}],"wp:featuredmedia":[{"embeddable":true,"href":"https:\/\/poliklinika-kantrida-dental.com\/ljekarna\/wp-json\/wp\/v2\/media\/101"}],"wp:attachment":[{"href":"https:\/\/poliklinika-kantrida-dental.com\/ljekarna\/wp-json\/wp\/v2\/media?parent=100"}],"wp:term":[{"taxonomy":"product_brand","embeddable":true,"href":"https:\/\/poliklinika-kantrida-dental.com\/ljekarna\/wp-json\/wp\/v2\/product_brand?post=100"},{"taxonomy":"product_cat","embeddable":true,"href":"https:\/\/poliklinika-kantrida-dental.com\/ljekarna\/wp-json\/wp\/v2\/product_cat?post=100"},{"taxonomy":"product_tag","embeddable":true,"href":"https:\/\/poliklinika-kantrida-dental.com\/ljekarna\/wp-json\/wp\/v2\/product_tag?post=100"}],"curies":[{"name":"wp","href":"https:\/\/api.w.org\/{rel}","templated":true}]}}