{"id":12,"date":"2025-11-20T15:48:14","date_gmt":"2025-11-20T15:48:14","guid":{"rendered":"https:\/\/poliklinika-kantrida-dental.com\/ljekarna\/?page_id=12"},"modified":"2025-11-20T15:48:48","modified_gmt":"2025-11-20T15:48:48","slug":"refund_returns","status":"publish","type":"page","link":"https:\/\/poliklinika-kantrida-dental.com\/ljekarna\/refund_returns\/","title":{"rendered":"Refund and Returns Policy"},"content":{"rendered":"\n<p><strong>Datum stupanja na snagu:<\/strong>\u00a012.06.2024<\/p>\n\n\n\n<h4 class=\"wp-block-heading\">1. Va\u017ena obavijest: Na\u0161a uloga<\/h4>\n\n\n\n<p>Ova web stranica, [naziv web stranice] (na adresi&nbsp;<a href=\"https:\/\/poliklinika-kridenta-dental.com\/ljekarna\/\" target=\"_blank\" rel=\"noreferrer noopener\">https:\/\/poliklinika-kridenta-dental.com\/ljekarna\/<\/a>), je&nbsp;<strong>isklju\u010divo informativnog karaktera<\/strong>. Mi smo&nbsp;<strong>nezavisni izdava\u010d<\/strong>&nbsp;koji pru\u017ea recenzije i preporuke za proizvode te koristi affiliate linkove.<\/p>\n\n\n\n<p><strong>KLJU\u010cNA OBRANA:<\/strong><\/p>\n\n\n\n<ul class=\"wp-block-list\">\n<li><strong>Mi nismo prodava\u010d.<\/strong>\u00a0Mi ne sklapaamo ugovore o kupoprodaji s krajnjim kupcima.<\/li>\n\n\n\n<li><strong>Mi ne primalamo Va\u0161e narud\u017ebe, novac ili podatke o karticama.<\/strong><\/li>\n\n\n\n<li><strong>Mi ne upravljamo zalihe, dostavu, povrate niti refundacije.<\/strong><\/li>\n<\/ul>\n\n\n\n<p>Svi proizvodi preporu\u010deni na ovoj stranici prodaju se od strane tre\u0107ih strana \u2013&nbsp;<strong>online ljekarni, trgovina ili proizvo\u0111a\u010da.<\/strong>&nbsp;Va\u0161a kupovina se odvija izravno na njihovoj web stranici, a oni su u potpunosti odgovorni za cijeli proces.<\/p>\n\n\n\n<h4 class=\"wp-block-heading\">2. Tko je odgovoran za povrate i reklamacije?<\/h4>\n\n\n\n<p>Svi upiti, zahtjevi i problemi vezani uz:<\/p>\n\n\n\n<ul class=\"wp-block-list\">\n<li><strong>Povrat proizvoda i zamjenu<\/strong><\/li>\n\n\n\n<li><strong>Reklamacije (neispravan ili o\u0161te\u0107en proizvod)<\/strong><\/li>\n\n\n\n<li><strong>Refundacije (povrat novca)<\/strong><\/li>\n\n\n\n<li><strong>Dostavu i pakete<\/strong><\/li>\n<\/ul>\n\n\n\n<p><strong>moraju biti upu\u0107eni izravno online trgovini u kojoj ste izvr\u0161ili kupnju.<\/strong><\/p>\n\n\n\n<p>Prilikom kupovine, obavezno pregledajte&nbsp;<strong>Uvjete kupovine<\/strong>&nbsp;i&nbsp;<strong>Politiku povrata<\/strong>&nbsp;te trgovine. Svaki prodava\u010d ima svoja pravila koja se mogu razlikovati (npr. rok za povrat od 14, 30 ili 60 dana, uvjeti za povrat, na\u010din refundacije itd.).<\/p>\n\n\n\n<h4 class=\"wp-block-heading\">3. Kako mo\u017eete podnijeti zahtjev za povrat\/refundaciju?<\/h4>\n\n\n\n<ol start=\"1\" class=\"wp-block-list\">\n<li><strong>Pregledajte Politiku povrata trgovine:<\/strong>\u00a0Prona\u0111ite link prema &#8220;Uvjeti kori\u0161tenja&#8221;, &#8220;Pravila povrata&#8221; ili &#8220;Reklamacije&#8221; na web stranici trgovine gdje ste kupili proizvod.<\/li>\n\n\n\n<li><strong>Kontaktirajte korisni\u010dku podr\u0161ku trgovine:<\/strong>\u00a0Prona\u0111ite odjeljak &#8220;Kontakt&#8221; ili &#8220;Podr\u0161ka kupcima&#8221; na njihovoj stranici i slijedite njihove upute. Obi\u010dno \u0107ete trebati predati broj narud\u017ebe i razlog za povrat.<\/li>\n\n\n\n<li><strong>Slijedite upute:<\/strong>\u00a0Trgovina \u0107e Vam dati detaljne upute o tome kako vratiti proizvod (ako je potrebno) i kako \u0107e se izvr\u0161iti refundacija.<\/li>\n<\/ol>\n\n\n\n<h4 class=\"wp-block-heading\">4. Kako mi mo\u017eemo pomo\u0107i?<\/h4>\n\n\n\n<p>Iako\u00a0<strong>ne mo\u017eemo izravno rije\u0161iti<\/strong>\u00a0Va\u0161 zahtjev za povratom, tu smo da Vam pomognemo u komunikaciji s pravom stranom. Ako imate pote\u0161ko\u0107a u pronala\u017eenju prave kontakt osobe ili politike povrata trgovine, slobodno nas\u00a0<strong>kontaktirajte<\/strong>\u00a0putem trgovinahr@gmail.com, a mi \u0107emo Vam dati sve dostupne informacije koje imamo o toj trgovini kako bismo Vas usmjerili na pravo mjesto.<\/p>\n\n\n\n<h4 class=\"wp-block-heading\">5. Odricanje od odgovornosti<\/h4>\n\n\n\n<p>Online Trgovina i njeni vlasnici ne snose nikakvu odgovornost za:<\/p>\n\n\n\n<ul class=\"wp-block-list\">\n<li>Kvalitetu, sigurnost ili autenti\u010dnost proizvoda kupljenih putem affiliate linkova.<\/li>\n\n\n\n<li>Ka\u0161njenja u dostavi, o\u0161te\u0107enja prilikom dostave ili probleme s paketom.<\/li>\n\n\n\n<li>Odluku trgovine da odobri ili odbije zahtjev za povrat\/refundaciju.<\/li>\n\n\n\n<li>Bilo kakve gubitke ili \u0161tete koje proizlaze iz kupovine putem affiliate linkova s na\u0161e stranice.<\/li>\n<\/ul>\n\n\n\n<p>Savjetujemo kupcima da pa\u017eljivo pro\u010ditaju recenzije o samim online trgovinama prije nego \u0161to izvr\u0161e kupnju.<\/p>\n\n\n\n<h4 class=\"wp-block-heading\">6. Kontakt<\/h4>\n\n\n\n<p>Za sva pitanja u vezi s ovom politikom, mo\u017eete nas kontaktirati na: trgovinahr@gmail.com<\/p>\n","protected":false},"excerpt":{"rendered":"<p>Datum stupanja na snagu:\u00a012.06.2024 1. Va\u017ena obavijest: Na\u0161a uloga Ova web stranica, [naziv web stranice] (na adresi&nbsp;https:\/\/poliklinika-kridenta-dental.com\/ljekarna\/), je&nbsp;isklju\u010divo informativnog karaktera. Mi smo&nbsp;nezavisni izdava\u010d&nbsp;koji pru\u017ea recenzije i preporuke za proizvode te koristi affiliate linkove. KLJU\u010cNA OBRANA: Svi proizvodi preporu\u010deni na ovoj stranici prodaju se od strane tre\u0107ih strana \u2013&nbsp;online ljekarni, trgovina ili proizvo\u0111a\u010da.&nbsp;Va\u0161a kupovina se odvija [&hellip;]<\/p>\n","protected":false},"author":1,"featured_media":0,"parent":0,"menu_order":0,"comment_status":"closed","ping_status":"closed","template":"","meta":{"iawp_total_views":8,"footnotes":""},"class_list":["post-12","page","type-page","status-publish","hentry","entry","owp-thumbs-layout-horizontal","owp-btn-normal","owp-tabs-layout-horizontal","has-no-thumbnails","has-product-nav"],"yoast_head":"<!-- This site is optimized with the Yoast SEO plugin v27.6 - https:\/\/yoast.com\/product\/yoast-seo-wordpress\/ -->\n<title>Refund and Returns Policy - Online Trgovina<\/title>\n<meta name=\"robots\" content=\"index, follow, max-snippet:-1, max-image-preview:large, max-video-preview:-1\" \/>\n<link rel=\"canonical\" href=\"https:\/\/poliklinika-kantrida-dental.com\/ljekarna\/refund_returns\/\" \/>\n<meta property=\"og:locale\" content=\"hr_HR\" \/>\n<meta property=\"og:type\" content=\"article\" \/>\n<meta property=\"og:title\" content=\"Refund and Returns Policy - Online Trgovina\" \/>\n<meta property=\"og:description\" content=\"Datum stupanja na snagu:\u00a012.06.2024 1. Va\u017ena obavijest: Na\u0161a uloga Ova web stranica, [naziv web stranice] (na adresi&nbsp;https:\/\/poliklinika-kridenta-dental.com\/ljekarna\/), je&nbsp;isklju\u010divo informativnog karaktera. Mi smo&nbsp;nezavisni izdava\u010d&nbsp;koji pru\u017ea recenzije i preporuke za proizvode te koristi affiliate linkove. KLJU\u010cNA OBRANA: Svi proizvodi preporu\u010deni na ovoj stranici prodaju se od strane tre\u0107ih strana \u2013&nbsp;online ljekarni, trgovina ili proizvo\u0111a\u010da.&nbsp;Va\u0161a kupovina se odvija [&hellip;]\" \/>\n<meta property=\"og:url\" content=\"https:\/\/poliklinika-kantrida-dental.com\/ljekarna\/refund_returns\/\" \/>\n<meta property=\"og:site_name\" content=\"Online Trgovina\" \/>\n<meta property=\"article:modified_time\" content=\"2025-11-20T15:48:48+00:00\" \/>\n<meta name=\"twitter:card\" content=\"summary_large_image\" \/>\n<meta name=\"twitter:label1\" content=\"Procijenjeno vrijeme \u010ditanja\" \/>\n\t<meta name=\"twitter:data1\" content=\"3 minute\" \/>\n<script type=\"application\/ld+json\" class=\"yoast-schema-graph\">{\"@context\":\"https:\\\/\\\/schema.org\",\"@graph\":[{\"@type\":\"WebPage\",\"@id\":\"https:\\\/\\\/poliklinika-kantrida-dental.com\\\/ljekarna\\\/refund_returns\\\/\",\"url\":\"https:\\\/\\\/poliklinika-kantrida-dental.com\\\/ljekarna\\\/refund_returns\\\/\",\"name\":\"Refund and Returns Policy - Online Trgovina\",\"isPartOf\":{\"@id\":\"https:\\\/\\\/poliklinika-kantrida-dental.com\\\/ljekarna\\\/#website\"},\"datePublished\":\"2025-11-20T15:48:14+00:00\",\"dateModified\":\"2025-11-20T15:48:48+00:00\",\"breadcrumb\":{\"@id\":\"https:\\\/\\\/poliklinika-kantrida-dental.com\\\/ljekarna\\\/refund_returns\\\/#breadcrumb\"},\"inLanguage\":\"hr\",\"potentialAction\":[{\"@type\":\"ReadAction\",\"target\":[\"https:\\\/\\\/poliklinika-kantrida-dental.com\\\/ljekarna\\\/refund_returns\\\/\"]}]},{\"@type\":\"BreadcrumbList\",\"@id\":\"https:\\\/\\\/poliklinika-kantrida-dental.com\\\/ljekarna\\\/refund_returns\\\/#breadcrumb\",\"itemListElement\":[{\"@type\":\"ListItem\",\"position\":1,\"name\":\"Po\u010detna stranica\",\"item\":\"https:\\\/\\\/poliklinika-kantrida-dental.com\\\/ljekarna\\\/\"},{\"@type\":\"ListItem\",\"position\":2,\"name\":\"Refund and Returns Policy\"}]},{\"@type\":\"WebSite\",\"@id\":\"https:\\\/\\\/poliklinika-kantrida-dental.com\\\/ljekarna\\\/#website\",\"url\":\"https:\\\/\\\/poliklinika-kantrida-dental.com\\\/ljekarna\\\/\",\"name\":\"Online Trgovina\",\"description\":\"\",\"potentialAction\":[{\"@type\":\"SearchAction\",\"target\":{\"@type\":\"EntryPoint\",\"urlTemplate\":\"https:\\\/\\\/poliklinika-kantrida-dental.com\\\/ljekarna\\\/?s={search_term_string}\"},\"query-input\":{\"@type\":\"PropertyValueSpecification\",\"valueRequired\":true,\"valueName\":\"search_term_string\"}}],\"inLanguage\":\"hr\"}]}<\/script>\n<!-- \/ Yoast SEO plugin. -->","yoast_head_json":{"title":"Refund and Returns Policy - Online Trgovina","robots":{"index":"index","follow":"follow","max-snippet":"max-snippet:-1","max-image-preview":"max-image-preview:large","max-video-preview":"max-video-preview:-1"},"canonical":"https:\/\/poliklinika-kantrida-dental.com\/ljekarna\/refund_returns\/","og_locale":"hr_HR","og_type":"article","og_title":"Refund and Returns Policy - Online Trgovina","og_description":"Datum stupanja na snagu:\u00a012.06.2024 1. Va\u017ena obavijest: Na\u0161a uloga Ova web stranica, [naziv web stranice] (na adresi&nbsp;https:\/\/poliklinika-kridenta-dental.com\/ljekarna\/), je&nbsp;isklju\u010divo informativnog karaktera. Mi smo&nbsp;nezavisni izdava\u010d&nbsp;koji pru\u017ea recenzije i preporuke za proizvode te koristi affiliate linkove. KLJU\u010cNA OBRANA: Svi proizvodi preporu\u010deni na ovoj stranici prodaju se od strane tre\u0107ih strana \u2013&nbsp;online ljekarni, trgovina ili proizvo\u0111a\u010da.&nbsp;Va\u0161a kupovina se odvija [&hellip;]","og_url":"https:\/\/poliklinika-kantrida-dental.com\/ljekarna\/refund_returns\/","og_site_name":"Online Trgovina","article_modified_time":"2025-11-20T15:48:48+00:00","twitter_card":"summary_large_image","twitter_misc":{"Procijenjeno vrijeme \u010ditanja":"3 minute"},"schema":{"@context":"https:\/\/schema.org","@graph":[{"@type":"WebPage","@id":"https:\/\/poliklinika-kantrida-dental.com\/ljekarna\/refund_returns\/","url":"https:\/\/poliklinika-kantrida-dental.com\/ljekarna\/refund_returns\/","name":"Refund and Returns Policy - Online Trgovina","isPartOf":{"@id":"https:\/\/poliklinika-kantrida-dental.com\/ljekarna\/#website"},"datePublished":"2025-11-20T15:48:14+00:00","dateModified":"2025-11-20T15:48:48+00:00","breadcrumb":{"@id":"https:\/\/poliklinika-kantrida-dental.com\/ljekarna\/refund_returns\/#breadcrumb"},"inLanguage":"hr","potentialAction":[{"@type":"ReadAction","target":["https:\/\/poliklinika-kantrida-dental.com\/ljekarna\/refund_returns\/"]}]},{"@type":"BreadcrumbList","@id":"https:\/\/poliklinika-kantrida-dental.com\/ljekarna\/refund_returns\/#breadcrumb","itemListElement":[{"@type":"ListItem","position":1,"name":"Po\u010detna stranica","item":"https:\/\/poliklinika-kantrida-dental.com\/ljekarna\/"},{"@type":"ListItem","position":2,"name":"Refund and Returns Policy"}]},{"@type":"WebSite","@id":"https:\/\/poliklinika-kantrida-dental.com\/ljekarna\/#website","url":"https:\/\/poliklinika-kantrida-dental.com\/ljekarna\/","name":"Online Trgovina","description":"","potentialAction":[{"@type":"SearchAction","target":{"@type":"EntryPoint","urlTemplate":"https:\/\/poliklinika-kantrida-dental.com\/ljekarna\/?s={search_term_string}"},"query-input":{"@type":"PropertyValueSpecification","valueRequired":true,"valueName":"search_term_string"}}],"inLanguage":"hr"}]}},"_links":{"self":[{"href":"https:\/\/poliklinika-kantrida-dental.com\/ljekarna\/wp-json\/wp\/v2\/pages\/12","targetHints":{"allow":["GET"]}}],"collection":[{"href":"https:\/\/poliklinika-kantrida-dental.com\/ljekarna\/wp-json\/wp\/v2\/pages"}],"about":[{"href":"https:\/\/poliklinika-kantrida-dental.com\/ljekarna\/wp-json\/wp\/v2\/types\/page"}],"author":[{"embeddable":true,"href":"https:\/\/poliklinika-kantrida-dental.com\/ljekarna\/wp-json\/wp\/v2\/users\/1"}],"replies":[{"embeddable":true,"href":"https:\/\/poliklinika-kantrida-dental.com\/ljekarna\/wp-json\/wp\/v2\/comments?post=12"}],"version-history":[{"count":3,"href":"https:\/\/poliklinika-kantrida-dental.com\/ljekarna\/wp-json\/wp\/v2\/pages\/12\/revisions"}],"predecessor-version":[{"id":872,"href":"https:\/\/poliklinika-kantrida-dental.com\/ljekarna\/wp-json\/wp\/v2\/pages\/12\/revisions\/872"}],"wp:attachment":[{"href":"https:\/\/poliklinika-kantrida-dental.com\/ljekarna\/wp-json\/wp\/v2\/media?parent=12"}],"curies":[{"name":"wp","href":"https:\/\/api.w.org\/{rel}","templated":true}]}}